{"id":56107,"date":"2022-09-26T12:22:40","date_gmt":"2022-09-26T12:22:40","guid":{"rendered":"https:\/\/sales-ai-agents.com\/templates\/project-retrospective\/"},"modified":"2024-01-02T14:00:55","modified_gmt":"2024-01-02T14:00:55","slug":"project-retrospective","status":"publish","type":"product","link":"https:\/\/sales-ai-agents.com\/de\/templates\/project-retrospective\/","title":{"rendered":"R\u00fcckblick auf das Projekt"},"content":{"rendered":"<p>&nbsp;<\/p>\n<h2>Vorlage f\u00fcr Projektr\u00fcckblicke<\/h2>\n<p class=\"desc-text\">Unabh\u00e4ngig davon, in welcher Abteilung Sie t\u00e4tig sind, kann eine Retrospektive Ihnen helfen, Ihre Projekte zu bewerten und Ihre k\u00fcnftige Arbeit zu steuern. Probieren Sie diese Vorlage f\u00fcr einen R\u00fcckblick aus, um zu pr\u00fcfen, was gut gelaufen ist und was verbessert werden muss. Bewerten Sie Ihre Arbeit und teilen Sie Ihre Bewertungen mit Ihrem Team. Markieren Sie die Mitglieder, damit alle auf das gleiche Dokument zugreifen k\u00f6nnen. Durch die Analyse Ihrer Arbeit k\u00f6nnen Sie Anpassungen f\u00fcr Ihr n\u00e4chstes Projekt vornehmen und Ihren Teams konstruktives Feedback geben.<\/p>\n<h5>Wie zu verwenden:<\/h5>\n<ul class=\"desc-item_list\">\n<li class=\"desc-item_list__point\">F\u00fcllen Sie die Vorlage vor Ihrem Treffen aus<\/li>\n<li class=\"desc-item_list__point\">Bewerten Sie jede Frage von 1 bis 4<\/li>\n<li class=\"desc-item_list__point\">Kreuzen Sie das K\u00e4stchen mit der entsprechenden Nummer an<\/li>\n<li class=\"desc-item_list__point\">Zus\u00e4tzliche Kommentare einf\u00fcgen<\/li>\n<li class=\"desc-item_list__point\">Teilen Sie die Vorlage mit Ihrem gesamten Team<\/li>\n<li class=\"desc-item_list__point\">Besprechen Sie Ihre Bewertungen in einer Besprechung<\/li>\n<\/ul>\n","protected":false},"excerpt":{"rendered":"<p>Die Retrospektive kann Ihnen helfen, Ihre Projekte zu bewerten und Ihre Zukunft zu gestalten. Anhand dieser Vorlage f\u00fcr einen R\u00fcckblick k\u00f6nnen Sie pr\u00fcfen, was gut gelaufen ist und was verbessert werden muss.<\/p>\n","protected":false},"featured_media":28627,"template":"","meta":{"_acf_changed":false,"inline_featured_image":false},"product_brand":[],"product_cat":[178,186,191],"product_tag":[],"class_list":{"0":"post-56107","1":"product","2":"type-product","3":"status-publish","4":"has-post-thumbnail","6":"product_cat-operations-hr","7":"product_cat-product","8":"product_cat-project-management","10":"first","11":"instock","12":"virtual","13":"sold-individually","14":"product-type-simple"},"acf":[],"yoast_head":"<!-- This site is optimized with the Yoast SEO plugin v25.3.1 - https:\/\/yoast.com\/wordpress\/plugins\/seo\/ -->\n<title>Vorlage f\u00fcr Projektr\u00fcckblicke - Sales AI Agents<\/title>\n<meta name=\"description\" content=\"Die Retrospektive kann Ihnen helfen, Ihre Projekte zu bewerten und Ihre Zukunft zu gestalten. Anhand dieser Vorlage k\u00f6nnen Sie pr\u00fcfen, was gut gelaufen ist und was verbessert werden muss.\" \/>\n<meta name=\"robots\" content=\"index, follow, max-snippet:-1, max-image-preview:large, max-video-preview:-1\" \/>\n<link rel=\"canonical\" href=\"https:\/\/sales-ai-agents.com\/de\/templates\/project-retrospective\/\" \/>\n<meta property=\"og:locale\" content=\"de_DE\" \/>\n<meta property=\"og:type\" content=\"article\" \/>\n<meta property=\"og:title\" content=\"Vorlage f\u00fcr Projektr\u00fcckblicke - Sales AI Agents\" \/>\n<meta property=\"og:description\" content=\"Die Retrospektive kann Ihnen helfen, Ihre Projekte zu bewerten und Ihre Zukunft zu gestalten. Anhand dieser Vorlage k\u00f6nnen Sie pr\u00fcfen, was gut gelaufen ist und was verbessert werden muss.\" \/>\n<meta property=\"og:url\" content=\"https:\/\/sales-ai-agents.com\/de\/templates\/project-retrospective\/\" \/>\n<meta property=\"og:site_name\" content=\"Sales AI Agents\" \/>\n<meta property=\"article:modified_time\" content=\"2024-01-02T14:00:55+00:00\" \/>\n<meta property=\"og:image\" content=\"https:\/\/sales-ai-agents.com\/wp-content\/uploads\/2022\/09\/Project-Retrospective-Template.png\" \/>\n\t<meta property=\"og:image:width\" content=\"1700\" \/>\n\t<meta property=\"og:image:height\" content=\"1100\" \/>\n\t<meta property=\"og:image:type\" content=\"image\/png\" \/>\n<meta name=\"twitter:card\" content=\"summary_large_image\" \/>\n<script type=\"application\/ld+json\" class=\"yoast-schema-graph\">{\"@context\":\"https:\/\/schema.org\",\"@graph\":[{\"@type\":\"WebPage\",\"@id\":\"https:\/\/sales-ai-agents.com\/de\/templates\/project-retrospective\/\",\"url\":\"https:\/\/sales-ai-agents.com\/de\/templates\/project-retrospective\/\",\"name\":\"Vorlage f\u00fcr Projektr\u00fcckblicke - Sales AI Agents\",\"isPartOf\":{\"@id\":\"https:\/\/sales-ai-agents.com\/#website\"},\"primaryImageOfPage\":{\"@id\":\"https:\/\/sales-ai-agents.com\/de\/templates\/project-retrospective\/#primaryimage\"},\"image\":{\"@id\":\"https:\/\/sales-ai-agents.com\/de\/templates\/project-retrospective\/#primaryimage\"},\"thumbnailUrl\":\"https:\/\/sales-ai-agents.com\/wp-content\/uploads\/2022\/09\/Project-Retrospective-Template.png\",\"datePublished\":\"2022-09-26T12:22:40+00:00\",\"dateModified\":\"2024-01-02T14:00:55+00:00\",\"description\":\"Die Retrospektive kann Ihnen helfen, Ihre Projekte zu bewerten und Ihre Zukunft zu gestalten. Anhand dieser Vorlage k\u00f6nnen Sie pr\u00fcfen, was gut gelaufen ist und was verbessert werden muss.\",\"inLanguage\":\"de-DE\",\"potentialAction\":[{\"@type\":\"ReadAction\",\"target\":[\"https:\/\/sales-ai-agents.com\/de\/templates\/project-retrospective\/\"]}]},{\"@type\":\"ImageObject\",\"inLanguage\":\"de-DE\",\"@id\":\"https:\/\/sales-ai-agents.com\/de\/templates\/project-retrospective\/#primaryimage\",\"url\":\"https:\/\/sales-ai-agents.com\/wp-content\/uploads\/2022\/09\/Project-Retrospective-Template.png\",\"contentUrl\":\"https:\/\/sales-ai-agents.com\/wp-content\/uploads\/2022\/09\/Project-Retrospective-Template.png\",\"width\":1700,\"height\":1100,\"caption\":\"Retrospective can help you evaluate your projects and guide your future.\"},{\"@type\":\"WebSite\",\"@id\":\"https:\/\/sales-ai-agents.com\/#website\",\"url\":\"https:\/\/sales-ai-agents.com\/\",\"name\":\"FuseBase\",\"description\":\"Nimbus Platform - Free Online Collaboration Software for Remote Teams. Build your wikis, client portals and more with the Nimbus Platform collaboration tool ? A perfect space for online work\",\"publisher\":{\"@id\":\"https:\/\/sales-ai-agents.com\/#organization\"},\"potentialAction\":[{\"@type\":\"SearchAction\",\"target\":{\"@type\":\"EntryPoint\",\"urlTemplate\":\"https:\/\/sales-ai-agents.com\/?s={search_term_string}\"},\"query-input\":{\"@type\":\"PropertyValueSpecification\",\"valueRequired\":true,\"valueName\":\"search_term_string\"}}],\"inLanguage\":\"de-DE\"},{\"@type\":\"Organization\",\"@id\":\"https:\/\/sales-ai-agents.com\/#organization\",\"name\":\"FuseBase\",\"url\":\"https:\/\/sales-ai-agents.com\/\",\"logo\":{\"@type\":\"ImageObject\",\"inLanguage\":\"de-DE\",\"@id\":\"https:\/\/sales-ai-agents.com\/#\/schema\/logo\/image\/\",\"url\":\"https:\/\/sales-ai-agents.com\/wp-content\/uploads\/2023\/11\/icon-7.svg\",\"contentUrl\":\"https:\/\/sales-ai-agents.com\/wp-content\/uploads\/2023\/11\/icon-7.svg\",\"width\":128,\"height\":128,\"caption\":\"FuseBase\"},\"image\":{\"@id\":\"https:\/\/sales-ai-agents.com\/#\/schema\/logo\/image\/\"}}]}<\/script>\n<!-- \/ Yoast SEO plugin. -->","yoast_head_json":{"title":"Vorlage f\u00fcr Projektr\u00fcckblicke - Sales AI Agents","description":"Die Retrospektive kann Ihnen helfen, Ihre Projekte zu bewerten und Ihre Zukunft zu gestalten. Anhand dieser Vorlage k\u00f6nnen Sie pr\u00fcfen, was gut gelaufen ist und was verbessert werden muss.","robots":{"index":"index","follow":"follow","max-snippet":"max-snippet:-1","max-image-preview":"max-image-preview:large","max-video-preview":"max-video-preview:-1"},"canonical":"https:\/\/sales-ai-agents.com\/de\/templates\/project-retrospective\/","og_locale":"de_DE","og_type":"article","og_title":"Vorlage f\u00fcr Projektr\u00fcckblicke - Sales AI Agents","og_description":"Die Retrospektive kann Ihnen helfen, Ihre Projekte zu bewerten und Ihre Zukunft zu gestalten. Anhand dieser Vorlage k\u00f6nnen Sie pr\u00fcfen, was gut gelaufen ist und was verbessert werden muss.","og_url":"https:\/\/sales-ai-agents.com\/de\/templates\/project-retrospective\/","og_site_name":"Sales AI Agents","article_modified_time":"2024-01-02T14:00:55+00:00","og_image":[{"width":1700,"height":1100,"url":"https:\/\/sales-ai-agents.com\/wp-content\/uploads\/2022\/09\/Project-Retrospective-Template.png","type":"image\/png"}],"twitter_card":"summary_large_image","schema":{"@context":"https:\/\/schema.org","@graph":[{"@type":"WebPage","@id":"https:\/\/sales-ai-agents.com\/de\/templates\/project-retrospective\/","url":"https:\/\/sales-ai-agents.com\/de\/templates\/project-retrospective\/","name":"Vorlage f\u00fcr Projektr\u00fcckblicke - Sales AI Agents","isPartOf":{"@id":"https:\/\/sales-ai-agents.com\/#website"},"primaryImageOfPage":{"@id":"https:\/\/sales-ai-agents.com\/de\/templates\/project-retrospective\/#primaryimage"},"image":{"@id":"https:\/\/sales-ai-agents.com\/de\/templates\/project-retrospective\/#primaryimage"},"thumbnailUrl":"https:\/\/sales-ai-agents.com\/wp-content\/uploads\/2022\/09\/Project-Retrospective-Template.png","datePublished":"2022-09-26T12:22:40+00:00","dateModified":"2024-01-02T14:00:55+00:00","description":"Die Retrospektive kann Ihnen helfen, Ihre Projekte zu bewerten und Ihre Zukunft zu gestalten. Anhand dieser Vorlage k\u00f6nnen Sie pr\u00fcfen, was gut gelaufen ist und was verbessert werden muss.","inLanguage":"de-DE","potentialAction":[{"@type":"ReadAction","target":["https:\/\/sales-ai-agents.com\/de\/templates\/project-retrospective\/"]}]},{"@type":"ImageObject","inLanguage":"de-DE","@id":"https:\/\/sales-ai-agents.com\/de\/templates\/project-retrospective\/#primaryimage","url":"https:\/\/sales-ai-agents.com\/wp-content\/uploads\/2022\/09\/Project-Retrospective-Template.png","contentUrl":"https:\/\/sales-ai-agents.com\/wp-content\/uploads\/2022\/09\/Project-Retrospective-Template.png","width":1700,"height":1100,"caption":"Retrospective can help you evaluate your projects and guide your future."},{"@type":"WebSite","@id":"https:\/\/sales-ai-agents.com\/#website","url":"https:\/\/sales-ai-agents.com\/","name":"FuseBase","description":"Nimbus Platform - Free Online Collaboration Software for Remote Teams. Build your wikis, client portals and more with the Nimbus Platform collaboration tool ? A perfect space for online work","publisher":{"@id":"https:\/\/sales-ai-agents.com\/#organization"},"potentialAction":[{"@type":"SearchAction","target":{"@type":"EntryPoint","urlTemplate":"https:\/\/sales-ai-agents.com\/?s={search_term_string}"},"query-input":{"@type":"PropertyValueSpecification","valueRequired":true,"valueName":"search_term_string"}}],"inLanguage":"de-DE"},{"@type":"Organization","@id":"https:\/\/sales-ai-agents.com\/#organization","name":"FuseBase","url":"https:\/\/sales-ai-agents.com\/","logo":{"@type":"ImageObject","inLanguage":"de-DE","@id":"https:\/\/sales-ai-agents.com\/#\/schema\/logo\/image\/","url":"https:\/\/sales-ai-agents.com\/wp-content\/uploads\/2023\/11\/icon-7.svg","contentUrl":"https:\/\/sales-ai-agents.com\/wp-content\/uploads\/2023\/11\/icon-7.svg","width":128,"height":128,"caption":"FuseBase"},"image":{"@id":"https:\/\/sales-ai-agents.com\/#\/schema\/logo\/image\/"}}]}},"_links":{"self":[{"href":"https:\/\/sales-ai-agents.com\/de\/wp-json\/wp\/v2\/product\/56107","targetHints":{"allow":["GET"]}}],"collection":[{"href":"https:\/\/sales-ai-agents.com\/de\/wp-json\/wp\/v2\/product"}],"about":[{"href":"https:\/\/sales-ai-agents.com\/de\/wp-json\/wp\/v2\/types\/product"}],"wp:featuredmedia":[{"embeddable":true,"href":"https:\/\/sales-ai-agents.com\/de\/wp-json\/wp\/v2\/media\/28627"}],"wp:attachment":[{"href":"https:\/\/sales-ai-agents.com\/de\/wp-json\/wp\/v2\/media?parent=56107"}],"wp:term":[{"taxonomy":"product_brand","embeddable":true,"href":"https:\/\/sales-ai-agents.com\/de\/wp-json\/wp\/v2\/product_brand?post=56107"},{"taxonomy":"product_cat","embeddable":true,"href":"https:\/\/sales-ai-agents.com\/de\/wp-json\/wp\/v2\/product_cat?post=56107"},{"taxonomy":"product_tag","embeddable":true,"href":"https:\/\/sales-ai-agents.com\/de\/wp-json\/wp\/v2\/product_tag?post=56107"}],"curies":[{"name":"wp","href":"https:\/\/api.w.org\/{rel}","templated":true}]}}