{"id":56116,"date":"2022-09-26T12:22:22","date_gmt":"2022-09-26T12:22:22","guid":{"rendered":"https:\/\/sales-ai-agents.com\/templates\/lesson-plan\/"},"modified":"2023-12-27T14:46:51","modified_gmt":"2023-12-27T14:46:51","slug":"lesson-plan","status":"publish","type":"product","link":"https:\/\/sales-ai-agents.com\/de\/templates\/lesson-plan\/","title":{"rendered":"Lektionsplan-Tabelle"},"content":{"rendered":"<p>&nbsp;<\/p>\n<h2>Lektionsplan-Tabelle Vorlage<\/h2>\n<p class=\"desc-text\">Die Unterrichtsplanung ist der Schl\u00fcssel zu einem strukturierten Unterricht. Erstellen Sie im Voraus eine Agenda f\u00fcr Ihren Unterricht oder ein Trainingsprogramm. Geben Sie angemessene Zeit f\u00fcr die Aktivit\u00e4ten und verfolgen Sie die Lernziele. Ganz gleich, ob Ihre Klasse an einem Projekt\/einer Pr\u00e4sentation arbeitet oder einfach nur ihre t\u00e4gliche Unterrichtsstunde durchgeht, Sie k\u00f6nnen unser vorgefertigtes Dokument nutzen, um schnell und effizient Ideen zu formulieren. Das macht es einfacher, sich auf Ihre hohen Unterrichtsstandards zu konzentrieren, w\u00e4hrend Sie darauf hinarbeiten, die Kursziele zu erreichen und die Ausbildungschecklisten abzuschlie\u00dfen.<\/p>\n<h5>Wie zu verwenden:<\/h5>\n<ul class=\"desc-item_list\">\n<li class=\"desc-item_list__point\">F\u00fcllen Sie Details \u00fcber Ihre Klasse aus<\/li>\n<li class=\"desc-item_list__point\">Teile der Unterrichtsstunde planen<\/li>\n<li class=\"desc-item_list__point\">F\u00fcgen Sie Details zu jeder Aktivit\u00e4t hinzu<\/li>\n<li class=\"desc-item_list__point\">F\u00fcgen Sie eine abschlie\u00dfende Aktivit\u00e4t zur Reflexion in der Klasse hinzu.<\/li>\n<li class=\"desc-item_list__point\">Bewerten Sie die Leistung Ihrer Klasse<\/li>\n<\/ul>\n","protected":false},"excerpt":{"rendered":"<p>Mit dieser Vorlage k\u00f6nnen Sie Ihren Unterricht im Voraus organisieren. Stellen Sie sicher, dass Sie gen\u00fcgend Zeit f\u00fcr alle Aktivit\u00e4ten haben, und verfolgen Sie die Lernziele Ihrer Sch\u00fcler.<\/p>\n","protected":false},"featured_media":33975,"template":"","meta":{"_acf_changed":false,"inline_featured_image":false},"product_brand":[],"product_cat":[198],"product_tag":[],"class_list":{"0":"post-56116","1":"product","2":"type-product","3":"status-publish","4":"has-post-thumbnail","6":"product_cat-teacher","8":"first","9":"instock","10":"virtual","11":"sold-individually","12":"product-type-simple"},"acf":[],"yoast_head":"<!-- This site is optimized with the Yoast SEO plugin v25.3.1 - https:\/\/yoast.com\/wordpress\/plugins\/seo\/ -->\n<title>Lektionsplan-Tabellenvorlage - Sales AI Agents<\/title>\n<meta name=\"description\" content=\"Mit dieser Vorlage k\u00f6nnen Sie Ihren Unterricht im Voraus organisieren. Stellen Sie sicher, dass Sie gen\u00fcgend Zeit f\u00fcr alle Aktivit\u00e4ten haben, und verfolgen Sie die Lernziele Ihrer Sch\u00fcler.\" \/>\n<meta name=\"robots\" content=\"index, follow, max-snippet:-1, max-image-preview:large, max-video-preview:-1\" \/>\n<link rel=\"canonical\" href=\"https:\/\/sales-ai-agents.com\/de\/templates\/lesson-plan\/\" \/>\n<meta property=\"og:locale\" content=\"de_DE\" \/>\n<meta property=\"og:type\" content=\"article\" \/>\n<meta property=\"og:title\" content=\"Lektionsplan-Tabellenvorlage - Sales AI Agents\" \/>\n<meta property=\"og:description\" content=\"Mit dieser Vorlage k\u00f6nnen Sie Ihren Unterricht im Voraus organisieren. Stellen Sie sicher, dass Sie gen\u00fcgend Zeit f\u00fcr alle Aktivit\u00e4ten haben, und verfolgen Sie die Lernziele Ihrer Sch\u00fcler.\" \/>\n<meta property=\"og:url\" content=\"https:\/\/sales-ai-agents.com\/de\/templates\/lesson-plan\/\" \/>\n<meta property=\"og:site_name\" content=\"Sales AI Agents\" \/>\n<meta property=\"article:modified_time\" content=\"2023-12-27T14:46:51+00:00\" \/>\n<meta property=\"og:image\" content=\"https:\/\/sales-ai-agents.com\/wp-content\/uploads\/2022\/09\/Lesson-Plan-Table-Template.jpg\" \/>\n\t<meta property=\"og:image:width\" content=\"1700\" \/>\n\t<meta property=\"og:image:height\" content=\"1100\" \/>\n\t<meta property=\"og:image:type\" content=\"image\/jpeg\" \/>\n<meta name=\"twitter:card\" content=\"summary_large_image\" \/>\n<script type=\"application\/ld+json\" class=\"yoast-schema-graph\">{\"@context\":\"https:\/\/schema.org\",\"@graph\":[{\"@type\":\"WebPage\",\"@id\":\"https:\/\/sales-ai-agents.com\/de\/templates\/lesson-plan\/\",\"url\":\"https:\/\/sales-ai-agents.com\/de\/templates\/lesson-plan\/\",\"name\":\"Lektionsplan-Tabellenvorlage - Sales AI Agents\",\"isPartOf\":{\"@id\":\"https:\/\/sales-ai-agents.com\/#website\"},\"primaryImageOfPage\":{\"@id\":\"https:\/\/sales-ai-agents.com\/de\/templates\/lesson-plan\/#primaryimage\"},\"image\":{\"@id\":\"https:\/\/sales-ai-agents.com\/de\/templates\/lesson-plan\/#primaryimage\"},\"thumbnailUrl\":\"https:\/\/sales-ai-agents.com\/wp-content\/uploads\/2022\/09\/Lesson-Plan-Table-Template.jpg\",\"datePublished\":\"2022-09-26T12:22:22+00:00\",\"dateModified\":\"2023-12-27T14:46:51+00:00\",\"description\":\"Mit dieser Vorlage k\u00f6nnen Sie Ihren Unterricht im Voraus organisieren. Stellen Sie sicher, dass Sie gen\u00fcgend Zeit f\u00fcr alle Aktivit\u00e4ten haben, und verfolgen Sie die Lernziele Ihrer Sch\u00fcler.\",\"inLanguage\":\"de-DE\",\"potentialAction\":[{\"@type\":\"ReadAction\",\"target\":[\"https:\/\/sales-ai-agents.com\/de\/templates\/lesson-plan\/\"]}]},{\"@type\":\"ImageObject\",\"inLanguage\":\"de-DE\",\"@id\":\"https:\/\/sales-ai-agents.com\/de\/templates\/lesson-plan\/#primaryimage\",\"url\":\"https:\/\/sales-ai-agents.com\/wp-content\/uploads\/2022\/09\/Lesson-Plan-Table-Template.jpg\",\"contentUrl\":\"https:\/\/sales-ai-agents.com\/wp-content\/uploads\/2022\/09\/Lesson-Plan-Table-Template.jpg\",\"width\":1700,\"height\":1100,\"caption\":\"Lesson Plan Table Template - Nimbus Platform\"},{\"@type\":\"WebSite\",\"@id\":\"https:\/\/sales-ai-agents.com\/#website\",\"url\":\"https:\/\/sales-ai-agents.com\/\",\"name\":\"FuseBase\",\"description\":\"Nimbus Platform - Free Online Collaboration Software for Remote Teams. Build your wikis, client portals and more with the Nimbus Platform collaboration tool ? A perfect space for online work\",\"publisher\":{\"@id\":\"https:\/\/sales-ai-agents.com\/#organization\"},\"potentialAction\":[{\"@type\":\"SearchAction\",\"target\":{\"@type\":\"EntryPoint\",\"urlTemplate\":\"https:\/\/sales-ai-agents.com\/?s={search_term_string}\"},\"query-input\":{\"@type\":\"PropertyValueSpecification\",\"valueRequired\":true,\"valueName\":\"search_term_string\"}}],\"inLanguage\":\"de-DE\"},{\"@type\":\"Organization\",\"@id\":\"https:\/\/sales-ai-agents.com\/#organization\",\"name\":\"FuseBase\",\"url\":\"https:\/\/sales-ai-agents.com\/\",\"logo\":{\"@type\":\"ImageObject\",\"inLanguage\":\"de-DE\",\"@id\":\"https:\/\/sales-ai-agents.com\/#\/schema\/logo\/image\/\",\"url\":\"https:\/\/sales-ai-agents.com\/wp-content\/uploads\/2023\/11\/icon-7.svg\",\"contentUrl\":\"https:\/\/sales-ai-agents.com\/wp-content\/uploads\/2023\/11\/icon-7.svg\",\"width\":128,\"height\":128,\"caption\":\"FuseBase\"},\"image\":{\"@id\":\"https:\/\/sales-ai-agents.com\/#\/schema\/logo\/image\/\"}}]}<\/script>\n<!-- \/ Yoast SEO plugin. -->","yoast_head_json":{"title":"Lektionsplan-Tabellenvorlage - Sales AI Agents","description":"Mit dieser Vorlage k\u00f6nnen Sie Ihren Unterricht im Voraus organisieren. Stellen Sie sicher, dass Sie gen\u00fcgend Zeit f\u00fcr alle Aktivit\u00e4ten haben, und verfolgen Sie die Lernziele Ihrer Sch\u00fcler.","robots":{"index":"index","follow":"follow","max-snippet":"max-snippet:-1","max-image-preview":"max-image-preview:large","max-video-preview":"max-video-preview:-1"},"canonical":"https:\/\/sales-ai-agents.com\/de\/templates\/lesson-plan\/","og_locale":"de_DE","og_type":"article","og_title":"Lektionsplan-Tabellenvorlage - Sales AI Agents","og_description":"Mit dieser Vorlage k\u00f6nnen Sie Ihren Unterricht im Voraus organisieren. Stellen Sie sicher, dass Sie gen\u00fcgend Zeit f\u00fcr alle Aktivit\u00e4ten haben, und verfolgen Sie die Lernziele Ihrer Sch\u00fcler.","og_url":"https:\/\/sales-ai-agents.com\/de\/templates\/lesson-plan\/","og_site_name":"Sales AI Agents","article_modified_time":"2023-12-27T14:46:51+00:00","og_image":[{"width":1700,"height":1100,"url":"https:\/\/sales-ai-agents.com\/wp-content\/uploads\/2022\/09\/Lesson-Plan-Table-Template.jpg","type":"image\/jpeg"}],"twitter_card":"summary_large_image","schema":{"@context":"https:\/\/schema.org","@graph":[{"@type":"WebPage","@id":"https:\/\/sales-ai-agents.com\/de\/templates\/lesson-plan\/","url":"https:\/\/sales-ai-agents.com\/de\/templates\/lesson-plan\/","name":"Lektionsplan-Tabellenvorlage - Sales AI Agents","isPartOf":{"@id":"https:\/\/sales-ai-agents.com\/#website"},"primaryImageOfPage":{"@id":"https:\/\/sales-ai-agents.com\/de\/templates\/lesson-plan\/#primaryimage"},"image":{"@id":"https:\/\/sales-ai-agents.com\/de\/templates\/lesson-plan\/#primaryimage"},"thumbnailUrl":"https:\/\/sales-ai-agents.com\/wp-content\/uploads\/2022\/09\/Lesson-Plan-Table-Template.jpg","datePublished":"2022-09-26T12:22:22+00:00","dateModified":"2023-12-27T14:46:51+00:00","description":"Mit dieser Vorlage k\u00f6nnen Sie Ihren Unterricht im Voraus organisieren. Stellen Sie sicher, dass Sie gen\u00fcgend Zeit f\u00fcr alle Aktivit\u00e4ten haben, und verfolgen Sie die Lernziele Ihrer Sch\u00fcler.","inLanguage":"de-DE","potentialAction":[{"@type":"ReadAction","target":["https:\/\/sales-ai-agents.com\/de\/templates\/lesson-plan\/"]}]},{"@type":"ImageObject","inLanguage":"de-DE","@id":"https:\/\/sales-ai-agents.com\/de\/templates\/lesson-plan\/#primaryimage","url":"https:\/\/sales-ai-agents.com\/wp-content\/uploads\/2022\/09\/Lesson-Plan-Table-Template.jpg","contentUrl":"https:\/\/sales-ai-agents.com\/wp-content\/uploads\/2022\/09\/Lesson-Plan-Table-Template.jpg","width":1700,"height":1100,"caption":"Lesson Plan Table Template - Nimbus Platform"},{"@type":"WebSite","@id":"https:\/\/sales-ai-agents.com\/#website","url":"https:\/\/sales-ai-agents.com\/","name":"FuseBase","description":"Nimbus Platform - Free Online Collaboration Software for Remote Teams. Build your wikis, client portals and more with the Nimbus Platform collaboration tool ? A perfect space for online work","publisher":{"@id":"https:\/\/sales-ai-agents.com\/#organization"},"potentialAction":[{"@type":"SearchAction","target":{"@type":"EntryPoint","urlTemplate":"https:\/\/sales-ai-agents.com\/?s={search_term_string}"},"query-input":{"@type":"PropertyValueSpecification","valueRequired":true,"valueName":"search_term_string"}}],"inLanguage":"de-DE"},{"@type":"Organization","@id":"https:\/\/sales-ai-agents.com\/#organization","name":"FuseBase","url":"https:\/\/sales-ai-agents.com\/","logo":{"@type":"ImageObject","inLanguage":"de-DE","@id":"https:\/\/sales-ai-agents.com\/#\/schema\/logo\/image\/","url":"https:\/\/sales-ai-agents.com\/wp-content\/uploads\/2023\/11\/icon-7.svg","contentUrl":"https:\/\/sales-ai-agents.com\/wp-content\/uploads\/2023\/11\/icon-7.svg","width":128,"height":128,"caption":"FuseBase"},"image":{"@id":"https:\/\/sales-ai-agents.com\/#\/schema\/logo\/image\/"}}]}},"_links":{"self":[{"href":"https:\/\/sales-ai-agents.com\/de\/wp-json\/wp\/v2\/product\/56116","targetHints":{"allow":["GET"]}}],"collection":[{"href":"https:\/\/sales-ai-agents.com\/de\/wp-json\/wp\/v2\/product"}],"about":[{"href":"https:\/\/sales-ai-agents.com\/de\/wp-json\/wp\/v2\/types\/product"}],"wp:featuredmedia":[{"embeddable":true,"href":"https:\/\/sales-ai-agents.com\/de\/wp-json\/wp\/v2\/media\/33975"}],"wp:attachment":[{"href":"https:\/\/sales-ai-agents.com\/de\/wp-json\/wp\/v2\/media?parent=56116"}],"wp:term":[{"taxonomy":"product_brand","embeddable":true,"href":"https:\/\/sales-ai-agents.com\/de\/wp-json\/wp\/v2\/product_brand?post=56116"},{"taxonomy":"product_cat","embeddable":true,"href":"https:\/\/sales-ai-agents.com\/de\/wp-json\/wp\/v2\/product_cat?post=56116"},{"taxonomy":"product_tag","embeddable":true,"href":"https:\/\/sales-ai-agents.com\/de\/wp-json\/wp\/v2\/product_tag?post=56116"}],"curies":[{"name":"wp","href":"https:\/\/api.w.org\/{rel}","templated":true}]}}