{"id":56126,"date":"2022-09-26T12:22:19","date_gmt":"2022-09-26T12:22:19","guid":{"rendered":"https:\/\/sales-ai-agents.com\/templates\/homework\/"},"modified":"2023-12-26T14:57:34","modified_gmt":"2023-12-26T14:57:34","slug":"homework","status":"publish","type":"product","link":"https:\/\/sales-ai-agents.com\/de\/templates\/homework\/","title":{"rendered":"Hausaufgaben"},"content":{"rendered":"<p>&nbsp;<\/p>\n<h2>Hausaufgaben-Vorlage<\/h2>\n<p class=\"desc-text\">Vergessen Sie Ihre Aufgaben nicht und verfolgen Sie Ihre Hausaufgaben. Erreichen Sie Ihre Lernziele, denn die Hausaufgaben erweitern das Wissen und verbessern die F\u00e4higkeiten der Sch\u00fcler. Die Erledigung von Hausaufgaben ist eine \u00e4u\u00dferst effektive Vorbereitung auf den Unterricht oder auf Pr\u00fcfungen.<\/p>\n<h5>Wie zu verwenden:<\/h5>\n<ul class=\"desc-item_list\">\n<li class=\"desc-item_list__point\">F\u00fcllen Sie Ihren Zeitplan f\u00fcr die Woche aus &#8211; f\u00fcgen Sie Themen hinzu<\/li>\n<li class=\"desc-item_list__point\">T\u00e4glich neue Aufgaben zu den F\u00e4chern hinzuf\u00fcgen<\/li>\n<li class=\"desc-item_list__point\">Markieren, wenn die Aufgabe erledigt ist<\/li>\n<li class=\"desc-item_list__point\">Verfolgen Sie Ihren Fortschritt<\/li>\n<\/ul>\n","protected":false},"excerpt":{"rendered":"<p>Vergessen Sie Ihre Aufgaben nicht und verfolgen Sie Ihre Hausaufgaben mit dieser Vorlage. Erreichen Sie Ihre Studienziele, erweitern Sie Ihr Wissen, verbessern Sie Ihre F\u00e4higkeiten und Fertigkeiten.<\/p>\n","protected":false},"featured_media":20431,"template":"","meta":{"_acf_changed":false,"inline_featured_image":false},"product_brand":[],"product_cat":[179,180,197],"product_tag":[],"class_list":{"0":"post-56126","1":"product","2":"type-product","3":"status-publish","4":"has-post-thumbnail","6":"product_cat-organizers-planners","7":"product_cat-personal","8":"product_cat-student","10":"first","11":"instock","12":"virtual","13":"sold-individually","14":"product-type-simple"},"acf":[],"yoast_head":"<!-- This site is optimized with the Yoast SEO plugin v25.3.1 - https:\/\/yoast.com\/wordpress\/plugins\/seo\/ -->\n<title>Hausaufgabenvorlage - Sales AI Agents<\/title>\n<meta name=\"description\" content=\"Vergessen Sie Ihre Aufgaben nicht und verfolgen Sie Ihre Hausaufgaben mit dieser Vorlage. Erreichen Sie Ihre Studienziele, erweitern Sie Ihr Wissen und verbessern Sie Ihre F\u00e4higkeiten.\" \/>\n<meta name=\"robots\" content=\"index, follow, max-snippet:-1, max-image-preview:large, max-video-preview:-1\" \/>\n<link rel=\"canonical\" href=\"https:\/\/sales-ai-agents.com\/de\/templates\/homework\/\" \/>\n<meta property=\"og:locale\" content=\"de_DE\" \/>\n<meta property=\"og:type\" content=\"article\" \/>\n<meta property=\"og:title\" content=\"Hausaufgabenvorlage - Sales AI Agents\" \/>\n<meta property=\"og:description\" content=\"Vergessen Sie Ihre Aufgaben nicht und verfolgen Sie Ihre Hausaufgaben mit dieser Vorlage. Erreichen Sie Ihre Studienziele, erweitern Sie Ihr Wissen und verbessern Sie Ihre F\u00e4higkeiten.\" \/>\n<meta property=\"og:url\" content=\"https:\/\/sales-ai-agents.com\/de\/templates\/homework\/\" \/>\n<meta property=\"og:site_name\" content=\"Sales AI Agents\" \/>\n<meta property=\"article:modified_time\" content=\"2023-12-26T14:57:34+00:00\" \/>\n<meta property=\"og:image\" content=\"https:\/\/sales-ai-agents.com\/wp-content\/uploads\/2023\/01\/image-preview120619.png\" \/>\n\t<meta property=\"og:image:width\" content=\"1078\" \/>\n\t<meta property=\"og:image:height\" content=\"1125\" \/>\n\t<meta property=\"og:image:type\" content=\"image\/png\" \/>\n<meta name=\"twitter:card\" content=\"summary_large_image\" \/>\n<script type=\"application\/ld+json\" class=\"yoast-schema-graph\">{\"@context\":\"https:\/\/schema.org\",\"@graph\":[{\"@type\":\"WebPage\",\"@id\":\"https:\/\/sales-ai-agents.com\/de\/templates\/homework\/\",\"url\":\"https:\/\/sales-ai-agents.com\/de\/templates\/homework\/\",\"name\":\"Hausaufgabenvorlage - Sales AI Agents\",\"isPartOf\":{\"@id\":\"https:\/\/sales-ai-agents.com\/#website\"},\"primaryImageOfPage\":{\"@id\":\"https:\/\/sales-ai-agents.com\/de\/templates\/homework\/#primaryimage\"},\"image\":{\"@id\":\"https:\/\/sales-ai-agents.com\/de\/templates\/homework\/#primaryimage\"},\"thumbnailUrl\":\"https:\/\/sales-ai-agents.com\/wp-content\/uploads\/2023\/01\/image-preview120619.png\",\"datePublished\":\"2022-09-26T12:22:19+00:00\",\"dateModified\":\"2023-12-26T14:57:34+00:00\",\"description\":\"Vergessen Sie Ihre Aufgaben nicht und verfolgen Sie Ihre Hausaufgaben mit dieser Vorlage. Erreichen Sie Ihre Studienziele, erweitern Sie Ihr Wissen und verbessern Sie Ihre F\u00e4higkeiten.\",\"inLanguage\":\"de-DE\",\"potentialAction\":[{\"@type\":\"ReadAction\",\"target\":[\"https:\/\/sales-ai-agents.com\/de\/templates\/homework\/\"]}]},{\"@type\":\"ImageObject\",\"inLanguage\":\"de-DE\",\"@id\":\"https:\/\/sales-ai-agents.com\/de\/templates\/homework\/#primaryimage\",\"url\":\"https:\/\/sales-ai-agents.com\/wp-content\/uploads\/2023\/01\/image-preview120619.png\",\"contentUrl\":\"https:\/\/sales-ai-agents.com\/wp-content\/uploads\/2023\/01\/image-preview120619.png\",\"width\":1078,\"height\":1125,\"caption\":\"Homework Template - Nimbus Platform\"},{\"@type\":\"WebSite\",\"@id\":\"https:\/\/sales-ai-agents.com\/#website\",\"url\":\"https:\/\/sales-ai-agents.com\/\",\"name\":\"FuseBase\",\"description\":\"Nimbus Platform - Free Online Collaboration Software for Remote Teams. Build your wikis, client portals and more with the Nimbus Platform collaboration tool ? A perfect space for online work\",\"publisher\":{\"@id\":\"https:\/\/sales-ai-agents.com\/#organization\"},\"potentialAction\":[{\"@type\":\"SearchAction\",\"target\":{\"@type\":\"EntryPoint\",\"urlTemplate\":\"https:\/\/sales-ai-agents.com\/?s={search_term_string}\"},\"query-input\":{\"@type\":\"PropertyValueSpecification\",\"valueRequired\":true,\"valueName\":\"search_term_string\"}}],\"inLanguage\":\"de-DE\"},{\"@type\":\"Organization\",\"@id\":\"https:\/\/sales-ai-agents.com\/#organization\",\"name\":\"FuseBase\",\"url\":\"https:\/\/sales-ai-agents.com\/\",\"logo\":{\"@type\":\"ImageObject\",\"inLanguage\":\"de-DE\",\"@id\":\"https:\/\/sales-ai-agents.com\/#\/schema\/logo\/image\/\",\"url\":\"https:\/\/sales-ai-agents.com\/wp-content\/uploads\/2023\/11\/icon-7.svg\",\"contentUrl\":\"https:\/\/sales-ai-agents.com\/wp-content\/uploads\/2023\/11\/icon-7.svg\",\"width\":128,\"height\":128,\"caption\":\"FuseBase\"},\"image\":{\"@id\":\"https:\/\/sales-ai-agents.com\/#\/schema\/logo\/image\/\"}}]}<\/script>\n<!-- \/ Yoast SEO plugin. -->","yoast_head_json":{"title":"Hausaufgabenvorlage - Sales AI Agents","description":"Vergessen Sie Ihre Aufgaben nicht und verfolgen Sie Ihre Hausaufgaben mit dieser Vorlage. Erreichen Sie Ihre Studienziele, erweitern Sie Ihr Wissen und verbessern Sie Ihre F\u00e4higkeiten.","robots":{"index":"index","follow":"follow","max-snippet":"max-snippet:-1","max-image-preview":"max-image-preview:large","max-video-preview":"max-video-preview:-1"},"canonical":"https:\/\/sales-ai-agents.com\/de\/templates\/homework\/","og_locale":"de_DE","og_type":"article","og_title":"Hausaufgabenvorlage - Sales AI Agents","og_description":"Vergessen Sie Ihre Aufgaben nicht und verfolgen Sie Ihre Hausaufgaben mit dieser Vorlage. Erreichen Sie Ihre Studienziele, erweitern Sie Ihr Wissen und verbessern Sie Ihre F\u00e4higkeiten.","og_url":"https:\/\/sales-ai-agents.com\/de\/templates\/homework\/","og_site_name":"Sales AI Agents","article_modified_time":"2023-12-26T14:57:34+00:00","og_image":[{"width":1078,"height":1125,"url":"https:\/\/sales-ai-agents.com\/wp-content\/uploads\/2023\/01\/image-preview120619.png","type":"image\/png"}],"twitter_card":"summary_large_image","schema":{"@context":"https:\/\/schema.org","@graph":[{"@type":"WebPage","@id":"https:\/\/sales-ai-agents.com\/de\/templates\/homework\/","url":"https:\/\/sales-ai-agents.com\/de\/templates\/homework\/","name":"Hausaufgabenvorlage - Sales AI Agents","isPartOf":{"@id":"https:\/\/sales-ai-agents.com\/#website"},"primaryImageOfPage":{"@id":"https:\/\/sales-ai-agents.com\/de\/templates\/homework\/#primaryimage"},"image":{"@id":"https:\/\/sales-ai-agents.com\/de\/templates\/homework\/#primaryimage"},"thumbnailUrl":"https:\/\/sales-ai-agents.com\/wp-content\/uploads\/2023\/01\/image-preview120619.png","datePublished":"2022-09-26T12:22:19+00:00","dateModified":"2023-12-26T14:57:34+00:00","description":"Vergessen Sie Ihre Aufgaben nicht und verfolgen Sie Ihre Hausaufgaben mit dieser Vorlage. Erreichen Sie Ihre Studienziele, erweitern Sie Ihr Wissen und verbessern Sie Ihre F\u00e4higkeiten.","inLanguage":"de-DE","potentialAction":[{"@type":"ReadAction","target":["https:\/\/sales-ai-agents.com\/de\/templates\/homework\/"]}]},{"@type":"ImageObject","inLanguage":"de-DE","@id":"https:\/\/sales-ai-agents.com\/de\/templates\/homework\/#primaryimage","url":"https:\/\/sales-ai-agents.com\/wp-content\/uploads\/2023\/01\/image-preview120619.png","contentUrl":"https:\/\/sales-ai-agents.com\/wp-content\/uploads\/2023\/01\/image-preview120619.png","width":1078,"height":1125,"caption":"Homework Template - Nimbus Platform"},{"@type":"WebSite","@id":"https:\/\/sales-ai-agents.com\/#website","url":"https:\/\/sales-ai-agents.com\/","name":"FuseBase","description":"Nimbus Platform - Free Online Collaboration Software for Remote Teams. Build your wikis, client portals and more with the Nimbus Platform collaboration tool ? A perfect space for online work","publisher":{"@id":"https:\/\/sales-ai-agents.com\/#organization"},"potentialAction":[{"@type":"SearchAction","target":{"@type":"EntryPoint","urlTemplate":"https:\/\/sales-ai-agents.com\/?s={search_term_string}"},"query-input":{"@type":"PropertyValueSpecification","valueRequired":true,"valueName":"search_term_string"}}],"inLanguage":"de-DE"},{"@type":"Organization","@id":"https:\/\/sales-ai-agents.com\/#organization","name":"FuseBase","url":"https:\/\/sales-ai-agents.com\/","logo":{"@type":"ImageObject","inLanguage":"de-DE","@id":"https:\/\/sales-ai-agents.com\/#\/schema\/logo\/image\/","url":"https:\/\/sales-ai-agents.com\/wp-content\/uploads\/2023\/11\/icon-7.svg","contentUrl":"https:\/\/sales-ai-agents.com\/wp-content\/uploads\/2023\/11\/icon-7.svg","width":128,"height":128,"caption":"FuseBase"},"image":{"@id":"https:\/\/sales-ai-agents.com\/#\/schema\/logo\/image\/"}}]}},"_links":{"self":[{"href":"https:\/\/sales-ai-agents.com\/de\/wp-json\/wp\/v2\/product\/56126","targetHints":{"allow":["GET"]}}],"collection":[{"href":"https:\/\/sales-ai-agents.com\/de\/wp-json\/wp\/v2\/product"}],"about":[{"href":"https:\/\/sales-ai-agents.com\/de\/wp-json\/wp\/v2\/types\/product"}],"wp:featuredmedia":[{"embeddable":true,"href":"https:\/\/sales-ai-agents.com\/de\/wp-json\/wp\/v2\/media\/20431"}],"wp:attachment":[{"href":"https:\/\/sales-ai-agents.com\/de\/wp-json\/wp\/v2\/media?parent=56126"}],"wp:term":[{"taxonomy":"product_brand","embeddable":true,"href":"https:\/\/sales-ai-agents.com\/de\/wp-json\/wp\/v2\/product_brand?post=56126"},{"taxonomy":"product_cat","embeddable":true,"href":"https:\/\/sales-ai-agents.com\/de\/wp-json\/wp\/v2\/product_cat?post=56126"},{"taxonomy":"product_tag","embeddable":true,"href":"https:\/\/sales-ai-agents.com\/de\/wp-json\/wp\/v2\/product_tag?post=56126"}],"curies":[{"name":"wp","href":"https:\/\/api.w.org\/{rel}","templated":true}]}}