{"id":56132,"date":"2022-09-26T12:22:03","date_gmt":"2022-09-26T12:22:03","guid":{"rendered":"https:\/\/sales-ai-agents.com\/templates\/basic-business-project-tracker\/"},"modified":"2024-01-02T11:51:42","modified_gmt":"2024-01-02T11:51:42","slug":"basic-business-project-tracker","status":"publish","type":"product","link":"https:\/\/sales-ai-agents.com\/de\/templates\/basic-business-project-tracker\/","title":{"rendered":"Basic Business Project Tracker"},"content":{"rendered":"<p>&nbsp;<\/p>\n<h2>Basic Business Project Tracker Vorlage<\/h2>\n<p class=\"desc-text\">Verwalten, verfolgen und aktualisieren Sie alle Projektdetails. Bleiben Sie \u00fcber den Projektfortschritt informiert &#8211; mit diesem einfachen Projekt-Tracker f\u00fcr Unternehmen. F\u00fcgen Sie in die Vorlage Projektdetails wie Mitarbeiter, aktuelle und zuk\u00fcnftige Aufgaben, Status, Fristen und mehr ein. Behalten Sie den \u00dcberblick \u00fcber den Projektfortschritt und die Dauer der einzelnen Aufgaben. Auf diese Weise stellen Sie sicher, dass alles termingerecht erledigt wird.<\/p>\n<h5>Wie zu verwenden:<\/h5>\n<ul class=\"desc-item_list\">\n<li class=\"desc-item_list__point\">F\u00fcgen Sie die Projektbeschreibung und die Ziele des Projekts hinzu.<\/li>\n<li class=\"desc-item_list__point\">Verkn\u00fcpfen Sie andere Notizen durch Erw\u00e4hnungen @ oder f\u00fcgen Sie einfach Links hinzu.<\/li>\n<li class=\"desc-item_list__point\">Definieren Sie den Teamleiter und die Mitgliederliste.<\/li>\n<li class=\"desc-item_list__point\">Erstellen Sie einen Fahrplan und geben Sie die Schritte und Fristen f\u00fcr jede Aufgabe an.<\/li>\n<\/ul>\n","protected":false},"excerpt":{"rendered":"<p>Verwalten, verfolgen und aktualisieren Sie alle Projektdetails. F\u00fcgen Sie Projektdetails wie Mitarbeiter, Aufgaben, Status, Fristen und mehr ein.<\/p>\n","protected":false},"featured_media":34368,"template":"","meta":{"_acf_changed":false,"inline_featured_image":false},"product_brand":[],"product_cat":[191,169],"product_tag":[],"class_list":{"0":"post-56132","1":"product","2":"type-product","3":"status-publish","4":"has-post-thumbnail","6":"product_cat-project-management","7":"product_cat-entrepreneur","9":"first","10":"instock","11":"virtual","12":"sold-individually","13":"product-type-simple"},"acf":[],"yoast_head":"<!-- This site is optimized with the Yoast SEO plugin v25.3.1 - https:\/\/yoast.com\/wordpress\/plugins\/seo\/ -->\n<title>Basic Business Project Tracker Vorlage - Sales AI Agents<\/title>\n<meta name=\"description\" content=\"Verwalten, verfolgen und aktualisieren Sie alle Projektdetails. F\u00fcgen Sie Projektdetails wie Mitarbeiter, Aufgaben, Status, Fristen und vieles mehr ein!\" \/>\n<meta name=\"robots\" content=\"index, follow, max-snippet:-1, max-image-preview:large, max-video-preview:-1\" \/>\n<link rel=\"canonical\" href=\"https:\/\/sales-ai-agents.com\/de\/templates\/basic-business-project-tracker\/\" \/>\n<meta property=\"og:locale\" content=\"de_DE\" \/>\n<meta property=\"og:type\" content=\"article\" \/>\n<meta property=\"og:title\" content=\"Basic Business Project Tracker Vorlage - Sales AI Agents\" \/>\n<meta property=\"og:description\" content=\"Verwalten, verfolgen und aktualisieren Sie alle Projektdetails. F\u00fcgen Sie Projektdetails wie Mitarbeiter, Aufgaben, Status, Fristen und vieles mehr ein!\" \/>\n<meta property=\"og:url\" content=\"https:\/\/sales-ai-agents.com\/de\/templates\/basic-business-project-tracker\/\" \/>\n<meta property=\"og:site_name\" content=\"Sales AI Agents\" \/>\n<meta property=\"article:modified_time\" content=\"2024-01-02T11:51:42+00:00\" \/>\n<meta property=\"og:image\" content=\"https:\/\/sales-ai-agents.com\/wp-content\/uploads\/2022\/09\/Basic-Business-Project-Tracker-Template-1.png\" \/>\n\t<meta property=\"og:image:width\" content=\"1700\" \/>\n\t<meta property=\"og:image:height\" content=\"1100\" \/>\n\t<meta property=\"og:image:type\" content=\"image\/png\" \/>\n<meta name=\"twitter:card\" content=\"summary_large_image\" \/>\n<script type=\"application\/ld+json\" class=\"yoast-schema-graph\">{\"@context\":\"https:\/\/schema.org\",\"@graph\":[{\"@type\":\"WebPage\",\"@id\":\"https:\/\/sales-ai-agents.com\/de\/templates\/basic-business-project-tracker\/\",\"url\":\"https:\/\/sales-ai-agents.com\/de\/templates\/basic-business-project-tracker\/\",\"name\":\"Basic Business Project Tracker Vorlage - Sales AI Agents\",\"isPartOf\":{\"@id\":\"https:\/\/sales-ai-agents.com\/#website\"},\"primaryImageOfPage\":{\"@id\":\"https:\/\/sales-ai-agents.com\/de\/templates\/basic-business-project-tracker\/#primaryimage\"},\"image\":{\"@id\":\"https:\/\/sales-ai-agents.com\/de\/templates\/basic-business-project-tracker\/#primaryimage\"},\"thumbnailUrl\":\"https:\/\/sales-ai-agents.com\/wp-content\/uploads\/2022\/09\/Basic-Business-Project-Tracker-Template-1.png\",\"datePublished\":\"2022-09-26T12:22:03+00:00\",\"dateModified\":\"2024-01-02T11:51:42+00:00\",\"description\":\"Verwalten, verfolgen und aktualisieren Sie alle Projektdetails. F\u00fcgen Sie Projektdetails wie Mitarbeiter, Aufgaben, Status, Fristen und vieles mehr ein!\",\"inLanguage\":\"de-DE\",\"potentialAction\":[{\"@type\":\"ReadAction\",\"target\":[\"https:\/\/sales-ai-agents.com\/de\/templates\/basic-business-project-tracker\/\"]}]},{\"@type\":\"ImageObject\",\"inLanguage\":\"de-DE\",\"@id\":\"https:\/\/sales-ai-agents.com\/de\/templates\/basic-business-project-tracker\/#primaryimage\",\"url\":\"https:\/\/sales-ai-agents.com\/wp-content\/uploads\/2022\/09\/Basic-Business-Project-Tracker-Template-1.png\",\"contentUrl\":\"https:\/\/sales-ai-agents.com\/wp-content\/uploads\/2022\/09\/Basic-Business-Project-Tracker-Template-1.png\",\"width\":1700,\"height\":1100,\"caption\":\"Basic Business Project Tracker Template - Nimbus Platform\"},{\"@type\":\"WebSite\",\"@id\":\"https:\/\/sales-ai-agents.com\/#website\",\"url\":\"https:\/\/sales-ai-agents.com\/\",\"name\":\"FuseBase\",\"description\":\"Nimbus Platform - Free Online Collaboration Software for Remote Teams. Build your wikis, client portals and more with the Nimbus Platform collaboration tool ? A perfect space for online work\",\"publisher\":{\"@id\":\"https:\/\/sales-ai-agents.com\/#organization\"},\"potentialAction\":[{\"@type\":\"SearchAction\",\"target\":{\"@type\":\"EntryPoint\",\"urlTemplate\":\"https:\/\/sales-ai-agents.com\/?s={search_term_string}\"},\"query-input\":{\"@type\":\"PropertyValueSpecification\",\"valueRequired\":true,\"valueName\":\"search_term_string\"}}],\"inLanguage\":\"de-DE\"},{\"@type\":\"Organization\",\"@id\":\"https:\/\/sales-ai-agents.com\/#organization\",\"name\":\"FuseBase\",\"url\":\"https:\/\/sales-ai-agents.com\/\",\"logo\":{\"@type\":\"ImageObject\",\"inLanguage\":\"de-DE\",\"@id\":\"https:\/\/sales-ai-agents.com\/#\/schema\/logo\/image\/\",\"url\":\"https:\/\/sales-ai-agents.com\/wp-content\/uploads\/2023\/11\/icon-7.svg\",\"contentUrl\":\"https:\/\/sales-ai-agents.com\/wp-content\/uploads\/2023\/11\/icon-7.svg\",\"width\":128,\"height\":128,\"caption\":\"FuseBase\"},\"image\":{\"@id\":\"https:\/\/sales-ai-agents.com\/#\/schema\/logo\/image\/\"}}]}<\/script>\n<!-- \/ Yoast SEO plugin. -->","yoast_head_json":{"title":"Basic Business Project Tracker Vorlage - Sales AI Agents","description":"Verwalten, verfolgen und aktualisieren Sie alle Projektdetails. F\u00fcgen Sie Projektdetails wie Mitarbeiter, Aufgaben, Status, Fristen und vieles mehr ein!","robots":{"index":"index","follow":"follow","max-snippet":"max-snippet:-1","max-image-preview":"max-image-preview:large","max-video-preview":"max-video-preview:-1"},"canonical":"https:\/\/sales-ai-agents.com\/de\/templates\/basic-business-project-tracker\/","og_locale":"de_DE","og_type":"article","og_title":"Basic Business Project Tracker Vorlage - Sales AI Agents","og_description":"Verwalten, verfolgen und aktualisieren Sie alle Projektdetails. F\u00fcgen Sie Projektdetails wie Mitarbeiter, Aufgaben, Status, Fristen und vieles mehr ein!","og_url":"https:\/\/sales-ai-agents.com\/de\/templates\/basic-business-project-tracker\/","og_site_name":"Sales AI Agents","article_modified_time":"2024-01-02T11:51:42+00:00","og_image":[{"width":1700,"height":1100,"url":"https:\/\/sales-ai-agents.com\/wp-content\/uploads\/2022\/09\/Basic-Business-Project-Tracker-Template-1.png","type":"image\/png"}],"twitter_card":"summary_large_image","schema":{"@context":"https:\/\/schema.org","@graph":[{"@type":"WebPage","@id":"https:\/\/sales-ai-agents.com\/de\/templates\/basic-business-project-tracker\/","url":"https:\/\/sales-ai-agents.com\/de\/templates\/basic-business-project-tracker\/","name":"Basic Business Project Tracker Vorlage - Sales AI Agents","isPartOf":{"@id":"https:\/\/sales-ai-agents.com\/#website"},"primaryImageOfPage":{"@id":"https:\/\/sales-ai-agents.com\/de\/templates\/basic-business-project-tracker\/#primaryimage"},"image":{"@id":"https:\/\/sales-ai-agents.com\/de\/templates\/basic-business-project-tracker\/#primaryimage"},"thumbnailUrl":"https:\/\/sales-ai-agents.com\/wp-content\/uploads\/2022\/09\/Basic-Business-Project-Tracker-Template-1.png","datePublished":"2022-09-26T12:22:03+00:00","dateModified":"2024-01-02T11:51:42+00:00","description":"Verwalten, verfolgen und aktualisieren Sie alle Projektdetails. F\u00fcgen Sie Projektdetails wie Mitarbeiter, Aufgaben, Status, Fristen und vieles mehr ein!","inLanguage":"de-DE","potentialAction":[{"@type":"ReadAction","target":["https:\/\/sales-ai-agents.com\/de\/templates\/basic-business-project-tracker\/"]}]},{"@type":"ImageObject","inLanguage":"de-DE","@id":"https:\/\/sales-ai-agents.com\/de\/templates\/basic-business-project-tracker\/#primaryimage","url":"https:\/\/sales-ai-agents.com\/wp-content\/uploads\/2022\/09\/Basic-Business-Project-Tracker-Template-1.png","contentUrl":"https:\/\/sales-ai-agents.com\/wp-content\/uploads\/2022\/09\/Basic-Business-Project-Tracker-Template-1.png","width":1700,"height":1100,"caption":"Basic Business Project Tracker Template - Nimbus Platform"},{"@type":"WebSite","@id":"https:\/\/sales-ai-agents.com\/#website","url":"https:\/\/sales-ai-agents.com\/","name":"FuseBase","description":"Nimbus Platform - Free Online Collaboration Software for Remote Teams. Build your wikis, client portals and more with the Nimbus Platform collaboration tool ? A perfect space for online work","publisher":{"@id":"https:\/\/sales-ai-agents.com\/#organization"},"potentialAction":[{"@type":"SearchAction","target":{"@type":"EntryPoint","urlTemplate":"https:\/\/sales-ai-agents.com\/?s={search_term_string}"},"query-input":{"@type":"PropertyValueSpecification","valueRequired":true,"valueName":"search_term_string"}}],"inLanguage":"de-DE"},{"@type":"Organization","@id":"https:\/\/sales-ai-agents.com\/#organization","name":"FuseBase","url":"https:\/\/sales-ai-agents.com\/","logo":{"@type":"ImageObject","inLanguage":"de-DE","@id":"https:\/\/sales-ai-agents.com\/#\/schema\/logo\/image\/","url":"https:\/\/sales-ai-agents.com\/wp-content\/uploads\/2023\/11\/icon-7.svg","contentUrl":"https:\/\/sales-ai-agents.com\/wp-content\/uploads\/2023\/11\/icon-7.svg","width":128,"height":128,"caption":"FuseBase"},"image":{"@id":"https:\/\/sales-ai-agents.com\/#\/schema\/logo\/image\/"}}]}},"_links":{"self":[{"href":"https:\/\/sales-ai-agents.com\/de\/wp-json\/wp\/v2\/product\/56132","targetHints":{"allow":["GET"]}}],"collection":[{"href":"https:\/\/sales-ai-agents.com\/de\/wp-json\/wp\/v2\/product"}],"about":[{"href":"https:\/\/sales-ai-agents.com\/de\/wp-json\/wp\/v2\/types\/product"}],"wp:featuredmedia":[{"embeddable":true,"href":"https:\/\/sales-ai-agents.com\/de\/wp-json\/wp\/v2\/media\/34368"}],"wp:attachment":[{"href":"https:\/\/sales-ai-agents.com\/de\/wp-json\/wp\/v2\/media?parent=56132"}],"wp:term":[{"taxonomy":"product_brand","embeddable":true,"href":"https:\/\/sales-ai-agents.com\/de\/wp-json\/wp\/v2\/product_brand?post=56132"},{"taxonomy":"product_cat","embeddable":true,"href":"https:\/\/sales-ai-agents.com\/de\/wp-json\/wp\/v2\/product_cat?post=56132"},{"taxonomy":"product_tag","embeddable":true,"href":"https:\/\/sales-ai-agents.com\/de\/wp-json\/wp\/v2\/product_tag?post=56132"}],"curies":[{"name":"wp","href":"https:\/\/api.w.org\/{rel}","templated":true}]}}