{"id":56144,"date":"2022-09-26T12:21:37","date_gmt":"2022-09-26T12:21:37","guid":{"rendered":"https:\/\/sales-ai-agents.com\/templates\/daily-to-do-list\/"},"modified":"2024-01-02T11:04:37","modified_gmt":"2024-01-02T11:04:37","slug":"daily-to-do-list","status":"publish","type":"product","link":"https:\/\/sales-ai-agents.com\/de\/templates\/daily-to-do-list\/","title":{"rendered":"T\u00e4gliche To-Do-Liste"},"content":{"rendered":"<h2>Vorlage f\u00fcr eine t\u00e4gliche Aufgabenliste<\/h2>\n<p class=\"desc-text\">Wenn Sie mit mehreren Aufgaben, Terminen und Verantwortlichkeiten konfrontiert sind, kann es \u00fcberw\u00e4ltigend und stressig sein, alles zu verwalten. Reduzieren Sie das Durcheinander mit dieser Vorlage f\u00fcr eine t\u00e4gliche Aufgabenliste. Diese Vorlage bietet Ihnen einen Rahmen f\u00fcr die Erstellung eines strukturierten Tagesplans. Visualisieren Sie Ihren Fortschritt mit bunten Prozentbalken und Beschriftungen. Legen Sie alle Ihre Pl\u00e4ne fest, damit Sie sich nicht \u00fcber vergessene Aufgaben und verpasste Termine aufregen m\u00fcssen.<\/p>\n<h5>Wie zu verwenden:<\/h5>\n<ul class=\"desc-item_list\">\n<li class=\"desc-item_list__point\">W\u00e4hlen Sie das Datum<\/li>\n<li class=\"desc-item_list__point\">Schreiben Sie eine Beschreibung Ihrer Aufgaben<\/li>\n<li class=\"desc-item_list__point\">Kategorisieren Sie jede Aufgabe mit einem farbigen Etikett<\/li>\n<li class=\"desc-item_list__point\">Hinzuf\u00fcgen von farbigen Etiketten zur Anzeige der Priorit\u00e4tsstufe<\/li>\n<li class=\"desc-item_list__point\">\u00dcberpr\u00fcfen Sie den Status der einzelnen Aufgaben mit Kontrollk\u00e4stchen<\/li>\n<li class=\"desc-item_list__point\">Fortschrittsanzeige mit Prozentbalken<\/li>\n<li class=\"desc-item_list__point\">F\u00e4lligkeitsdaten f\u00fcr jede Aufgabe einschlie\u00dfen<\/li>\n<\/ul>\n","protected":false},"excerpt":{"rendered":"<p>Wenn Sie mit Aufgaben, Terminen und Verantwortlichkeiten konfrontiert werden, kann es \u00fcberw\u00e4ltigend sein, alles zu bew\u00e4ltigen. Reduzieren Sie das Durcheinander mit dieser Vorlage f\u00fcr eine t\u00e4gliche Aufgabenliste.<\/p>\n","protected":false},"featured_media":26583,"template":"","meta":{"_acf_changed":false,"inline_featured_image":false},"product_brand":[],"product_cat":[179,180,169],"product_tag":[],"class_list":{"0":"post-56144","1":"product","2":"type-product","3":"status-publish","4":"has-post-thumbnail","6":"product_cat-organizers-planners","7":"product_cat-personal","8":"product_cat-entrepreneur","10":"first","11":"instock","12":"virtual","13":"sold-individually","14":"product-type-simple"},"acf":[],"yoast_head":"<!-- This site is optimized with the Yoast SEO plugin v25.3.1 - https:\/\/yoast.com\/wordpress\/plugins\/seo\/ -->\n<title>T\u00e4gliche To-Do-Liste Vorlage - Sales AI Agents<\/title>\n<meta name=\"description\" content=\"Wenn man mit Aufgaben und Terminen konfrontiert wird, kann es \u00fcberw\u00e4ltigend sein, alles zu managen. Reduzieren Sie das Durcheinander, indem Sie diese Vorlage f\u00fcr eine t\u00e4gliche Aufgabenliste verwenden!\" \/>\n<meta name=\"robots\" content=\"index, follow, max-snippet:-1, max-image-preview:large, max-video-preview:-1\" \/>\n<link rel=\"canonical\" href=\"https:\/\/sales-ai-agents.com\/de\/templates\/daily-to-do-list\/\" \/>\n<meta property=\"og:locale\" content=\"de_DE\" \/>\n<meta property=\"og:type\" content=\"article\" \/>\n<meta property=\"og:title\" content=\"T\u00e4gliche To-Do-Liste Vorlage - Sales AI Agents\" \/>\n<meta property=\"og:description\" content=\"Wenn man mit Aufgaben und Terminen konfrontiert wird, kann es \u00fcberw\u00e4ltigend sein, alles zu managen. Reduzieren Sie das Durcheinander, indem Sie diese Vorlage f\u00fcr eine t\u00e4gliche Aufgabenliste verwenden!\" \/>\n<meta property=\"og:url\" content=\"https:\/\/sales-ai-agents.com\/de\/templates\/daily-to-do-list\/\" \/>\n<meta property=\"og:site_name\" content=\"Sales AI Agents\" \/>\n<meta property=\"article:modified_time\" content=\"2024-01-02T11:04:37+00:00\" \/>\n<meta property=\"og:image\" content=\"https:\/\/sales-ai-agents.com\/wp-content\/uploads\/2022\/09\/Daily-To-Do-List-Template.png\" \/>\n\t<meta property=\"og:image:width\" content=\"1700\" \/>\n\t<meta property=\"og:image:height\" content=\"1100\" \/>\n\t<meta property=\"og:image:type\" content=\"image\/png\" \/>\n<meta name=\"twitter:card\" content=\"summary_large_image\" \/>\n<script type=\"application\/ld+json\" class=\"yoast-schema-graph\">{\"@context\":\"https:\/\/schema.org\",\"@graph\":[{\"@type\":\"WebPage\",\"@id\":\"https:\/\/sales-ai-agents.com\/de\/templates\/daily-to-do-list\/\",\"url\":\"https:\/\/sales-ai-agents.com\/de\/templates\/daily-to-do-list\/\",\"name\":\"T\u00e4gliche To-Do-Liste Vorlage - Sales AI Agents\",\"isPartOf\":{\"@id\":\"https:\/\/sales-ai-agents.com\/#website\"},\"primaryImageOfPage\":{\"@id\":\"https:\/\/sales-ai-agents.com\/de\/templates\/daily-to-do-list\/#primaryimage\"},\"image\":{\"@id\":\"https:\/\/sales-ai-agents.com\/de\/templates\/daily-to-do-list\/#primaryimage\"},\"thumbnailUrl\":\"https:\/\/sales-ai-agents.com\/wp-content\/uploads\/2022\/09\/Daily-To-Do-List-Template.png\",\"datePublished\":\"2022-09-26T12:21:37+00:00\",\"dateModified\":\"2024-01-02T11:04:37+00:00\",\"description\":\"Wenn man mit Aufgaben und Terminen konfrontiert wird, kann es \u00fcberw\u00e4ltigend sein, alles zu managen. Reduzieren Sie das Durcheinander, indem Sie diese Vorlage f\u00fcr eine t\u00e4gliche Aufgabenliste verwenden!\",\"inLanguage\":\"de-DE\",\"potentialAction\":[{\"@type\":\"ReadAction\",\"target\":[\"https:\/\/sales-ai-agents.com\/de\/templates\/daily-to-do-list\/\"]}]},{\"@type\":\"ImageObject\",\"inLanguage\":\"de-DE\",\"@id\":\"https:\/\/sales-ai-agents.com\/de\/templates\/daily-to-do-list\/#primaryimage\",\"url\":\"https:\/\/sales-ai-agents.com\/wp-content\/uploads\/2022\/09\/Daily-To-Do-List-Template.png\",\"contentUrl\":\"https:\/\/sales-ai-agents.com\/wp-content\/uploads\/2022\/09\/Daily-To-Do-List-Template.png\",\"width\":1700,\"height\":1100,\"caption\":\"This template gives you a framework for creating a structured daily schedule. Visualize your progress with colorful percentage bars and labels.\"},{\"@type\":\"WebSite\",\"@id\":\"https:\/\/sales-ai-agents.com\/#website\",\"url\":\"https:\/\/sales-ai-agents.com\/\",\"name\":\"FuseBase\",\"description\":\"Nimbus Platform - Free Online Collaboration Software for Remote Teams. Build your wikis, client portals and more with the Nimbus Platform collaboration tool ? A perfect space for online work\",\"publisher\":{\"@id\":\"https:\/\/sales-ai-agents.com\/#organization\"},\"potentialAction\":[{\"@type\":\"SearchAction\",\"target\":{\"@type\":\"EntryPoint\",\"urlTemplate\":\"https:\/\/sales-ai-agents.com\/?s={search_term_string}\"},\"query-input\":{\"@type\":\"PropertyValueSpecification\",\"valueRequired\":true,\"valueName\":\"search_term_string\"}}],\"inLanguage\":\"de-DE\"},{\"@type\":\"Organization\",\"@id\":\"https:\/\/sales-ai-agents.com\/#organization\",\"name\":\"FuseBase\",\"url\":\"https:\/\/sales-ai-agents.com\/\",\"logo\":{\"@type\":\"ImageObject\",\"inLanguage\":\"de-DE\",\"@id\":\"https:\/\/sales-ai-agents.com\/#\/schema\/logo\/image\/\",\"url\":\"https:\/\/sales-ai-agents.com\/wp-content\/uploads\/2023\/11\/icon-7.svg\",\"contentUrl\":\"https:\/\/sales-ai-agents.com\/wp-content\/uploads\/2023\/11\/icon-7.svg\",\"width\":128,\"height\":128,\"caption\":\"FuseBase\"},\"image\":{\"@id\":\"https:\/\/sales-ai-agents.com\/#\/schema\/logo\/image\/\"}}]}<\/script>\n<!-- \/ Yoast SEO plugin. -->","yoast_head_json":{"title":"T\u00e4gliche To-Do-Liste Vorlage - Sales AI Agents","description":"Wenn man mit Aufgaben und Terminen konfrontiert wird, kann es \u00fcberw\u00e4ltigend sein, alles zu managen. Reduzieren Sie das Durcheinander, indem Sie diese Vorlage f\u00fcr eine t\u00e4gliche Aufgabenliste verwenden!","robots":{"index":"index","follow":"follow","max-snippet":"max-snippet:-1","max-image-preview":"max-image-preview:large","max-video-preview":"max-video-preview:-1"},"canonical":"https:\/\/sales-ai-agents.com\/de\/templates\/daily-to-do-list\/","og_locale":"de_DE","og_type":"article","og_title":"T\u00e4gliche To-Do-Liste Vorlage - Sales AI Agents","og_description":"Wenn man mit Aufgaben und Terminen konfrontiert wird, kann es \u00fcberw\u00e4ltigend sein, alles zu managen. Reduzieren Sie das Durcheinander, indem Sie diese Vorlage f\u00fcr eine t\u00e4gliche Aufgabenliste verwenden!","og_url":"https:\/\/sales-ai-agents.com\/de\/templates\/daily-to-do-list\/","og_site_name":"Sales AI Agents","article_modified_time":"2024-01-02T11:04:37+00:00","og_image":[{"width":1700,"height":1100,"url":"https:\/\/sales-ai-agents.com\/wp-content\/uploads\/2022\/09\/Daily-To-Do-List-Template.png","type":"image\/png"}],"twitter_card":"summary_large_image","schema":{"@context":"https:\/\/schema.org","@graph":[{"@type":"WebPage","@id":"https:\/\/sales-ai-agents.com\/de\/templates\/daily-to-do-list\/","url":"https:\/\/sales-ai-agents.com\/de\/templates\/daily-to-do-list\/","name":"T\u00e4gliche To-Do-Liste Vorlage - Sales AI Agents","isPartOf":{"@id":"https:\/\/sales-ai-agents.com\/#website"},"primaryImageOfPage":{"@id":"https:\/\/sales-ai-agents.com\/de\/templates\/daily-to-do-list\/#primaryimage"},"image":{"@id":"https:\/\/sales-ai-agents.com\/de\/templates\/daily-to-do-list\/#primaryimage"},"thumbnailUrl":"https:\/\/sales-ai-agents.com\/wp-content\/uploads\/2022\/09\/Daily-To-Do-List-Template.png","datePublished":"2022-09-26T12:21:37+00:00","dateModified":"2024-01-02T11:04:37+00:00","description":"Wenn man mit Aufgaben und Terminen konfrontiert wird, kann es \u00fcberw\u00e4ltigend sein, alles zu managen. Reduzieren Sie das Durcheinander, indem Sie diese Vorlage f\u00fcr eine t\u00e4gliche Aufgabenliste verwenden!","inLanguage":"de-DE","potentialAction":[{"@type":"ReadAction","target":["https:\/\/sales-ai-agents.com\/de\/templates\/daily-to-do-list\/"]}]},{"@type":"ImageObject","inLanguage":"de-DE","@id":"https:\/\/sales-ai-agents.com\/de\/templates\/daily-to-do-list\/#primaryimage","url":"https:\/\/sales-ai-agents.com\/wp-content\/uploads\/2022\/09\/Daily-To-Do-List-Template.png","contentUrl":"https:\/\/sales-ai-agents.com\/wp-content\/uploads\/2022\/09\/Daily-To-Do-List-Template.png","width":1700,"height":1100,"caption":"This template gives you a framework for creating a structured daily schedule. Visualize your progress with colorful percentage bars and labels."},{"@type":"WebSite","@id":"https:\/\/sales-ai-agents.com\/#website","url":"https:\/\/sales-ai-agents.com\/","name":"FuseBase","description":"Nimbus Platform - Free Online Collaboration Software for Remote Teams. Build your wikis, client portals and more with the Nimbus Platform collaboration tool ? A perfect space for online work","publisher":{"@id":"https:\/\/sales-ai-agents.com\/#organization"},"potentialAction":[{"@type":"SearchAction","target":{"@type":"EntryPoint","urlTemplate":"https:\/\/sales-ai-agents.com\/?s={search_term_string}"},"query-input":{"@type":"PropertyValueSpecification","valueRequired":true,"valueName":"search_term_string"}}],"inLanguage":"de-DE"},{"@type":"Organization","@id":"https:\/\/sales-ai-agents.com\/#organization","name":"FuseBase","url":"https:\/\/sales-ai-agents.com\/","logo":{"@type":"ImageObject","inLanguage":"de-DE","@id":"https:\/\/sales-ai-agents.com\/#\/schema\/logo\/image\/","url":"https:\/\/sales-ai-agents.com\/wp-content\/uploads\/2023\/11\/icon-7.svg","contentUrl":"https:\/\/sales-ai-agents.com\/wp-content\/uploads\/2023\/11\/icon-7.svg","width":128,"height":128,"caption":"FuseBase"},"image":{"@id":"https:\/\/sales-ai-agents.com\/#\/schema\/logo\/image\/"}}]}},"_links":{"self":[{"href":"https:\/\/sales-ai-agents.com\/de\/wp-json\/wp\/v2\/product\/56144","targetHints":{"allow":["GET"]}}],"collection":[{"href":"https:\/\/sales-ai-agents.com\/de\/wp-json\/wp\/v2\/product"}],"about":[{"href":"https:\/\/sales-ai-agents.com\/de\/wp-json\/wp\/v2\/types\/product"}],"wp:featuredmedia":[{"embeddable":true,"href":"https:\/\/sales-ai-agents.com\/de\/wp-json\/wp\/v2\/media\/26583"}],"wp:attachment":[{"href":"https:\/\/sales-ai-agents.com\/de\/wp-json\/wp\/v2\/media?parent=56144"}],"wp:term":[{"taxonomy":"product_brand","embeddable":true,"href":"https:\/\/sales-ai-agents.com\/de\/wp-json\/wp\/v2\/product_brand?post=56144"},{"taxonomy":"product_cat","embeddable":true,"href":"https:\/\/sales-ai-agents.com\/de\/wp-json\/wp\/v2\/product_cat?post=56144"},{"taxonomy":"product_tag","embeddable":true,"href":"https:\/\/sales-ai-agents.com\/de\/wp-json\/wp\/v2\/product_tag?post=56144"}],"curies":[{"name":"wp","href":"https:\/\/api.w.org\/{rel}","templated":true}]}}