{"id":56158,"date":"2022-09-26T12:21:31","date_gmt":"2022-09-26T12:21:31","guid":{"rendered":"https:\/\/sales-ai-agents.com\/templates\/user-experience-testing\/"},"modified":"2023-12-27T15:22:42","modified_gmt":"2023-12-27T15:22:42","slug":"user-experience-testing","status":"publish","type":"product","link":"https:\/\/sales-ai-agents.com\/de\/templates\/user-experience-testing\/","title":{"rendered":"Testen der Benutzererfahrung"},"content":{"rendered":"<p>&nbsp;<\/p>\n<h2>Vorlage f\u00fcr Benutzererfahrungstests<\/h2>\n<p class=\"desc-text\">Verwenden Sie diese Vorlage, um den \u00dcberblick \u00fcber Ihre Tests zur Benutzerfreundlichkeit zu behalten. Markieren Sie jeden Tester und Beobachter, um eine einfache Zusammenarbeit und gemeinsame Nutzung zu erm\u00f6glichen. Verwenden Sie die Notizen und Daten aus jedem Test, um verschiedene Aspekte der Benutzerfreundlichkeit Ihres Produkts zu bewerten. Machen Sie gemeinsam mit Ihrem Team ein Brainstorming und entwickeln Sie umsetzbare Schritte, um Ihr Produkt effizienter zu gestalten.<\/p>\n<h5>Wie zu verwenden:<\/h5>\n<ul class=\"desc-item_list\">\n<li class=\"desc-item_list__point\">Auflistung verschiedener zu pr\u00fcfender Elemente<\/li>\n<li class=\"desc-item_list__point\">Verwenden Sie @mentions, um Tester und Beobachter zu markieren<\/li>\n<li class=\"desc-item_list__point\">Verfolgen Sie den Status der einzelnen Artikel<\/li>\n<li class=\"desc-item_list__point\">F\u00fcgen Sie Notizen und Kommentare zu jedem Test hinzu<\/li>\n<\/ul>\n","protected":false},"excerpt":{"rendered":"<p>Verwenden Sie diese Vorlage, um den \u00dcberblick \u00fcber Ihre Tests zur Benutzerfreundlichkeit zu behalten. Machen Sie mit Ihrem Team ein Brainstorming und entwickeln Sie umsetzbare Schritte, um Ihr Produkt effizienter zu gestalten.<\/p>\n","protected":false},"featured_media":34293,"template":"","meta":{"_acf_changed":false,"inline_featured_image":false},"product_brand":[],"product_cat":[165],"product_tag":[],"class_list":{"0":"post-56158","1":"product","2":"type-product","3":"status-publish","4":"has-post-thumbnail","6":"product_cat-designer","8":"first","9":"instock","10":"virtual","11":"sold-individually","12":"product-type-simple"},"acf":[],"yoast_head":"<!-- This site is optimized with the Yoast SEO plugin v25.3.1 - https:\/\/yoast.com\/wordpress\/plugins\/seo\/ -->\n<title>Vorlage f\u00fcr Benutzererfahrungstests - Sales AI Agents<\/title>\n<meta name=\"description\" content=\"Verwenden Sie diese Vorlage, um den \u00dcberblick \u00fcber Ihre Tests zur Benutzerfreundlichkeit zu behalten. Machen Sie mit Ihrem Team ein Brainstorming und entwickeln Sie Schritte, um Ihr Produkt effizienter zu machen!\" \/>\n<meta name=\"robots\" content=\"index, follow, max-snippet:-1, max-image-preview:large, max-video-preview:-1\" \/>\n<link rel=\"canonical\" href=\"https:\/\/sales-ai-agents.com\/de\/templates\/user-experience-testing\/\" \/>\n<meta property=\"og:locale\" content=\"de_DE\" \/>\n<meta property=\"og:type\" content=\"article\" \/>\n<meta property=\"og:title\" content=\"Vorlage f\u00fcr Benutzererfahrungstests - Sales AI Agents\" \/>\n<meta property=\"og:description\" content=\"Verwenden Sie diese Vorlage, um den \u00dcberblick \u00fcber Ihre Tests zur Benutzerfreundlichkeit zu behalten. Machen Sie mit Ihrem Team ein Brainstorming und entwickeln Sie Schritte, um Ihr Produkt effizienter zu machen!\" \/>\n<meta property=\"og:url\" content=\"https:\/\/sales-ai-agents.com\/de\/templates\/user-experience-testing\/\" \/>\n<meta property=\"og:site_name\" content=\"Sales AI Agents\" \/>\n<meta property=\"article:modified_time\" content=\"2023-12-27T15:22:42+00:00\" \/>\n<meta property=\"og:image\" content=\"https:\/\/sales-ai-agents.com\/wp-content\/uploads\/2022\/09\/User_Experience_Testing_Template-1-scaled.jpg\" \/>\n\t<meta property=\"og:image:width\" content=\"2560\" \/>\n\t<meta property=\"og:image:height\" content=\"1404\" \/>\n\t<meta property=\"og:image:type\" content=\"image\/jpeg\" \/>\n<meta name=\"twitter:card\" content=\"summary_large_image\" \/>\n<script type=\"application\/ld+json\" class=\"yoast-schema-graph\">{\"@context\":\"https:\/\/schema.org\",\"@graph\":[{\"@type\":\"WebPage\",\"@id\":\"https:\/\/sales-ai-agents.com\/de\/templates\/user-experience-testing\/\",\"url\":\"https:\/\/sales-ai-agents.com\/de\/templates\/user-experience-testing\/\",\"name\":\"Vorlage f\u00fcr Benutzererfahrungstests - Sales AI Agents\",\"isPartOf\":{\"@id\":\"https:\/\/sales-ai-agents.com\/#website\"},\"primaryImageOfPage\":{\"@id\":\"https:\/\/sales-ai-agents.com\/de\/templates\/user-experience-testing\/#primaryimage\"},\"image\":{\"@id\":\"https:\/\/sales-ai-agents.com\/de\/templates\/user-experience-testing\/#primaryimage\"},\"thumbnailUrl\":\"https:\/\/sales-ai-agents.com\/wp-content\/uploads\/2022\/09\/User_Experience_Testing_Template-1-scaled.jpg\",\"datePublished\":\"2022-09-26T12:21:31+00:00\",\"dateModified\":\"2023-12-27T15:22:42+00:00\",\"description\":\"Verwenden Sie diese Vorlage, um den \u00dcberblick \u00fcber Ihre Tests zur Benutzerfreundlichkeit zu behalten. Machen Sie mit Ihrem Team ein Brainstorming und entwickeln Sie Schritte, um Ihr Produkt effizienter zu machen!\",\"inLanguage\":\"de-DE\",\"potentialAction\":[{\"@type\":\"ReadAction\",\"target\":[\"https:\/\/sales-ai-agents.com\/de\/templates\/user-experience-testing\/\"]}]},{\"@type\":\"ImageObject\",\"inLanguage\":\"de-DE\",\"@id\":\"https:\/\/sales-ai-agents.com\/de\/templates\/user-experience-testing\/#primaryimage\",\"url\":\"https:\/\/sales-ai-agents.com\/wp-content\/uploads\/2022\/09\/User_Experience_Testing_Template-1-scaled.jpg\",\"contentUrl\":\"https:\/\/sales-ai-agents.com\/wp-content\/uploads\/2022\/09\/User_Experience_Testing_Template-1-scaled.jpg\",\"width\":2560,\"height\":1404,\"caption\":\"User Experience Testing Template\"},{\"@type\":\"WebSite\",\"@id\":\"https:\/\/sales-ai-agents.com\/#website\",\"url\":\"https:\/\/sales-ai-agents.com\/\",\"name\":\"FuseBase\",\"description\":\"Nimbus Platform - Free Online Collaboration Software for Remote Teams. Build your wikis, client portals and more with the Nimbus Platform collaboration tool ? A perfect space for online work\",\"publisher\":{\"@id\":\"https:\/\/sales-ai-agents.com\/#organization\"},\"potentialAction\":[{\"@type\":\"SearchAction\",\"target\":{\"@type\":\"EntryPoint\",\"urlTemplate\":\"https:\/\/sales-ai-agents.com\/?s={search_term_string}\"},\"query-input\":{\"@type\":\"PropertyValueSpecification\",\"valueRequired\":true,\"valueName\":\"search_term_string\"}}],\"inLanguage\":\"de-DE\"},{\"@type\":\"Organization\",\"@id\":\"https:\/\/sales-ai-agents.com\/#organization\",\"name\":\"FuseBase\",\"url\":\"https:\/\/sales-ai-agents.com\/\",\"logo\":{\"@type\":\"ImageObject\",\"inLanguage\":\"de-DE\",\"@id\":\"https:\/\/sales-ai-agents.com\/#\/schema\/logo\/image\/\",\"url\":\"https:\/\/sales-ai-agents.com\/wp-content\/uploads\/2023\/11\/icon-7.svg\",\"contentUrl\":\"https:\/\/sales-ai-agents.com\/wp-content\/uploads\/2023\/11\/icon-7.svg\",\"width\":128,\"height\":128,\"caption\":\"FuseBase\"},\"image\":{\"@id\":\"https:\/\/sales-ai-agents.com\/#\/schema\/logo\/image\/\"}}]}<\/script>\n<!-- \/ Yoast SEO plugin. -->","yoast_head_json":{"title":"Vorlage f\u00fcr Benutzererfahrungstests - Sales AI Agents","description":"Verwenden Sie diese Vorlage, um den \u00dcberblick \u00fcber Ihre Tests zur Benutzerfreundlichkeit zu behalten. Machen Sie mit Ihrem Team ein Brainstorming und entwickeln Sie Schritte, um Ihr Produkt effizienter zu machen!","robots":{"index":"index","follow":"follow","max-snippet":"max-snippet:-1","max-image-preview":"max-image-preview:large","max-video-preview":"max-video-preview:-1"},"canonical":"https:\/\/sales-ai-agents.com\/de\/templates\/user-experience-testing\/","og_locale":"de_DE","og_type":"article","og_title":"Vorlage f\u00fcr Benutzererfahrungstests - Sales AI Agents","og_description":"Verwenden Sie diese Vorlage, um den \u00dcberblick \u00fcber Ihre Tests zur Benutzerfreundlichkeit zu behalten. Machen Sie mit Ihrem Team ein Brainstorming und entwickeln Sie Schritte, um Ihr Produkt effizienter zu machen!","og_url":"https:\/\/sales-ai-agents.com\/de\/templates\/user-experience-testing\/","og_site_name":"Sales AI Agents","article_modified_time":"2023-12-27T15:22:42+00:00","og_image":[{"width":2560,"height":1404,"url":"https:\/\/sales-ai-agents.com\/wp-content\/uploads\/2022\/09\/User_Experience_Testing_Template-1-scaled.jpg","type":"image\/jpeg"}],"twitter_card":"summary_large_image","schema":{"@context":"https:\/\/schema.org","@graph":[{"@type":"WebPage","@id":"https:\/\/sales-ai-agents.com\/de\/templates\/user-experience-testing\/","url":"https:\/\/sales-ai-agents.com\/de\/templates\/user-experience-testing\/","name":"Vorlage f\u00fcr Benutzererfahrungstests - Sales AI Agents","isPartOf":{"@id":"https:\/\/sales-ai-agents.com\/#website"},"primaryImageOfPage":{"@id":"https:\/\/sales-ai-agents.com\/de\/templates\/user-experience-testing\/#primaryimage"},"image":{"@id":"https:\/\/sales-ai-agents.com\/de\/templates\/user-experience-testing\/#primaryimage"},"thumbnailUrl":"https:\/\/sales-ai-agents.com\/wp-content\/uploads\/2022\/09\/User_Experience_Testing_Template-1-scaled.jpg","datePublished":"2022-09-26T12:21:31+00:00","dateModified":"2023-12-27T15:22:42+00:00","description":"Verwenden Sie diese Vorlage, um den \u00dcberblick \u00fcber Ihre Tests zur Benutzerfreundlichkeit zu behalten. Machen Sie mit Ihrem Team ein Brainstorming und entwickeln Sie Schritte, um Ihr Produkt effizienter zu machen!","inLanguage":"de-DE","potentialAction":[{"@type":"ReadAction","target":["https:\/\/sales-ai-agents.com\/de\/templates\/user-experience-testing\/"]}]},{"@type":"ImageObject","inLanguage":"de-DE","@id":"https:\/\/sales-ai-agents.com\/de\/templates\/user-experience-testing\/#primaryimage","url":"https:\/\/sales-ai-agents.com\/wp-content\/uploads\/2022\/09\/User_Experience_Testing_Template-1-scaled.jpg","contentUrl":"https:\/\/sales-ai-agents.com\/wp-content\/uploads\/2022\/09\/User_Experience_Testing_Template-1-scaled.jpg","width":2560,"height":1404,"caption":"User Experience Testing Template"},{"@type":"WebSite","@id":"https:\/\/sales-ai-agents.com\/#website","url":"https:\/\/sales-ai-agents.com\/","name":"FuseBase","description":"Nimbus Platform - Free Online Collaboration Software for Remote Teams. Build your wikis, client portals and more with the Nimbus Platform collaboration tool ? A perfect space for online work","publisher":{"@id":"https:\/\/sales-ai-agents.com\/#organization"},"potentialAction":[{"@type":"SearchAction","target":{"@type":"EntryPoint","urlTemplate":"https:\/\/sales-ai-agents.com\/?s={search_term_string}"},"query-input":{"@type":"PropertyValueSpecification","valueRequired":true,"valueName":"search_term_string"}}],"inLanguage":"de-DE"},{"@type":"Organization","@id":"https:\/\/sales-ai-agents.com\/#organization","name":"FuseBase","url":"https:\/\/sales-ai-agents.com\/","logo":{"@type":"ImageObject","inLanguage":"de-DE","@id":"https:\/\/sales-ai-agents.com\/#\/schema\/logo\/image\/","url":"https:\/\/sales-ai-agents.com\/wp-content\/uploads\/2023\/11\/icon-7.svg","contentUrl":"https:\/\/sales-ai-agents.com\/wp-content\/uploads\/2023\/11\/icon-7.svg","width":128,"height":128,"caption":"FuseBase"},"image":{"@id":"https:\/\/sales-ai-agents.com\/#\/schema\/logo\/image\/"}}]}},"_links":{"self":[{"href":"https:\/\/sales-ai-agents.com\/de\/wp-json\/wp\/v2\/product\/56158","targetHints":{"allow":["GET"]}}],"collection":[{"href":"https:\/\/sales-ai-agents.com\/de\/wp-json\/wp\/v2\/product"}],"about":[{"href":"https:\/\/sales-ai-agents.com\/de\/wp-json\/wp\/v2\/types\/product"}],"wp:featuredmedia":[{"embeddable":true,"href":"https:\/\/sales-ai-agents.com\/de\/wp-json\/wp\/v2\/media\/34293"}],"wp:attachment":[{"href":"https:\/\/sales-ai-agents.com\/de\/wp-json\/wp\/v2\/media?parent=56158"}],"wp:term":[{"taxonomy":"product_brand","embeddable":true,"href":"https:\/\/sales-ai-agents.com\/de\/wp-json\/wp\/v2\/product_brand?post=56158"},{"taxonomy":"product_cat","embeddable":true,"href":"https:\/\/sales-ai-agents.com\/de\/wp-json\/wp\/v2\/product_cat?post=56158"},{"taxonomy":"product_tag","embeddable":true,"href":"https:\/\/sales-ai-agents.com\/de\/wp-json\/wp\/v2\/product_tag?post=56158"}],"curies":[{"name":"wp","href":"https:\/\/api.w.org\/{rel}","templated":true}]}}