{"id":56218,"date":"2022-09-26T12:21:25","date_gmt":"2022-09-26T12:21:25","guid":{"rendered":"https:\/\/sales-ai-agents.com\/templates\/event-planning\/"},"modified":"2024-01-02T11:21:38","modified_gmt":"2024-01-02T11:21:38","slug":"event-planning","status":"publish","type":"product","link":"https:\/\/sales-ai-agents.com\/de\/templates\/event-planning\/","title":{"rendered":"Planung von Veranstaltungen"},"content":{"rendered":"<p>&nbsp;<\/p>\n<h2>Vorlage f\u00fcr Veranstaltungsplanung<\/h2>\n<p class=\"desc-text\">Mit Hilfe eines Veranstaltungsplans k\u00f6nnen Sie sicherstellen, dass Sie bei der Ausrichtung einer Party, einer Feier oder eines gesellschaftlichen Ereignisses keine wichtigen Details \u00fcbersehen. Wir haben diese vollst\u00e4ndig anpassbare Vorlage erstellt, damit Sie Ihre Ideen ausarbeiten k\u00f6nnen. Geben Sie die Vorlage weiter, um alle Beteiligten auf dem Laufenden zu halten. Die Ausarbeitung detaillierter Pl\u00e4ne hilft Ihnen, Ihre Veranstaltung zu visualisieren und Ihre Ideen zum Leben zu erwecken.<\/p>\n<h5>Wie zu verwenden:<\/h5>\n<ul class=\"desc-item_list\">\n<li class=\"desc-item_list__point\">Geben Sie den Namen des Ereignisses ein<\/li>\n<li class=\"desc-item_list__point\">Wichtige Kontaktinformationen einf\u00fcgen<\/li>\n<li class=\"desc-item_list__point\">Details \u00fcber die Zielgruppe hinzuf\u00fcgen<\/li>\n<li class=\"desc-item_list__point\">Brainstorming zu Ihrer Botschaft und Ihren Zielen<\/li>\n<li class=\"desc-item_list__point\">M\u00f6gliche Hindernisse auflisten<\/li>\n<li class=\"desc-item_list__point\">Schreiben Sie nach Ihrer Veranstaltung eine Bewertung<\/li>\n<\/ul>\n","protected":false},"excerpt":{"rendered":"<p>Verwenden Sie diese Vorlage, um eine Veranstaltung zu nutzen. Mit Hilfe von Planungsunterlagen k\u00f6nnen Sie sicherstellen, dass Sie bei der Ausrichtung einer Party, eines Festes oder einer anderen Veranstaltung keine wichtigen Details \u00fcbersehen.<\/p>\n","protected":false},"featured_media":20481,"template":"","meta":{"_acf_changed":false,"inline_featured_image":false},"product_brand":[],"product_cat":[179,170],"product_tag":[],"class_list":{"0":"post-56218","1":"product","2":"type-product","3":"status-publish","4":"has-post-thumbnail","6":"product_cat-organizers-planners","7":"product_cat-events","9":"first","10":"instock","11":"virtual","12":"sold-individually","13":"product-type-simple"},"acf":[],"yoast_head":"<!-- This site is optimized with the Yoast SEO plugin v25.3.1 - https:\/\/yoast.com\/wordpress\/plugins\/seo\/ -->\n<title>Veranstaltungsplanung Vorlage - Sales AI Agents<\/title>\n<meta name=\"description\" content=\"Verwenden Sie diese Vorlage, um eine Veranstaltung zu nutzen. Mit einer kurzen Planung k\u00f6nnen Sie sicherstellen, dass Sie bei der Ausrichtung einer Party, eines Festes oder einer anderen Veranstaltung keine wichtigen Details \u00fcbersehen.\" \/>\n<meta name=\"robots\" content=\"index, follow, max-snippet:-1, max-image-preview:large, max-video-preview:-1\" \/>\n<link rel=\"canonical\" href=\"https:\/\/sales-ai-agents.com\/de\/templates\/event-planning\/\" \/>\n<meta property=\"og:locale\" content=\"de_DE\" \/>\n<meta property=\"og:type\" content=\"article\" \/>\n<meta property=\"og:title\" content=\"Veranstaltungsplanung Vorlage - Sales AI Agents\" \/>\n<meta property=\"og:description\" content=\"Verwenden Sie diese Vorlage, um eine Veranstaltung zu nutzen. Mit einer kurzen Planung k\u00f6nnen Sie sicherstellen, dass Sie bei der Ausrichtung einer Party, eines Festes oder einer anderen Veranstaltung keine wichtigen Details \u00fcbersehen.\" \/>\n<meta property=\"og:url\" content=\"https:\/\/sales-ai-agents.com\/de\/templates\/event-planning\/\" \/>\n<meta property=\"og:site_name\" content=\"Sales AI Agents\" \/>\n<meta property=\"article:modified_time\" content=\"2024-01-02T11:21:38+00:00\" \/>\n<meta property=\"og:image\" content=\"https:\/\/sales-ai-agents.com\/wp-content\/uploads\/2023\/01\/image-preview120930.png\" \/>\n\t<meta property=\"og:image:width\" content=\"1078\" \/>\n\t<meta property=\"og:image:height\" content=\"760\" \/>\n\t<meta property=\"og:image:type\" content=\"image\/png\" \/>\n<meta name=\"twitter:card\" content=\"summary_large_image\" \/>\n<script type=\"application\/ld+json\" class=\"yoast-schema-graph\">{\"@context\":\"https:\/\/schema.org\",\"@graph\":[{\"@type\":\"WebPage\",\"@id\":\"https:\/\/sales-ai-agents.com\/de\/templates\/event-planning\/\",\"url\":\"https:\/\/sales-ai-agents.com\/de\/templates\/event-planning\/\",\"name\":\"Veranstaltungsplanung Vorlage - Sales AI Agents\",\"isPartOf\":{\"@id\":\"https:\/\/sales-ai-agents.com\/#website\"},\"primaryImageOfPage\":{\"@id\":\"https:\/\/sales-ai-agents.com\/de\/templates\/event-planning\/#primaryimage\"},\"image\":{\"@id\":\"https:\/\/sales-ai-agents.com\/de\/templates\/event-planning\/#primaryimage\"},\"thumbnailUrl\":\"https:\/\/sales-ai-agents.com\/wp-content\/uploads\/2023\/01\/image-preview120930.png\",\"datePublished\":\"2022-09-26T12:21:25+00:00\",\"dateModified\":\"2024-01-02T11:21:38+00:00\",\"description\":\"Verwenden Sie diese Vorlage, um eine Veranstaltung zu nutzen. Mit einer kurzen Planung k\u00f6nnen Sie sicherstellen, dass Sie bei der Ausrichtung einer Party, eines Festes oder einer anderen Veranstaltung keine wichtigen Details \u00fcbersehen.\",\"inLanguage\":\"de-DE\",\"potentialAction\":[{\"@type\":\"ReadAction\",\"target\":[\"https:\/\/sales-ai-agents.com\/de\/templates\/event-planning\/\"]}]},{\"@type\":\"ImageObject\",\"inLanguage\":\"de-DE\",\"@id\":\"https:\/\/sales-ai-agents.com\/de\/templates\/event-planning\/#primaryimage\",\"url\":\"https:\/\/sales-ai-agents.com\/wp-content\/uploads\/2023\/01\/image-preview120930.png\",\"contentUrl\":\"https:\/\/sales-ai-agents.com\/wp-content\/uploads\/2023\/01\/image-preview120930.png\",\"width\":1078,\"height\":760,\"caption\":\"Event Planning Template - Nimbus Platform\"},{\"@type\":\"WebSite\",\"@id\":\"https:\/\/sales-ai-agents.com\/#website\",\"url\":\"https:\/\/sales-ai-agents.com\/\",\"name\":\"FuseBase\",\"description\":\"Nimbus Platform - Free Online Collaboration Software for Remote Teams. Build your wikis, client portals and more with the Nimbus Platform collaboration tool ? A perfect space for online work\",\"publisher\":{\"@id\":\"https:\/\/sales-ai-agents.com\/#organization\"},\"potentialAction\":[{\"@type\":\"SearchAction\",\"target\":{\"@type\":\"EntryPoint\",\"urlTemplate\":\"https:\/\/sales-ai-agents.com\/?s={search_term_string}\"},\"query-input\":{\"@type\":\"PropertyValueSpecification\",\"valueRequired\":true,\"valueName\":\"search_term_string\"}}],\"inLanguage\":\"de-DE\"},{\"@type\":\"Organization\",\"@id\":\"https:\/\/sales-ai-agents.com\/#organization\",\"name\":\"FuseBase\",\"url\":\"https:\/\/sales-ai-agents.com\/\",\"logo\":{\"@type\":\"ImageObject\",\"inLanguage\":\"de-DE\",\"@id\":\"https:\/\/sales-ai-agents.com\/#\/schema\/logo\/image\/\",\"url\":\"https:\/\/sales-ai-agents.com\/wp-content\/uploads\/2023\/11\/icon-7.svg\",\"contentUrl\":\"https:\/\/sales-ai-agents.com\/wp-content\/uploads\/2023\/11\/icon-7.svg\",\"width\":128,\"height\":128,\"caption\":\"FuseBase\"},\"image\":{\"@id\":\"https:\/\/sales-ai-agents.com\/#\/schema\/logo\/image\/\"}}]}<\/script>\n<!-- \/ Yoast SEO plugin. -->","yoast_head_json":{"title":"Veranstaltungsplanung Vorlage - Sales AI Agents","description":"Verwenden Sie diese Vorlage, um eine Veranstaltung zu nutzen. Mit einer kurzen Planung k\u00f6nnen Sie sicherstellen, dass Sie bei der Ausrichtung einer Party, eines Festes oder einer anderen Veranstaltung keine wichtigen Details \u00fcbersehen.","robots":{"index":"index","follow":"follow","max-snippet":"max-snippet:-1","max-image-preview":"max-image-preview:large","max-video-preview":"max-video-preview:-1"},"canonical":"https:\/\/sales-ai-agents.com\/de\/templates\/event-planning\/","og_locale":"de_DE","og_type":"article","og_title":"Veranstaltungsplanung Vorlage - Sales AI Agents","og_description":"Verwenden Sie diese Vorlage, um eine Veranstaltung zu nutzen. Mit einer kurzen Planung k\u00f6nnen Sie sicherstellen, dass Sie bei der Ausrichtung einer Party, eines Festes oder einer anderen Veranstaltung keine wichtigen Details \u00fcbersehen.","og_url":"https:\/\/sales-ai-agents.com\/de\/templates\/event-planning\/","og_site_name":"Sales AI Agents","article_modified_time":"2024-01-02T11:21:38+00:00","og_image":[{"width":1078,"height":760,"url":"https:\/\/sales-ai-agents.com\/wp-content\/uploads\/2023\/01\/image-preview120930.png","type":"image\/png"}],"twitter_card":"summary_large_image","schema":{"@context":"https:\/\/schema.org","@graph":[{"@type":"WebPage","@id":"https:\/\/sales-ai-agents.com\/de\/templates\/event-planning\/","url":"https:\/\/sales-ai-agents.com\/de\/templates\/event-planning\/","name":"Veranstaltungsplanung Vorlage - Sales AI Agents","isPartOf":{"@id":"https:\/\/sales-ai-agents.com\/#website"},"primaryImageOfPage":{"@id":"https:\/\/sales-ai-agents.com\/de\/templates\/event-planning\/#primaryimage"},"image":{"@id":"https:\/\/sales-ai-agents.com\/de\/templates\/event-planning\/#primaryimage"},"thumbnailUrl":"https:\/\/sales-ai-agents.com\/wp-content\/uploads\/2023\/01\/image-preview120930.png","datePublished":"2022-09-26T12:21:25+00:00","dateModified":"2024-01-02T11:21:38+00:00","description":"Verwenden Sie diese Vorlage, um eine Veranstaltung zu nutzen. Mit einer kurzen Planung k\u00f6nnen Sie sicherstellen, dass Sie bei der Ausrichtung einer Party, eines Festes oder einer anderen Veranstaltung keine wichtigen Details \u00fcbersehen.","inLanguage":"de-DE","potentialAction":[{"@type":"ReadAction","target":["https:\/\/sales-ai-agents.com\/de\/templates\/event-planning\/"]}]},{"@type":"ImageObject","inLanguage":"de-DE","@id":"https:\/\/sales-ai-agents.com\/de\/templates\/event-planning\/#primaryimage","url":"https:\/\/sales-ai-agents.com\/wp-content\/uploads\/2023\/01\/image-preview120930.png","contentUrl":"https:\/\/sales-ai-agents.com\/wp-content\/uploads\/2023\/01\/image-preview120930.png","width":1078,"height":760,"caption":"Event Planning Template - Nimbus Platform"},{"@type":"WebSite","@id":"https:\/\/sales-ai-agents.com\/#website","url":"https:\/\/sales-ai-agents.com\/","name":"FuseBase","description":"Nimbus Platform - Free Online Collaboration Software for Remote Teams. Build your wikis, client portals and more with the Nimbus Platform collaboration tool ? A perfect space for online work","publisher":{"@id":"https:\/\/sales-ai-agents.com\/#organization"},"potentialAction":[{"@type":"SearchAction","target":{"@type":"EntryPoint","urlTemplate":"https:\/\/sales-ai-agents.com\/?s={search_term_string}"},"query-input":{"@type":"PropertyValueSpecification","valueRequired":true,"valueName":"search_term_string"}}],"inLanguage":"de-DE"},{"@type":"Organization","@id":"https:\/\/sales-ai-agents.com\/#organization","name":"FuseBase","url":"https:\/\/sales-ai-agents.com\/","logo":{"@type":"ImageObject","inLanguage":"de-DE","@id":"https:\/\/sales-ai-agents.com\/#\/schema\/logo\/image\/","url":"https:\/\/sales-ai-agents.com\/wp-content\/uploads\/2023\/11\/icon-7.svg","contentUrl":"https:\/\/sales-ai-agents.com\/wp-content\/uploads\/2023\/11\/icon-7.svg","width":128,"height":128,"caption":"FuseBase"},"image":{"@id":"https:\/\/sales-ai-agents.com\/#\/schema\/logo\/image\/"}}]}},"_links":{"self":[{"href":"https:\/\/sales-ai-agents.com\/de\/wp-json\/wp\/v2\/product\/56218","targetHints":{"allow":["GET"]}}],"collection":[{"href":"https:\/\/sales-ai-agents.com\/de\/wp-json\/wp\/v2\/product"}],"about":[{"href":"https:\/\/sales-ai-agents.com\/de\/wp-json\/wp\/v2\/types\/product"}],"wp:featuredmedia":[{"embeddable":true,"href":"https:\/\/sales-ai-agents.com\/de\/wp-json\/wp\/v2\/media\/20481"}],"wp:attachment":[{"href":"https:\/\/sales-ai-agents.com\/de\/wp-json\/wp\/v2\/media?parent=56218"}],"wp:term":[{"taxonomy":"product_brand","embeddable":true,"href":"https:\/\/sales-ai-agents.com\/de\/wp-json\/wp\/v2\/product_brand?post=56218"},{"taxonomy":"product_cat","embeddable":true,"href":"https:\/\/sales-ai-agents.com\/de\/wp-json\/wp\/v2\/product_cat?post=56218"},{"taxonomy":"product_tag","embeddable":true,"href":"https:\/\/sales-ai-agents.com\/de\/wp-json\/wp\/v2\/product_tag?post=56218"}],"curies":[{"name":"wp","href":"https:\/\/api.w.org\/{rel}","templated":true}]}}