{"id":56221,"date":"2022-09-26T12:21:21","date_gmt":"2022-09-26T12:21:21","guid":{"rendered":"https:\/\/sales-ai-agents.com\/templates\/ux-research\/"},"modified":"2023-12-26T20:37:19","modified_gmt":"2023-12-26T20:37:19","slug":"ux-research","status":"publish","type":"product","link":"https:\/\/sales-ai-agents.com\/de\/templates\/ux-research\/","title":{"rendered":"UX-Forschung"},"content":{"rendered":"<p>&nbsp;<\/p>\n<h2>Vorlage f\u00fcr Benutzerforschung<\/h2>\n<p class=\"desc-text\">Verwenden Sie bei der Durchf\u00fchrung von Nutzerforschung diese Vorlage, um jeden Schritt zu verfolgen. Markieren Sie andere Mitglieder, um den Fortschritt zu verfolgen und Zusammenarbeit zu erm\u00f6glichen. Das Dokument kann an Ihre Bed\u00fcrfnisse angepasst werden. F\u00fcgen Sie wichtige Anmerkungen des Interviewers hinzu, und entwickeln Sie umsetzbare Schritte zur Verbesserung Ihres Produkts oder Ihrer Website.<\/p>\n<h5>Wie zu verwenden:<\/h5>\n<ul class=\"desc-item_list\">\n<li class=\"desc-item_list__point\">Markieren Sie Benutzer in der \u00dcberschrift \u00fcber ihren Aufgabennotizen<\/li>\n<li class=\"desc-item_list__point\">Wichtige Kommentare und Notizen einf\u00fcgen<\/li>\n<li class=\"desc-item_list__point\">Erstellen einer Aufgabenliste<\/li>\n<\/ul>\n","protected":false},"excerpt":{"rendered":"<p>Verwenden Sie bei der Durchf\u00fchrung von Nutzerforschung diese kostenlose, anpassbare Vorlage, um jeden Schritt zu verfolgen. Markieren Sie andere Mitglieder, um den Fortschritt zu verfolgen und einfach zusammenzuarbeiten.<\/p>\n","protected":false},"featured_media":34321,"template":"","meta":{"_acf_changed":false,"inline_featured_image":false},"product_brand":[],"product_cat":[165],"product_tag":[],"class_list":{"0":"post-56221","1":"product","2":"type-product","3":"status-publish","4":"has-post-thumbnail","6":"product_cat-designer","8":"first","9":"instock","10":"virtual","11":"sold-individually","12":"product-type-simple"},"acf":[],"yoast_head":"<!-- This site is optimized with the Yoast SEO plugin v25.3.1 - https:\/\/yoast.com\/wordpress\/plugins\/seo\/ -->\n<title>UX Research Vorlage - Sales AI Agents<\/title>\n<meta name=\"description\" content=\"Verwenden Sie bei der Durchf\u00fchrung von Nutzerforschung diese kostenlose, anpassbare Vorlage, um jeden Schritt zu verfolgen. Markieren Sie andere Mitglieder, um den Fortschritt zu verfolgen und einfach zusammenzuarbeiten!\" \/>\n<meta name=\"robots\" content=\"index, follow, max-snippet:-1, max-image-preview:large, max-video-preview:-1\" \/>\n<link rel=\"canonical\" href=\"https:\/\/sales-ai-agents.com\/de\/templates\/ux-research\/\" \/>\n<meta property=\"og:locale\" content=\"de_DE\" \/>\n<meta property=\"og:type\" content=\"article\" \/>\n<meta property=\"og:title\" content=\"UX Research Vorlage - Sales AI Agents\" \/>\n<meta property=\"og:description\" content=\"Verwenden Sie bei der Durchf\u00fchrung von Nutzerforschung diese kostenlose, anpassbare Vorlage, um jeden Schritt zu verfolgen. Markieren Sie andere Mitglieder, um den Fortschritt zu verfolgen und einfach zusammenzuarbeiten!\" \/>\n<meta property=\"og:url\" content=\"https:\/\/sales-ai-agents.com\/de\/templates\/ux-research\/\" \/>\n<meta property=\"og:site_name\" content=\"Sales AI Agents\" \/>\n<meta property=\"article:modified_time\" content=\"2023-12-26T20:37:19+00:00\" \/>\n<meta property=\"og:image\" content=\"https:\/\/sales-ai-agents.com\/wp-content\/uploads\/2022\/09\/UX-Research-Template.png\" \/>\n\t<meta property=\"og:image:width\" content=\"1700\" \/>\n\t<meta property=\"og:image:height\" content=\"1100\" \/>\n\t<meta property=\"og:image:type\" content=\"image\/png\" \/>\n<meta name=\"twitter:card\" content=\"summary_large_image\" \/>\n<script type=\"application\/ld+json\" class=\"yoast-schema-graph\">{\"@context\":\"https:\/\/schema.org\",\"@graph\":[{\"@type\":\"WebPage\",\"@id\":\"https:\/\/sales-ai-agents.com\/de\/templates\/ux-research\/\",\"url\":\"https:\/\/sales-ai-agents.com\/de\/templates\/ux-research\/\",\"name\":\"UX Research Vorlage - Sales AI Agents\",\"isPartOf\":{\"@id\":\"https:\/\/sales-ai-agents.com\/#website\"},\"primaryImageOfPage\":{\"@id\":\"https:\/\/sales-ai-agents.com\/de\/templates\/ux-research\/#primaryimage\"},\"image\":{\"@id\":\"https:\/\/sales-ai-agents.com\/de\/templates\/ux-research\/#primaryimage\"},\"thumbnailUrl\":\"https:\/\/sales-ai-agents.com\/wp-content\/uploads\/2022\/09\/UX-Research-Template.png\",\"datePublished\":\"2022-09-26T12:21:21+00:00\",\"dateModified\":\"2023-12-26T20:37:19+00:00\",\"description\":\"Verwenden Sie bei der Durchf\u00fchrung von Nutzerforschung diese kostenlose, anpassbare Vorlage, um jeden Schritt zu verfolgen. Markieren Sie andere Mitglieder, um den Fortschritt zu verfolgen und einfach zusammenzuarbeiten!\",\"inLanguage\":\"de-DE\",\"potentialAction\":[{\"@type\":\"ReadAction\",\"target\":[\"https:\/\/sales-ai-agents.com\/de\/templates\/ux-research\/\"]}]},{\"@type\":\"ImageObject\",\"inLanguage\":\"de-DE\",\"@id\":\"https:\/\/sales-ai-agents.com\/de\/templates\/ux-research\/#primaryimage\",\"url\":\"https:\/\/sales-ai-agents.com\/wp-content\/uploads\/2022\/09\/UX-Research-Template.png\",\"contentUrl\":\"https:\/\/sales-ai-agents.com\/wp-content\/uploads\/2022\/09\/UX-Research-Template.png\",\"width\":1700,\"height\":1100,\"caption\":\"UX Research Template - Nimbus Platform\"},{\"@type\":\"WebSite\",\"@id\":\"https:\/\/sales-ai-agents.com\/#website\",\"url\":\"https:\/\/sales-ai-agents.com\/\",\"name\":\"FuseBase\",\"description\":\"Nimbus Platform - Free Online Collaboration Software for Remote Teams. Build your wikis, client portals and more with the Nimbus Platform collaboration tool ? A perfect space for online work\",\"publisher\":{\"@id\":\"https:\/\/sales-ai-agents.com\/#organization\"},\"potentialAction\":[{\"@type\":\"SearchAction\",\"target\":{\"@type\":\"EntryPoint\",\"urlTemplate\":\"https:\/\/sales-ai-agents.com\/?s={search_term_string}\"},\"query-input\":{\"@type\":\"PropertyValueSpecification\",\"valueRequired\":true,\"valueName\":\"search_term_string\"}}],\"inLanguage\":\"de-DE\"},{\"@type\":\"Organization\",\"@id\":\"https:\/\/sales-ai-agents.com\/#organization\",\"name\":\"FuseBase\",\"url\":\"https:\/\/sales-ai-agents.com\/\",\"logo\":{\"@type\":\"ImageObject\",\"inLanguage\":\"de-DE\",\"@id\":\"https:\/\/sales-ai-agents.com\/#\/schema\/logo\/image\/\",\"url\":\"https:\/\/sales-ai-agents.com\/wp-content\/uploads\/2023\/11\/icon-7.svg\",\"contentUrl\":\"https:\/\/sales-ai-agents.com\/wp-content\/uploads\/2023\/11\/icon-7.svg\",\"width\":128,\"height\":128,\"caption\":\"FuseBase\"},\"image\":{\"@id\":\"https:\/\/sales-ai-agents.com\/#\/schema\/logo\/image\/\"}}]}<\/script>\n<!-- \/ Yoast SEO plugin. -->","yoast_head_json":{"title":"UX Research Vorlage - Sales AI Agents","description":"Verwenden Sie bei der Durchf\u00fchrung von Nutzerforschung diese kostenlose, anpassbare Vorlage, um jeden Schritt zu verfolgen. Markieren Sie andere Mitglieder, um den Fortschritt zu verfolgen und einfach zusammenzuarbeiten!","robots":{"index":"index","follow":"follow","max-snippet":"max-snippet:-1","max-image-preview":"max-image-preview:large","max-video-preview":"max-video-preview:-1"},"canonical":"https:\/\/sales-ai-agents.com\/de\/templates\/ux-research\/","og_locale":"de_DE","og_type":"article","og_title":"UX Research Vorlage - Sales AI Agents","og_description":"Verwenden Sie bei der Durchf\u00fchrung von Nutzerforschung diese kostenlose, anpassbare Vorlage, um jeden Schritt zu verfolgen. Markieren Sie andere Mitglieder, um den Fortschritt zu verfolgen und einfach zusammenzuarbeiten!","og_url":"https:\/\/sales-ai-agents.com\/de\/templates\/ux-research\/","og_site_name":"Sales AI Agents","article_modified_time":"2023-12-26T20:37:19+00:00","og_image":[{"width":1700,"height":1100,"url":"https:\/\/sales-ai-agents.com\/wp-content\/uploads\/2022\/09\/UX-Research-Template.png","type":"image\/png"}],"twitter_card":"summary_large_image","schema":{"@context":"https:\/\/schema.org","@graph":[{"@type":"WebPage","@id":"https:\/\/sales-ai-agents.com\/de\/templates\/ux-research\/","url":"https:\/\/sales-ai-agents.com\/de\/templates\/ux-research\/","name":"UX Research Vorlage - Sales AI Agents","isPartOf":{"@id":"https:\/\/sales-ai-agents.com\/#website"},"primaryImageOfPage":{"@id":"https:\/\/sales-ai-agents.com\/de\/templates\/ux-research\/#primaryimage"},"image":{"@id":"https:\/\/sales-ai-agents.com\/de\/templates\/ux-research\/#primaryimage"},"thumbnailUrl":"https:\/\/sales-ai-agents.com\/wp-content\/uploads\/2022\/09\/UX-Research-Template.png","datePublished":"2022-09-26T12:21:21+00:00","dateModified":"2023-12-26T20:37:19+00:00","description":"Verwenden Sie bei der Durchf\u00fchrung von Nutzerforschung diese kostenlose, anpassbare Vorlage, um jeden Schritt zu verfolgen. Markieren Sie andere Mitglieder, um den Fortschritt zu verfolgen und einfach zusammenzuarbeiten!","inLanguage":"de-DE","potentialAction":[{"@type":"ReadAction","target":["https:\/\/sales-ai-agents.com\/de\/templates\/ux-research\/"]}]},{"@type":"ImageObject","inLanguage":"de-DE","@id":"https:\/\/sales-ai-agents.com\/de\/templates\/ux-research\/#primaryimage","url":"https:\/\/sales-ai-agents.com\/wp-content\/uploads\/2022\/09\/UX-Research-Template.png","contentUrl":"https:\/\/sales-ai-agents.com\/wp-content\/uploads\/2022\/09\/UX-Research-Template.png","width":1700,"height":1100,"caption":"UX Research Template - Nimbus Platform"},{"@type":"WebSite","@id":"https:\/\/sales-ai-agents.com\/#website","url":"https:\/\/sales-ai-agents.com\/","name":"FuseBase","description":"Nimbus Platform - Free Online Collaboration Software for Remote Teams. Build your wikis, client portals and more with the Nimbus Platform collaboration tool ? A perfect space for online work","publisher":{"@id":"https:\/\/sales-ai-agents.com\/#organization"},"potentialAction":[{"@type":"SearchAction","target":{"@type":"EntryPoint","urlTemplate":"https:\/\/sales-ai-agents.com\/?s={search_term_string}"},"query-input":{"@type":"PropertyValueSpecification","valueRequired":true,"valueName":"search_term_string"}}],"inLanguage":"de-DE"},{"@type":"Organization","@id":"https:\/\/sales-ai-agents.com\/#organization","name":"FuseBase","url":"https:\/\/sales-ai-agents.com\/","logo":{"@type":"ImageObject","inLanguage":"de-DE","@id":"https:\/\/sales-ai-agents.com\/#\/schema\/logo\/image\/","url":"https:\/\/sales-ai-agents.com\/wp-content\/uploads\/2023\/11\/icon-7.svg","contentUrl":"https:\/\/sales-ai-agents.com\/wp-content\/uploads\/2023\/11\/icon-7.svg","width":128,"height":128,"caption":"FuseBase"},"image":{"@id":"https:\/\/sales-ai-agents.com\/#\/schema\/logo\/image\/"}}]}},"_links":{"self":[{"href":"https:\/\/sales-ai-agents.com\/de\/wp-json\/wp\/v2\/product\/56221","targetHints":{"allow":["GET"]}}],"collection":[{"href":"https:\/\/sales-ai-agents.com\/de\/wp-json\/wp\/v2\/product"}],"about":[{"href":"https:\/\/sales-ai-agents.com\/de\/wp-json\/wp\/v2\/types\/product"}],"wp:featuredmedia":[{"embeddable":true,"href":"https:\/\/sales-ai-agents.com\/de\/wp-json\/wp\/v2\/media\/34321"}],"wp:attachment":[{"href":"https:\/\/sales-ai-agents.com\/de\/wp-json\/wp\/v2\/media?parent=56221"}],"wp:term":[{"taxonomy":"product_brand","embeddable":true,"href":"https:\/\/sales-ai-agents.com\/de\/wp-json\/wp\/v2\/product_brand?post=56221"},{"taxonomy":"product_cat","embeddable":true,"href":"https:\/\/sales-ai-agents.com\/de\/wp-json\/wp\/v2\/product_cat?post=56221"},{"taxonomy":"product_tag","embeddable":true,"href":"https:\/\/sales-ai-agents.com\/de\/wp-json\/wp\/v2\/product_tag?post=56221"}],"curies":[{"name":"wp","href":"https:\/\/api.w.org\/{rel}","templated":true}]}}