{"id":56233,"date":"2022-09-26T12:21:16","date_gmt":"2022-09-26T12:21:16","guid":{"rendered":"https:\/\/sales-ai-agents.com\/templates\/website-design-brief\/"},"modified":"2023-12-27T15:34:37","modified_gmt":"2023-12-27T15:34:37","slug":"website-design-brief","status":"publish","type":"product","link":"https:\/\/sales-ai-agents.com\/de\/templates\/website-design-brief\/","title":{"rendered":"Website Design Brief"},"content":{"rendered":"<p>&nbsp;<\/p>\n<h2>Website Design Brief Vorlage<\/h2>\n<p class=\"desc-text\">Diese Kurzvorlage kann als Leitfaden f\u00fcr den gesamten Prozess der Website-Gestaltung dienen. Durch die Einbeziehung detaillierter Informationen k\u00f6nnen Sie sicherstellen, dass Sie alle Grundlagen abgedeckt haben, bevor Sie mit der Gestaltung Ihrer neuen Website beginnen. Verwenden Sie dieses Dokument, um Ihre Pl\u00e4ne darzulegen und jede Phase des Prozesses zu verfolgen. Ihr gesamtes Team kann sich bei der Gestaltung Ihrer neuen Website daran orientieren.<\/p>\n<h5>Wie zu verwenden:<\/h5>\n<ul class=\"desc-item_list\">\n<li class=\"desc-item_list__point\">Wichtige Gesch\u00e4ftsziele einbeziehen<\/li>\n<li class=\"desc-item_list__point\">Wichtige Gestaltungsideen auflisten<\/li>\n<li class=\"desc-item_list__point\">Bilder f\u00fcr Entw\u00fcrfe hochladen, falls erforderlich<\/li>\n<li class=\"desc-item_list__point\">F\u00fcgen Sie Details \u00fcber Ihre Schl\u00fcsselbotschaften hinzu<\/li>\n<li class=\"desc-item_list__point\">Verfolgen Sie den Abschluss jeder Projektphase<\/li>\n<\/ul>\n","protected":false},"excerpt":{"rendered":"<p>Diese Kurzvorlage kann als Leitfaden f\u00fcr den gesamten Prozess der Website-Gestaltung dienen. Informieren Sie sich ausf\u00fchrlich, bevor Sie mit der Gestaltung Ihrer neuen Website beginnen!<\/p>\n","protected":false},"featured_media":27423,"template":"","meta":{"_acf_changed":false,"inline_featured_image":false},"product_brand":[],"product_cat":[165],"product_tag":[],"class_list":{"0":"post-56233","1":"product","2":"type-product","3":"status-publish","4":"has-post-thumbnail","6":"product_cat-designer","8":"first","9":"instock","10":"virtual","11":"sold-individually","12":"product-type-simple"},"acf":[],"yoast_head":"<!-- This site is optimized with the Yoast SEO plugin v25.3.1 - https:\/\/yoast.com\/wordpress\/plugins\/seo\/ -->\n<title>Website Design Brief Vorlage - Sales AI Agents<\/title>\n<meta name=\"description\" content=\"Diese Kurzvorlage kann als Leitfaden f\u00fcr den gesamten Prozess der Website-Gestaltung dienen. Informieren Sie sich ausf\u00fchrlich, bevor Sie mit der Gestaltung Ihrer neuen Website beginnen!\" \/>\n<meta name=\"robots\" content=\"index, follow, max-snippet:-1, max-image-preview:large, max-video-preview:-1\" \/>\n<link rel=\"canonical\" href=\"https:\/\/sales-ai-agents.com\/de\/templates\/website-design-brief\/\" \/>\n<meta property=\"og:locale\" content=\"de_DE\" \/>\n<meta property=\"og:type\" content=\"article\" \/>\n<meta property=\"og:title\" content=\"Website Design Brief Vorlage - Sales AI Agents\" \/>\n<meta property=\"og:description\" content=\"Diese Kurzvorlage kann als Leitfaden f\u00fcr den gesamten Prozess der Website-Gestaltung dienen. Informieren Sie sich ausf\u00fchrlich, bevor Sie mit der Gestaltung Ihrer neuen Website beginnen!\" \/>\n<meta property=\"og:url\" content=\"https:\/\/sales-ai-agents.com\/de\/templates\/website-design-brief\/\" \/>\n<meta property=\"og:site_name\" content=\"Sales AI Agents\" \/>\n<meta property=\"article:modified_time\" content=\"2023-12-27T15:34:37+00:00\" \/>\n<meta property=\"og:image\" content=\"https:\/\/sales-ai-agents.com\/wp-content\/uploads\/2022\/09\/Website-Design-Brief-Template.png\" \/>\n\t<meta property=\"og:image:width\" content=\"1700\" \/>\n\t<meta property=\"og:image:height\" content=\"1100\" \/>\n\t<meta property=\"og:image:type\" content=\"image\/png\" \/>\n<meta name=\"twitter:card\" content=\"summary_large_image\" \/>\n<script type=\"application\/ld+json\" class=\"yoast-schema-graph\">{\"@context\":\"https:\/\/schema.org\",\"@graph\":[{\"@type\":\"WebPage\",\"@id\":\"https:\/\/sales-ai-agents.com\/de\/templates\/website-design-brief\/\",\"url\":\"https:\/\/sales-ai-agents.com\/de\/templates\/website-design-brief\/\",\"name\":\"Website Design Brief Vorlage - Sales AI Agents\",\"isPartOf\":{\"@id\":\"https:\/\/sales-ai-agents.com\/#website\"},\"primaryImageOfPage\":{\"@id\":\"https:\/\/sales-ai-agents.com\/de\/templates\/website-design-brief\/#primaryimage\"},\"image\":{\"@id\":\"https:\/\/sales-ai-agents.com\/de\/templates\/website-design-brief\/#primaryimage\"},\"thumbnailUrl\":\"https:\/\/sales-ai-agents.com\/wp-content\/uploads\/2022\/09\/Website-Design-Brief-Template.png\",\"datePublished\":\"2022-09-26T12:21:16+00:00\",\"dateModified\":\"2023-12-27T15:34:37+00:00\",\"description\":\"Diese Kurzvorlage kann als Leitfaden f\u00fcr den gesamten Prozess der Website-Gestaltung dienen. Informieren Sie sich ausf\u00fchrlich, bevor Sie mit der Gestaltung Ihrer neuen Website beginnen!\",\"inLanguage\":\"de-DE\",\"potentialAction\":[{\"@type\":\"ReadAction\",\"target\":[\"https:\/\/sales-ai-agents.com\/de\/templates\/website-design-brief\/\"]}]},{\"@type\":\"ImageObject\",\"inLanguage\":\"de-DE\",\"@id\":\"https:\/\/sales-ai-agents.com\/de\/templates\/website-design-brief\/#primaryimage\",\"url\":\"https:\/\/sales-ai-agents.com\/wp-content\/uploads\/2022\/09\/Website-Design-Brief-Template.png\",\"contentUrl\":\"https:\/\/sales-ai-agents.com\/wp-content\/uploads\/2022\/09\/Website-Design-Brief-Template.png\",\"width\":1700,\"height\":1100,\"caption\":\"This design brief template can help guide your entire website design process.\"},{\"@type\":\"WebSite\",\"@id\":\"https:\/\/sales-ai-agents.com\/#website\",\"url\":\"https:\/\/sales-ai-agents.com\/\",\"name\":\"FuseBase\",\"description\":\"Nimbus Platform - Free Online Collaboration Software for Remote Teams. Build your wikis, client portals and more with the Nimbus Platform collaboration tool ? A perfect space for online work\",\"publisher\":{\"@id\":\"https:\/\/sales-ai-agents.com\/#organization\"},\"potentialAction\":[{\"@type\":\"SearchAction\",\"target\":{\"@type\":\"EntryPoint\",\"urlTemplate\":\"https:\/\/sales-ai-agents.com\/?s={search_term_string}\"},\"query-input\":{\"@type\":\"PropertyValueSpecification\",\"valueRequired\":true,\"valueName\":\"search_term_string\"}}],\"inLanguage\":\"de-DE\"},{\"@type\":\"Organization\",\"@id\":\"https:\/\/sales-ai-agents.com\/#organization\",\"name\":\"FuseBase\",\"url\":\"https:\/\/sales-ai-agents.com\/\",\"logo\":{\"@type\":\"ImageObject\",\"inLanguage\":\"de-DE\",\"@id\":\"https:\/\/sales-ai-agents.com\/#\/schema\/logo\/image\/\",\"url\":\"https:\/\/sales-ai-agents.com\/wp-content\/uploads\/2023\/11\/icon-7.svg\",\"contentUrl\":\"https:\/\/sales-ai-agents.com\/wp-content\/uploads\/2023\/11\/icon-7.svg\",\"width\":128,\"height\":128,\"caption\":\"FuseBase\"},\"image\":{\"@id\":\"https:\/\/sales-ai-agents.com\/#\/schema\/logo\/image\/\"}}]}<\/script>\n<!-- \/ Yoast SEO plugin. -->","yoast_head_json":{"title":"Website Design Brief Vorlage - Sales AI Agents","description":"Diese Kurzvorlage kann als Leitfaden f\u00fcr den gesamten Prozess der Website-Gestaltung dienen. Informieren Sie sich ausf\u00fchrlich, bevor Sie mit der Gestaltung Ihrer neuen Website beginnen!","robots":{"index":"index","follow":"follow","max-snippet":"max-snippet:-1","max-image-preview":"max-image-preview:large","max-video-preview":"max-video-preview:-1"},"canonical":"https:\/\/sales-ai-agents.com\/de\/templates\/website-design-brief\/","og_locale":"de_DE","og_type":"article","og_title":"Website Design Brief Vorlage - Sales AI Agents","og_description":"Diese Kurzvorlage kann als Leitfaden f\u00fcr den gesamten Prozess der Website-Gestaltung dienen. Informieren Sie sich ausf\u00fchrlich, bevor Sie mit der Gestaltung Ihrer neuen Website beginnen!","og_url":"https:\/\/sales-ai-agents.com\/de\/templates\/website-design-brief\/","og_site_name":"Sales AI Agents","article_modified_time":"2023-12-27T15:34:37+00:00","og_image":[{"width":1700,"height":1100,"url":"https:\/\/sales-ai-agents.com\/wp-content\/uploads\/2022\/09\/Website-Design-Brief-Template.png","type":"image\/png"}],"twitter_card":"summary_large_image","schema":{"@context":"https:\/\/schema.org","@graph":[{"@type":"WebPage","@id":"https:\/\/sales-ai-agents.com\/de\/templates\/website-design-brief\/","url":"https:\/\/sales-ai-agents.com\/de\/templates\/website-design-brief\/","name":"Website Design Brief Vorlage - Sales AI Agents","isPartOf":{"@id":"https:\/\/sales-ai-agents.com\/#website"},"primaryImageOfPage":{"@id":"https:\/\/sales-ai-agents.com\/de\/templates\/website-design-brief\/#primaryimage"},"image":{"@id":"https:\/\/sales-ai-agents.com\/de\/templates\/website-design-brief\/#primaryimage"},"thumbnailUrl":"https:\/\/sales-ai-agents.com\/wp-content\/uploads\/2022\/09\/Website-Design-Brief-Template.png","datePublished":"2022-09-26T12:21:16+00:00","dateModified":"2023-12-27T15:34:37+00:00","description":"Diese Kurzvorlage kann als Leitfaden f\u00fcr den gesamten Prozess der Website-Gestaltung dienen. Informieren Sie sich ausf\u00fchrlich, bevor Sie mit der Gestaltung Ihrer neuen Website beginnen!","inLanguage":"de-DE","potentialAction":[{"@type":"ReadAction","target":["https:\/\/sales-ai-agents.com\/de\/templates\/website-design-brief\/"]}]},{"@type":"ImageObject","inLanguage":"de-DE","@id":"https:\/\/sales-ai-agents.com\/de\/templates\/website-design-brief\/#primaryimage","url":"https:\/\/sales-ai-agents.com\/wp-content\/uploads\/2022\/09\/Website-Design-Brief-Template.png","contentUrl":"https:\/\/sales-ai-agents.com\/wp-content\/uploads\/2022\/09\/Website-Design-Brief-Template.png","width":1700,"height":1100,"caption":"This design brief template can help guide your entire website design process."},{"@type":"WebSite","@id":"https:\/\/sales-ai-agents.com\/#website","url":"https:\/\/sales-ai-agents.com\/","name":"FuseBase","description":"Nimbus Platform - Free Online Collaboration Software for Remote Teams. Build your wikis, client portals and more with the Nimbus Platform collaboration tool ? A perfect space for online work","publisher":{"@id":"https:\/\/sales-ai-agents.com\/#organization"},"potentialAction":[{"@type":"SearchAction","target":{"@type":"EntryPoint","urlTemplate":"https:\/\/sales-ai-agents.com\/?s={search_term_string}"},"query-input":{"@type":"PropertyValueSpecification","valueRequired":true,"valueName":"search_term_string"}}],"inLanguage":"de-DE"},{"@type":"Organization","@id":"https:\/\/sales-ai-agents.com\/#organization","name":"FuseBase","url":"https:\/\/sales-ai-agents.com\/","logo":{"@type":"ImageObject","inLanguage":"de-DE","@id":"https:\/\/sales-ai-agents.com\/#\/schema\/logo\/image\/","url":"https:\/\/sales-ai-agents.com\/wp-content\/uploads\/2023\/11\/icon-7.svg","contentUrl":"https:\/\/sales-ai-agents.com\/wp-content\/uploads\/2023\/11\/icon-7.svg","width":128,"height":128,"caption":"FuseBase"},"image":{"@id":"https:\/\/sales-ai-agents.com\/#\/schema\/logo\/image\/"}}]}},"_links":{"self":[{"href":"https:\/\/sales-ai-agents.com\/de\/wp-json\/wp\/v2\/product\/56233","targetHints":{"allow":["GET"]}}],"collection":[{"href":"https:\/\/sales-ai-agents.com\/de\/wp-json\/wp\/v2\/product"}],"about":[{"href":"https:\/\/sales-ai-agents.com\/de\/wp-json\/wp\/v2\/types\/product"}],"wp:featuredmedia":[{"embeddable":true,"href":"https:\/\/sales-ai-agents.com\/de\/wp-json\/wp\/v2\/media\/27423"}],"wp:attachment":[{"href":"https:\/\/sales-ai-agents.com\/de\/wp-json\/wp\/v2\/media?parent=56233"}],"wp:term":[{"taxonomy":"product_brand","embeddable":true,"href":"https:\/\/sales-ai-agents.com\/de\/wp-json\/wp\/v2\/product_brand?post=56233"},{"taxonomy":"product_cat","embeddable":true,"href":"https:\/\/sales-ai-agents.com\/de\/wp-json\/wp\/v2\/product_cat?post=56233"},{"taxonomy":"product_tag","embeddable":true,"href":"https:\/\/sales-ai-agents.com\/de\/wp-json\/wp\/v2\/product_tag?post=56233"}],"curies":[{"name":"wp","href":"https:\/\/api.w.org\/{rel}","templated":true}]}}