{"id":56251,"date":"2022-09-26T12:21:04","date_gmt":"2022-09-26T12:21:04","guid":{"rendered":"https:\/\/sales-ai-agents.com\/templates\/company-policy-and-procedures\/"},"modified":"2023-12-26T15:52:25","modified_gmt":"2023-12-26T15:52:25","slug":"company-policy-and-procedures","status":"publish","type":"product","link":"https:\/\/sales-ai-agents.com\/de\/templates\/company-policy-and-procedures\/","title":{"rendered":"Unternehmenspolitik und Verfahren"},"content":{"rendered":"<p>&nbsp;<\/p>\n<h2>Vorlage f\u00fcr Unternehmensrichtlinien und -verfahren<\/h2>\n<p class=\"desc-text\">Stellen Sie mit dieser Vorlage sicher, dass Ihre Mitarbeiter \u00fcber wichtige Richtlinien und Verfahren informiert sind. Anstatt Stapel von Papieren zu verteilen, die in Vergessenheit geraten, verwenden Sie diese Vorlage, um Anh\u00e4nge und Links zu Handb\u00fcchern, Leitlinien, Richtlinien und Verfahren hinzuzuf\u00fcgen. Alles ist an einem Ort zug\u00e4nglich, so dass Ihr gesamtes Team die Dokumente nach Belieben einsehen kann. Auf die Dateien und Links kann von \u00fcberall aus zugegriffen werden &#8211; vorausgesetzt, Sie haben Nimbus Note heruntergeladen. Durch die Bereitstellung von Ressourcen kann Ihr gesamtes Team informiert und auf dem Laufenden bleiben.<\/p>\n<h5>Wie zu verwenden:<\/h5>\n<ul class=\"desc-item_list\">\n<li class=\"desc-item_list__point\">Links f\u00fcr Unternehmensrichtlinien hinzuf\u00fcgen<\/li>\n<li class=\"desc-item_list__point\">Belege beif\u00fcgen und hochladen<\/li>\n<li class=\"desc-item_list__point\">Geben Sie Ihrem gesamten Team Zugang<\/li>\n<\/ul>\n","protected":false},"excerpt":{"rendered":"<p>Stellen Sie mit dieser Vorlage sicher, dass Ihre Mitarbeiter \u00fcber die wichtigsten Richtlinien und Verfahren Ihres Unternehmens informiert sind. F\u00fcgen Sie wichtige Akten, Handb\u00fccher und mehr hinzu.<\/p>\n","protected":false},"featured_media":20479,"template":"","meta":{"_acf_changed":false,"inline_featured_image":false},"product_brand":[],"product_cat":[178],"product_tag":[],"class_list":{"0":"post-56251","1":"product","2":"type-product","3":"status-publish","4":"has-post-thumbnail","6":"product_cat-operations-hr","8":"first","9":"instock","10":"virtual","11":"sold-individually","12":"product-type-simple"},"acf":[],"yoast_head":"<!-- This site is optimized with the Yoast SEO plugin v25.3.1 - https:\/\/yoast.com\/wordpress\/plugins\/seo\/ -->\n<title>Vorlage f\u00fcr Unternehmensrichtlinien und -verfahren - Sales AI Agents<\/title>\n<meta name=\"description\" content=\"Stellen Sie mit dieser Vorlage sicher, dass Ihre Mitarbeiter \u00fcber die wichtigsten Richtlinien und Verfahren Ihres Unternehmens informiert sind. F\u00fcgen Sie wichtige Akten, Handb\u00fccher und mehr hinzu.\" \/>\n<meta name=\"robots\" content=\"index, follow, max-snippet:-1, max-image-preview:large, max-video-preview:-1\" \/>\n<link rel=\"canonical\" href=\"https:\/\/sales-ai-agents.com\/de\/templates\/company-policy-and-procedures\/\" \/>\n<meta property=\"og:locale\" content=\"de_DE\" \/>\n<meta property=\"og:type\" content=\"article\" \/>\n<meta property=\"og:title\" content=\"Vorlage f\u00fcr Unternehmensrichtlinien und -verfahren - Sales AI Agents\" \/>\n<meta property=\"og:description\" content=\"Stellen Sie mit dieser Vorlage sicher, dass Ihre Mitarbeiter \u00fcber die wichtigsten Richtlinien und Verfahren Ihres Unternehmens informiert sind. F\u00fcgen Sie wichtige Akten, Handb\u00fccher und mehr hinzu.\" \/>\n<meta property=\"og:url\" content=\"https:\/\/sales-ai-agents.com\/de\/templates\/company-policy-and-procedures\/\" \/>\n<meta property=\"og:site_name\" content=\"Sales AI Agents\" \/>\n<meta property=\"article:modified_time\" content=\"2023-12-26T15:52:25+00:00\" \/>\n<meta property=\"og:image\" content=\"https:\/\/sales-ai-agents.com\/wp-content\/uploads\/2023\/01\/image-preview120928.png\" \/>\n\t<meta property=\"og:image:width\" content=\"1078\" \/>\n\t<meta property=\"og:image:height\" content=\"1137\" \/>\n\t<meta property=\"og:image:type\" content=\"image\/png\" \/>\n<meta name=\"twitter:card\" content=\"summary_large_image\" \/>\n<script type=\"application\/ld+json\" class=\"yoast-schema-graph\">{\"@context\":\"https:\/\/schema.org\",\"@graph\":[{\"@type\":\"WebPage\",\"@id\":\"https:\/\/sales-ai-agents.com\/de\/templates\/company-policy-and-procedures\/\",\"url\":\"https:\/\/sales-ai-agents.com\/de\/templates\/company-policy-and-procedures\/\",\"name\":\"Vorlage f\u00fcr Unternehmensrichtlinien und -verfahren - Sales AI Agents\",\"isPartOf\":{\"@id\":\"https:\/\/sales-ai-agents.com\/#website\"},\"primaryImageOfPage\":{\"@id\":\"https:\/\/sales-ai-agents.com\/de\/templates\/company-policy-and-procedures\/#primaryimage\"},\"image\":{\"@id\":\"https:\/\/sales-ai-agents.com\/de\/templates\/company-policy-and-procedures\/#primaryimage\"},\"thumbnailUrl\":\"https:\/\/sales-ai-agents.com\/wp-content\/uploads\/2023\/01\/image-preview120928.png\",\"datePublished\":\"2022-09-26T12:21:04+00:00\",\"dateModified\":\"2023-12-26T15:52:25+00:00\",\"description\":\"Stellen Sie mit dieser Vorlage sicher, dass Ihre Mitarbeiter \u00fcber die wichtigsten Richtlinien und Verfahren Ihres Unternehmens informiert sind. F\u00fcgen Sie wichtige Akten, Handb\u00fccher und mehr hinzu.\",\"inLanguage\":\"de-DE\",\"potentialAction\":[{\"@type\":\"ReadAction\",\"target\":[\"https:\/\/sales-ai-agents.com\/de\/templates\/company-policy-and-procedures\/\"]}]},{\"@type\":\"ImageObject\",\"inLanguage\":\"de-DE\",\"@id\":\"https:\/\/sales-ai-agents.com\/de\/templates\/company-policy-and-procedures\/#primaryimage\",\"url\":\"https:\/\/sales-ai-agents.com\/wp-content\/uploads\/2023\/01\/image-preview120928.png\",\"contentUrl\":\"https:\/\/sales-ai-agents.com\/wp-content\/uploads\/2023\/01\/image-preview120928.png\",\"width\":1078,\"height\":1137,\"caption\":\"Company Policy and Procedures Template - Nimbus Platform\"},{\"@type\":\"WebSite\",\"@id\":\"https:\/\/sales-ai-agents.com\/#website\",\"url\":\"https:\/\/sales-ai-agents.com\/\",\"name\":\"FuseBase\",\"description\":\"Nimbus Platform - Free Online Collaboration Software for Remote Teams. Build your wikis, client portals and more with the Nimbus Platform collaboration tool ? A perfect space for online work\",\"publisher\":{\"@id\":\"https:\/\/sales-ai-agents.com\/#organization\"},\"potentialAction\":[{\"@type\":\"SearchAction\",\"target\":{\"@type\":\"EntryPoint\",\"urlTemplate\":\"https:\/\/sales-ai-agents.com\/?s={search_term_string}\"},\"query-input\":{\"@type\":\"PropertyValueSpecification\",\"valueRequired\":true,\"valueName\":\"search_term_string\"}}],\"inLanguage\":\"de-DE\"},{\"@type\":\"Organization\",\"@id\":\"https:\/\/sales-ai-agents.com\/#organization\",\"name\":\"FuseBase\",\"url\":\"https:\/\/sales-ai-agents.com\/\",\"logo\":{\"@type\":\"ImageObject\",\"inLanguage\":\"de-DE\",\"@id\":\"https:\/\/sales-ai-agents.com\/#\/schema\/logo\/image\/\",\"url\":\"https:\/\/sales-ai-agents.com\/wp-content\/uploads\/2023\/11\/icon-7.svg\",\"contentUrl\":\"https:\/\/sales-ai-agents.com\/wp-content\/uploads\/2023\/11\/icon-7.svg\",\"width\":128,\"height\":128,\"caption\":\"FuseBase\"},\"image\":{\"@id\":\"https:\/\/sales-ai-agents.com\/#\/schema\/logo\/image\/\"}}]}<\/script>\n<!-- \/ Yoast SEO plugin. -->","yoast_head_json":{"title":"Vorlage f\u00fcr Unternehmensrichtlinien und -verfahren - Sales AI Agents","description":"Stellen Sie mit dieser Vorlage sicher, dass Ihre Mitarbeiter \u00fcber die wichtigsten Richtlinien und Verfahren Ihres Unternehmens informiert sind. F\u00fcgen Sie wichtige Akten, Handb\u00fccher und mehr hinzu.","robots":{"index":"index","follow":"follow","max-snippet":"max-snippet:-1","max-image-preview":"max-image-preview:large","max-video-preview":"max-video-preview:-1"},"canonical":"https:\/\/sales-ai-agents.com\/de\/templates\/company-policy-and-procedures\/","og_locale":"de_DE","og_type":"article","og_title":"Vorlage f\u00fcr Unternehmensrichtlinien und -verfahren - Sales AI Agents","og_description":"Stellen Sie mit dieser Vorlage sicher, dass Ihre Mitarbeiter \u00fcber die wichtigsten Richtlinien und Verfahren Ihres Unternehmens informiert sind. F\u00fcgen Sie wichtige Akten, Handb\u00fccher und mehr hinzu.","og_url":"https:\/\/sales-ai-agents.com\/de\/templates\/company-policy-and-procedures\/","og_site_name":"Sales AI Agents","article_modified_time":"2023-12-26T15:52:25+00:00","og_image":[{"width":1078,"height":1137,"url":"https:\/\/sales-ai-agents.com\/wp-content\/uploads\/2023\/01\/image-preview120928.png","type":"image\/png"}],"twitter_card":"summary_large_image","schema":{"@context":"https:\/\/schema.org","@graph":[{"@type":"WebPage","@id":"https:\/\/sales-ai-agents.com\/de\/templates\/company-policy-and-procedures\/","url":"https:\/\/sales-ai-agents.com\/de\/templates\/company-policy-and-procedures\/","name":"Vorlage f\u00fcr Unternehmensrichtlinien und -verfahren - Sales AI Agents","isPartOf":{"@id":"https:\/\/sales-ai-agents.com\/#website"},"primaryImageOfPage":{"@id":"https:\/\/sales-ai-agents.com\/de\/templates\/company-policy-and-procedures\/#primaryimage"},"image":{"@id":"https:\/\/sales-ai-agents.com\/de\/templates\/company-policy-and-procedures\/#primaryimage"},"thumbnailUrl":"https:\/\/sales-ai-agents.com\/wp-content\/uploads\/2023\/01\/image-preview120928.png","datePublished":"2022-09-26T12:21:04+00:00","dateModified":"2023-12-26T15:52:25+00:00","description":"Stellen Sie mit dieser Vorlage sicher, dass Ihre Mitarbeiter \u00fcber die wichtigsten Richtlinien und Verfahren Ihres Unternehmens informiert sind. F\u00fcgen Sie wichtige Akten, Handb\u00fccher und mehr hinzu.","inLanguage":"de-DE","potentialAction":[{"@type":"ReadAction","target":["https:\/\/sales-ai-agents.com\/de\/templates\/company-policy-and-procedures\/"]}]},{"@type":"ImageObject","inLanguage":"de-DE","@id":"https:\/\/sales-ai-agents.com\/de\/templates\/company-policy-and-procedures\/#primaryimage","url":"https:\/\/sales-ai-agents.com\/wp-content\/uploads\/2023\/01\/image-preview120928.png","contentUrl":"https:\/\/sales-ai-agents.com\/wp-content\/uploads\/2023\/01\/image-preview120928.png","width":1078,"height":1137,"caption":"Company Policy and Procedures Template - Nimbus Platform"},{"@type":"WebSite","@id":"https:\/\/sales-ai-agents.com\/#website","url":"https:\/\/sales-ai-agents.com\/","name":"FuseBase","description":"Nimbus Platform - Free Online Collaboration Software for Remote Teams. Build your wikis, client portals and more with the Nimbus Platform collaboration tool ? A perfect space for online work","publisher":{"@id":"https:\/\/sales-ai-agents.com\/#organization"},"potentialAction":[{"@type":"SearchAction","target":{"@type":"EntryPoint","urlTemplate":"https:\/\/sales-ai-agents.com\/?s={search_term_string}"},"query-input":{"@type":"PropertyValueSpecification","valueRequired":true,"valueName":"search_term_string"}}],"inLanguage":"de-DE"},{"@type":"Organization","@id":"https:\/\/sales-ai-agents.com\/#organization","name":"FuseBase","url":"https:\/\/sales-ai-agents.com\/","logo":{"@type":"ImageObject","inLanguage":"de-DE","@id":"https:\/\/sales-ai-agents.com\/#\/schema\/logo\/image\/","url":"https:\/\/sales-ai-agents.com\/wp-content\/uploads\/2023\/11\/icon-7.svg","contentUrl":"https:\/\/sales-ai-agents.com\/wp-content\/uploads\/2023\/11\/icon-7.svg","width":128,"height":128,"caption":"FuseBase"},"image":{"@id":"https:\/\/sales-ai-agents.com\/#\/schema\/logo\/image\/"}}]}},"_links":{"self":[{"href":"https:\/\/sales-ai-agents.com\/de\/wp-json\/wp\/v2\/product\/56251","targetHints":{"allow":["GET"]}}],"collection":[{"href":"https:\/\/sales-ai-agents.com\/de\/wp-json\/wp\/v2\/product"}],"about":[{"href":"https:\/\/sales-ai-agents.com\/de\/wp-json\/wp\/v2\/types\/product"}],"wp:featuredmedia":[{"embeddable":true,"href":"https:\/\/sales-ai-agents.com\/de\/wp-json\/wp\/v2\/media\/20479"}],"wp:attachment":[{"href":"https:\/\/sales-ai-agents.com\/de\/wp-json\/wp\/v2\/media?parent=56251"}],"wp:term":[{"taxonomy":"product_brand","embeddable":true,"href":"https:\/\/sales-ai-agents.com\/de\/wp-json\/wp\/v2\/product_brand?post=56251"},{"taxonomy":"product_cat","embeddable":true,"href":"https:\/\/sales-ai-agents.com\/de\/wp-json\/wp\/v2\/product_cat?post=56251"},{"taxonomy":"product_tag","embeddable":true,"href":"https:\/\/sales-ai-agents.com\/de\/wp-json\/wp\/v2\/product_tag?post=56251"}],"curies":[{"name":"wp","href":"https:\/\/api.w.org\/{rel}","templated":true}]}}