{"id":56254,"date":"2022-09-26T12:21:00","date_gmt":"2022-09-26T12:21:00","guid":{"rendered":"https:\/\/sales-ai-agents.com\/templates\/single-project\/"},"modified":"2023-12-27T14:48:28","modified_gmt":"2023-12-27T14:48:28","slug":"single-project","status":"publish","type":"product","link":"https:\/\/sales-ai-agents.com\/de\/templates\/single-project\/","title":{"rendered":"Einzelnes Projekt"},"content":{"rendered":"<p>&nbsp;<\/p>\n<h2>Einzelne Projektvorlage<\/h2>\n<p class=\"desc-text\">Mit dieser Vorlage k\u00f6nnen Sie alle wichtigen Elemente Ihres Projekts definieren. Um Ihr Projekt abzuschlie\u00dfen, m\u00fcssen die zu erbringenden Leistungen festgelegt werden. Nachdem Sie die zu erbringenden Leistungen festgelegt haben, sollten Sie Informationen \u00fcber den Umfang Ihres Projekts und m\u00f6gliche Risiken oder Probleme einbeziehen. Indem Sie wichtige Ziele, Leistungen und Risiken notieren, k\u00f6nnen Sie strategisch planen, um Ihre Ziele zu erreichen.<\/p>\n<h5>Wie zu verwenden:<\/h5>\n<ul class=\"desc-item_list\">\n<li class=\"desc-item_list__point\">Geben Sie den Projekttitel und den Eigent\u00fcmer an<\/li>\n<li class=\"desc-item_list__point\">F\u00fcllen Sie die Tabelle mit Details zu Ihrem Projekt aus<\/li>\n<li class=\"desc-item_list__point\">Festlegung von Zielen und Leistungen<\/li>\n<li class=\"desc-item_list__point\">Definition des Umfangs und Festlegung wichtiger Meilensteine<\/li>\n<li class=\"desc-item_list__point\">Einf\u00fcgen hilfreicher Ressourcen zur Verwendung<\/li>\n<\/ul>\n","protected":false},"excerpt":{"rendered":"<p>Mit dieser Vorlage k\u00f6nnen Sie alle Schl\u00fcsselelemente Ihres Projekts einfach definieren. Schreiben Sie Ziele, Leistungen, Umfang, Meilensteine, Risiken und Ressourcen auf.<\/p>\n","protected":false},"featured_media":28787,"template":"","meta":{"_acf_changed":false,"inline_featured_image":false},"product_brand":[],"product_cat":[186,190,191,169],"product_tag":[],"class_list":{"0":"post-56254","1":"product","2":"type-product","3":"status-publish","4":"has-post-thumbnail","6":"product_cat-product","7":"product_cat-project-documents","8":"product_cat-project-management","9":"product_cat-entrepreneur","11":"first","12":"instock","13":"virtual","14":"sold-individually","15":"product-type-simple"},"acf":[],"yoast_head":"<!-- This site is optimized with the Yoast SEO plugin v25.3.1 - https:\/\/yoast.com\/wordpress\/plugins\/seo\/ -->\n<title>Einzelprojektvorlage - Sales AI Agents<\/title>\n<meta name=\"description\" content=\"Mit dieser Vorlage k\u00f6nnen Sie alle Schl\u00fcsselelemente Ihres Projekts einfach definieren. Schreiben Sie Ziele, Leistungen, Umfang, Meilensteine, Risiken und Ressourcen auf!\" \/>\n<meta name=\"robots\" content=\"index, follow, max-snippet:-1, max-image-preview:large, max-video-preview:-1\" \/>\n<link rel=\"canonical\" href=\"https:\/\/sales-ai-agents.com\/de\/templates\/single-project\/\" \/>\n<meta property=\"og:locale\" content=\"de_DE\" \/>\n<meta property=\"og:type\" content=\"article\" \/>\n<meta property=\"og:title\" content=\"Einzelprojektvorlage - Sales AI Agents\" \/>\n<meta property=\"og:description\" content=\"Mit dieser Vorlage k\u00f6nnen Sie alle Schl\u00fcsselelemente Ihres Projekts einfach definieren. Schreiben Sie Ziele, Leistungen, Umfang, Meilensteine, Risiken und Ressourcen auf!\" \/>\n<meta property=\"og:url\" content=\"https:\/\/sales-ai-agents.com\/de\/templates\/single-project\/\" \/>\n<meta property=\"og:site_name\" content=\"Sales AI Agents\" \/>\n<meta property=\"article:modified_time\" content=\"2023-12-27T14:48:28+00:00\" \/>\n<meta property=\"og:image\" content=\"https:\/\/sales-ai-agents.com\/wp-content\/uploads\/2022\/09\/Single-Project-Template.png\" \/>\n\t<meta property=\"og:image:width\" content=\"1700\" \/>\n\t<meta property=\"og:image:height\" content=\"1100\" \/>\n\t<meta property=\"og:image:type\" content=\"image\/png\" \/>\n<meta name=\"twitter:card\" content=\"summary_large_image\" \/>\n<script type=\"application\/ld+json\" class=\"yoast-schema-graph\">{\"@context\":\"https:\/\/schema.org\",\"@graph\":[{\"@type\":\"WebPage\",\"@id\":\"https:\/\/sales-ai-agents.com\/de\/templates\/single-project\/\",\"url\":\"https:\/\/sales-ai-agents.com\/de\/templates\/single-project\/\",\"name\":\"Einzelprojektvorlage - Sales AI Agents\",\"isPartOf\":{\"@id\":\"https:\/\/sales-ai-agents.com\/#website\"},\"primaryImageOfPage\":{\"@id\":\"https:\/\/sales-ai-agents.com\/de\/templates\/single-project\/#primaryimage\"},\"image\":{\"@id\":\"https:\/\/sales-ai-agents.com\/de\/templates\/single-project\/#primaryimage\"},\"thumbnailUrl\":\"https:\/\/sales-ai-agents.com\/wp-content\/uploads\/2022\/09\/Single-Project-Template.png\",\"datePublished\":\"2022-09-26T12:21:00+00:00\",\"dateModified\":\"2023-12-27T14:48:28+00:00\",\"description\":\"Mit dieser Vorlage k\u00f6nnen Sie alle Schl\u00fcsselelemente Ihres Projekts einfach definieren. Schreiben Sie Ziele, Leistungen, Umfang, Meilensteine, Risiken und Ressourcen auf!\",\"inLanguage\":\"de-DE\",\"potentialAction\":[{\"@type\":\"ReadAction\",\"target\":[\"https:\/\/sales-ai-agents.com\/de\/templates\/single-project\/\"]}]},{\"@type\":\"ImageObject\",\"inLanguage\":\"de-DE\",\"@id\":\"https:\/\/sales-ai-agents.com\/de\/templates\/single-project\/#primaryimage\",\"url\":\"https:\/\/sales-ai-agents.com\/wp-content\/uploads\/2022\/09\/Single-Project-Template.png\",\"contentUrl\":\"https:\/\/sales-ai-agents.com\/wp-content\/uploads\/2022\/09\/Single-Project-Template.png\",\"width\":1700,\"height\":1100,\"caption\":\"With this Single Project template, you can easily define all the key elements of your project.\"},{\"@type\":\"WebSite\",\"@id\":\"https:\/\/sales-ai-agents.com\/#website\",\"url\":\"https:\/\/sales-ai-agents.com\/\",\"name\":\"FuseBase\",\"description\":\"Nimbus Platform - Free Online Collaboration Software for Remote Teams. Build your wikis, client portals and more with the Nimbus Platform collaboration tool ? A perfect space for online work\",\"publisher\":{\"@id\":\"https:\/\/sales-ai-agents.com\/#organization\"},\"potentialAction\":[{\"@type\":\"SearchAction\",\"target\":{\"@type\":\"EntryPoint\",\"urlTemplate\":\"https:\/\/sales-ai-agents.com\/?s={search_term_string}\"},\"query-input\":{\"@type\":\"PropertyValueSpecification\",\"valueRequired\":true,\"valueName\":\"search_term_string\"}}],\"inLanguage\":\"de-DE\"},{\"@type\":\"Organization\",\"@id\":\"https:\/\/sales-ai-agents.com\/#organization\",\"name\":\"FuseBase\",\"url\":\"https:\/\/sales-ai-agents.com\/\",\"logo\":{\"@type\":\"ImageObject\",\"inLanguage\":\"de-DE\",\"@id\":\"https:\/\/sales-ai-agents.com\/#\/schema\/logo\/image\/\",\"url\":\"https:\/\/sales-ai-agents.com\/wp-content\/uploads\/2023\/11\/icon-7.svg\",\"contentUrl\":\"https:\/\/sales-ai-agents.com\/wp-content\/uploads\/2023\/11\/icon-7.svg\",\"width\":128,\"height\":128,\"caption\":\"FuseBase\"},\"image\":{\"@id\":\"https:\/\/sales-ai-agents.com\/#\/schema\/logo\/image\/\"}}]}<\/script>\n<!-- \/ Yoast SEO plugin. -->","yoast_head_json":{"title":"Einzelprojektvorlage - Sales AI Agents","description":"Mit dieser Vorlage k\u00f6nnen Sie alle Schl\u00fcsselelemente Ihres Projekts einfach definieren. Schreiben Sie Ziele, Leistungen, Umfang, Meilensteine, Risiken und Ressourcen auf!","robots":{"index":"index","follow":"follow","max-snippet":"max-snippet:-1","max-image-preview":"max-image-preview:large","max-video-preview":"max-video-preview:-1"},"canonical":"https:\/\/sales-ai-agents.com\/de\/templates\/single-project\/","og_locale":"de_DE","og_type":"article","og_title":"Einzelprojektvorlage - Sales AI Agents","og_description":"Mit dieser Vorlage k\u00f6nnen Sie alle Schl\u00fcsselelemente Ihres Projekts einfach definieren. Schreiben Sie Ziele, Leistungen, Umfang, Meilensteine, Risiken und Ressourcen auf!","og_url":"https:\/\/sales-ai-agents.com\/de\/templates\/single-project\/","og_site_name":"Sales AI Agents","article_modified_time":"2023-12-27T14:48:28+00:00","og_image":[{"width":1700,"height":1100,"url":"https:\/\/sales-ai-agents.com\/wp-content\/uploads\/2022\/09\/Single-Project-Template.png","type":"image\/png"}],"twitter_card":"summary_large_image","schema":{"@context":"https:\/\/schema.org","@graph":[{"@type":"WebPage","@id":"https:\/\/sales-ai-agents.com\/de\/templates\/single-project\/","url":"https:\/\/sales-ai-agents.com\/de\/templates\/single-project\/","name":"Einzelprojektvorlage - Sales AI Agents","isPartOf":{"@id":"https:\/\/sales-ai-agents.com\/#website"},"primaryImageOfPage":{"@id":"https:\/\/sales-ai-agents.com\/de\/templates\/single-project\/#primaryimage"},"image":{"@id":"https:\/\/sales-ai-agents.com\/de\/templates\/single-project\/#primaryimage"},"thumbnailUrl":"https:\/\/sales-ai-agents.com\/wp-content\/uploads\/2022\/09\/Single-Project-Template.png","datePublished":"2022-09-26T12:21:00+00:00","dateModified":"2023-12-27T14:48:28+00:00","description":"Mit dieser Vorlage k\u00f6nnen Sie alle Schl\u00fcsselelemente Ihres Projekts einfach definieren. Schreiben Sie Ziele, Leistungen, Umfang, Meilensteine, Risiken und Ressourcen auf!","inLanguage":"de-DE","potentialAction":[{"@type":"ReadAction","target":["https:\/\/sales-ai-agents.com\/de\/templates\/single-project\/"]}]},{"@type":"ImageObject","inLanguage":"de-DE","@id":"https:\/\/sales-ai-agents.com\/de\/templates\/single-project\/#primaryimage","url":"https:\/\/sales-ai-agents.com\/wp-content\/uploads\/2022\/09\/Single-Project-Template.png","contentUrl":"https:\/\/sales-ai-agents.com\/wp-content\/uploads\/2022\/09\/Single-Project-Template.png","width":1700,"height":1100,"caption":"With this Single Project template, you can easily define all the key elements of your project."},{"@type":"WebSite","@id":"https:\/\/sales-ai-agents.com\/#website","url":"https:\/\/sales-ai-agents.com\/","name":"FuseBase","description":"Nimbus Platform - Free Online Collaboration Software for Remote Teams. Build your wikis, client portals and more with the Nimbus Platform collaboration tool ? A perfect space for online work","publisher":{"@id":"https:\/\/sales-ai-agents.com\/#organization"},"potentialAction":[{"@type":"SearchAction","target":{"@type":"EntryPoint","urlTemplate":"https:\/\/sales-ai-agents.com\/?s={search_term_string}"},"query-input":{"@type":"PropertyValueSpecification","valueRequired":true,"valueName":"search_term_string"}}],"inLanguage":"de-DE"},{"@type":"Organization","@id":"https:\/\/sales-ai-agents.com\/#organization","name":"FuseBase","url":"https:\/\/sales-ai-agents.com\/","logo":{"@type":"ImageObject","inLanguage":"de-DE","@id":"https:\/\/sales-ai-agents.com\/#\/schema\/logo\/image\/","url":"https:\/\/sales-ai-agents.com\/wp-content\/uploads\/2023\/11\/icon-7.svg","contentUrl":"https:\/\/sales-ai-agents.com\/wp-content\/uploads\/2023\/11\/icon-7.svg","width":128,"height":128,"caption":"FuseBase"},"image":{"@id":"https:\/\/sales-ai-agents.com\/#\/schema\/logo\/image\/"}}]}},"_links":{"self":[{"href":"https:\/\/sales-ai-agents.com\/de\/wp-json\/wp\/v2\/product\/56254","targetHints":{"allow":["GET"]}}],"collection":[{"href":"https:\/\/sales-ai-agents.com\/de\/wp-json\/wp\/v2\/product"}],"about":[{"href":"https:\/\/sales-ai-agents.com\/de\/wp-json\/wp\/v2\/types\/product"}],"wp:featuredmedia":[{"embeddable":true,"href":"https:\/\/sales-ai-agents.com\/de\/wp-json\/wp\/v2\/media\/28787"}],"wp:attachment":[{"href":"https:\/\/sales-ai-agents.com\/de\/wp-json\/wp\/v2\/media?parent=56254"}],"wp:term":[{"taxonomy":"product_brand","embeddable":true,"href":"https:\/\/sales-ai-agents.com\/de\/wp-json\/wp\/v2\/product_brand?post=56254"},{"taxonomy":"product_cat","embeddable":true,"href":"https:\/\/sales-ai-agents.com\/de\/wp-json\/wp\/v2\/product_cat?post=56254"},{"taxonomy":"product_tag","embeddable":true,"href":"https:\/\/sales-ai-agents.com\/de\/wp-json\/wp\/v2\/product_tag?post=56254"}],"curies":[{"name":"wp","href":"https:\/\/api.w.org\/{rel}","templated":true}]}}