{"id":56257,"date":"2022-09-26T12:19:50","date_gmt":"2022-09-26T12:19:50","guid":{"rendered":"https:\/\/sales-ai-agents.com\/templates\/brainstorm-pros-and-cons\/"},"modified":"2023-12-27T14:20:21","modified_gmt":"2023-12-27T14:20:21","slug":"brainstorm-pros-and-cons","status":"publish","type":"product","link":"https:\/\/sales-ai-agents.com\/de\/templates\/brainstorm-pros-and-cons\/","title":{"rendered":"Brainstorming Pro und Kontra"},"content":{"rendered":"<p>&nbsp;<\/p>\n<h2>Brainstorming-Vorlage Pro und Kontra<\/h2>\n<p class=\"desc-text\">Bei der Entscheidungsfindung kann eine Auflistung der Vor- und Nachteile den Prozess erleichtern. Mit dieser Vorlage k\u00f6nnen Sie die Vor- und Nachteile der von Ihnen ins Auge gefassten Ma\u00dfnahmen abw\u00e4gen. M\u00fcssen Sie sich zwischen zwei Produkten entscheiden oder eine Entscheidung treffen? Analysieren Sie dann die Vor- und Nachteile. Indem Sie die Argumente f\u00fcr oder gegen etwas bewerten, k\u00f6nnen Sie eine bessere Entscheidung treffen.<\/p>\n<p>Geben Sie die Vorlage an Ihr Team weiter, und sammeln Sie die Gedanken aller Beteiligten.<\/p>\n<p>&nbsp;<\/p>\n<h5>Wie zu verwenden:<\/h5>\n<ul class=\"desc-item_list\">\n<li class=\"desc-item_list__point\">Identifizieren Sie ein zu l\u00f6sendes Problem<\/li>\n<li class=\"desc-item_list__point\">Listen Sie die Vor- und Nachteile auf der linken Seite auf<\/li>\n<li class=\"desc-item_list__point\">Nennen Sie die Vor- und Nachteile auf der rechten Seite<\/li>\n<li class=\"desc-item_list__point\">F\u00fcgen Sie eventuelle Notizen auf dem Boden ein<\/li>\n<li class=\"desc-item_list__point\">Bewerten Sie Ihre Optionen, um eine Entscheidung zu treffen<\/li>\n<\/ul>\n","protected":false},"excerpt":{"rendered":"<p>Bei der Entscheidungsfindung kann eine Auflistung der Vor- und Nachteile den Prozess erleichtern. Mit dieser kostenlosen Vorlage k\u00f6nnen Sie die Vor- und Nachteile abw\u00e4gen.<\/p>\n","protected":false},"featured_media":20542,"template":"","meta":{"_acf_changed":false,"inline_featured_image":false},"product_brand":[],"product_cat":[179,191],"product_tag":[],"class_list":{"0":"post-56257","1":"product","2":"type-product","3":"status-publish","4":"has-post-thumbnail","6":"product_cat-organizers-planners","7":"product_cat-project-management","8":"collections-team","10":"first","11":"instock","12":"virtual","13":"sold-individually","14":"product-type-simple"},"acf":[],"yoast_head":"<!-- This site is optimized with the Yoast SEO plugin v25.3.1 - https:\/\/yoast.com\/wordpress\/plugins\/seo\/ -->\n<title>Brainstorming Pro und Kontra Vorlage - Sales AI Agents<\/title>\n<meta name=\"description\" content=\"Bei der Entscheidungsfindung kann eine Auflistung der Vor- und Nachteile den Prozess erleichtern. Mit dieser kostenlosen Vorlage k\u00f6nnen Sie die Vor- und Nachteile abw\u00e4gen.\" \/>\n<meta name=\"robots\" content=\"index, follow, max-snippet:-1, max-image-preview:large, max-video-preview:-1\" \/>\n<link rel=\"canonical\" href=\"https:\/\/sales-ai-agents.com\/de\/templates\/brainstorm-pros-and-cons\/\" \/>\n<meta property=\"og:locale\" content=\"de_DE\" \/>\n<meta property=\"og:type\" content=\"article\" \/>\n<meta property=\"og:title\" content=\"Brainstorming Pro und Kontra Vorlage - Sales AI Agents\" \/>\n<meta property=\"og:description\" content=\"Bei der Entscheidungsfindung kann eine Auflistung der Vor- und Nachteile den Prozess erleichtern. Mit dieser kostenlosen Vorlage k\u00f6nnen Sie die Vor- und Nachteile abw\u00e4gen.\" \/>\n<meta property=\"og:url\" content=\"https:\/\/sales-ai-agents.com\/de\/templates\/brainstorm-pros-and-cons\/\" \/>\n<meta property=\"og:site_name\" content=\"Sales AI Agents\" \/>\n<meta property=\"article:modified_time\" content=\"2023-12-27T14:20:21+00:00\" \/>\n<meta property=\"og:image\" content=\"https:\/\/sales-ai-agents.com\/wp-content\/uploads\/2023\/01\/image-preview121323.png\" \/>\n\t<meta property=\"og:image:width\" content=\"1078\" \/>\n\t<meta property=\"og:image:height\" content=\"760\" \/>\n\t<meta property=\"og:image:type\" content=\"image\/png\" \/>\n<meta name=\"twitter:card\" content=\"summary_large_image\" \/>\n<script type=\"application\/ld+json\" class=\"yoast-schema-graph\">{\"@context\":\"https:\/\/schema.org\",\"@graph\":[{\"@type\":\"WebPage\",\"@id\":\"https:\/\/sales-ai-agents.com\/de\/templates\/brainstorm-pros-and-cons\/\",\"url\":\"https:\/\/sales-ai-agents.com\/de\/templates\/brainstorm-pros-and-cons\/\",\"name\":\"Brainstorming Pro und Kontra Vorlage - Sales AI Agents\",\"isPartOf\":{\"@id\":\"https:\/\/sales-ai-agents.com\/#website\"},\"primaryImageOfPage\":{\"@id\":\"https:\/\/sales-ai-agents.com\/de\/templates\/brainstorm-pros-and-cons\/#primaryimage\"},\"image\":{\"@id\":\"https:\/\/sales-ai-agents.com\/de\/templates\/brainstorm-pros-and-cons\/#primaryimage\"},\"thumbnailUrl\":\"https:\/\/sales-ai-agents.com\/wp-content\/uploads\/2023\/01\/image-preview121323.png\",\"datePublished\":\"2022-09-26T12:19:50+00:00\",\"dateModified\":\"2023-12-27T14:20:21+00:00\",\"description\":\"Bei der Entscheidungsfindung kann eine Auflistung der Vor- und Nachteile den Prozess erleichtern. Mit dieser kostenlosen Vorlage k\u00f6nnen Sie die Vor- und Nachteile abw\u00e4gen.\",\"inLanguage\":\"de-DE\",\"potentialAction\":[{\"@type\":\"ReadAction\",\"target\":[\"https:\/\/sales-ai-agents.com\/de\/templates\/brainstorm-pros-and-cons\/\"]}]},{\"@type\":\"ImageObject\",\"inLanguage\":\"de-DE\",\"@id\":\"https:\/\/sales-ai-agents.com\/de\/templates\/brainstorm-pros-and-cons\/#primaryimage\",\"url\":\"https:\/\/sales-ai-agents.com\/wp-content\/uploads\/2023\/01\/image-preview121323.png\",\"contentUrl\":\"https:\/\/sales-ai-agents.com\/wp-content\/uploads\/2023\/01\/image-preview121323.png\",\"width\":1078,\"height\":760,\"caption\":\"Brainstorm Pros and Cons Template - Nimbus Platform\"},{\"@type\":\"WebSite\",\"@id\":\"https:\/\/sales-ai-agents.com\/#website\",\"url\":\"https:\/\/sales-ai-agents.com\/\",\"name\":\"FuseBase\",\"description\":\"Nimbus Platform - Free Online Collaboration Software for Remote Teams. Build your wikis, client portals and more with the Nimbus Platform collaboration tool ? A perfect space for online work\",\"publisher\":{\"@id\":\"https:\/\/sales-ai-agents.com\/#organization\"},\"potentialAction\":[{\"@type\":\"SearchAction\",\"target\":{\"@type\":\"EntryPoint\",\"urlTemplate\":\"https:\/\/sales-ai-agents.com\/?s={search_term_string}\"},\"query-input\":{\"@type\":\"PropertyValueSpecification\",\"valueRequired\":true,\"valueName\":\"search_term_string\"}}],\"inLanguage\":\"de-DE\"},{\"@type\":\"Organization\",\"@id\":\"https:\/\/sales-ai-agents.com\/#organization\",\"name\":\"FuseBase\",\"url\":\"https:\/\/sales-ai-agents.com\/\",\"logo\":{\"@type\":\"ImageObject\",\"inLanguage\":\"de-DE\",\"@id\":\"https:\/\/sales-ai-agents.com\/#\/schema\/logo\/image\/\",\"url\":\"https:\/\/sales-ai-agents.com\/wp-content\/uploads\/2023\/11\/icon-7.svg\",\"contentUrl\":\"https:\/\/sales-ai-agents.com\/wp-content\/uploads\/2023\/11\/icon-7.svg\",\"width\":128,\"height\":128,\"caption\":\"FuseBase\"},\"image\":{\"@id\":\"https:\/\/sales-ai-agents.com\/#\/schema\/logo\/image\/\"}}]}<\/script>\n<!-- \/ Yoast SEO plugin. -->","yoast_head_json":{"title":"Brainstorming Pro und Kontra Vorlage - Sales AI Agents","description":"Bei der Entscheidungsfindung kann eine Auflistung der Vor- und Nachteile den Prozess erleichtern. Mit dieser kostenlosen Vorlage k\u00f6nnen Sie die Vor- und Nachteile abw\u00e4gen.","robots":{"index":"index","follow":"follow","max-snippet":"max-snippet:-1","max-image-preview":"max-image-preview:large","max-video-preview":"max-video-preview:-1"},"canonical":"https:\/\/sales-ai-agents.com\/de\/templates\/brainstorm-pros-and-cons\/","og_locale":"de_DE","og_type":"article","og_title":"Brainstorming Pro und Kontra Vorlage - Sales AI Agents","og_description":"Bei der Entscheidungsfindung kann eine Auflistung der Vor- und Nachteile den Prozess erleichtern. Mit dieser kostenlosen Vorlage k\u00f6nnen Sie die Vor- und Nachteile abw\u00e4gen.","og_url":"https:\/\/sales-ai-agents.com\/de\/templates\/brainstorm-pros-and-cons\/","og_site_name":"Sales AI Agents","article_modified_time":"2023-12-27T14:20:21+00:00","og_image":[{"width":1078,"height":760,"url":"https:\/\/sales-ai-agents.com\/wp-content\/uploads\/2023\/01\/image-preview121323.png","type":"image\/png"}],"twitter_card":"summary_large_image","schema":{"@context":"https:\/\/schema.org","@graph":[{"@type":"WebPage","@id":"https:\/\/sales-ai-agents.com\/de\/templates\/brainstorm-pros-and-cons\/","url":"https:\/\/sales-ai-agents.com\/de\/templates\/brainstorm-pros-and-cons\/","name":"Brainstorming Pro und Kontra Vorlage - Sales AI Agents","isPartOf":{"@id":"https:\/\/sales-ai-agents.com\/#website"},"primaryImageOfPage":{"@id":"https:\/\/sales-ai-agents.com\/de\/templates\/brainstorm-pros-and-cons\/#primaryimage"},"image":{"@id":"https:\/\/sales-ai-agents.com\/de\/templates\/brainstorm-pros-and-cons\/#primaryimage"},"thumbnailUrl":"https:\/\/sales-ai-agents.com\/wp-content\/uploads\/2023\/01\/image-preview121323.png","datePublished":"2022-09-26T12:19:50+00:00","dateModified":"2023-12-27T14:20:21+00:00","description":"Bei der Entscheidungsfindung kann eine Auflistung der Vor- und Nachteile den Prozess erleichtern. Mit dieser kostenlosen Vorlage k\u00f6nnen Sie die Vor- und Nachteile abw\u00e4gen.","inLanguage":"de-DE","potentialAction":[{"@type":"ReadAction","target":["https:\/\/sales-ai-agents.com\/de\/templates\/brainstorm-pros-and-cons\/"]}]},{"@type":"ImageObject","inLanguage":"de-DE","@id":"https:\/\/sales-ai-agents.com\/de\/templates\/brainstorm-pros-and-cons\/#primaryimage","url":"https:\/\/sales-ai-agents.com\/wp-content\/uploads\/2023\/01\/image-preview121323.png","contentUrl":"https:\/\/sales-ai-agents.com\/wp-content\/uploads\/2023\/01\/image-preview121323.png","width":1078,"height":760,"caption":"Brainstorm Pros and Cons Template - Nimbus Platform"},{"@type":"WebSite","@id":"https:\/\/sales-ai-agents.com\/#website","url":"https:\/\/sales-ai-agents.com\/","name":"FuseBase","description":"Nimbus Platform - Free Online Collaboration Software for Remote Teams. Build your wikis, client portals and more with the Nimbus Platform collaboration tool ? A perfect space for online work","publisher":{"@id":"https:\/\/sales-ai-agents.com\/#organization"},"potentialAction":[{"@type":"SearchAction","target":{"@type":"EntryPoint","urlTemplate":"https:\/\/sales-ai-agents.com\/?s={search_term_string}"},"query-input":{"@type":"PropertyValueSpecification","valueRequired":true,"valueName":"search_term_string"}}],"inLanguage":"de-DE"},{"@type":"Organization","@id":"https:\/\/sales-ai-agents.com\/#organization","name":"FuseBase","url":"https:\/\/sales-ai-agents.com\/","logo":{"@type":"ImageObject","inLanguage":"de-DE","@id":"https:\/\/sales-ai-agents.com\/#\/schema\/logo\/image\/","url":"https:\/\/sales-ai-agents.com\/wp-content\/uploads\/2023\/11\/icon-7.svg","contentUrl":"https:\/\/sales-ai-agents.com\/wp-content\/uploads\/2023\/11\/icon-7.svg","width":128,"height":128,"caption":"FuseBase"},"image":{"@id":"https:\/\/sales-ai-agents.com\/#\/schema\/logo\/image\/"}}]}},"_links":{"self":[{"href":"https:\/\/sales-ai-agents.com\/de\/wp-json\/wp\/v2\/product\/56257","targetHints":{"allow":["GET"]}}],"collection":[{"href":"https:\/\/sales-ai-agents.com\/de\/wp-json\/wp\/v2\/product"}],"about":[{"href":"https:\/\/sales-ai-agents.com\/de\/wp-json\/wp\/v2\/types\/product"}],"wp:featuredmedia":[{"embeddable":true,"href":"https:\/\/sales-ai-agents.com\/de\/wp-json\/wp\/v2\/media\/20542"}],"wp:attachment":[{"href":"https:\/\/sales-ai-agents.com\/de\/wp-json\/wp\/v2\/media?parent=56257"}],"wp:term":[{"taxonomy":"product_brand","embeddable":true,"href":"https:\/\/sales-ai-agents.com\/de\/wp-json\/wp\/v2\/product_brand?post=56257"},{"taxonomy":"product_cat","embeddable":true,"href":"https:\/\/sales-ai-agents.com\/de\/wp-json\/wp\/v2\/product_cat?post=56257"},{"taxonomy":"product_tag","embeddable":true,"href":"https:\/\/sales-ai-agents.com\/de\/wp-json\/wp\/v2\/product_tag?post=56257"}],"curies":[{"name":"wp","href":"https:\/\/api.w.org\/{rel}","templated":true}]}}