{"id":56260,"date":"2022-09-26T12:19:46","date_gmt":"2022-09-26T12:19:46","guid":{"rendered":"https:\/\/sales-ai-agents.com\/templates\/course-homepage\/"},"modified":"2023-12-27T19:44:13","modified_gmt":"2023-12-27T19:44:13","slug":"course-homepage","status":"publish","type":"product","link":"https:\/\/sales-ai-agents.com\/de\/templates\/course-homepage\/","title":{"rendered":"Kurs-Homepage"},"content":{"rendered":"<p>&nbsp;<\/p>\n<h2>Kurs-Homepage-Vorlage<\/h2>\n<p class=\"desc-text\">In dieser Homepage-Vorlage k\u00f6nnen Sie alle wichtigen Informationen zum Kurs mit Hilfe der speziellen Unterrichts-Toolbox einf\u00fcgen. Sie k\u00f6nnen zum Beispiel einen Lehrplan, einen Zeitplan, digitale Lernkarten und neue Ank\u00fcndigungen hinzuf\u00fcgen. Geben Sie Ihren Sch\u00fclern und Studenten Zugang, damit sie sich in Echtzeit auf dem Laufenden halten k\u00f6nnen. Verwenden Sie markante Farben, um Ihre Informationen hervorzuheben. Halten Sie alle auf dem Laufenden, indem Sie sie teilen und Tags und Erw\u00e4hnungen verwenden.<\/p>\n<h5>Wie zu verwenden:<\/h5>\n<ul class=\"desc-item_list\">\n<li class=\"desc-item_list__point\">Link oder Anhang zu wichtigen Kursinformationen<\/li>\n<li class=\"desc-item_list__point\">Erstellen Sie einen farbcodierten Zeitplan<\/li>\n<li class=\"desc-item_list__point\">Auflistung der Themen im Klassenzimmer in den entsprechenden Spalten<\/li>\n<li class=\"desc-item_list__point\">Verwenden Sie die Tabelle, um Ank\u00fcndigungen zu ver\u00f6ffentlichen<\/li>\n<li class=\"desc-item_list__point\">W\u00e4hlen Sie das aktuelle Datum und laden Sie die entsprechenden Anh\u00e4nge hoch<\/li>\n<\/ul>\n","protected":false},"excerpt":{"rendered":"<p>In dieser kostenlosen, anpassbaren Homepage-Vorlage k\u00f6nnen Sie alle wesentlichen Kursinformationen f\u00fcr Ihr Studium wie den Lehrplan, den Zeitplan und neue Ank\u00fcndigungen einf\u00fcgen.<\/p>\n","protected":false},"featured_media":20534,"template":"","meta":{"_acf_changed":false,"inline_featured_image":false},"product_brand":[],"product_cat":[198],"product_tag":[],"class_list":{"0":"post-56260","1":"product","2":"type-product","3":"status-publish","4":"has-post-thumbnail","6":"product_cat-teacher","8":"first","9":"instock","10":"virtual","11":"sold-individually","12":"product-type-simple"},"acf":[],"yoast_head":"<!-- This site is optimized with the Yoast SEO plugin v25.3.1 - https:\/\/yoast.com\/wordpress\/plugins\/seo\/ -->\n<title>Kurs-Homepage-Vorlage - Sales AI Agents<\/title>\n<meta name=\"description\" content=\"In dieser kostenlosen, anpassbaren Homepage-Vorlage k\u00f6nnen Sie alle wichtigen Kursinformationen f\u00fcr Ihr Studium einf\u00fcgen, wie z.B. den Lehrplan, Zeitplan, neue Ank\u00fcndigungen\" \/>\n<meta name=\"robots\" content=\"index, follow, max-snippet:-1, max-image-preview:large, max-video-preview:-1\" \/>\n<link rel=\"canonical\" href=\"https:\/\/sales-ai-agents.com\/de\/templates\/course-homepage\/\" \/>\n<meta property=\"og:locale\" content=\"de_DE\" \/>\n<meta property=\"og:type\" content=\"article\" \/>\n<meta property=\"og:title\" content=\"Kurs-Homepage-Vorlage - Sales AI Agents\" \/>\n<meta property=\"og:description\" content=\"In dieser kostenlosen, anpassbaren Homepage-Vorlage k\u00f6nnen Sie alle wichtigen Kursinformationen f\u00fcr Ihr Studium einf\u00fcgen, wie z.B. den Lehrplan, Zeitplan, neue Ank\u00fcndigungen\" \/>\n<meta property=\"og:url\" content=\"https:\/\/sales-ai-agents.com\/de\/templates\/course-homepage\/\" \/>\n<meta property=\"og:site_name\" content=\"Sales AI Agents\" \/>\n<meta property=\"article:modified_time\" content=\"2023-12-27T19:44:13+00:00\" \/>\n<meta property=\"og:image\" content=\"https:\/\/sales-ai-agents.com\/wp-content\/uploads\/2023\/01\/image-preview121241.png\" \/>\n\t<meta property=\"og:image:width\" content=\"1078\" \/>\n\t<meta property=\"og:image:height\" content=\"907\" \/>\n\t<meta property=\"og:image:type\" content=\"image\/png\" \/>\n<meta name=\"twitter:card\" content=\"summary_large_image\" \/>\n<script type=\"application\/ld+json\" class=\"yoast-schema-graph\">{\"@context\":\"https:\/\/schema.org\",\"@graph\":[{\"@type\":\"WebPage\",\"@id\":\"https:\/\/sales-ai-agents.com\/de\/templates\/course-homepage\/\",\"url\":\"https:\/\/sales-ai-agents.com\/de\/templates\/course-homepage\/\",\"name\":\"Kurs-Homepage-Vorlage - Sales AI Agents\",\"isPartOf\":{\"@id\":\"https:\/\/sales-ai-agents.com\/#website\"},\"primaryImageOfPage\":{\"@id\":\"https:\/\/sales-ai-agents.com\/de\/templates\/course-homepage\/#primaryimage\"},\"image\":{\"@id\":\"https:\/\/sales-ai-agents.com\/de\/templates\/course-homepage\/#primaryimage\"},\"thumbnailUrl\":\"https:\/\/sales-ai-agents.com\/wp-content\/uploads\/2023\/01\/image-preview121241.png\",\"datePublished\":\"2022-09-26T12:19:46+00:00\",\"dateModified\":\"2023-12-27T19:44:13+00:00\",\"description\":\"In dieser kostenlosen, anpassbaren Homepage-Vorlage k\u00f6nnen Sie alle wichtigen Kursinformationen f\u00fcr Ihr Studium einf\u00fcgen, wie z.B. den Lehrplan, Zeitplan, neue Ank\u00fcndigungen\",\"inLanguage\":\"de-DE\",\"potentialAction\":[{\"@type\":\"ReadAction\",\"target\":[\"https:\/\/sales-ai-agents.com\/de\/templates\/course-homepage\/\"]}]},{\"@type\":\"ImageObject\",\"inLanguage\":\"de-DE\",\"@id\":\"https:\/\/sales-ai-agents.com\/de\/templates\/course-homepage\/#primaryimage\",\"url\":\"https:\/\/sales-ai-agents.com\/wp-content\/uploads\/2023\/01\/image-preview121241.png\",\"contentUrl\":\"https:\/\/sales-ai-agents.com\/wp-content\/uploads\/2023\/01\/image-preview121241.png\",\"width\":1078,\"height\":907,\"caption\":\"Course Homepage Template - Nimbus Platform\"},{\"@type\":\"WebSite\",\"@id\":\"https:\/\/sales-ai-agents.com\/#website\",\"url\":\"https:\/\/sales-ai-agents.com\/\",\"name\":\"FuseBase\",\"description\":\"Nimbus Platform - Free Online Collaboration Software for Remote Teams. Build your wikis, client portals and more with the Nimbus Platform collaboration tool ? A perfect space for online work\",\"publisher\":{\"@id\":\"https:\/\/sales-ai-agents.com\/#organization\"},\"potentialAction\":[{\"@type\":\"SearchAction\",\"target\":{\"@type\":\"EntryPoint\",\"urlTemplate\":\"https:\/\/sales-ai-agents.com\/?s={search_term_string}\"},\"query-input\":{\"@type\":\"PropertyValueSpecification\",\"valueRequired\":true,\"valueName\":\"search_term_string\"}}],\"inLanguage\":\"de-DE\"},{\"@type\":\"Organization\",\"@id\":\"https:\/\/sales-ai-agents.com\/#organization\",\"name\":\"FuseBase\",\"url\":\"https:\/\/sales-ai-agents.com\/\",\"logo\":{\"@type\":\"ImageObject\",\"inLanguage\":\"de-DE\",\"@id\":\"https:\/\/sales-ai-agents.com\/#\/schema\/logo\/image\/\",\"url\":\"https:\/\/sales-ai-agents.com\/wp-content\/uploads\/2023\/11\/icon-7.svg\",\"contentUrl\":\"https:\/\/sales-ai-agents.com\/wp-content\/uploads\/2023\/11\/icon-7.svg\",\"width\":128,\"height\":128,\"caption\":\"FuseBase\"},\"image\":{\"@id\":\"https:\/\/sales-ai-agents.com\/#\/schema\/logo\/image\/\"}}]}<\/script>\n<!-- \/ Yoast SEO plugin. -->","yoast_head_json":{"title":"Kurs-Homepage-Vorlage - Sales AI Agents","description":"In dieser kostenlosen, anpassbaren Homepage-Vorlage k\u00f6nnen Sie alle wichtigen Kursinformationen f\u00fcr Ihr Studium einf\u00fcgen, wie z.B. den Lehrplan, Zeitplan, neue Ank\u00fcndigungen","robots":{"index":"index","follow":"follow","max-snippet":"max-snippet:-1","max-image-preview":"max-image-preview:large","max-video-preview":"max-video-preview:-1"},"canonical":"https:\/\/sales-ai-agents.com\/de\/templates\/course-homepage\/","og_locale":"de_DE","og_type":"article","og_title":"Kurs-Homepage-Vorlage - Sales AI Agents","og_description":"In dieser kostenlosen, anpassbaren Homepage-Vorlage k\u00f6nnen Sie alle wichtigen Kursinformationen f\u00fcr Ihr Studium einf\u00fcgen, wie z.B. den Lehrplan, Zeitplan, neue Ank\u00fcndigungen","og_url":"https:\/\/sales-ai-agents.com\/de\/templates\/course-homepage\/","og_site_name":"Sales AI Agents","article_modified_time":"2023-12-27T19:44:13+00:00","og_image":[{"width":1078,"height":907,"url":"https:\/\/sales-ai-agents.com\/wp-content\/uploads\/2023\/01\/image-preview121241.png","type":"image\/png"}],"twitter_card":"summary_large_image","schema":{"@context":"https:\/\/schema.org","@graph":[{"@type":"WebPage","@id":"https:\/\/sales-ai-agents.com\/de\/templates\/course-homepage\/","url":"https:\/\/sales-ai-agents.com\/de\/templates\/course-homepage\/","name":"Kurs-Homepage-Vorlage - Sales AI Agents","isPartOf":{"@id":"https:\/\/sales-ai-agents.com\/#website"},"primaryImageOfPage":{"@id":"https:\/\/sales-ai-agents.com\/de\/templates\/course-homepage\/#primaryimage"},"image":{"@id":"https:\/\/sales-ai-agents.com\/de\/templates\/course-homepage\/#primaryimage"},"thumbnailUrl":"https:\/\/sales-ai-agents.com\/wp-content\/uploads\/2023\/01\/image-preview121241.png","datePublished":"2022-09-26T12:19:46+00:00","dateModified":"2023-12-27T19:44:13+00:00","description":"In dieser kostenlosen, anpassbaren Homepage-Vorlage k\u00f6nnen Sie alle wichtigen Kursinformationen f\u00fcr Ihr Studium einf\u00fcgen, wie z.B. den Lehrplan, Zeitplan, neue Ank\u00fcndigungen","inLanguage":"de-DE","potentialAction":[{"@type":"ReadAction","target":["https:\/\/sales-ai-agents.com\/de\/templates\/course-homepage\/"]}]},{"@type":"ImageObject","inLanguage":"de-DE","@id":"https:\/\/sales-ai-agents.com\/de\/templates\/course-homepage\/#primaryimage","url":"https:\/\/sales-ai-agents.com\/wp-content\/uploads\/2023\/01\/image-preview121241.png","contentUrl":"https:\/\/sales-ai-agents.com\/wp-content\/uploads\/2023\/01\/image-preview121241.png","width":1078,"height":907,"caption":"Course Homepage Template - Nimbus Platform"},{"@type":"WebSite","@id":"https:\/\/sales-ai-agents.com\/#website","url":"https:\/\/sales-ai-agents.com\/","name":"FuseBase","description":"Nimbus Platform - Free Online Collaboration Software for Remote Teams. Build your wikis, client portals and more with the Nimbus Platform collaboration tool ? A perfect space for online work","publisher":{"@id":"https:\/\/sales-ai-agents.com\/#organization"},"potentialAction":[{"@type":"SearchAction","target":{"@type":"EntryPoint","urlTemplate":"https:\/\/sales-ai-agents.com\/?s={search_term_string}"},"query-input":{"@type":"PropertyValueSpecification","valueRequired":true,"valueName":"search_term_string"}}],"inLanguage":"de-DE"},{"@type":"Organization","@id":"https:\/\/sales-ai-agents.com\/#organization","name":"FuseBase","url":"https:\/\/sales-ai-agents.com\/","logo":{"@type":"ImageObject","inLanguage":"de-DE","@id":"https:\/\/sales-ai-agents.com\/#\/schema\/logo\/image\/","url":"https:\/\/sales-ai-agents.com\/wp-content\/uploads\/2023\/11\/icon-7.svg","contentUrl":"https:\/\/sales-ai-agents.com\/wp-content\/uploads\/2023\/11\/icon-7.svg","width":128,"height":128,"caption":"FuseBase"},"image":{"@id":"https:\/\/sales-ai-agents.com\/#\/schema\/logo\/image\/"}}]}},"_links":{"self":[{"href":"https:\/\/sales-ai-agents.com\/de\/wp-json\/wp\/v2\/product\/56260","targetHints":{"allow":["GET"]}}],"collection":[{"href":"https:\/\/sales-ai-agents.com\/de\/wp-json\/wp\/v2\/product"}],"about":[{"href":"https:\/\/sales-ai-agents.com\/de\/wp-json\/wp\/v2\/types\/product"}],"wp:featuredmedia":[{"embeddable":true,"href":"https:\/\/sales-ai-agents.com\/de\/wp-json\/wp\/v2\/media\/20534"}],"wp:attachment":[{"href":"https:\/\/sales-ai-agents.com\/de\/wp-json\/wp\/v2\/media?parent=56260"}],"wp:term":[{"taxonomy":"product_brand","embeddable":true,"href":"https:\/\/sales-ai-agents.com\/de\/wp-json\/wp\/v2\/product_brand?post=56260"},{"taxonomy":"product_cat","embeddable":true,"href":"https:\/\/sales-ai-agents.com\/de\/wp-json\/wp\/v2\/product_cat?post=56260"},{"taxonomy":"product_tag","embeddable":true,"href":"https:\/\/sales-ai-agents.com\/de\/wp-json\/wp\/v2\/product_tag?post=56260"}],"curies":[{"name":"wp","href":"https:\/\/api.w.org\/{rel}","templated":true}]}}