{"id":56263,"date":"2022-09-26T12:19:42","date_gmt":"2022-09-26T12:19:42","guid":{"rendered":"https:\/\/sales-ai-agents.com\/templates\/healthy-eating-plan\/"},"modified":"2023-12-26T20:23:48","modified_gmt":"2023-12-26T20:23:48","slug":"healthy-eating-plan","status":"publish","type":"product","link":"https:\/\/sales-ai-agents.com\/de\/templates\/healthy-eating-plan\/","title":{"rendered":"Gesunder Essensplan"},"content":{"rendered":"<p>&nbsp;<\/p>\n<h2>Gesunder Essensplan Vorlage<\/h2>\n<p class=\"desc-text\">Mit dieser Vorlage f\u00fcr einen Essensplaner wissen Sie immer, was es zum Fr\u00fchst\u00fcck, Mittagessen, Abendessen und f\u00fcr Snacks gibt. Mit einem Essensplaner k\u00f6nnen Sie besser essen, m\u00fcssen nicht mehr in letzter Minute etwas mitnehmen und reduzieren die Abfallmenge, da Sie wissen, was im K\u00fchlschrank auf den Verzehr wartet.<\/p>\n<h5>Wie zu verwenden:<\/h5>\n<ul class=\"desc-item_list\">\n<li class=\"desc-item_list__point\">Erstellen Sie einen Plan f\u00fcr die gesamte kommende Woche &#8211; f\u00fcgen Sie f\u00fcr jeden Tag eine Mahlzeit hinzu<\/li>\n<li class=\"desc-item_list__point\">Geben Sie ein, was Sie zum Fr\u00fchst\u00fcck, Mittag- und Abendessen sowie f\u00fcr die Zwischenmahlzeiten servieren wollen.<\/li>\n<li class=\"desc-item_list__point\">Bei Bedarf Notizen hinzuf\u00fcgen<\/li>\n<\/ul>\n","protected":false},"excerpt":{"rendered":"<p>Mit dieser kostenlosen, anpassbaren Vorlage f\u00fcr einen Essensplaner wissen Sie immer, was es zum Fr\u00fchst\u00fcck, Mittagessen, Abendessen und f\u00fcr Snacks gibt. Essen Sie besser und verzichten Sie auf Snacks in letzter Minute.<\/p>\n","protected":false},"featured_media":20550,"template":"","meta":{"_acf_changed":false,"inline_featured_image":false},"product_brand":[],"product_cat":[179,180,183],"product_tag":[],"class_list":{"0":"post-56263","1":"product","2":"type-product","3":"status-publish","4":"has-post-thumbnail","6":"product_cat-organizers-planners","7":"product_cat-personal","8":"product_cat-personal-health","10":"first","11":"instock","12":"virtual","13":"sold-individually","14":"product-type-simple"},"acf":[],"yoast_head":"<!-- This site is optimized with the Yoast SEO plugin v25.3.1 - https:\/\/yoast.com\/wordpress\/plugins\/seo\/ -->\n<title>Vorlage f\u00fcr einen gesunden Essensplan - Sales AI Agents<\/title>\n<meta name=\"description\" content=\"Mit dieser kostenlosen, anpassbaren Vorlage f\u00fcr einen Essensplaner wissen Sie immer, was es zum Fr\u00fchst\u00fcck, Mittagessen, Abendessen und f\u00fcr Snacks gibt. Essen Sie besser und verzichten Sie auf Snacks in letzter Minute.\" \/>\n<meta name=\"robots\" content=\"index, follow, max-snippet:-1, max-image-preview:large, max-video-preview:-1\" \/>\n<link rel=\"canonical\" href=\"https:\/\/sales-ai-agents.com\/de\/templates\/healthy-eating-plan\/\" \/>\n<meta property=\"og:locale\" content=\"de_DE\" \/>\n<meta property=\"og:type\" content=\"article\" \/>\n<meta property=\"og:title\" content=\"Vorlage f\u00fcr einen gesunden Essensplan - Sales AI Agents\" \/>\n<meta property=\"og:description\" content=\"Mit dieser kostenlosen, anpassbaren Vorlage f\u00fcr einen Essensplaner wissen Sie immer, was es zum Fr\u00fchst\u00fcck, Mittagessen, Abendessen und f\u00fcr Snacks gibt. Essen Sie besser und verzichten Sie auf Snacks in letzter Minute.\" \/>\n<meta property=\"og:url\" content=\"https:\/\/sales-ai-agents.com\/de\/templates\/healthy-eating-plan\/\" \/>\n<meta property=\"og:site_name\" content=\"Sales AI Agents\" \/>\n<meta property=\"article:modified_time\" content=\"2023-12-26T20:23:48+00:00\" \/>\n<meta property=\"og:image\" content=\"https:\/\/sales-ai-agents.com\/wp-content\/uploads\/2023\/01\/image-preview121359.png\" \/>\n\t<meta property=\"og:image:width\" content=\"1078\" \/>\n\t<meta property=\"og:image:height\" content=\"858\" \/>\n\t<meta property=\"og:image:type\" content=\"image\/png\" \/>\n<meta name=\"twitter:card\" content=\"summary_large_image\" \/>\n<script type=\"application\/ld+json\" class=\"yoast-schema-graph\">{\"@context\":\"https:\/\/schema.org\",\"@graph\":[{\"@type\":\"WebPage\",\"@id\":\"https:\/\/sales-ai-agents.com\/de\/templates\/healthy-eating-plan\/\",\"url\":\"https:\/\/sales-ai-agents.com\/de\/templates\/healthy-eating-plan\/\",\"name\":\"Vorlage f\u00fcr einen gesunden Essensplan - Sales AI Agents\",\"isPartOf\":{\"@id\":\"https:\/\/sales-ai-agents.com\/#website\"},\"primaryImageOfPage\":{\"@id\":\"https:\/\/sales-ai-agents.com\/de\/templates\/healthy-eating-plan\/#primaryimage\"},\"image\":{\"@id\":\"https:\/\/sales-ai-agents.com\/de\/templates\/healthy-eating-plan\/#primaryimage\"},\"thumbnailUrl\":\"https:\/\/sales-ai-agents.com\/wp-content\/uploads\/2023\/01\/image-preview121359.png\",\"datePublished\":\"2022-09-26T12:19:42+00:00\",\"dateModified\":\"2023-12-26T20:23:48+00:00\",\"description\":\"Mit dieser kostenlosen, anpassbaren Vorlage f\u00fcr einen Essensplaner wissen Sie immer, was es zum Fr\u00fchst\u00fcck, Mittagessen, Abendessen und f\u00fcr Snacks gibt. Essen Sie besser und verzichten Sie auf Snacks in letzter Minute.\",\"inLanguage\":\"de-DE\",\"potentialAction\":[{\"@type\":\"ReadAction\",\"target\":[\"https:\/\/sales-ai-agents.com\/de\/templates\/healthy-eating-plan\/\"]}]},{\"@type\":\"ImageObject\",\"inLanguage\":\"de-DE\",\"@id\":\"https:\/\/sales-ai-agents.com\/de\/templates\/healthy-eating-plan\/#primaryimage\",\"url\":\"https:\/\/sales-ai-agents.com\/wp-content\/uploads\/2023\/01\/image-preview121359.png\",\"contentUrl\":\"https:\/\/sales-ai-agents.com\/wp-content\/uploads\/2023\/01\/image-preview121359.png\",\"width\":1078,\"height\":858,\"caption\":\"Healthy Eating Plan Template - Nimbus Platform\"},{\"@type\":\"WebSite\",\"@id\":\"https:\/\/sales-ai-agents.com\/#website\",\"url\":\"https:\/\/sales-ai-agents.com\/\",\"name\":\"FuseBase\",\"description\":\"Nimbus Platform - Free Online Collaboration Software for Remote Teams. Build your wikis, client portals and more with the Nimbus Platform collaboration tool ? A perfect space for online work\",\"publisher\":{\"@id\":\"https:\/\/sales-ai-agents.com\/#organization\"},\"potentialAction\":[{\"@type\":\"SearchAction\",\"target\":{\"@type\":\"EntryPoint\",\"urlTemplate\":\"https:\/\/sales-ai-agents.com\/?s={search_term_string}\"},\"query-input\":{\"@type\":\"PropertyValueSpecification\",\"valueRequired\":true,\"valueName\":\"search_term_string\"}}],\"inLanguage\":\"de-DE\"},{\"@type\":\"Organization\",\"@id\":\"https:\/\/sales-ai-agents.com\/#organization\",\"name\":\"FuseBase\",\"url\":\"https:\/\/sales-ai-agents.com\/\",\"logo\":{\"@type\":\"ImageObject\",\"inLanguage\":\"de-DE\",\"@id\":\"https:\/\/sales-ai-agents.com\/#\/schema\/logo\/image\/\",\"url\":\"https:\/\/sales-ai-agents.com\/wp-content\/uploads\/2023\/11\/icon-7.svg\",\"contentUrl\":\"https:\/\/sales-ai-agents.com\/wp-content\/uploads\/2023\/11\/icon-7.svg\",\"width\":128,\"height\":128,\"caption\":\"FuseBase\"},\"image\":{\"@id\":\"https:\/\/sales-ai-agents.com\/#\/schema\/logo\/image\/\"}}]}<\/script>\n<!-- \/ Yoast SEO plugin. -->","yoast_head_json":{"title":"Vorlage f\u00fcr einen gesunden Essensplan - Sales AI Agents","description":"Mit dieser kostenlosen, anpassbaren Vorlage f\u00fcr einen Essensplaner wissen Sie immer, was es zum Fr\u00fchst\u00fcck, Mittagessen, Abendessen und f\u00fcr Snacks gibt. Essen Sie besser und verzichten Sie auf Snacks in letzter Minute.","robots":{"index":"index","follow":"follow","max-snippet":"max-snippet:-1","max-image-preview":"max-image-preview:large","max-video-preview":"max-video-preview:-1"},"canonical":"https:\/\/sales-ai-agents.com\/de\/templates\/healthy-eating-plan\/","og_locale":"de_DE","og_type":"article","og_title":"Vorlage f\u00fcr einen gesunden Essensplan - Sales AI Agents","og_description":"Mit dieser kostenlosen, anpassbaren Vorlage f\u00fcr einen Essensplaner wissen Sie immer, was es zum Fr\u00fchst\u00fcck, Mittagessen, Abendessen und f\u00fcr Snacks gibt. Essen Sie besser und verzichten Sie auf Snacks in letzter Minute.","og_url":"https:\/\/sales-ai-agents.com\/de\/templates\/healthy-eating-plan\/","og_site_name":"Sales AI Agents","article_modified_time":"2023-12-26T20:23:48+00:00","og_image":[{"width":1078,"height":858,"url":"https:\/\/sales-ai-agents.com\/wp-content\/uploads\/2023\/01\/image-preview121359.png","type":"image\/png"}],"twitter_card":"summary_large_image","schema":{"@context":"https:\/\/schema.org","@graph":[{"@type":"WebPage","@id":"https:\/\/sales-ai-agents.com\/de\/templates\/healthy-eating-plan\/","url":"https:\/\/sales-ai-agents.com\/de\/templates\/healthy-eating-plan\/","name":"Vorlage f\u00fcr einen gesunden Essensplan - Sales AI Agents","isPartOf":{"@id":"https:\/\/sales-ai-agents.com\/#website"},"primaryImageOfPage":{"@id":"https:\/\/sales-ai-agents.com\/de\/templates\/healthy-eating-plan\/#primaryimage"},"image":{"@id":"https:\/\/sales-ai-agents.com\/de\/templates\/healthy-eating-plan\/#primaryimage"},"thumbnailUrl":"https:\/\/sales-ai-agents.com\/wp-content\/uploads\/2023\/01\/image-preview121359.png","datePublished":"2022-09-26T12:19:42+00:00","dateModified":"2023-12-26T20:23:48+00:00","description":"Mit dieser kostenlosen, anpassbaren Vorlage f\u00fcr einen Essensplaner wissen Sie immer, was es zum Fr\u00fchst\u00fcck, Mittagessen, Abendessen und f\u00fcr Snacks gibt. Essen Sie besser und verzichten Sie auf Snacks in letzter Minute.","inLanguage":"de-DE","potentialAction":[{"@type":"ReadAction","target":["https:\/\/sales-ai-agents.com\/de\/templates\/healthy-eating-plan\/"]}]},{"@type":"ImageObject","inLanguage":"de-DE","@id":"https:\/\/sales-ai-agents.com\/de\/templates\/healthy-eating-plan\/#primaryimage","url":"https:\/\/sales-ai-agents.com\/wp-content\/uploads\/2023\/01\/image-preview121359.png","contentUrl":"https:\/\/sales-ai-agents.com\/wp-content\/uploads\/2023\/01\/image-preview121359.png","width":1078,"height":858,"caption":"Healthy Eating Plan Template - Nimbus Platform"},{"@type":"WebSite","@id":"https:\/\/sales-ai-agents.com\/#website","url":"https:\/\/sales-ai-agents.com\/","name":"FuseBase","description":"Nimbus Platform - Free Online Collaboration Software for Remote Teams. Build your wikis, client portals and more with the Nimbus Platform collaboration tool ? A perfect space for online work","publisher":{"@id":"https:\/\/sales-ai-agents.com\/#organization"},"potentialAction":[{"@type":"SearchAction","target":{"@type":"EntryPoint","urlTemplate":"https:\/\/sales-ai-agents.com\/?s={search_term_string}"},"query-input":{"@type":"PropertyValueSpecification","valueRequired":true,"valueName":"search_term_string"}}],"inLanguage":"de-DE"},{"@type":"Organization","@id":"https:\/\/sales-ai-agents.com\/#organization","name":"FuseBase","url":"https:\/\/sales-ai-agents.com\/","logo":{"@type":"ImageObject","inLanguage":"de-DE","@id":"https:\/\/sales-ai-agents.com\/#\/schema\/logo\/image\/","url":"https:\/\/sales-ai-agents.com\/wp-content\/uploads\/2023\/11\/icon-7.svg","contentUrl":"https:\/\/sales-ai-agents.com\/wp-content\/uploads\/2023\/11\/icon-7.svg","width":128,"height":128,"caption":"FuseBase"},"image":{"@id":"https:\/\/sales-ai-agents.com\/#\/schema\/logo\/image\/"}}]}},"_links":{"self":[{"href":"https:\/\/sales-ai-agents.com\/de\/wp-json\/wp\/v2\/product\/56263","targetHints":{"allow":["GET"]}}],"collection":[{"href":"https:\/\/sales-ai-agents.com\/de\/wp-json\/wp\/v2\/product"}],"about":[{"href":"https:\/\/sales-ai-agents.com\/de\/wp-json\/wp\/v2\/types\/product"}],"wp:featuredmedia":[{"embeddable":true,"href":"https:\/\/sales-ai-agents.com\/de\/wp-json\/wp\/v2\/media\/20550"}],"wp:attachment":[{"href":"https:\/\/sales-ai-agents.com\/de\/wp-json\/wp\/v2\/media?parent=56263"}],"wp:term":[{"taxonomy":"product_brand","embeddable":true,"href":"https:\/\/sales-ai-agents.com\/de\/wp-json\/wp\/v2\/product_brand?post=56263"},{"taxonomy":"product_cat","embeddable":true,"href":"https:\/\/sales-ai-agents.com\/de\/wp-json\/wp\/v2\/product_cat?post=56263"},{"taxonomy":"product_tag","embeddable":true,"href":"https:\/\/sales-ai-agents.com\/de\/wp-json\/wp\/v2\/product_tag?post=56263"}],"curies":[{"name":"wp","href":"https:\/\/api.w.org\/{rel}","templated":true}]}}