{"id":56267,"date":"2022-09-26T12:19:24","date_gmt":"2022-09-26T12:19:24","guid":{"rendered":"https:\/\/sales-ai-agents.com\/templates\/performance-review\/"},"modified":"2023-12-26T21:05:55","modified_gmt":"2023-12-26T21:05:55","slug":"performance-review","status":"publish","type":"product","link":"https:\/\/sales-ai-agents.com\/de\/templates\/performance-review\/","title":{"rendered":"Leistungs\u00fcberpr\u00fcfung"},"content":{"rendered":"<p>&nbsp;<\/p>\n<h2>Vorlage f\u00fcr Leistungs\u00fcberpr\u00fcfung<\/h2>\n<p class=\"desc-text\">Verwenden Sie diese Vorlage f\u00fcr die Leistungsbeurteilung, um Mitarbeiter am Ende eines Quartals zu bewerten. Es gibt drei Abschnitte, in denen die Mitarbeiter ihre Entwicklung, ihre Leistungen und ihre Verbesserungsm\u00f6glichkeiten selbst bewerten k\u00f6nnen. Vorgesetzte k\u00f6nnen auch Notizen und Kommentare hinzuf\u00fcgen. Geben Sie dieses Dokument weiter, um produktive Einzelgespr\u00e4che zu f\u00fchren.<\/p>\n<h5>Wie zu verwenden:<\/h5>\n<ul class=\"desc-item_list\">\n<li class=\"desc-item_list__point\">Markieren Sie den zu \u00fcberpr\u00fcfenden Mitarbeiter<\/li>\n<li class=\"desc-item_list__point\">Mitarbeiter anweisen, jede Tabelle auszuf\u00fcllen<\/li>\n<li class=\"desc-item_list__point\">Der Mitarbeiter nennt Beispiele f\u00fcr jeden Bereich<\/li>\n<li class=\"desc-item_list__point\">Markieren Sie den Beurteiler des Mitarbeiters<\/li>\n<li class=\"desc-item_list__point\">Der Gutachter stellt Erfolge und verbesserungsw\u00fcrdige Bereiche fest<\/li>\n<\/ul>\n","protected":false},"excerpt":{"rendered":"<p>Verwenden Sie diese kostenlose, anpassbare Vorlage f\u00fcr Leistungsbeurteilungen, um Mitarbeiter am Ende eines Quartals zu bewerten. Geben Sie dieses Dokument weiter, um produktive Einzelgespr\u00e4che zu f\u00fchren.<\/p>\n","protected":false},"featured_media":27507,"template":"","meta":{"_acf_changed":false,"inline_featured_image":false},"product_brand":[],"product_cat":[178],"product_tag":[],"class_list":{"0":"post-56267","1":"product","2":"type-product","3":"status-publish","4":"has-post-thumbnail","6":"product_cat-operations-hr","7":"collections-team","9":"first","10":"instock","11":"virtual","12":"sold-individually","13":"product-type-simple"},"acf":[],"yoast_head":"<!-- This site is optimized with the Yoast SEO plugin v25.3.1 - https:\/\/yoast.com\/wordpress\/plugins\/seo\/ -->\n<title>Vorlage f\u00fcr Leistungsbeurteilung - Sales AI Agents<\/title>\n<meta name=\"description\" content=\"Verwenden Sie diese kostenlose, anpassbare Vorlage f\u00fcr Leistungsbeurteilungen, um Mitarbeiter am Ende eines Quartals zu bewerten. Teilen Sie dieses Dokument, um produktive Meetings zu organisieren.\" \/>\n<meta name=\"robots\" content=\"index, follow, max-snippet:-1, max-image-preview:large, max-video-preview:-1\" \/>\n<link rel=\"canonical\" href=\"https:\/\/sales-ai-agents.com\/de\/templates\/performance-review\/\" \/>\n<meta property=\"og:locale\" content=\"de_DE\" \/>\n<meta property=\"og:type\" content=\"article\" \/>\n<meta property=\"og:title\" content=\"Vorlage f\u00fcr Leistungsbeurteilung - Sales AI Agents\" \/>\n<meta property=\"og:description\" content=\"Verwenden Sie diese kostenlose, anpassbare Vorlage f\u00fcr Leistungsbeurteilungen, um Mitarbeiter am Ende eines Quartals zu bewerten. Teilen Sie dieses Dokument, um produktive Meetings zu organisieren.\" \/>\n<meta property=\"og:url\" content=\"https:\/\/sales-ai-agents.com\/de\/templates\/performance-review\/\" \/>\n<meta property=\"og:site_name\" content=\"Sales AI Agents\" \/>\n<meta property=\"article:modified_time\" content=\"2023-12-26T21:05:55+00:00\" \/>\n<meta property=\"og:image\" content=\"https:\/\/sales-ai-agents.com\/wp-content\/uploads\/2022\/09\/Performance-Review-Template.png\" \/>\n\t<meta property=\"og:image:width\" content=\"1700\" \/>\n\t<meta property=\"og:image:height\" content=\"1100\" \/>\n\t<meta property=\"og:image:type\" content=\"image\/png\" \/>\n<meta name=\"twitter:card\" content=\"summary_large_image\" \/>\n<script type=\"application\/ld+json\" class=\"yoast-schema-graph\">{\"@context\":\"https:\/\/schema.org\",\"@graph\":[{\"@type\":\"WebPage\",\"@id\":\"https:\/\/sales-ai-agents.com\/de\/templates\/performance-review\/\",\"url\":\"https:\/\/sales-ai-agents.com\/de\/templates\/performance-review\/\",\"name\":\"Vorlage f\u00fcr Leistungsbeurteilung - Sales AI Agents\",\"isPartOf\":{\"@id\":\"https:\/\/sales-ai-agents.com\/#website\"},\"primaryImageOfPage\":{\"@id\":\"https:\/\/sales-ai-agents.com\/de\/templates\/performance-review\/#primaryimage\"},\"image\":{\"@id\":\"https:\/\/sales-ai-agents.com\/de\/templates\/performance-review\/#primaryimage\"},\"thumbnailUrl\":\"https:\/\/sales-ai-agents.com\/wp-content\/uploads\/2022\/09\/Performance-Review-Template.png\",\"datePublished\":\"2022-09-26T12:19:24+00:00\",\"dateModified\":\"2023-12-26T21:05:55+00:00\",\"description\":\"Verwenden Sie diese kostenlose, anpassbare Vorlage f\u00fcr Leistungsbeurteilungen, um Mitarbeiter am Ende eines Quartals zu bewerten. Teilen Sie dieses Dokument, um produktive Meetings zu organisieren.\",\"inLanguage\":\"de-DE\",\"potentialAction\":[{\"@type\":\"ReadAction\",\"target\":[\"https:\/\/sales-ai-agents.com\/de\/templates\/performance-review\/\"]}]},{\"@type\":\"ImageObject\",\"inLanguage\":\"de-DE\",\"@id\":\"https:\/\/sales-ai-agents.com\/de\/templates\/performance-review\/#primaryimage\",\"url\":\"https:\/\/sales-ai-agents.com\/wp-content\/uploads\/2022\/09\/Performance-Review-Template.png\",\"contentUrl\":\"https:\/\/sales-ai-agents.com\/wp-content\/uploads\/2022\/09\/Performance-Review-Template.png\",\"width\":1700,\"height\":1100,\"caption\":\"Use this free customizable performance review template to assess employees at the end of a quarter.\"},{\"@type\":\"WebSite\",\"@id\":\"https:\/\/sales-ai-agents.com\/#website\",\"url\":\"https:\/\/sales-ai-agents.com\/\",\"name\":\"FuseBase\",\"description\":\"Nimbus Platform - Free Online Collaboration Software for Remote Teams. Build your wikis, client portals and more with the Nimbus Platform collaboration tool ? A perfect space for online work\",\"publisher\":{\"@id\":\"https:\/\/sales-ai-agents.com\/#organization\"},\"potentialAction\":[{\"@type\":\"SearchAction\",\"target\":{\"@type\":\"EntryPoint\",\"urlTemplate\":\"https:\/\/sales-ai-agents.com\/?s={search_term_string}\"},\"query-input\":{\"@type\":\"PropertyValueSpecification\",\"valueRequired\":true,\"valueName\":\"search_term_string\"}}],\"inLanguage\":\"de-DE\"},{\"@type\":\"Organization\",\"@id\":\"https:\/\/sales-ai-agents.com\/#organization\",\"name\":\"FuseBase\",\"url\":\"https:\/\/sales-ai-agents.com\/\",\"logo\":{\"@type\":\"ImageObject\",\"inLanguage\":\"de-DE\",\"@id\":\"https:\/\/sales-ai-agents.com\/#\/schema\/logo\/image\/\",\"url\":\"https:\/\/sales-ai-agents.com\/wp-content\/uploads\/2023\/11\/icon-7.svg\",\"contentUrl\":\"https:\/\/sales-ai-agents.com\/wp-content\/uploads\/2023\/11\/icon-7.svg\",\"width\":128,\"height\":128,\"caption\":\"FuseBase\"},\"image\":{\"@id\":\"https:\/\/sales-ai-agents.com\/#\/schema\/logo\/image\/\"}}]}<\/script>\n<!-- \/ Yoast SEO plugin. -->","yoast_head_json":{"title":"Vorlage f\u00fcr Leistungsbeurteilung - Sales AI Agents","description":"Verwenden Sie diese kostenlose, anpassbare Vorlage f\u00fcr Leistungsbeurteilungen, um Mitarbeiter am Ende eines Quartals zu bewerten. Teilen Sie dieses Dokument, um produktive Meetings zu organisieren.","robots":{"index":"index","follow":"follow","max-snippet":"max-snippet:-1","max-image-preview":"max-image-preview:large","max-video-preview":"max-video-preview:-1"},"canonical":"https:\/\/sales-ai-agents.com\/de\/templates\/performance-review\/","og_locale":"de_DE","og_type":"article","og_title":"Vorlage f\u00fcr Leistungsbeurteilung - Sales AI Agents","og_description":"Verwenden Sie diese kostenlose, anpassbare Vorlage f\u00fcr Leistungsbeurteilungen, um Mitarbeiter am Ende eines Quartals zu bewerten. Teilen Sie dieses Dokument, um produktive Meetings zu organisieren.","og_url":"https:\/\/sales-ai-agents.com\/de\/templates\/performance-review\/","og_site_name":"Sales AI Agents","article_modified_time":"2023-12-26T21:05:55+00:00","og_image":[{"width":1700,"height":1100,"url":"https:\/\/sales-ai-agents.com\/wp-content\/uploads\/2022\/09\/Performance-Review-Template.png","type":"image\/png"}],"twitter_card":"summary_large_image","schema":{"@context":"https:\/\/schema.org","@graph":[{"@type":"WebPage","@id":"https:\/\/sales-ai-agents.com\/de\/templates\/performance-review\/","url":"https:\/\/sales-ai-agents.com\/de\/templates\/performance-review\/","name":"Vorlage f\u00fcr Leistungsbeurteilung - Sales AI Agents","isPartOf":{"@id":"https:\/\/sales-ai-agents.com\/#website"},"primaryImageOfPage":{"@id":"https:\/\/sales-ai-agents.com\/de\/templates\/performance-review\/#primaryimage"},"image":{"@id":"https:\/\/sales-ai-agents.com\/de\/templates\/performance-review\/#primaryimage"},"thumbnailUrl":"https:\/\/sales-ai-agents.com\/wp-content\/uploads\/2022\/09\/Performance-Review-Template.png","datePublished":"2022-09-26T12:19:24+00:00","dateModified":"2023-12-26T21:05:55+00:00","description":"Verwenden Sie diese kostenlose, anpassbare Vorlage f\u00fcr Leistungsbeurteilungen, um Mitarbeiter am Ende eines Quartals zu bewerten. Teilen Sie dieses Dokument, um produktive Meetings zu organisieren.","inLanguage":"de-DE","potentialAction":[{"@type":"ReadAction","target":["https:\/\/sales-ai-agents.com\/de\/templates\/performance-review\/"]}]},{"@type":"ImageObject","inLanguage":"de-DE","@id":"https:\/\/sales-ai-agents.com\/de\/templates\/performance-review\/#primaryimage","url":"https:\/\/sales-ai-agents.com\/wp-content\/uploads\/2022\/09\/Performance-Review-Template.png","contentUrl":"https:\/\/sales-ai-agents.com\/wp-content\/uploads\/2022\/09\/Performance-Review-Template.png","width":1700,"height":1100,"caption":"Use this free customizable performance review template to assess employees at the end of a quarter."},{"@type":"WebSite","@id":"https:\/\/sales-ai-agents.com\/#website","url":"https:\/\/sales-ai-agents.com\/","name":"FuseBase","description":"Nimbus Platform - Free Online Collaboration Software for Remote Teams. Build your wikis, client portals and more with the Nimbus Platform collaboration tool ? A perfect space for online work","publisher":{"@id":"https:\/\/sales-ai-agents.com\/#organization"},"potentialAction":[{"@type":"SearchAction","target":{"@type":"EntryPoint","urlTemplate":"https:\/\/sales-ai-agents.com\/?s={search_term_string}"},"query-input":{"@type":"PropertyValueSpecification","valueRequired":true,"valueName":"search_term_string"}}],"inLanguage":"de-DE"},{"@type":"Organization","@id":"https:\/\/sales-ai-agents.com\/#organization","name":"FuseBase","url":"https:\/\/sales-ai-agents.com\/","logo":{"@type":"ImageObject","inLanguage":"de-DE","@id":"https:\/\/sales-ai-agents.com\/#\/schema\/logo\/image\/","url":"https:\/\/sales-ai-agents.com\/wp-content\/uploads\/2023\/11\/icon-7.svg","contentUrl":"https:\/\/sales-ai-agents.com\/wp-content\/uploads\/2023\/11\/icon-7.svg","width":128,"height":128,"caption":"FuseBase"},"image":{"@id":"https:\/\/sales-ai-agents.com\/#\/schema\/logo\/image\/"}}]}},"_links":{"self":[{"href":"https:\/\/sales-ai-agents.com\/de\/wp-json\/wp\/v2\/product\/56267","targetHints":{"allow":["GET"]}}],"collection":[{"href":"https:\/\/sales-ai-agents.com\/de\/wp-json\/wp\/v2\/product"}],"about":[{"href":"https:\/\/sales-ai-agents.com\/de\/wp-json\/wp\/v2\/types\/product"}],"wp:featuredmedia":[{"embeddable":true,"href":"https:\/\/sales-ai-agents.com\/de\/wp-json\/wp\/v2\/media\/27507"}],"wp:attachment":[{"href":"https:\/\/sales-ai-agents.com\/de\/wp-json\/wp\/v2\/media?parent=56267"}],"wp:term":[{"taxonomy":"product_brand","embeddable":true,"href":"https:\/\/sales-ai-agents.com\/de\/wp-json\/wp\/v2\/product_brand?post=56267"},{"taxonomy":"product_cat","embeddable":true,"href":"https:\/\/sales-ai-agents.com\/de\/wp-json\/wp\/v2\/product_cat?post=56267"},{"taxonomy":"product_tag","embeddable":true,"href":"https:\/\/sales-ai-agents.com\/de\/wp-json\/wp\/v2\/product_tag?post=56267"}],"curies":[{"name":"wp","href":"https:\/\/api.w.org\/{rel}","templated":true}]}}