{"id":56271,"date":"2022-09-26T12:19:20","date_gmt":"2022-09-26T12:19:20","guid":{"rendered":"https:\/\/sales-ai-agents.com\/templates\/new-years-resolutions\/"},"modified":"2023-12-26T14:50:14","modified_gmt":"2023-12-26T14:50:14","slug":"new-years-resolutions","status":"publish","type":"product","link":"https:\/\/sales-ai-agents.com\/de\/templates\/new-years-resolutions\/","title":{"rendered":"Vors\u00e4tze f\u00fcr das neue Jahr"},"content":{"rendered":"<p>&nbsp;<\/p>\n<h2>Neujahrsvors\u00e4tze Vorlage<\/h2>\n<p class=\"desc-text\">Beginnen Sie das neue Jahr richtig, indem Sie Neujahrsvors\u00e4tze fassen. Mit dieser hilfreichen Vorlage k\u00f6nnen Sie alle Ziele auflisten, die Sie in diesem Jahr erreichen m\u00f6chten. F\u00fcgen Sie Farbe hinzu, um wichtige Entschlie\u00dfungen hervorzuheben. Streichen Sie die erledigten Aufgaben ab, und versuchen Sie, die Liste vor dem n\u00e4chsten Jahr zu beenden!<\/p>\n<h5>Wie zu verwenden:<\/h5>\n<ul class=\"desc-item_list\">\n<li class=\"desc-item_list__point\">Finden Sie heraus, was Sie erreichen wollen<\/li>\n<li class=\"desc-item_list__point\">Liste aller wichtigen Entschlie\u00dfungen<\/li>\n<li class=\"desc-item_list__point\">Farbe hinzuf\u00fcgen, um die Wichtigkeit hervorzuheben<\/li>\n<li class=\"desc-item_list__point\">Kreuzen Sie jeden Vorsatz an, wenn er erf\u00fcllt ist.<\/li>\n<\/ul>\n","protected":false},"excerpt":{"rendered":"<p>Beginnen Sie das neue Jahr richtig, indem Sie Neujahrsvors\u00e4tze fassen. Mit dieser hilfreichen Vorlage k\u00f6nnen Sie alle Ziele auflisten, die Sie im kommenden Jahr erreichen m\u00f6chten.<\/p>\n","protected":false},"featured_media":20453,"template":"","meta":{"_acf_changed":false,"inline_featured_image":false},"product_brand":[],"product_cat":[182,181],"product_tag":[],"class_list":{"0":"post-56271","1":"product","2":"type-product","3":"status-publish","4":"has-post-thumbnail","6":"product_cat-personal-fun","7":"product_cat-holidays-planning","9":"first","10":"instock","11":"virtual","12":"sold-individually","13":"product-type-simple"},"acf":[],"yoast_head":"<!-- This site is optimized with the Yoast SEO plugin v25.3.1 - https:\/\/yoast.com\/wordpress\/plugins\/seo\/ -->\n<title>Neujahrsvors\u00e4tze Vorlage - Sales AI Agents<\/title>\n<meta name=\"description\" content=\"Beginnen Sie das neue Jahr richtig, indem Sie Neujahrsvors\u00e4tze fassen. Mit dieser hilfreichen Vorlage k\u00f6nnen Sie alle Ziele auflisten, die Sie im kommenden Jahr erreichen m\u00f6chten.\" \/>\n<meta name=\"robots\" content=\"index, follow, max-snippet:-1, max-image-preview:large, max-video-preview:-1\" \/>\n<link rel=\"canonical\" href=\"https:\/\/sales-ai-agents.com\/de\/templates\/new-years-resolutions\/\" \/>\n<meta property=\"og:locale\" content=\"de_DE\" \/>\n<meta property=\"og:type\" content=\"article\" \/>\n<meta property=\"og:title\" content=\"Neujahrsvors\u00e4tze Vorlage - Sales AI Agents\" \/>\n<meta property=\"og:description\" content=\"Beginnen Sie das neue Jahr richtig, indem Sie Neujahrsvors\u00e4tze fassen. Mit dieser hilfreichen Vorlage k\u00f6nnen Sie alle Ziele auflisten, die Sie im kommenden Jahr erreichen m\u00f6chten.\" \/>\n<meta property=\"og:url\" content=\"https:\/\/sales-ai-agents.com\/de\/templates\/new-years-resolutions\/\" \/>\n<meta property=\"og:site_name\" content=\"Sales AI Agents\" \/>\n<meta property=\"article:modified_time\" content=\"2023-12-26T14:50:14+00:00\" \/>\n<meta property=\"og:image\" content=\"https:\/\/sales-ai-agents.com\/wp-content\/uploads\/2023\/01\/image-preview120732.png\" \/>\n\t<meta property=\"og:image:width\" content=\"1078\" \/>\n\t<meta property=\"og:image:height\" content=\"760\" \/>\n\t<meta property=\"og:image:type\" content=\"image\/png\" \/>\n<meta name=\"twitter:card\" content=\"summary_large_image\" \/>\n<script type=\"application\/ld+json\" class=\"yoast-schema-graph\">{\"@context\":\"https:\/\/schema.org\",\"@graph\":[{\"@type\":\"WebPage\",\"@id\":\"https:\/\/sales-ai-agents.com\/de\/templates\/new-years-resolutions\/\",\"url\":\"https:\/\/sales-ai-agents.com\/de\/templates\/new-years-resolutions\/\",\"name\":\"Neujahrsvors\u00e4tze Vorlage - Sales AI Agents\",\"isPartOf\":{\"@id\":\"https:\/\/sales-ai-agents.com\/#website\"},\"primaryImageOfPage\":{\"@id\":\"https:\/\/sales-ai-agents.com\/de\/templates\/new-years-resolutions\/#primaryimage\"},\"image\":{\"@id\":\"https:\/\/sales-ai-agents.com\/de\/templates\/new-years-resolutions\/#primaryimage\"},\"thumbnailUrl\":\"https:\/\/sales-ai-agents.com\/wp-content\/uploads\/2023\/01\/image-preview120732.png\",\"datePublished\":\"2022-09-26T12:19:20+00:00\",\"dateModified\":\"2023-12-26T14:50:14+00:00\",\"description\":\"Beginnen Sie das neue Jahr richtig, indem Sie Neujahrsvors\u00e4tze fassen. Mit dieser hilfreichen Vorlage k\u00f6nnen Sie alle Ziele auflisten, die Sie im kommenden Jahr erreichen m\u00f6chten.\",\"inLanguage\":\"de-DE\",\"potentialAction\":[{\"@type\":\"ReadAction\",\"target\":[\"https:\/\/sales-ai-agents.com\/de\/templates\/new-years-resolutions\/\"]}]},{\"@type\":\"ImageObject\",\"inLanguage\":\"de-DE\",\"@id\":\"https:\/\/sales-ai-agents.com\/de\/templates\/new-years-resolutions\/#primaryimage\",\"url\":\"https:\/\/sales-ai-agents.com\/wp-content\/uploads\/2023\/01\/image-preview120732.png\",\"contentUrl\":\"https:\/\/sales-ai-agents.com\/wp-content\/uploads\/2023\/01\/image-preview120732.png\",\"width\":1078,\"height\":760,\"caption\":\"New Year's Resolutions Template - Nimbus Platform\"},{\"@type\":\"WebSite\",\"@id\":\"https:\/\/sales-ai-agents.com\/#website\",\"url\":\"https:\/\/sales-ai-agents.com\/\",\"name\":\"FuseBase\",\"description\":\"Nimbus Platform - Free Online Collaboration Software for Remote Teams. Build your wikis, client portals and more with the Nimbus Platform collaboration tool ? A perfect space for online work\",\"publisher\":{\"@id\":\"https:\/\/sales-ai-agents.com\/#organization\"},\"potentialAction\":[{\"@type\":\"SearchAction\",\"target\":{\"@type\":\"EntryPoint\",\"urlTemplate\":\"https:\/\/sales-ai-agents.com\/?s={search_term_string}\"},\"query-input\":{\"@type\":\"PropertyValueSpecification\",\"valueRequired\":true,\"valueName\":\"search_term_string\"}}],\"inLanguage\":\"de-DE\"},{\"@type\":\"Organization\",\"@id\":\"https:\/\/sales-ai-agents.com\/#organization\",\"name\":\"FuseBase\",\"url\":\"https:\/\/sales-ai-agents.com\/\",\"logo\":{\"@type\":\"ImageObject\",\"inLanguage\":\"de-DE\",\"@id\":\"https:\/\/sales-ai-agents.com\/#\/schema\/logo\/image\/\",\"url\":\"https:\/\/sales-ai-agents.com\/wp-content\/uploads\/2023\/11\/icon-7.svg\",\"contentUrl\":\"https:\/\/sales-ai-agents.com\/wp-content\/uploads\/2023\/11\/icon-7.svg\",\"width\":128,\"height\":128,\"caption\":\"FuseBase\"},\"image\":{\"@id\":\"https:\/\/sales-ai-agents.com\/#\/schema\/logo\/image\/\"}}]}<\/script>\n<!-- \/ Yoast SEO plugin. -->","yoast_head_json":{"title":"Neujahrsvors\u00e4tze Vorlage - Sales AI Agents","description":"Beginnen Sie das neue Jahr richtig, indem Sie Neujahrsvors\u00e4tze fassen. Mit dieser hilfreichen Vorlage k\u00f6nnen Sie alle Ziele auflisten, die Sie im kommenden Jahr erreichen m\u00f6chten.","robots":{"index":"index","follow":"follow","max-snippet":"max-snippet:-1","max-image-preview":"max-image-preview:large","max-video-preview":"max-video-preview:-1"},"canonical":"https:\/\/sales-ai-agents.com\/de\/templates\/new-years-resolutions\/","og_locale":"de_DE","og_type":"article","og_title":"Neujahrsvors\u00e4tze Vorlage - Sales AI Agents","og_description":"Beginnen Sie das neue Jahr richtig, indem Sie Neujahrsvors\u00e4tze fassen. Mit dieser hilfreichen Vorlage k\u00f6nnen Sie alle Ziele auflisten, die Sie im kommenden Jahr erreichen m\u00f6chten.","og_url":"https:\/\/sales-ai-agents.com\/de\/templates\/new-years-resolutions\/","og_site_name":"Sales AI Agents","article_modified_time":"2023-12-26T14:50:14+00:00","og_image":[{"width":1078,"height":760,"url":"https:\/\/sales-ai-agents.com\/wp-content\/uploads\/2023\/01\/image-preview120732.png","type":"image\/png"}],"twitter_card":"summary_large_image","schema":{"@context":"https:\/\/schema.org","@graph":[{"@type":"WebPage","@id":"https:\/\/sales-ai-agents.com\/de\/templates\/new-years-resolutions\/","url":"https:\/\/sales-ai-agents.com\/de\/templates\/new-years-resolutions\/","name":"Neujahrsvors\u00e4tze Vorlage - Sales AI Agents","isPartOf":{"@id":"https:\/\/sales-ai-agents.com\/#website"},"primaryImageOfPage":{"@id":"https:\/\/sales-ai-agents.com\/de\/templates\/new-years-resolutions\/#primaryimage"},"image":{"@id":"https:\/\/sales-ai-agents.com\/de\/templates\/new-years-resolutions\/#primaryimage"},"thumbnailUrl":"https:\/\/sales-ai-agents.com\/wp-content\/uploads\/2023\/01\/image-preview120732.png","datePublished":"2022-09-26T12:19:20+00:00","dateModified":"2023-12-26T14:50:14+00:00","description":"Beginnen Sie das neue Jahr richtig, indem Sie Neujahrsvors\u00e4tze fassen. Mit dieser hilfreichen Vorlage k\u00f6nnen Sie alle Ziele auflisten, die Sie im kommenden Jahr erreichen m\u00f6chten.","inLanguage":"de-DE","potentialAction":[{"@type":"ReadAction","target":["https:\/\/sales-ai-agents.com\/de\/templates\/new-years-resolutions\/"]}]},{"@type":"ImageObject","inLanguage":"de-DE","@id":"https:\/\/sales-ai-agents.com\/de\/templates\/new-years-resolutions\/#primaryimage","url":"https:\/\/sales-ai-agents.com\/wp-content\/uploads\/2023\/01\/image-preview120732.png","contentUrl":"https:\/\/sales-ai-agents.com\/wp-content\/uploads\/2023\/01\/image-preview120732.png","width":1078,"height":760,"caption":"New Year's Resolutions Template - Nimbus Platform"},{"@type":"WebSite","@id":"https:\/\/sales-ai-agents.com\/#website","url":"https:\/\/sales-ai-agents.com\/","name":"FuseBase","description":"Nimbus Platform - Free Online Collaboration Software for Remote Teams. Build your wikis, client portals and more with the Nimbus Platform collaboration tool ? A perfect space for online work","publisher":{"@id":"https:\/\/sales-ai-agents.com\/#organization"},"potentialAction":[{"@type":"SearchAction","target":{"@type":"EntryPoint","urlTemplate":"https:\/\/sales-ai-agents.com\/?s={search_term_string}"},"query-input":{"@type":"PropertyValueSpecification","valueRequired":true,"valueName":"search_term_string"}}],"inLanguage":"de-DE"},{"@type":"Organization","@id":"https:\/\/sales-ai-agents.com\/#organization","name":"FuseBase","url":"https:\/\/sales-ai-agents.com\/","logo":{"@type":"ImageObject","inLanguage":"de-DE","@id":"https:\/\/sales-ai-agents.com\/#\/schema\/logo\/image\/","url":"https:\/\/sales-ai-agents.com\/wp-content\/uploads\/2023\/11\/icon-7.svg","contentUrl":"https:\/\/sales-ai-agents.com\/wp-content\/uploads\/2023\/11\/icon-7.svg","width":128,"height":128,"caption":"FuseBase"},"image":{"@id":"https:\/\/sales-ai-agents.com\/#\/schema\/logo\/image\/"}}]}},"_links":{"self":[{"href":"https:\/\/sales-ai-agents.com\/de\/wp-json\/wp\/v2\/product\/56271","targetHints":{"allow":["GET"]}}],"collection":[{"href":"https:\/\/sales-ai-agents.com\/de\/wp-json\/wp\/v2\/product"}],"about":[{"href":"https:\/\/sales-ai-agents.com\/de\/wp-json\/wp\/v2\/types\/product"}],"wp:featuredmedia":[{"embeddable":true,"href":"https:\/\/sales-ai-agents.com\/de\/wp-json\/wp\/v2\/media\/20453"}],"wp:attachment":[{"href":"https:\/\/sales-ai-agents.com\/de\/wp-json\/wp\/v2\/media?parent=56271"}],"wp:term":[{"taxonomy":"product_brand","embeddable":true,"href":"https:\/\/sales-ai-agents.com\/de\/wp-json\/wp\/v2\/product_brand?post=56271"},{"taxonomy":"product_cat","embeddable":true,"href":"https:\/\/sales-ai-agents.com\/de\/wp-json\/wp\/v2\/product_cat?post=56271"},{"taxonomy":"product_tag","embeddable":true,"href":"https:\/\/sales-ai-agents.com\/de\/wp-json\/wp\/v2\/product_tag?post=56271"}],"curies":[{"name":"wp","href":"https:\/\/api.w.org\/{rel}","templated":true}]}}