{"id":56274,"date":"2022-09-26T12:19:13","date_gmt":"2022-09-26T12:19:13","guid":{"rendered":"https:\/\/sales-ai-agents.com\/templates\/onboarding-new-teammates\/"},"modified":"2023-12-26T14:41:06","modified_gmt":"2023-12-26T14:41:06","slug":"onboarding-new-teammates","status":"publish","type":"product","link":"https:\/\/sales-ai-agents.com\/de\/templates\/onboarding-new-teammates\/","title":{"rendered":"Einarbeitung neuer Teammitglieder"},"content":{"rendered":"<p>&nbsp;<\/p>\n<h2>Onboarding-Vorlage f\u00fcr neue Teammitglieder<\/h2>\n<p class=\"desc-text\">Wenn Sie den richtigen Mitarbeiter f\u00fcr Ihr Unternehmen gefunden haben, was sollten Sie dann tun? Nutzen Sie unsere Vorlage f\u00fcr die Einarbeitung neuer Mitarbeiter, um sie auf den neuesten Stand zu bringen. Der Eintritt in ein neues Unternehmen kann aufregend, aber auch \u00fcberw\u00e4ltigend sein. Stellen Sie sicher, dass Ihre neuen Mitarbeiter bereit sind, ihre Aufgaben zu bew\u00e4ltigen, indem Sie ihnen die notwendigen Werkzeuge an die Hand geben, um erfolgreich zu sein. Verfolgen Sie die einzelnen Schritte und planen Sie sie ein, damit Sie nichts verpassen.<\/p>\n<h5>Wie zu verwenden:<\/h5>\n<ul class=\"desc-item_list\">\n<li class=\"desc-item_list__point\">Auflistung der Onboarding-Schritte in jeder Kategorie<\/li>\n<li class=\"desc-item_list__point\">Verwendung von Kontrollk\u00e4stchen zur Anzeige des Status<\/li>\n<li class=\"desc-item_list__point\">W\u00e4hlen Sie eine farbige Kennzeichnung f\u00fcr die Priorit\u00e4tsstufe<\/li>\n<li class=\"desc-item_list__point\">Kontakte markieren und erw\u00e4hnen<\/li>\n<li class=\"desc-item_list__point\">Hinzuf\u00fcgen von Notizen in den Tabellen<\/li>\n<li class=\"desc-item_list__point\">Wichtige Dokumente anh\u00e4ngen und verlinken<\/li>\n<\/ul>\n","protected":false},"excerpt":{"rendered":"<p>Wenn Sie den richtigen Mitarbeiter f\u00fcr Ihr Unternehmen gefunden haben, was sollten Sie dann tun? Nutzen Sie unsere Vorlage f\u00fcr die Einarbeitung neuer Mitarbeiter, um sie auf den neuesten Stand zu bringen.<\/p>\n","protected":false},"featured_media":20451,"template":"","meta":{"_acf_changed":false,"inline_featured_image":false},"product_brand":[],"product_cat":[178],"product_tag":[],"class_list":{"0":"post-56274","1":"product","2":"type-product","3":"status-publish","4":"has-post-thumbnail","6":"product_cat-operations-hr","8":"first","9":"instock","10":"virtual","11":"sold-individually","12":"product-type-simple"},"acf":[],"yoast_head":"<!-- This site is optimized with the Yoast SEO plugin v25.3.1 - https:\/\/yoast.com\/wordpress\/plugins\/seo\/ -->\n<title>Vorlage f\u00fcr die Einarbeitung neuer Teammitglieder - Sales AI Agents<\/title>\n<meta name=\"description\" content=\"Wenn Sie den richtigen Mitarbeiter f\u00fcr Ihr Unternehmen gefunden haben, was sollten Sie dann tun? Nutzen Sie unsere Vorlage f\u00fcr die Einarbeitung neuer Mitarbeiter, um sie auf den neuesten Stand zu bringen.\" \/>\n<meta name=\"robots\" content=\"index, follow, max-snippet:-1, max-image-preview:large, max-video-preview:-1\" \/>\n<link rel=\"canonical\" href=\"https:\/\/sales-ai-agents.com\/de\/templates\/onboarding-new-teammates\/\" \/>\n<meta property=\"og:locale\" content=\"de_DE\" \/>\n<meta property=\"og:type\" content=\"article\" \/>\n<meta property=\"og:title\" content=\"Vorlage f\u00fcr die Einarbeitung neuer Teammitglieder - Sales AI Agents\" \/>\n<meta property=\"og:description\" content=\"Wenn Sie den richtigen Mitarbeiter f\u00fcr Ihr Unternehmen gefunden haben, was sollten Sie dann tun? Nutzen Sie unsere Vorlage f\u00fcr die Einarbeitung neuer Mitarbeiter, um sie auf den neuesten Stand zu bringen.\" \/>\n<meta property=\"og:url\" content=\"https:\/\/sales-ai-agents.com\/de\/templates\/onboarding-new-teammates\/\" \/>\n<meta property=\"og:site_name\" content=\"Sales AI Agents\" \/>\n<meta property=\"article:modified_time\" content=\"2023-12-26T14:41:06+00:00\" \/>\n<meta property=\"og:image\" content=\"https:\/\/sales-ai-agents.com\/wp-content\/uploads\/2023\/01\/image-preview120730.png\" \/>\n\t<meta property=\"og:image:width\" content=\"1078\" \/>\n\t<meta property=\"og:image:height\" content=\"1045\" \/>\n\t<meta property=\"og:image:type\" content=\"image\/png\" \/>\n<meta name=\"twitter:card\" content=\"summary_large_image\" \/>\n<script type=\"application\/ld+json\" class=\"yoast-schema-graph\">{\"@context\":\"https:\/\/schema.org\",\"@graph\":[{\"@type\":\"WebPage\",\"@id\":\"https:\/\/sales-ai-agents.com\/de\/templates\/onboarding-new-teammates\/\",\"url\":\"https:\/\/sales-ai-agents.com\/de\/templates\/onboarding-new-teammates\/\",\"name\":\"Vorlage f\u00fcr die Einarbeitung neuer Teammitglieder - Sales AI Agents\",\"isPartOf\":{\"@id\":\"https:\/\/sales-ai-agents.com\/#website\"},\"primaryImageOfPage\":{\"@id\":\"https:\/\/sales-ai-agents.com\/de\/templates\/onboarding-new-teammates\/#primaryimage\"},\"image\":{\"@id\":\"https:\/\/sales-ai-agents.com\/de\/templates\/onboarding-new-teammates\/#primaryimage\"},\"thumbnailUrl\":\"https:\/\/sales-ai-agents.com\/wp-content\/uploads\/2023\/01\/image-preview120730.png\",\"datePublished\":\"2022-09-26T12:19:13+00:00\",\"dateModified\":\"2023-12-26T14:41:06+00:00\",\"description\":\"Wenn Sie den richtigen Mitarbeiter f\u00fcr Ihr Unternehmen gefunden haben, was sollten Sie dann tun? Nutzen Sie unsere Vorlage f\u00fcr die Einarbeitung neuer Mitarbeiter, um sie auf den neuesten Stand zu bringen.\",\"inLanguage\":\"de-DE\",\"potentialAction\":[{\"@type\":\"ReadAction\",\"target\":[\"https:\/\/sales-ai-agents.com\/de\/templates\/onboarding-new-teammates\/\"]}]},{\"@type\":\"ImageObject\",\"inLanguage\":\"de-DE\",\"@id\":\"https:\/\/sales-ai-agents.com\/de\/templates\/onboarding-new-teammates\/#primaryimage\",\"url\":\"https:\/\/sales-ai-agents.com\/wp-content\/uploads\/2023\/01\/image-preview120730.png\",\"contentUrl\":\"https:\/\/sales-ai-agents.com\/wp-content\/uploads\/2023\/01\/image-preview120730.png\",\"width\":1078,\"height\":1045,\"caption\":\"Onboarding New Teammates Template - Nimbus Platform\"},{\"@type\":\"WebSite\",\"@id\":\"https:\/\/sales-ai-agents.com\/#website\",\"url\":\"https:\/\/sales-ai-agents.com\/\",\"name\":\"FuseBase\",\"description\":\"Nimbus Platform - Free Online Collaboration Software for Remote Teams. Build your wikis, client portals and more with the Nimbus Platform collaboration tool ? A perfect space for online work\",\"publisher\":{\"@id\":\"https:\/\/sales-ai-agents.com\/#organization\"},\"potentialAction\":[{\"@type\":\"SearchAction\",\"target\":{\"@type\":\"EntryPoint\",\"urlTemplate\":\"https:\/\/sales-ai-agents.com\/?s={search_term_string}\"},\"query-input\":{\"@type\":\"PropertyValueSpecification\",\"valueRequired\":true,\"valueName\":\"search_term_string\"}}],\"inLanguage\":\"de-DE\"},{\"@type\":\"Organization\",\"@id\":\"https:\/\/sales-ai-agents.com\/#organization\",\"name\":\"FuseBase\",\"url\":\"https:\/\/sales-ai-agents.com\/\",\"logo\":{\"@type\":\"ImageObject\",\"inLanguage\":\"de-DE\",\"@id\":\"https:\/\/sales-ai-agents.com\/#\/schema\/logo\/image\/\",\"url\":\"https:\/\/sales-ai-agents.com\/wp-content\/uploads\/2023\/11\/icon-7.svg\",\"contentUrl\":\"https:\/\/sales-ai-agents.com\/wp-content\/uploads\/2023\/11\/icon-7.svg\",\"width\":128,\"height\":128,\"caption\":\"FuseBase\"},\"image\":{\"@id\":\"https:\/\/sales-ai-agents.com\/#\/schema\/logo\/image\/\"}}]}<\/script>\n<!-- \/ Yoast SEO plugin. -->","yoast_head_json":{"title":"Vorlage f\u00fcr die Einarbeitung neuer Teammitglieder - Sales AI Agents","description":"Wenn Sie den richtigen Mitarbeiter f\u00fcr Ihr Unternehmen gefunden haben, was sollten Sie dann tun? Nutzen Sie unsere Vorlage f\u00fcr die Einarbeitung neuer Mitarbeiter, um sie auf den neuesten Stand zu bringen.","robots":{"index":"index","follow":"follow","max-snippet":"max-snippet:-1","max-image-preview":"max-image-preview:large","max-video-preview":"max-video-preview:-1"},"canonical":"https:\/\/sales-ai-agents.com\/de\/templates\/onboarding-new-teammates\/","og_locale":"de_DE","og_type":"article","og_title":"Vorlage f\u00fcr die Einarbeitung neuer Teammitglieder - Sales AI Agents","og_description":"Wenn Sie den richtigen Mitarbeiter f\u00fcr Ihr Unternehmen gefunden haben, was sollten Sie dann tun? Nutzen Sie unsere Vorlage f\u00fcr die Einarbeitung neuer Mitarbeiter, um sie auf den neuesten Stand zu bringen.","og_url":"https:\/\/sales-ai-agents.com\/de\/templates\/onboarding-new-teammates\/","og_site_name":"Sales AI Agents","article_modified_time":"2023-12-26T14:41:06+00:00","og_image":[{"width":1078,"height":1045,"url":"https:\/\/sales-ai-agents.com\/wp-content\/uploads\/2023\/01\/image-preview120730.png","type":"image\/png"}],"twitter_card":"summary_large_image","schema":{"@context":"https:\/\/schema.org","@graph":[{"@type":"WebPage","@id":"https:\/\/sales-ai-agents.com\/de\/templates\/onboarding-new-teammates\/","url":"https:\/\/sales-ai-agents.com\/de\/templates\/onboarding-new-teammates\/","name":"Vorlage f\u00fcr die Einarbeitung neuer Teammitglieder - Sales AI Agents","isPartOf":{"@id":"https:\/\/sales-ai-agents.com\/#website"},"primaryImageOfPage":{"@id":"https:\/\/sales-ai-agents.com\/de\/templates\/onboarding-new-teammates\/#primaryimage"},"image":{"@id":"https:\/\/sales-ai-agents.com\/de\/templates\/onboarding-new-teammates\/#primaryimage"},"thumbnailUrl":"https:\/\/sales-ai-agents.com\/wp-content\/uploads\/2023\/01\/image-preview120730.png","datePublished":"2022-09-26T12:19:13+00:00","dateModified":"2023-12-26T14:41:06+00:00","description":"Wenn Sie den richtigen Mitarbeiter f\u00fcr Ihr Unternehmen gefunden haben, was sollten Sie dann tun? Nutzen Sie unsere Vorlage f\u00fcr die Einarbeitung neuer Mitarbeiter, um sie auf den neuesten Stand zu bringen.","inLanguage":"de-DE","potentialAction":[{"@type":"ReadAction","target":["https:\/\/sales-ai-agents.com\/de\/templates\/onboarding-new-teammates\/"]}]},{"@type":"ImageObject","inLanguage":"de-DE","@id":"https:\/\/sales-ai-agents.com\/de\/templates\/onboarding-new-teammates\/#primaryimage","url":"https:\/\/sales-ai-agents.com\/wp-content\/uploads\/2023\/01\/image-preview120730.png","contentUrl":"https:\/\/sales-ai-agents.com\/wp-content\/uploads\/2023\/01\/image-preview120730.png","width":1078,"height":1045,"caption":"Onboarding New Teammates Template - Nimbus Platform"},{"@type":"WebSite","@id":"https:\/\/sales-ai-agents.com\/#website","url":"https:\/\/sales-ai-agents.com\/","name":"FuseBase","description":"Nimbus Platform - Free Online Collaboration Software for Remote Teams. Build your wikis, client portals and more with the Nimbus Platform collaboration tool ? A perfect space for online work","publisher":{"@id":"https:\/\/sales-ai-agents.com\/#organization"},"potentialAction":[{"@type":"SearchAction","target":{"@type":"EntryPoint","urlTemplate":"https:\/\/sales-ai-agents.com\/?s={search_term_string}"},"query-input":{"@type":"PropertyValueSpecification","valueRequired":true,"valueName":"search_term_string"}}],"inLanguage":"de-DE"},{"@type":"Organization","@id":"https:\/\/sales-ai-agents.com\/#organization","name":"FuseBase","url":"https:\/\/sales-ai-agents.com\/","logo":{"@type":"ImageObject","inLanguage":"de-DE","@id":"https:\/\/sales-ai-agents.com\/#\/schema\/logo\/image\/","url":"https:\/\/sales-ai-agents.com\/wp-content\/uploads\/2023\/11\/icon-7.svg","contentUrl":"https:\/\/sales-ai-agents.com\/wp-content\/uploads\/2023\/11\/icon-7.svg","width":128,"height":128,"caption":"FuseBase"},"image":{"@id":"https:\/\/sales-ai-agents.com\/#\/schema\/logo\/image\/"}}]}},"_links":{"self":[{"href":"https:\/\/sales-ai-agents.com\/de\/wp-json\/wp\/v2\/product\/56274","targetHints":{"allow":["GET"]}}],"collection":[{"href":"https:\/\/sales-ai-agents.com\/de\/wp-json\/wp\/v2\/product"}],"about":[{"href":"https:\/\/sales-ai-agents.com\/de\/wp-json\/wp\/v2\/types\/product"}],"wp:featuredmedia":[{"embeddable":true,"href":"https:\/\/sales-ai-agents.com\/de\/wp-json\/wp\/v2\/media\/20451"}],"wp:attachment":[{"href":"https:\/\/sales-ai-agents.com\/de\/wp-json\/wp\/v2\/media?parent=56274"}],"wp:term":[{"taxonomy":"product_brand","embeddable":true,"href":"https:\/\/sales-ai-agents.com\/de\/wp-json\/wp\/v2\/product_brand?post=56274"},{"taxonomy":"product_cat","embeddable":true,"href":"https:\/\/sales-ai-agents.com\/de\/wp-json\/wp\/v2\/product_cat?post=56274"},{"taxonomy":"product_tag","embeddable":true,"href":"https:\/\/sales-ai-agents.com\/de\/wp-json\/wp\/v2\/product_tag?post=56274"}],"curies":[{"name":"wp","href":"https:\/\/api.w.org\/{rel}","templated":true}]}}