{"id":56282,"date":"2022-09-26T12:18:45","date_gmt":"2022-09-26T12:18:45","guid":{"rendered":"https:\/\/sales-ai-agents.com\/templates\/bill-payments-checklist\/"},"modified":"2023-12-27T14:32:38","modified_gmt":"2023-12-27T14:32:38","slug":"bill-payments-checklist","status":"publish","type":"product","link":"https:\/\/sales-ai-agents.com\/de\/templates\/bill-payments-checklist\/","title":{"rendered":"Checkliste f\u00fcr Rechnungszahlungen"},"content":{"rendered":"<p>&nbsp;<\/p>\n<h2>Rechnung zahlungen checkliste Vorlage<\/h2>\n<p class=\"desc-text\">Wenn Sie mehrere Rechnungen zu bezahlen haben, k\u00f6nnen Sie im Laufe des Monats leicht den \u00dcberblick verlieren. Um zu vermeiden, dass Sie Zahlungen verpassen und zus\u00e4tzliche Geb\u00fchren zahlen m\u00fcssen, sollten Sie sich diese Vorlage f\u00fcr Rechnungszahlungen ansehen. Es enth\u00e4lt eine voll funktionsf\u00e4hige Tabelle zur \u00dcberwachung Ihrer Geb\u00fchren. Jeder Monat hebt sich durch unterschiedliche Farben von den anderen ab. Behalten Sie den \u00dcberblick \u00fcber alles an einem Ort, damit Sie \u00fcberf\u00e4llige Transaktionen und Kosten vermeiden k\u00f6nnen.<\/p>\n<h5>Wie zu verwenden:<\/h5>\n<ul class=\"desc-item_list\">\n<li class=\"desc-item_list__point\">Auflistung der Arten von Rechnungen<\/li>\n<li class=\"desc-item_list__point\">Ihr F\u00e4lligkeitsdatum hinzuf\u00fcgen<\/li>\n<li class=\"desc-item_list__point\">Geben Sie den monatlich f\u00e4lligen Betrag an<\/li>\n<li class=\"desc-item_list__point\">Notizen zu jeder Rechnung einf\u00fcgen<\/li>\n<li class=\"desc-item_list__point\">Haken Sie den Monat ab, in dem Sie bezahlt haben<\/li>\n<\/ul>\n","protected":false},"excerpt":{"rendered":"<p>Um verpasste Zahlungen zu vermeiden, sollten Sie sich diese Vorlage f\u00fcr Rechnungszahlungen ansehen. Es enth\u00e4lt eine voll funktionsf\u00e4hige Tabelle zur Verfolgung Ihrer Geb\u00fchren<\/p>\n","protected":false},"featured_media":20536,"template":"","meta":{"_acf_changed":false,"inline_featured_image":false},"product_brand":[],"product_cat":[184],"product_tag":[],"class_list":{"0":"post-56282","1":"product","2":"type-product","3":"status-publish","4":"has-post-thumbnail","6":"product_cat-personal-money","8":"first","9":"instock","10":"virtual","11":"sold-individually","12":"product-type-simple"},"acf":[],"yoast_head":"<!-- This site is optimized with the Yoast SEO plugin v25.3.1 - https:\/\/yoast.com\/wordpress\/plugins\/seo\/ -->\n<title>Checkliste rechnungszahlungen Vorlage - Sales AI Agents<\/title>\n<meta name=\"description\" content=\"Um verpasste Zahlungen zu vermeiden, sollten Sie sich diese Vorlage f\u00fcr Rechnungszahlungen ansehen. Es enth\u00e4lt eine voll funktionsf\u00e4hige Tabelle zur \u00dcberwachung Ihrer Geb\u00fchren.\" \/>\n<meta name=\"robots\" content=\"index, follow, max-snippet:-1, max-image-preview:large, max-video-preview:-1\" \/>\n<link rel=\"canonical\" href=\"https:\/\/sales-ai-agents.com\/de\/templates\/bill-payments-checklist\/\" \/>\n<meta property=\"og:locale\" content=\"de_DE\" \/>\n<meta property=\"og:type\" content=\"article\" \/>\n<meta property=\"og:title\" content=\"Checkliste rechnungszahlungen Vorlage - Sales AI Agents\" \/>\n<meta property=\"og:description\" content=\"Um verpasste Zahlungen zu vermeiden, sollten Sie sich diese Vorlage f\u00fcr Rechnungszahlungen ansehen. Es enth\u00e4lt eine voll funktionsf\u00e4hige Tabelle zur \u00dcberwachung Ihrer Geb\u00fchren.\" \/>\n<meta property=\"og:url\" content=\"https:\/\/sales-ai-agents.com\/de\/templates\/bill-payments-checklist\/\" \/>\n<meta property=\"og:site_name\" content=\"Sales AI Agents\" \/>\n<meta property=\"article:modified_time\" content=\"2023-12-27T14:32:38+00:00\" \/>\n<meta property=\"og:image\" content=\"https:\/\/sales-ai-agents.com\/wp-content\/uploads\/2023\/01\/image-preview121305.png\" \/>\n\t<meta property=\"og:image:width\" content=\"1078\" \/>\n\t<meta property=\"og:image:height\" content=\"760\" \/>\n\t<meta property=\"og:image:type\" content=\"image\/png\" \/>\n<meta name=\"twitter:card\" content=\"summary_large_image\" \/>\n<script type=\"application\/ld+json\" class=\"yoast-schema-graph\">{\"@context\":\"https:\/\/schema.org\",\"@graph\":[{\"@type\":\"WebPage\",\"@id\":\"https:\/\/sales-ai-agents.com\/de\/templates\/bill-payments-checklist\/\",\"url\":\"https:\/\/sales-ai-agents.com\/de\/templates\/bill-payments-checklist\/\",\"name\":\"Checkliste rechnungszahlungen Vorlage - Sales AI Agents\",\"isPartOf\":{\"@id\":\"https:\/\/sales-ai-agents.com\/#website\"},\"primaryImageOfPage\":{\"@id\":\"https:\/\/sales-ai-agents.com\/de\/templates\/bill-payments-checklist\/#primaryimage\"},\"image\":{\"@id\":\"https:\/\/sales-ai-agents.com\/de\/templates\/bill-payments-checklist\/#primaryimage\"},\"thumbnailUrl\":\"https:\/\/sales-ai-agents.com\/wp-content\/uploads\/2023\/01\/image-preview121305.png\",\"datePublished\":\"2022-09-26T12:18:45+00:00\",\"dateModified\":\"2023-12-27T14:32:38+00:00\",\"description\":\"Um verpasste Zahlungen zu vermeiden, sollten Sie sich diese Vorlage f\u00fcr Rechnungszahlungen ansehen. Es enth\u00e4lt eine voll funktionsf\u00e4hige Tabelle zur \u00dcberwachung Ihrer Geb\u00fchren.\",\"inLanguage\":\"de-DE\",\"potentialAction\":[{\"@type\":\"ReadAction\",\"target\":[\"https:\/\/sales-ai-agents.com\/de\/templates\/bill-payments-checklist\/\"]}]},{\"@type\":\"ImageObject\",\"inLanguage\":\"de-DE\",\"@id\":\"https:\/\/sales-ai-agents.com\/de\/templates\/bill-payments-checklist\/#primaryimage\",\"url\":\"https:\/\/sales-ai-agents.com\/wp-content\/uploads\/2023\/01\/image-preview121305.png\",\"contentUrl\":\"https:\/\/sales-ai-agents.com\/wp-content\/uploads\/2023\/01\/image-preview121305.png\",\"width\":1078,\"height\":760,\"caption\":\"Bill Payments Checklist Template - Nimbus Platform\"},{\"@type\":\"WebSite\",\"@id\":\"https:\/\/sales-ai-agents.com\/#website\",\"url\":\"https:\/\/sales-ai-agents.com\/\",\"name\":\"FuseBase\",\"description\":\"Nimbus Platform - Free Online Collaboration Software for Remote Teams. Build your wikis, client portals and more with the Nimbus Platform collaboration tool ? A perfect space for online work\",\"publisher\":{\"@id\":\"https:\/\/sales-ai-agents.com\/#organization\"},\"potentialAction\":[{\"@type\":\"SearchAction\",\"target\":{\"@type\":\"EntryPoint\",\"urlTemplate\":\"https:\/\/sales-ai-agents.com\/?s={search_term_string}\"},\"query-input\":{\"@type\":\"PropertyValueSpecification\",\"valueRequired\":true,\"valueName\":\"search_term_string\"}}],\"inLanguage\":\"de-DE\"},{\"@type\":\"Organization\",\"@id\":\"https:\/\/sales-ai-agents.com\/#organization\",\"name\":\"FuseBase\",\"url\":\"https:\/\/sales-ai-agents.com\/\",\"logo\":{\"@type\":\"ImageObject\",\"inLanguage\":\"de-DE\",\"@id\":\"https:\/\/sales-ai-agents.com\/#\/schema\/logo\/image\/\",\"url\":\"https:\/\/sales-ai-agents.com\/wp-content\/uploads\/2023\/11\/icon-7.svg\",\"contentUrl\":\"https:\/\/sales-ai-agents.com\/wp-content\/uploads\/2023\/11\/icon-7.svg\",\"width\":128,\"height\":128,\"caption\":\"FuseBase\"},\"image\":{\"@id\":\"https:\/\/sales-ai-agents.com\/#\/schema\/logo\/image\/\"}}]}<\/script>\n<!-- \/ Yoast SEO plugin. -->","yoast_head_json":{"title":"Checkliste rechnungszahlungen Vorlage - Sales AI Agents","description":"Um verpasste Zahlungen zu vermeiden, sollten Sie sich diese Vorlage f\u00fcr Rechnungszahlungen ansehen. Es enth\u00e4lt eine voll funktionsf\u00e4hige Tabelle zur \u00dcberwachung Ihrer Geb\u00fchren.","robots":{"index":"index","follow":"follow","max-snippet":"max-snippet:-1","max-image-preview":"max-image-preview:large","max-video-preview":"max-video-preview:-1"},"canonical":"https:\/\/sales-ai-agents.com\/de\/templates\/bill-payments-checklist\/","og_locale":"de_DE","og_type":"article","og_title":"Checkliste rechnungszahlungen Vorlage - Sales AI Agents","og_description":"Um verpasste Zahlungen zu vermeiden, sollten Sie sich diese Vorlage f\u00fcr Rechnungszahlungen ansehen. Es enth\u00e4lt eine voll funktionsf\u00e4hige Tabelle zur \u00dcberwachung Ihrer Geb\u00fchren.","og_url":"https:\/\/sales-ai-agents.com\/de\/templates\/bill-payments-checklist\/","og_site_name":"Sales AI Agents","article_modified_time":"2023-12-27T14:32:38+00:00","og_image":[{"width":1078,"height":760,"url":"https:\/\/sales-ai-agents.com\/wp-content\/uploads\/2023\/01\/image-preview121305.png","type":"image\/png"}],"twitter_card":"summary_large_image","schema":{"@context":"https:\/\/schema.org","@graph":[{"@type":"WebPage","@id":"https:\/\/sales-ai-agents.com\/de\/templates\/bill-payments-checklist\/","url":"https:\/\/sales-ai-agents.com\/de\/templates\/bill-payments-checklist\/","name":"Checkliste rechnungszahlungen Vorlage - Sales AI Agents","isPartOf":{"@id":"https:\/\/sales-ai-agents.com\/#website"},"primaryImageOfPage":{"@id":"https:\/\/sales-ai-agents.com\/de\/templates\/bill-payments-checklist\/#primaryimage"},"image":{"@id":"https:\/\/sales-ai-agents.com\/de\/templates\/bill-payments-checklist\/#primaryimage"},"thumbnailUrl":"https:\/\/sales-ai-agents.com\/wp-content\/uploads\/2023\/01\/image-preview121305.png","datePublished":"2022-09-26T12:18:45+00:00","dateModified":"2023-12-27T14:32:38+00:00","description":"Um verpasste Zahlungen zu vermeiden, sollten Sie sich diese Vorlage f\u00fcr Rechnungszahlungen ansehen. Es enth\u00e4lt eine voll funktionsf\u00e4hige Tabelle zur \u00dcberwachung Ihrer Geb\u00fchren.","inLanguage":"de-DE","potentialAction":[{"@type":"ReadAction","target":["https:\/\/sales-ai-agents.com\/de\/templates\/bill-payments-checklist\/"]}]},{"@type":"ImageObject","inLanguage":"de-DE","@id":"https:\/\/sales-ai-agents.com\/de\/templates\/bill-payments-checklist\/#primaryimage","url":"https:\/\/sales-ai-agents.com\/wp-content\/uploads\/2023\/01\/image-preview121305.png","contentUrl":"https:\/\/sales-ai-agents.com\/wp-content\/uploads\/2023\/01\/image-preview121305.png","width":1078,"height":760,"caption":"Bill Payments Checklist Template - Nimbus Platform"},{"@type":"WebSite","@id":"https:\/\/sales-ai-agents.com\/#website","url":"https:\/\/sales-ai-agents.com\/","name":"FuseBase","description":"Nimbus Platform - Free Online Collaboration Software for Remote Teams. Build your wikis, client portals and more with the Nimbus Platform collaboration tool ? A perfect space for online work","publisher":{"@id":"https:\/\/sales-ai-agents.com\/#organization"},"potentialAction":[{"@type":"SearchAction","target":{"@type":"EntryPoint","urlTemplate":"https:\/\/sales-ai-agents.com\/?s={search_term_string}"},"query-input":{"@type":"PropertyValueSpecification","valueRequired":true,"valueName":"search_term_string"}}],"inLanguage":"de-DE"},{"@type":"Organization","@id":"https:\/\/sales-ai-agents.com\/#organization","name":"FuseBase","url":"https:\/\/sales-ai-agents.com\/","logo":{"@type":"ImageObject","inLanguage":"de-DE","@id":"https:\/\/sales-ai-agents.com\/#\/schema\/logo\/image\/","url":"https:\/\/sales-ai-agents.com\/wp-content\/uploads\/2023\/11\/icon-7.svg","contentUrl":"https:\/\/sales-ai-agents.com\/wp-content\/uploads\/2023\/11\/icon-7.svg","width":128,"height":128,"caption":"FuseBase"},"image":{"@id":"https:\/\/sales-ai-agents.com\/#\/schema\/logo\/image\/"}}]}},"_links":{"self":[{"href":"https:\/\/sales-ai-agents.com\/de\/wp-json\/wp\/v2\/product\/56282","targetHints":{"allow":["GET"]}}],"collection":[{"href":"https:\/\/sales-ai-agents.com\/de\/wp-json\/wp\/v2\/product"}],"about":[{"href":"https:\/\/sales-ai-agents.com\/de\/wp-json\/wp\/v2\/types\/product"}],"wp:featuredmedia":[{"embeddable":true,"href":"https:\/\/sales-ai-agents.com\/de\/wp-json\/wp\/v2\/media\/20536"}],"wp:attachment":[{"href":"https:\/\/sales-ai-agents.com\/de\/wp-json\/wp\/v2\/media?parent=56282"}],"wp:term":[{"taxonomy":"product_brand","embeddable":true,"href":"https:\/\/sales-ai-agents.com\/de\/wp-json\/wp\/v2\/product_brand?post=56282"},{"taxonomy":"product_cat","embeddable":true,"href":"https:\/\/sales-ai-agents.com\/de\/wp-json\/wp\/v2\/product_cat?post=56282"},{"taxonomy":"product_tag","embeddable":true,"href":"https:\/\/sales-ai-agents.com\/de\/wp-json\/wp\/v2\/product_tag?post=56282"}],"curies":[{"name":"wp","href":"https:\/\/api.w.org\/{rel}","templated":true}]}}