{"id":56293,"date":"2022-09-26T12:18:09","date_gmt":"2022-09-26T12:18:09","guid":{"rendered":"https:\/\/sales-ai-agents.com\/templates\/weekly-updates-meeting\/"},"modified":"2023-12-26T20:27:51","modified_gmt":"2023-12-26T20:27:51","slug":"weekly-updates-meeting","status":"publish","type":"product","link":"https:\/\/sales-ai-agents.com\/de\/templates\/weekly-updates-meeting\/","title":{"rendered":"Treffen zur w\u00f6chentlichen Aktualisierung"},"content":{"rendered":"<p>&nbsp;<\/p>\n<h2>W\u00f6chentliche Updates Meeting-Vorlage<\/h2>\n<p class=\"desc-text\">Besprechungen sind eine gute M\u00f6glichkeit, um Aktualisierungen bekannt zu geben, Probleme zu l\u00f6sen und alle auf den neuesten Stand zu bringen. F\u00fcllen Sie diese Vorlage vor Ihren Sitzungen aus, damit Sie die Diskussionen mit Ihrem Team planen k\u00f6nnen. Erstellen Sie eine Tagesordnung, damit Sie keinen Punkt verpassen. Entwerfen Sie Notizen und Aktionsschritte, damit jeder \u00fcber den Stand der Dinge informiert ist.<\/p>\n<h5>Wie zu verwenden:<\/h5>\n<ul class=\"desc-item_list\">\n<li class=\"desc-item_list__point\">Schreiben Sie die wichtigsten Details \u00fcber Ihr Treffen auf<\/li>\n<li class=\"desc-item_list__point\">Verwenden Sie Kontrollk\u00e4stchen, um eine Agenda zu erstellen<\/li>\n<li class=\"desc-item_list__point\">Kreuzen Sie jeden Punkt an, nachdem er in der Besprechung behandelt wurde.<\/li>\n<li class=\"desc-item_list__point\">Markieren und erw\u00e4hnen Sie die Teilnehmer<\/li>\n<li class=\"desc-item_list__point\">Entwurf von Notizen und Themen f\u00fcr die Sitzung<\/li>\n<li class=\"desc-item_list__point\">Erstellen Sie eine Checkliste mit Aufgaben und Folgeschritten<\/li>\n<\/ul>\n","protected":false},"excerpt":{"rendered":"<p>Retrospektiven k\u00f6nnen Ihrem Team oder Ihrer Organisation helfen, Projekte zu \u00fcberpr\u00fcfen und festzustellen, was gut gelaufen ist und was verbessert werden muss. Verwenden Sie daf\u00fcr diese kostenlose Vorlage.<\/p>\n","protected":false},"featured_media":20526,"template":"","meta":{"_acf_changed":false,"inline_featured_image":false},"product_brand":[],"product_cat":[177,178,191],"product_tag":[],"class_list":{"0":"post-56293","1":"product","2":"type-product","3":"status-publish","4":"has-post-thumbnail","6":"product_cat-meeting","7":"product_cat-operations-hr","8":"product_cat-project-management","9":"collections-team","11":"first","12":"instock","13":"virtual","14":"sold-individually","15":"product-type-simple"},"acf":[],"yoast_head":"<!-- This site is optimized with the Yoast SEO plugin v25.3.1 - https:\/\/yoast.com\/wordpress\/plugins\/seo\/ -->\n<title>W\u00f6chentliche Updates Meeting-Vorlage - Sales AI Agents<\/title>\n<meta name=\"description\" content=\"Retrospektiven k\u00f6nnen Ihrem Team oder Ihrer Organisation helfen, Projekte zu \u00fcberpr\u00fcfen und festzustellen, was gut gelaufen ist und was verbessert werden muss. Verwenden Sie daf\u00fcr diese kostenlose Vorlage.\" \/>\n<meta name=\"robots\" content=\"index, follow, max-snippet:-1, max-image-preview:large, max-video-preview:-1\" \/>\n<link rel=\"canonical\" href=\"https:\/\/sales-ai-agents.com\/de\/templates\/weekly-updates-meeting\/\" \/>\n<meta property=\"og:locale\" content=\"de_DE\" \/>\n<meta property=\"og:type\" content=\"article\" \/>\n<meta property=\"og:title\" content=\"W\u00f6chentliche Updates Meeting-Vorlage - Sales AI Agents\" \/>\n<meta property=\"og:description\" content=\"Retrospektiven k\u00f6nnen Ihrem Team oder Ihrer Organisation helfen, Projekte zu \u00fcberpr\u00fcfen und festzustellen, was gut gelaufen ist und was verbessert werden muss. Verwenden Sie daf\u00fcr diese kostenlose Vorlage.\" \/>\n<meta property=\"og:url\" content=\"https:\/\/sales-ai-agents.com\/de\/templates\/weekly-updates-meeting\/\" \/>\n<meta property=\"og:site_name\" content=\"Sales AI Agents\" \/>\n<meta property=\"article:modified_time\" content=\"2023-12-26T20:27:51+00:00\" \/>\n<meta property=\"og:image\" content=\"https:\/\/sales-ai-agents.com\/wp-content\/uploads\/2023\/01\/image-preview121214.png\" \/>\n\t<meta property=\"og:image:width\" content=\"1078\" \/>\n\t<meta property=\"og:image:height\" content=\"969\" \/>\n\t<meta property=\"og:image:type\" content=\"image\/png\" \/>\n<meta name=\"twitter:card\" content=\"summary_large_image\" \/>\n<script type=\"application\/ld+json\" class=\"yoast-schema-graph\">{\"@context\":\"https:\/\/schema.org\",\"@graph\":[{\"@type\":\"WebPage\",\"@id\":\"https:\/\/sales-ai-agents.com\/de\/templates\/weekly-updates-meeting\/\",\"url\":\"https:\/\/sales-ai-agents.com\/de\/templates\/weekly-updates-meeting\/\",\"name\":\"W\u00f6chentliche Updates Meeting-Vorlage - Sales AI Agents\",\"isPartOf\":{\"@id\":\"https:\/\/sales-ai-agents.com\/#website\"},\"primaryImageOfPage\":{\"@id\":\"https:\/\/sales-ai-agents.com\/de\/templates\/weekly-updates-meeting\/#primaryimage\"},\"image\":{\"@id\":\"https:\/\/sales-ai-agents.com\/de\/templates\/weekly-updates-meeting\/#primaryimage\"},\"thumbnailUrl\":\"https:\/\/sales-ai-agents.com\/wp-content\/uploads\/2023\/01\/image-preview121214.png\",\"datePublished\":\"2022-09-26T12:18:09+00:00\",\"dateModified\":\"2023-12-26T20:27:51+00:00\",\"description\":\"Retrospektiven k\u00f6nnen Ihrem Team oder Ihrer Organisation helfen, Projekte zu \u00fcberpr\u00fcfen und festzustellen, was gut gelaufen ist und was verbessert werden muss. Verwenden Sie daf\u00fcr diese kostenlose Vorlage.\",\"inLanguage\":\"de-DE\",\"potentialAction\":[{\"@type\":\"ReadAction\",\"target\":[\"https:\/\/sales-ai-agents.com\/de\/templates\/weekly-updates-meeting\/\"]}]},{\"@type\":\"ImageObject\",\"inLanguage\":\"de-DE\",\"@id\":\"https:\/\/sales-ai-agents.com\/de\/templates\/weekly-updates-meeting\/#primaryimage\",\"url\":\"https:\/\/sales-ai-agents.com\/wp-content\/uploads\/2023\/01\/image-preview121214.png\",\"contentUrl\":\"https:\/\/sales-ai-agents.com\/wp-content\/uploads\/2023\/01\/image-preview121214.png\",\"width\":1078,\"height\":969,\"caption\":\"Weekly Updates Meeting Template - Nimbus Platform\"},{\"@type\":\"WebSite\",\"@id\":\"https:\/\/sales-ai-agents.com\/#website\",\"url\":\"https:\/\/sales-ai-agents.com\/\",\"name\":\"FuseBase\",\"description\":\"Nimbus Platform - Free Online Collaboration Software for Remote Teams. Build your wikis, client portals and more with the Nimbus Platform collaboration tool ? A perfect space for online work\",\"publisher\":{\"@id\":\"https:\/\/sales-ai-agents.com\/#organization\"},\"potentialAction\":[{\"@type\":\"SearchAction\",\"target\":{\"@type\":\"EntryPoint\",\"urlTemplate\":\"https:\/\/sales-ai-agents.com\/?s={search_term_string}\"},\"query-input\":{\"@type\":\"PropertyValueSpecification\",\"valueRequired\":true,\"valueName\":\"search_term_string\"}}],\"inLanguage\":\"de-DE\"},{\"@type\":\"Organization\",\"@id\":\"https:\/\/sales-ai-agents.com\/#organization\",\"name\":\"FuseBase\",\"url\":\"https:\/\/sales-ai-agents.com\/\",\"logo\":{\"@type\":\"ImageObject\",\"inLanguage\":\"de-DE\",\"@id\":\"https:\/\/sales-ai-agents.com\/#\/schema\/logo\/image\/\",\"url\":\"https:\/\/sales-ai-agents.com\/wp-content\/uploads\/2023\/11\/icon-7.svg\",\"contentUrl\":\"https:\/\/sales-ai-agents.com\/wp-content\/uploads\/2023\/11\/icon-7.svg\",\"width\":128,\"height\":128,\"caption\":\"FuseBase\"},\"image\":{\"@id\":\"https:\/\/sales-ai-agents.com\/#\/schema\/logo\/image\/\"}}]}<\/script>\n<!-- \/ Yoast SEO plugin. -->","yoast_head_json":{"title":"W\u00f6chentliche Updates Meeting-Vorlage - Sales AI Agents","description":"Retrospektiven k\u00f6nnen Ihrem Team oder Ihrer Organisation helfen, Projekte zu \u00fcberpr\u00fcfen und festzustellen, was gut gelaufen ist und was verbessert werden muss. Verwenden Sie daf\u00fcr diese kostenlose Vorlage.","robots":{"index":"index","follow":"follow","max-snippet":"max-snippet:-1","max-image-preview":"max-image-preview:large","max-video-preview":"max-video-preview:-1"},"canonical":"https:\/\/sales-ai-agents.com\/de\/templates\/weekly-updates-meeting\/","og_locale":"de_DE","og_type":"article","og_title":"W\u00f6chentliche Updates Meeting-Vorlage - Sales AI Agents","og_description":"Retrospektiven k\u00f6nnen Ihrem Team oder Ihrer Organisation helfen, Projekte zu \u00fcberpr\u00fcfen und festzustellen, was gut gelaufen ist und was verbessert werden muss. Verwenden Sie daf\u00fcr diese kostenlose Vorlage.","og_url":"https:\/\/sales-ai-agents.com\/de\/templates\/weekly-updates-meeting\/","og_site_name":"Sales AI Agents","article_modified_time":"2023-12-26T20:27:51+00:00","og_image":[{"width":1078,"height":969,"url":"https:\/\/sales-ai-agents.com\/wp-content\/uploads\/2023\/01\/image-preview121214.png","type":"image\/png"}],"twitter_card":"summary_large_image","schema":{"@context":"https:\/\/schema.org","@graph":[{"@type":"WebPage","@id":"https:\/\/sales-ai-agents.com\/de\/templates\/weekly-updates-meeting\/","url":"https:\/\/sales-ai-agents.com\/de\/templates\/weekly-updates-meeting\/","name":"W\u00f6chentliche Updates Meeting-Vorlage - Sales AI Agents","isPartOf":{"@id":"https:\/\/sales-ai-agents.com\/#website"},"primaryImageOfPage":{"@id":"https:\/\/sales-ai-agents.com\/de\/templates\/weekly-updates-meeting\/#primaryimage"},"image":{"@id":"https:\/\/sales-ai-agents.com\/de\/templates\/weekly-updates-meeting\/#primaryimage"},"thumbnailUrl":"https:\/\/sales-ai-agents.com\/wp-content\/uploads\/2023\/01\/image-preview121214.png","datePublished":"2022-09-26T12:18:09+00:00","dateModified":"2023-12-26T20:27:51+00:00","description":"Retrospektiven k\u00f6nnen Ihrem Team oder Ihrer Organisation helfen, Projekte zu \u00fcberpr\u00fcfen und festzustellen, was gut gelaufen ist und was verbessert werden muss. Verwenden Sie daf\u00fcr diese kostenlose Vorlage.","inLanguage":"de-DE","potentialAction":[{"@type":"ReadAction","target":["https:\/\/sales-ai-agents.com\/de\/templates\/weekly-updates-meeting\/"]}]},{"@type":"ImageObject","inLanguage":"de-DE","@id":"https:\/\/sales-ai-agents.com\/de\/templates\/weekly-updates-meeting\/#primaryimage","url":"https:\/\/sales-ai-agents.com\/wp-content\/uploads\/2023\/01\/image-preview121214.png","contentUrl":"https:\/\/sales-ai-agents.com\/wp-content\/uploads\/2023\/01\/image-preview121214.png","width":1078,"height":969,"caption":"Weekly Updates Meeting Template - Nimbus Platform"},{"@type":"WebSite","@id":"https:\/\/sales-ai-agents.com\/#website","url":"https:\/\/sales-ai-agents.com\/","name":"FuseBase","description":"Nimbus Platform - Free Online Collaboration Software for Remote Teams. Build your wikis, client portals and more with the Nimbus Platform collaboration tool ? A perfect space for online work","publisher":{"@id":"https:\/\/sales-ai-agents.com\/#organization"},"potentialAction":[{"@type":"SearchAction","target":{"@type":"EntryPoint","urlTemplate":"https:\/\/sales-ai-agents.com\/?s={search_term_string}"},"query-input":{"@type":"PropertyValueSpecification","valueRequired":true,"valueName":"search_term_string"}}],"inLanguage":"de-DE"},{"@type":"Organization","@id":"https:\/\/sales-ai-agents.com\/#organization","name":"FuseBase","url":"https:\/\/sales-ai-agents.com\/","logo":{"@type":"ImageObject","inLanguage":"de-DE","@id":"https:\/\/sales-ai-agents.com\/#\/schema\/logo\/image\/","url":"https:\/\/sales-ai-agents.com\/wp-content\/uploads\/2023\/11\/icon-7.svg","contentUrl":"https:\/\/sales-ai-agents.com\/wp-content\/uploads\/2023\/11\/icon-7.svg","width":128,"height":128,"caption":"FuseBase"},"image":{"@id":"https:\/\/sales-ai-agents.com\/#\/schema\/logo\/image\/"}}]}},"_links":{"self":[{"href":"https:\/\/sales-ai-agents.com\/de\/wp-json\/wp\/v2\/product\/56293","targetHints":{"allow":["GET"]}}],"collection":[{"href":"https:\/\/sales-ai-agents.com\/de\/wp-json\/wp\/v2\/product"}],"about":[{"href":"https:\/\/sales-ai-agents.com\/de\/wp-json\/wp\/v2\/types\/product"}],"wp:featuredmedia":[{"embeddable":true,"href":"https:\/\/sales-ai-agents.com\/de\/wp-json\/wp\/v2\/media\/20526"}],"wp:attachment":[{"href":"https:\/\/sales-ai-agents.com\/de\/wp-json\/wp\/v2\/media?parent=56293"}],"wp:term":[{"taxonomy":"product_brand","embeddable":true,"href":"https:\/\/sales-ai-agents.com\/de\/wp-json\/wp\/v2\/product_brand?post=56293"},{"taxonomy":"product_cat","embeddable":true,"href":"https:\/\/sales-ai-agents.com\/de\/wp-json\/wp\/v2\/product_cat?post=56293"},{"taxonomy":"product_tag","embeddable":true,"href":"https:\/\/sales-ai-agents.com\/de\/wp-json\/wp\/v2\/product_tag?post=56293"}],"curies":[{"name":"wp","href":"https:\/\/api.w.org\/{rel}","templated":true}]}}