{"id":56297,"date":"2022-09-26T12:18:06","date_gmt":"2022-09-26T12:18:06","guid":{"rendered":"https:\/\/sales-ai-agents.com\/templates\/retrospective\/"},"modified":"2023-12-26T21:14:38","modified_gmt":"2023-12-26T21:14:38","slug":"retrospective","status":"publish","type":"product","link":"https:\/\/sales-ai-agents.com\/de\/templates\/retrospective\/","title":{"rendered":"R\u00fcckblickend"},"content":{"rendered":"<p>&nbsp;<\/p>\n<h2>Retrospektive Vorlage<\/h2>\n<p class=\"desc-text\">Retrospektiven k\u00f6nnen Ihrem Team oder Ihrer Organisation helfen, Projekte zu \u00fcberpr\u00fcfen und festzustellen, was gut gelaufen ist und was verbessert werden muss. Indem sie herausfinden, was funktioniert und was nicht, k\u00f6nnen die Teams f\u00fcr k\u00fcnftige Projekte besser ger\u00fcstet sein. Diese Vorlage enth\u00e4lt eine Tabelle, die mit Informationen \u00fcber die zu startenden oder zu beendenden Aktionen zu f\u00fcllen ist. Die Teams k\u00f6nnen konstruktives Feedback geben und ihre Arbeit reflektieren.<\/p>\n<h5>Wie zu verwenden:<\/h5>\n<ul class=\"desc-item_list\">\n<li class=\"desc-item_list__point\">Enthalten Sie Hintergrundinformationen zum Projekt<\/li>\n<li class=\"desc-item_list__point\">\u00dcberlegen Sie sich neue Schritte, mit denen Sie beginnen k\u00f6nnen<\/li>\n<li class=\"desc-item_list__point\">Hinweis auf Aktionen, die eingestellt werden sollten<\/li>\n<li class=\"desc-item_list__point\">Neue Aufgaben f\u00fcr Teammitglieder erstellen<\/li>\n<\/ul>\n","protected":false},"excerpt":{"rendered":"<p>Die Retrospektive kann Ihnen helfen, Ihre Projekte zu bewerten und Ihre Zukunft zu gestalten. Mit dieser kostenlosen Vorlage k\u00f6nnen Sie pr\u00fcfen, was gut gelaufen ist und was verbessert werden muss.<\/p>\n","protected":false},"featured_media":25665,"template":"","meta":{"_acf_changed":false,"inline_featured_image":false},"product_brand":[],"product_cat":[180,184],"product_tag":[],"class_list":{"0":"post-56297","1":"product","2":"type-product","3":"status-publish","4":"has-post-thumbnail","6":"product_cat-personal","7":"product_cat-personal-money","9":"first","10":"instock","11":"virtual","12":"sold-individually","13":"product-type-simple"},"acf":[],"yoast_head":"<!-- This site is optimized with the Yoast SEO plugin v25.3.1 - https:\/\/yoast.com\/wordpress\/plugins\/seo\/ -->\n<title>Retrospektive Vorlage - Sales AI Agents<\/title>\n<meta name=\"description\" content=\"Die Retrospektive kann Ihnen helfen, Ihre Projekte zu bewerten und Ihre Zukunft zu gestalten. Mit dieser kostenlosen Vorlage k\u00f6nnen Sie pr\u00fcfen, was gut gelaufen ist und was verbessert werden muss.\" \/>\n<meta name=\"robots\" content=\"index, follow, max-snippet:-1, max-image-preview:large, max-video-preview:-1\" \/>\n<link rel=\"canonical\" href=\"https:\/\/sales-ai-agents.com\/de\/templates\/retrospective\/\" \/>\n<meta property=\"og:locale\" content=\"de_DE\" \/>\n<meta property=\"og:type\" content=\"article\" \/>\n<meta property=\"og:title\" content=\"Retrospektive Vorlage - Sales AI Agents\" \/>\n<meta property=\"og:description\" content=\"Die Retrospektive kann Ihnen helfen, Ihre Projekte zu bewerten und Ihre Zukunft zu gestalten. Mit dieser kostenlosen Vorlage k\u00f6nnen Sie pr\u00fcfen, was gut gelaufen ist und was verbessert werden muss.\" \/>\n<meta property=\"og:url\" content=\"https:\/\/sales-ai-agents.com\/de\/templates\/retrospective\/\" \/>\n<meta property=\"og:site_name\" content=\"Sales AI Agents\" \/>\n<meta property=\"article:modified_time\" content=\"2023-12-26T21:14:38+00:00\" \/>\n<meta property=\"og:image\" content=\"https:\/\/sales-ai-agents.com\/wp-content\/uploads\/2022\/09\/Retrospective-Template.png\" \/>\n\t<meta property=\"og:image:width\" content=\"1700\" \/>\n\t<meta property=\"og:image:height\" content=\"1100\" \/>\n\t<meta property=\"og:image:type\" content=\"image\/png\" \/>\n<meta name=\"twitter:card\" content=\"summary_large_image\" \/>\n<script type=\"application\/ld+json\" class=\"yoast-schema-graph\">{\"@context\":\"https:\/\/schema.org\",\"@graph\":[{\"@type\":\"WebPage\",\"@id\":\"https:\/\/sales-ai-agents.com\/de\/templates\/retrospective\/\",\"url\":\"https:\/\/sales-ai-agents.com\/de\/templates\/retrospective\/\",\"name\":\"Retrospektive Vorlage - Sales AI Agents\",\"isPartOf\":{\"@id\":\"https:\/\/sales-ai-agents.com\/#website\"},\"primaryImageOfPage\":{\"@id\":\"https:\/\/sales-ai-agents.com\/de\/templates\/retrospective\/#primaryimage\"},\"image\":{\"@id\":\"https:\/\/sales-ai-agents.com\/de\/templates\/retrospective\/#primaryimage\"},\"thumbnailUrl\":\"https:\/\/sales-ai-agents.com\/wp-content\/uploads\/2022\/09\/Retrospective-Template.png\",\"datePublished\":\"2022-09-26T12:18:06+00:00\",\"dateModified\":\"2023-12-26T21:14:38+00:00\",\"description\":\"Die Retrospektive kann Ihnen helfen, Ihre Projekte zu bewerten und Ihre Zukunft zu gestalten. Mit dieser kostenlosen Vorlage k\u00f6nnen Sie pr\u00fcfen, was gut gelaufen ist und was verbessert werden muss.\",\"inLanguage\":\"de-DE\",\"potentialAction\":[{\"@type\":\"ReadAction\",\"target\":[\"https:\/\/sales-ai-agents.com\/de\/templates\/retrospective\/\"]}]},{\"@type\":\"ImageObject\",\"inLanguage\":\"de-DE\",\"@id\":\"https:\/\/sales-ai-agents.com\/de\/templates\/retrospective\/#primaryimage\",\"url\":\"https:\/\/sales-ai-agents.com\/wp-content\/uploads\/2022\/09\/Retrospective-Template.png\",\"contentUrl\":\"https:\/\/sales-ai-agents.com\/wp-content\/uploads\/2022\/09\/Retrospective-Template.png\",\"width\":1700,\"height\":1100,\"caption\":\"Retrospective can help you evaluate your projects and guide your future.\"},{\"@type\":\"WebSite\",\"@id\":\"https:\/\/sales-ai-agents.com\/#website\",\"url\":\"https:\/\/sales-ai-agents.com\/\",\"name\":\"FuseBase\",\"description\":\"Nimbus Platform - Free Online Collaboration Software for Remote Teams. Build your wikis, client portals and more with the Nimbus Platform collaboration tool ? A perfect space for online work\",\"publisher\":{\"@id\":\"https:\/\/sales-ai-agents.com\/#organization\"},\"potentialAction\":[{\"@type\":\"SearchAction\",\"target\":{\"@type\":\"EntryPoint\",\"urlTemplate\":\"https:\/\/sales-ai-agents.com\/?s={search_term_string}\"},\"query-input\":{\"@type\":\"PropertyValueSpecification\",\"valueRequired\":true,\"valueName\":\"search_term_string\"}}],\"inLanguage\":\"de-DE\"},{\"@type\":\"Organization\",\"@id\":\"https:\/\/sales-ai-agents.com\/#organization\",\"name\":\"FuseBase\",\"url\":\"https:\/\/sales-ai-agents.com\/\",\"logo\":{\"@type\":\"ImageObject\",\"inLanguage\":\"de-DE\",\"@id\":\"https:\/\/sales-ai-agents.com\/#\/schema\/logo\/image\/\",\"url\":\"https:\/\/sales-ai-agents.com\/wp-content\/uploads\/2023\/11\/icon-7.svg\",\"contentUrl\":\"https:\/\/sales-ai-agents.com\/wp-content\/uploads\/2023\/11\/icon-7.svg\",\"width\":128,\"height\":128,\"caption\":\"FuseBase\"},\"image\":{\"@id\":\"https:\/\/sales-ai-agents.com\/#\/schema\/logo\/image\/\"}}]}<\/script>\n<!-- \/ Yoast SEO plugin. -->","yoast_head_json":{"title":"Retrospektive Vorlage - Sales AI Agents","description":"Die Retrospektive kann Ihnen helfen, Ihre Projekte zu bewerten und Ihre Zukunft zu gestalten. Mit dieser kostenlosen Vorlage k\u00f6nnen Sie pr\u00fcfen, was gut gelaufen ist und was verbessert werden muss.","robots":{"index":"index","follow":"follow","max-snippet":"max-snippet:-1","max-image-preview":"max-image-preview:large","max-video-preview":"max-video-preview:-1"},"canonical":"https:\/\/sales-ai-agents.com\/de\/templates\/retrospective\/","og_locale":"de_DE","og_type":"article","og_title":"Retrospektive Vorlage - Sales AI Agents","og_description":"Die Retrospektive kann Ihnen helfen, Ihre Projekte zu bewerten und Ihre Zukunft zu gestalten. Mit dieser kostenlosen Vorlage k\u00f6nnen Sie pr\u00fcfen, was gut gelaufen ist und was verbessert werden muss.","og_url":"https:\/\/sales-ai-agents.com\/de\/templates\/retrospective\/","og_site_name":"Sales AI Agents","article_modified_time":"2023-12-26T21:14:38+00:00","og_image":[{"width":1700,"height":1100,"url":"https:\/\/sales-ai-agents.com\/wp-content\/uploads\/2022\/09\/Retrospective-Template.png","type":"image\/png"}],"twitter_card":"summary_large_image","schema":{"@context":"https:\/\/schema.org","@graph":[{"@type":"WebPage","@id":"https:\/\/sales-ai-agents.com\/de\/templates\/retrospective\/","url":"https:\/\/sales-ai-agents.com\/de\/templates\/retrospective\/","name":"Retrospektive Vorlage - Sales AI Agents","isPartOf":{"@id":"https:\/\/sales-ai-agents.com\/#website"},"primaryImageOfPage":{"@id":"https:\/\/sales-ai-agents.com\/de\/templates\/retrospective\/#primaryimage"},"image":{"@id":"https:\/\/sales-ai-agents.com\/de\/templates\/retrospective\/#primaryimage"},"thumbnailUrl":"https:\/\/sales-ai-agents.com\/wp-content\/uploads\/2022\/09\/Retrospective-Template.png","datePublished":"2022-09-26T12:18:06+00:00","dateModified":"2023-12-26T21:14:38+00:00","description":"Die Retrospektive kann Ihnen helfen, Ihre Projekte zu bewerten und Ihre Zukunft zu gestalten. Mit dieser kostenlosen Vorlage k\u00f6nnen Sie pr\u00fcfen, was gut gelaufen ist und was verbessert werden muss.","inLanguage":"de-DE","potentialAction":[{"@type":"ReadAction","target":["https:\/\/sales-ai-agents.com\/de\/templates\/retrospective\/"]}]},{"@type":"ImageObject","inLanguage":"de-DE","@id":"https:\/\/sales-ai-agents.com\/de\/templates\/retrospective\/#primaryimage","url":"https:\/\/sales-ai-agents.com\/wp-content\/uploads\/2022\/09\/Retrospective-Template.png","contentUrl":"https:\/\/sales-ai-agents.com\/wp-content\/uploads\/2022\/09\/Retrospective-Template.png","width":1700,"height":1100,"caption":"Retrospective can help you evaluate your projects and guide your future."},{"@type":"WebSite","@id":"https:\/\/sales-ai-agents.com\/#website","url":"https:\/\/sales-ai-agents.com\/","name":"FuseBase","description":"Nimbus Platform - Free Online Collaboration Software for Remote Teams. Build your wikis, client portals and more with the Nimbus Platform collaboration tool ? A perfect space for online work","publisher":{"@id":"https:\/\/sales-ai-agents.com\/#organization"},"potentialAction":[{"@type":"SearchAction","target":{"@type":"EntryPoint","urlTemplate":"https:\/\/sales-ai-agents.com\/?s={search_term_string}"},"query-input":{"@type":"PropertyValueSpecification","valueRequired":true,"valueName":"search_term_string"}}],"inLanguage":"de-DE"},{"@type":"Organization","@id":"https:\/\/sales-ai-agents.com\/#organization","name":"FuseBase","url":"https:\/\/sales-ai-agents.com\/","logo":{"@type":"ImageObject","inLanguage":"de-DE","@id":"https:\/\/sales-ai-agents.com\/#\/schema\/logo\/image\/","url":"https:\/\/sales-ai-agents.com\/wp-content\/uploads\/2023\/11\/icon-7.svg","contentUrl":"https:\/\/sales-ai-agents.com\/wp-content\/uploads\/2023\/11\/icon-7.svg","width":128,"height":128,"caption":"FuseBase"},"image":{"@id":"https:\/\/sales-ai-agents.com\/#\/schema\/logo\/image\/"}}]}},"_links":{"self":[{"href":"https:\/\/sales-ai-agents.com\/de\/wp-json\/wp\/v2\/product\/56297","targetHints":{"allow":["GET"]}}],"collection":[{"href":"https:\/\/sales-ai-agents.com\/de\/wp-json\/wp\/v2\/product"}],"about":[{"href":"https:\/\/sales-ai-agents.com\/de\/wp-json\/wp\/v2\/types\/product"}],"wp:featuredmedia":[{"embeddable":true,"href":"https:\/\/sales-ai-agents.com\/de\/wp-json\/wp\/v2\/media\/25665"}],"wp:attachment":[{"href":"https:\/\/sales-ai-agents.com\/de\/wp-json\/wp\/v2\/media?parent=56297"}],"wp:term":[{"taxonomy":"product_brand","embeddable":true,"href":"https:\/\/sales-ai-agents.com\/de\/wp-json\/wp\/v2\/product_brand?post=56297"},{"taxonomy":"product_cat","embeddable":true,"href":"https:\/\/sales-ai-agents.com\/de\/wp-json\/wp\/v2\/product_cat?post=56297"},{"taxonomy":"product_tag","embeddable":true,"href":"https:\/\/sales-ai-agents.com\/de\/wp-json\/wp\/v2\/product_tag?post=56297"}],"curies":[{"name":"wp","href":"https:\/\/api.w.org\/{rel}","templated":true}]}}