{"id":56301,"date":"2022-09-26T12:18:03","date_gmt":"2022-09-26T12:18:03","guid":{"rendered":"https:\/\/sales-ai-agents.com\/templates\/year-goals\/"},"modified":"2023-12-26T20:21:14","modified_gmt":"2023-12-26T20:21:14","slug":"year-goals","status":"publish","type":"product","link":"https:\/\/sales-ai-agents.com\/de\/templates\/year-goals\/","title":{"rendered":"Ziele f\u00fcr das Jahr"},"content":{"rendered":"<p>&nbsp;<\/p>\n<h2>Jahresziele Vorlage<\/h2>\n<p class=\"desc-text\">Die Festlegung von Zielen erfordert ein hohes Ma\u00df an \u00dcberlegung, Planung und Selbsterkenntnis. Andernfalls sind Ihre Ziele nicht klar, messbar und wahrscheinlich auch nicht realisierbar. Verwenden Sie die Vorlage Jahresziele, um Ihre Ziele f\u00fcr das ganze Jahr festzulegen. \u00dcberpr\u00fcfen Sie die Liste von Zeit zu Zeit und \u00e4ndern Sie Ihren Plan bei Bedarf.<\/p>\n<h5>Wie zu verwenden:<\/h5>\n<ul class=\"desc-item_list\">\n<li class=\"desc-item_list__point\">F\u00fcgen Sie das Jahr hinzu, f\u00fcr das Sie Ziele planen<\/li>\n<li class=\"desc-item_list__point\">Setzen Sie sich Ziele f\u00fcr das ganze Jahr<\/li>\n<li class=\"desc-item_list__point\">Setzen Sie sich Ziele f\u00fcr jeden Monat des Jahres<\/li>\n<\/ul>\n","protected":false},"excerpt":{"rendered":"<p>Die Festlegung von Zielen erfordert ein hohes Ma\u00df an \u00dcberlegung, Planung und Selbsterkenntnis. Verwenden Sie die kostenlose Vorlage f\u00fcr Jahresziele, um alles f\u00fcr das ganze Jahr zu planen.<\/p>\n","protected":false},"featured_media":20518,"template":"","meta":{"_acf_changed":false,"inline_featured_image":false},"product_brand":[],"product_cat":[179,180],"product_tag":[],"class_list":{"0":"post-56301","1":"product","2":"type-product","3":"status-publish","4":"has-post-thumbnail","6":"product_cat-organizers-planners","7":"product_cat-personal","9":"first","10":"instock","11":"virtual","12":"sold-individually","13":"product-type-simple"},"acf":[],"yoast_head":"<!-- This site is optimized with the Yoast SEO plugin v25.3.1 - https:\/\/yoast.com\/wordpress\/plugins\/seo\/ -->\n<title>Jahresziele Vorlage - Sales AI Agents<\/title>\n<meta name=\"description\" content=\"Die Festlegung von Zielen erfordert ein hohes Ma\u00df an \u00dcberlegung, Planung und Selbsterkenntnis. Verwenden Sie die kostenlose Vorlage f\u00fcr Jahresziele, um alles f\u00fcr das ganze Jahr zu planen.\" \/>\n<meta name=\"robots\" content=\"index, follow, max-snippet:-1, max-image-preview:large, max-video-preview:-1\" \/>\n<link rel=\"canonical\" href=\"https:\/\/sales-ai-agents.com\/de\/templates\/year-goals\/\" \/>\n<meta property=\"og:locale\" content=\"de_DE\" \/>\n<meta property=\"og:type\" content=\"article\" \/>\n<meta property=\"og:title\" content=\"Jahresziele Vorlage - Sales AI Agents\" \/>\n<meta property=\"og:description\" content=\"Die Festlegung von Zielen erfordert ein hohes Ma\u00df an \u00dcberlegung, Planung und Selbsterkenntnis. Verwenden Sie die kostenlose Vorlage f\u00fcr Jahresziele, um alles f\u00fcr das ganze Jahr zu planen.\" \/>\n<meta property=\"og:url\" content=\"https:\/\/sales-ai-agents.com\/de\/templates\/year-goals\/\" \/>\n<meta property=\"og:site_name\" content=\"Sales AI Agents\" \/>\n<meta property=\"article:modified_time\" content=\"2023-12-26T20:21:14+00:00\" \/>\n<meta property=\"og:image\" content=\"https:\/\/sales-ai-agents.com\/wp-content\/uploads\/2023\/01\/image-preview121138.png\" \/>\n\t<meta property=\"og:image:width\" content=\"1078\" \/>\n\t<meta property=\"og:image:height\" content=\"946\" \/>\n\t<meta property=\"og:image:type\" content=\"image\/png\" \/>\n<meta name=\"twitter:card\" content=\"summary_large_image\" \/>\n<script type=\"application\/ld+json\" class=\"yoast-schema-graph\">{\"@context\":\"https:\/\/schema.org\",\"@graph\":[{\"@type\":\"WebPage\",\"@id\":\"https:\/\/sales-ai-agents.com\/de\/templates\/year-goals\/\",\"url\":\"https:\/\/sales-ai-agents.com\/de\/templates\/year-goals\/\",\"name\":\"Jahresziele Vorlage - Sales AI Agents\",\"isPartOf\":{\"@id\":\"https:\/\/sales-ai-agents.com\/#website\"},\"primaryImageOfPage\":{\"@id\":\"https:\/\/sales-ai-agents.com\/de\/templates\/year-goals\/#primaryimage\"},\"image\":{\"@id\":\"https:\/\/sales-ai-agents.com\/de\/templates\/year-goals\/#primaryimage\"},\"thumbnailUrl\":\"https:\/\/sales-ai-agents.com\/wp-content\/uploads\/2023\/01\/image-preview121138.png\",\"datePublished\":\"2022-09-26T12:18:03+00:00\",\"dateModified\":\"2023-12-26T20:21:14+00:00\",\"description\":\"Die Festlegung von Zielen erfordert ein hohes Ma\u00df an \u00dcberlegung, Planung und Selbsterkenntnis. Verwenden Sie die kostenlose Vorlage f\u00fcr Jahresziele, um alles f\u00fcr das ganze Jahr zu planen.\",\"inLanguage\":\"de-DE\",\"potentialAction\":[{\"@type\":\"ReadAction\",\"target\":[\"https:\/\/sales-ai-agents.com\/de\/templates\/year-goals\/\"]}]},{\"@type\":\"ImageObject\",\"inLanguage\":\"de-DE\",\"@id\":\"https:\/\/sales-ai-agents.com\/de\/templates\/year-goals\/#primaryimage\",\"url\":\"https:\/\/sales-ai-agents.com\/wp-content\/uploads\/2023\/01\/image-preview121138.png\",\"contentUrl\":\"https:\/\/sales-ai-agents.com\/wp-content\/uploads\/2023\/01\/image-preview121138.png\",\"width\":1078,\"height\":946,\"caption\":\"Year Goals Template - Nimbus Platform\"},{\"@type\":\"WebSite\",\"@id\":\"https:\/\/sales-ai-agents.com\/#website\",\"url\":\"https:\/\/sales-ai-agents.com\/\",\"name\":\"FuseBase\",\"description\":\"Nimbus Platform - Free Online Collaboration Software for Remote Teams. Build your wikis, client portals and more with the Nimbus Platform collaboration tool ? A perfect space for online work\",\"publisher\":{\"@id\":\"https:\/\/sales-ai-agents.com\/#organization\"},\"potentialAction\":[{\"@type\":\"SearchAction\",\"target\":{\"@type\":\"EntryPoint\",\"urlTemplate\":\"https:\/\/sales-ai-agents.com\/?s={search_term_string}\"},\"query-input\":{\"@type\":\"PropertyValueSpecification\",\"valueRequired\":true,\"valueName\":\"search_term_string\"}}],\"inLanguage\":\"de-DE\"},{\"@type\":\"Organization\",\"@id\":\"https:\/\/sales-ai-agents.com\/#organization\",\"name\":\"FuseBase\",\"url\":\"https:\/\/sales-ai-agents.com\/\",\"logo\":{\"@type\":\"ImageObject\",\"inLanguage\":\"de-DE\",\"@id\":\"https:\/\/sales-ai-agents.com\/#\/schema\/logo\/image\/\",\"url\":\"https:\/\/sales-ai-agents.com\/wp-content\/uploads\/2023\/11\/icon-7.svg\",\"contentUrl\":\"https:\/\/sales-ai-agents.com\/wp-content\/uploads\/2023\/11\/icon-7.svg\",\"width\":128,\"height\":128,\"caption\":\"FuseBase\"},\"image\":{\"@id\":\"https:\/\/sales-ai-agents.com\/#\/schema\/logo\/image\/\"}}]}<\/script>\n<!-- \/ Yoast SEO plugin. -->","yoast_head_json":{"title":"Jahresziele Vorlage - Sales AI Agents","description":"Die Festlegung von Zielen erfordert ein hohes Ma\u00df an \u00dcberlegung, Planung und Selbsterkenntnis. Verwenden Sie die kostenlose Vorlage f\u00fcr Jahresziele, um alles f\u00fcr das ganze Jahr zu planen.","robots":{"index":"index","follow":"follow","max-snippet":"max-snippet:-1","max-image-preview":"max-image-preview:large","max-video-preview":"max-video-preview:-1"},"canonical":"https:\/\/sales-ai-agents.com\/de\/templates\/year-goals\/","og_locale":"de_DE","og_type":"article","og_title":"Jahresziele Vorlage - Sales AI Agents","og_description":"Die Festlegung von Zielen erfordert ein hohes Ma\u00df an \u00dcberlegung, Planung und Selbsterkenntnis. Verwenden Sie die kostenlose Vorlage f\u00fcr Jahresziele, um alles f\u00fcr das ganze Jahr zu planen.","og_url":"https:\/\/sales-ai-agents.com\/de\/templates\/year-goals\/","og_site_name":"Sales AI Agents","article_modified_time":"2023-12-26T20:21:14+00:00","og_image":[{"width":1078,"height":946,"url":"https:\/\/sales-ai-agents.com\/wp-content\/uploads\/2023\/01\/image-preview121138.png","type":"image\/png"}],"twitter_card":"summary_large_image","schema":{"@context":"https:\/\/schema.org","@graph":[{"@type":"WebPage","@id":"https:\/\/sales-ai-agents.com\/de\/templates\/year-goals\/","url":"https:\/\/sales-ai-agents.com\/de\/templates\/year-goals\/","name":"Jahresziele Vorlage - Sales AI Agents","isPartOf":{"@id":"https:\/\/sales-ai-agents.com\/#website"},"primaryImageOfPage":{"@id":"https:\/\/sales-ai-agents.com\/de\/templates\/year-goals\/#primaryimage"},"image":{"@id":"https:\/\/sales-ai-agents.com\/de\/templates\/year-goals\/#primaryimage"},"thumbnailUrl":"https:\/\/sales-ai-agents.com\/wp-content\/uploads\/2023\/01\/image-preview121138.png","datePublished":"2022-09-26T12:18:03+00:00","dateModified":"2023-12-26T20:21:14+00:00","description":"Die Festlegung von Zielen erfordert ein hohes Ma\u00df an \u00dcberlegung, Planung und Selbsterkenntnis. Verwenden Sie die kostenlose Vorlage f\u00fcr Jahresziele, um alles f\u00fcr das ganze Jahr zu planen.","inLanguage":"de-DE","potentialAction":[{"@type":"ReadAction","target":["https:\/\/sales-ai-agents.com\/de\/templates\/year-goals\/"]}]},{"@type":"ImageObject","inLanguage":"de-DE","@id":"https:\/\/sales-ai-agents.com\/de\/templates\/year-goals\/#primaryimage","url":"https:\/\/sales-ai-agents.com\/wp-content\/uploads\/2023\/01\/image-preview121138.png","contentUrl":"https:\/\/sales-ai-agents.com\/wp-content\/uploads\/2023\/01\/image-preview121138.png","width":1078,"height":946,"caption":"Year Goals Template - Nimbus Platform"},{"@type":"WebSite","@id":"https:\/\/sales-ai-agents.com\/#website","url":"https:\/\/sales-ai-agents.com\/","name":"FuseBase","description":"Nimbus Platform - Free Online Collaboration Software for Remote Teams. Build your wikis, client portals and more with the Nimbus Platform collaboration tool ? A perfect space for online work","publisher":{"@id":"https:\/\/sales-ai-agents.com\/#organization"},"potentialAction":[{"@type":"SearchAction","target":{"@type":"EntryPoint","urlTemplate":"https:\/\/sales-ai-agents.com\/?s={search_term_string}"},"query-input":{"@type":"PropertyValueSpecification","valueRequired":true,"valueName":"search_term_string"}}],"inLanguage":"de-DE"},{"@type":"Organization","@id":"https:\/\/sales-ai-agents.com\/#organization","name":"FuseBase","url":"https:\/\/sales-ai-agents.com\/","logo":{"@type":"ImageObject","inLanguage":"de-DE","@id":"https:\/\/sales-ai-agents.com\/#\/schema\/logo\/image\/","url":"https:\/\/sales-ai-agents.com\/wp-content\/uploads\/2023\/11\/icon-7.svg","contentUrl":"https:\/\/sales-ai-agents.com\/wp-content\/uploads\/2023\/11\/icon-7.svg","width":128,"height":128,"caption":"FuseBase"},"image":{"@id":"https:\/\/sales-ai-agents.com\/#\/schema\/logo\/image\/"}}]}},"_links":{"self":[{"href":"https:\/\/sales-ai-agents.com\/de\/wp-json\/wp\/v2\/product\/56301","targetHints":{"allow":["GET"]}}],"collection":[{"href":"https:\/\/sales-ai-agents.com\/de\/wp-json\/wp\/v2\/product"}],"about":[{"href":"https:\/\/sales-ai-agents.com\/de\/wp-json\/wp\/v2\/types\/product"}],"wp:featuredmedia":[{"embeddable":true,"href":"https:\/\/sales-ai-agents.com\/de\/wp-json\/wp\/v2\/media\/20518"}],"wp:attachment":[{"href":"https:\/\/sales-ai-agents.com\/de\/wp-json\/wp\/v2\/media?parent=56301"}],"wp:term":[{"taxonomy":"product_brand","embeddable":true,"href":"https:\/\/sales-ai-agents.com\/de\/wp-json\/wp\/v2\/product_brand?post=56301"},{"taxonomy":"product_cat","embeddable":true,"href":"https:\/\/sales-ai-agents.com\/de\/wp-json\/wp\/v2\/product_cat?post=56301"},{"taxonomy":"product_tag","embeddable":true,"href":"https:\/\/sales-ai-agents.com\/de\/wp-json\/wp\/v2\/product_tag?post=56301"}],"curies":[{"name":"wp","href":"https:\/\/api.w.org\/{rel}","templated":true}]}}