{"id":56305,"date":"2022-09-26T12:18:00","date_gmt":"2022-09-26T12:18:00","guid":{"rendered":"https:\/\/sales-ai-agents.com\/templates\/youve-got-this\/"},"modified":"2023-12-26T20:50:30","modified_gmt":"2023-12-26T20:50:30","slug":"youve-got-this","status":"publish","type":"product","link":"https:\/\/sales-ai-agents.com\/de\/templates\/youve-got-this\/","title":{"rendered":"Du hast es in der Hand"},"content":{"rendered":"<p>&nbsp;<\/p>\n<h2>Sie haben diese Vorlage<\/h2>\n<p class=\"desc-text\">Wenn Sie mit mehreren Aufgaben, Auftr\u00e4gen, Projekten und Terminen jonglieren m\u00fcssen, verlieren Sie leicht den \u00dcberblick \u00fcber Ihre Arbeit. Strukturierte Tabellen und Checklisten helfen Ihnen, den \u00dcberblick zu behalten, damit Sie nichts \u00fcbersehen. Schauen Sie sich unseren Schulplaner an, um Ihre ganze Woche zu planen. Nutzen Sie es, um Termine zu organisieren, sich an wichtige Aufgaben zu erinnern und sich zu motivieren, Dinge zu erledigen.<\/p>\n<h5>Wie zu verwenden:<\/h5>\n<ul class=\"desc-item_list\">\n<li class=\"desc-item_list__point\">Hinzuf\u00fcgen von Terminen, t\u00e4glichen Aufgaben und Objekten<\/li>\n<li class=\"desc-item_list__point\">Planen Sie Ihre ganze Woche<\/li>\n<li class=\"desc-item_list__point\">Erstellen einer Online-Checkliste mit Aufgaben<\/li>\n<li class=\"desc-item_list__point\">Kreuzen Sie nach und nach jeden erledigten Punkt an<\/li>\n<li class=\"desc-item_list__point\">Verfolgen Sie Ihre Aufgaben und Fortschritte jede Woche<\/li>\n<\/ul>\n","protected":false},"excerpt":{"rendered":"<p>Wenn Sie mit Aufgaben, Projekten und Terminen jonglieren, verlieren Sie leicht den \u00dcberblick \u00fcber Ihre Arbeit. Verwenden Sie diese Vorlage, um Ordnung zu schaffen und nichts zu \u00fcbersehen.<\/p>\n","protected":false},"featured_media":27152,"template":"","meta":{"_acf_changed":false,"inline_featured_image":false},"product_brand":[],"product_cat":[179,180,197],"product_tag":[],"class_list":{"0":"post-56305","1":"product","2":"type-product","3":"status-publish","4":"has-post-thumbnail","6":"product_cat-organizers-planners","7":"product_cat-personal","8":"product_cat-student","10":"first","11":"instock","12":"virtual","13":"sold-individually","14":"product-type-simple"},"acf":[],"yoast_head":"<!-- This site is optimized with the Yoast SEO plugin v25.3.1 - https:\/\/yoast.com\/wordpress\/plugins\/seo\/ -->\n<title>Sie haben diese Vorlage - Sales AI Agents<\/title>\n<meta name=\"description\" content=\"Wenn Sie mit Aufgaben, Projekten und Terminen jonglieren, verlieren Sie leicht den \u00dcberblick \u00fcber Ihre Arbeit. Verwenden Sie diese Vorlage, um organisiert zu bleiben!\" \/>\n<meta name=\"robots\" content=\"index, follow, max-snippet:-1, max-image-preview:large, max-video-preview:-1\" \/>\n<link rel=\"canonical\" href=\"https:\/\/sales-ai-agents.com\/de\/templates\/youve-got-this\/\" \/>\n<meta property=\"og:locale\" content=\"de_DE\" \/>\n<meta property=\"og:type\" content=\"article\" \/>\n<meta property=\"og:title\" content=\"Sie haben diese Vorlage - Sales AI Agents\" \/>\n<meta property=\"og:description\" content=\"Wenn Sie mit Aufgaben, Projekten und Terminen jonglieren, verlieren Sie leicht den \u00dcberblick \u00fcber Ihre Arbeit. Verwenden Sie diese Vorlage, um organisiert zu bleiben!\" \/>\n<meta property=\"og:url\" content=\"https:\/\/sales-ai-agents.com\/de\/templates\/youve-got-this\/\" \/>\n<meta property=\"og:site_name\" content=\"Sales AI Agents\" \/>\n<meta property=\"article:modified_time\" content=\"2023-12-26T20:50:30+00:00\" \/>\n<meta property=\"og:image\" content=\"https:\/\/sales-ai-agents.com\/wp-content\/uploads\/2022\/09\/Youve-Got-This-Template-1.png\" \/>\n\t<meta property=\"og:image:width\" content=\"1700\" \/>\n\t<meta property=\"og:image:height\" content=\"1100\" \/>\n\t<meta property=\"og:image:type\" content=\"image\/png\" \/>\n<meta name=\"twitter:card\" content=\"summary_large_image\" \/>\n<script type=\"application\/ld+json\" class=\"yoast-schema-graph\">{\"@context\":\"https:\/\/schema.org\",\"@graph\":[{\"@type\":\"WebPage\",\"@id\":\"https:\/\/sales-ai-agents.com\/de\/templates\/youve-got-this\/\",\"url\":\"https:\/\/sales-ai-agents.com\/de\/templates\/youve-got-this\/\",\"name\":\"Sie haben diese Vorlage - Sales AI Agents\",\"isPartOf\":{\"@id\":\"https:\/\/sales-ai-agents.com\/#website\"},\"primaryImageOfPage\":{\"@id\":\"https:\/\/sales-ai-agents.com\/de\/templates\/youve-got-this\/#primaryimage\"},\"image\":{\"@id\":\"https:\/\/sales-ai-agents.com\/de\/templates\/youve-got-this\/#primaryimage\"},\"thumbnailUrl\":\"https:\/\/sales-ai-agents.com\/wp-content\/uploads\/2022\/09\/Youve-Got-This-Template-1.png\",\"datePublished\":\"2022-09-26T12:18:00+00:00\",\"dateModified\":\"2023-12-26T20:50:30+00:00\",\"description\":\"Wenn Sie mit Aufgaben, Projekten und Terminen jonglieren, verlieren Sie leicht den \u00dcberblick \u00fcber Ihre Arbeit. Verwenden Sie diese Vorlage, um organisiert zu bleiben!\",\"inLanguage\":\"de-DE\",\"potentialAction\":[{\"@type\":\"ReadAction\",\"target\":[\"https:\/\/sales-ai-agents.com\/de\/templates\/youve-got-this\/\"]}]},{\"@type\":\"ImageObject\",\"inLanguage\":\"de-DE\",\"@id\":\"https:\/\/sales-ai-agents.com\/de\/templates\/youve-got-this\/#primaryimage\",\"url\":\"https:\/\/sales-ai-agents.com\/wp-content\/uploads\/2022\/09\/Youve-Got-This-Template-1.png\",\"contentUrl\":\"https:\/\/sales-ai-agents.com\/wp-content\/uploads\/2022\/09\/Youve-Got-This-Template-1.png\",\"width\":1700,\"height\":1100,\"caption\":\"Use this template to stay organized so you don\u2019t overlook anything.\"},{\"@type\":\"WebSite\",\"@id\":\"https:\/\/sales-ai-agents.com\/#website\",\"url\":\"https:\/\/sales-ai-agents.com\/\",\"name\":\"FuseBase\",\"description\":\"Nimbus Platform - Free Online Collaboration Software for Remote Teams. Build your wikis, client portals and more with the Nimbus Platform collaboration tool ? A perfect space for online work\",\"publisher\":{\"@id\":\"https:\/\/sales-ai-agents.com\/#organization\"},\"potentialAction\":[{\"@type\":\"SearchAction\",\"target\":{\"@type\":\"EntryPoint\",\"urlTemplate\":\"https:\/\/sales-ai-agents.com\/?s={search_term_string}\"},\"query-input\":{\"@type\":\"PropertyValueSpecification\",\"valueRequired\":true,\"valueName\":\"search_term_string\"}}],\"inLanguage\":\"de-DE\"},{\"@type\":\"Organization\",\"@id\":\"https:\/\/sales-ai-agents.com\/#organization\",\"name\":\"FuseBase\",\"url\":\"https:\/\/sales-ai-agents.com\/\",\"logo\":{\"@type\":\"ImageObject\",\"inLanguage\":\"de-DE\",\"@id\":\"https:\/\/sales-ai-agents.com\/#\/schema\/logo\/image\/\",\"url\":\"https:\/\/sales-ai-agents.com\/wp-content\/uploads\/2023\/11\/icon-7.svg\",\"contentUrl\":\"https:\/\/sales-ai-agents.com\/wp-content\/uploads\/2023\/11\/icon-7.svg\",\"width\":128,\"height\":128,\"caption\":\"FuseBase\"},\"image\":{\"@id\":\"https:\/\/sales-ai-agents.com\/#\/schema\/logo\/image\/\"}}]}<\/script>\n<!-- \/ Yoast SEO plugin. -->","yoast_head_json":{"title":"Sie haben diese Vorlage - Sales AI Agents","description":"Wenn Sie mit Aufgaben, Projekten und Terminen jonglieren, verlieren Sie leicht den \u00dcberblick \u00fcber Ihre Arbeit. Verwenden Sie diese Vorlage, um organisiert zu bleiben!","robots":{"index":"index","follow":"follow","max-snippet":"max-snippet:-1","max-image-preview":"max-image-preview:large","max-video-preview":"max-video-preview:-1"},"canonical":"https:\/\/sales-ai-agents.com\/de\/templates\/youve-got-this\/","og_locale":"de_DE","og_type":"article","og_title":"Sie haben diese Vorlage - Sales AI Agents","og_description":"Wenn Sie mit Aufgaben, Projekten und Terminen jonglieren, verlieren Sie leicht den \u00dcberblick \u00fcber Ihre Arbeit. Verwenden Sie diese Vorlage, um organisiert zu bleiben!","og_url":"https:\/\/sales-ai-agents.com\/de\/templates\/youve-got-this\/","og_site_name":"Sales AI Agents","article_modified_time":"2023-12-26T20:50:30+00:00","og_image":[{"width":1700,"height":1100,"url":"https:\/\/sales-ai-agents.com\/wp-content\/uploads\/2022\/09\/Youve-Got-This-Template-1.png","type":"image\/png"}],"twitter_card":"summary_large_image","schema":{"@context":"https:\/\/schema.org","@graph":[{"@type":"WebPage","@id":"https:\/\/sales-ai-agents.com\/de\/templates\/youve-got-this\/","url":"https:\/\/sales-ai-agents.com\/de\/templates\/youve-got-this\/","name":"Sie haben diese Vorlage - Sales AI Agents","isPartOf":{"@id":"https:\/\/sales-ai-agents.com\/#website"},"primaryImageOfPage":{"@id":"https:\/\/sales-ai-agents.com\/de\/templates\/youve-got-this\/#primaryimage"},"image":{"@id":"https:\/\/sales-ai-agents.com\/de\/templates\/youve-got-this\/#primaryimage"},"thumbnailUrl":"https:\/\/sales-ai-agents.com\/wp-content\/uploads\/2022\/09\/Youve-Got-This-Template-1.png","datePublished":"2022-09-26T12:18:00+00:00","dateModified":"2023-12-26T20:50:30+00:00","description":"Wenn Sie mit Aufgaben, Projekten und Terminen jonglieren, verlieren Sie leicht den \u00dcberblick \u00fcber Ihre Arbeit. Verwenden Sie diese Vorlage, um organisiert zu bleiben!","inLanguage":"de-DE","potentialAction":[{"@type":"ReadAction","target":["https:\/\/sales-ai-agents.com\/de\/templates\/youve-got-this\/"]}]},{"@type":"ImageObject","inLanguage":"de-DE","@id":"https:\/\/sales-ai-agents.com\/de\/templates\/youve-got-this\/#primaryimage","url":"https:\/\/sales-ai-agents.com\/wp-content\/uploads\/2022\/09\/Youve-Got-This-Template-1.png","contentUrl":"https:\/\/sales-ai-agents.com\/wp-content\/uploads\/2022\/09\/Youve-Got-This-Template-1.png","width":1700,"height":1100,"caption":"Use this template to stay organized so you don\u2019t overlook anything."},{"@type":"WebSite","@id":"https:\/\/sales-ai-agents.com\/#website","url":"https:\/\/sales-ai-agents.com\/","name":"FuseBase","description":"Nimbus Platform - Free Online Collaboration Software for Remote Teams. Build your wikis, client portals and more with the Nimbus Platform collaboration tool ? A perfect space for online work","publisher":{"@id":"https:\/\/sales-ai-agents.com\/#organization"},"potentialAction":[{"@type":"SearchAction","target":{"@type":"EntryPoint","urlTemplate":"https:\/\/sales-ai-agents.com\/?s={search_term_string}"},"query-input":{"@type":"PropertyValueSpecification","valueRequired":true,"valueName":"search_term_string"}}],"inLanguage":"de-DE"},{"@type":"Organization","@id":"https:\/\/sales-ai-agents.com\/#organization","name":"FuseBase","url":"https:\/\/sales-ai-agents.com\/","logo":{"@type":"ImageObject","inLanguage":"de-DE","@id":"https:\/\/sales-ai-agents.com\/#\/schema\/logo\/image\/","url":"https:\/\/sales-ai-agents.com\/wp-content\/uploads\/2023\/11\/icon-7.svg","contentUrl":"https:\/\/sales-ai-agents.com\/wp-content\/uploads\/2023\/11\/icon-7.svg","width":128,"height":128,"caption":"FuseBase"},"image":{"@id":"https:\/\/sales-ai-agents.com\/#\/schema\/logo\/image\/"}}]}},"_links":{"self":[{"href":"https:\/\/sales-ai-agents.com\/de\/wp-json\/wp\/v2\/product\/56305","targetHints":{"allow":["GET"]}}],"collection":[{"href":"https:\/\/sales-ai-agents.com\/de\/wp-json\/wp\/v2\/product"}],"about":[{"href":"https:\/\/sales-ai-agents.com\/de\/wp-json\/wp\/v2\/types\/product"}],"wp:featuredmedia":[{"embeddable":true,"href":"https:\/\/sales-ai-agents.com\/de\/wp-json\/wp\/v2\/media\/27152"}],"wp:attachment":[{"href":"https:\/\/sales-ai-agents.com\/de\/wp-json\/wp\/v2\/media?parent=56305"}],"wp:term":[{"taxonomy":"product_brand","embeddable":true,"href":"https:\/\/sales-ai-agents.com\/de\/wp-json\/wp\/v2\/product_brand?post=56305"},{"taxonomy":"product_cat","embeddable":true,"href":"https:\/\/sales-ai-agents.com\/de\/wp-json\/wp\/v2\/product_cat?post=56305"},{"taxonomy":"product_tag","embeddable":true,"href":"https:\/\/sales-ai-agents.com\/de\/wp-json\/wp\/v2\/product_tag?post=56305"}],"curies":[{"name":"wp","href":"https:\/\/api.w.org\/{rel}","templated":true}]}}