{"id":56315,"date":"2022-09-26T12:17:54","date_gmt":"2022-09-26T12:17:54","guid":{"rendered":"https:\/\/sales-ai-agents.com\/templates\/it-requests\/"},"modified":"2023-12-27T15:36:26","modified_gmt":"2023-12-27T15:36:26","slug":"it-requests","status":"publish","type":"product","link":"https:\/\/sales-ai-agents.com\/de\/templates\/it-requests\/","title":{"rendered":"IT-Anfragen"},"content":{"rendered":"<p>&nbsp;<\/p>\n<h2>IT-Anforderungen Vorlage<\/h2>\n<p class=\"desc-text\">Die Verwaltung von IT-Anfragen kann \u00fcberw\u00e4ltigend sein. Es ist leicht, den \u00dcberblick \u00fcber die Tickets zu verlieren und die Priorit\u00e4tsstufen durcheinander zu bringen. Wenn Sie ein standardisiertes System zur Verfolgung von IT-Anfragen verwenden, k\u00f6nnen Sie sicherstellen, dass alles auf effiziente und organisierte Weise gel\u00f6st wird. Sehen Sie sich unsere Vorlage f\u00fcr IT-Anfragen an, um Ihre IT-Tickets zu verfolgen und zu organisieren. Kennzeichnen Sie jeden Gegenstand nach seiner Priorit\u00e4t und ordnen Sie ihn der richtigen Kategorie zu. Organisieren Sie alles an einem Ort, damit Sie mehr erledigen k\u00f6nnen.<\/p>\n<h5>Wie zu verwenden:<\/h5>\n<ul class=\"desc-item_list\">\n<li class=\"desc-item_list__point\">Jede IT-Anfrage auflisten<\/li>\n<li class=\"desc-item_list__point\">Tag-Mitarbeiter<\/li>\n<li class=\"desc-item_list__point\">Kennzeichnen Sie die Priorit\u00e4tsstufe<\/li>\n<li class=\"desc-item_list__point\">Verwenden Sie Farben, um den Status zu verfolgen<\/li>\n<li class=\"desc-item_list__point\">Details in der letzten Tabelle hinzuf\u00fcgen<\/li>\n<li class=\"desc-item_list__point\">Mitgliedern zuweisen<\/li>\n<\/ul>\n","protected":false},"excerpt":{"rendered":"<p>Die Verwaltung von IT-Anfragen kann \u00fcberw\u00e4ltigend sein. Wenn Sie ein standardisiertes System zur Verfolgung von IT-Anfragen verwenden, k\u00f6nnen Sie sicherstellen, dass alles effizient gel\u00f6st wird.<\/p>\n","protected":false},"featured_media":20509,"template":"","meta":{"_acf_changed":false,"inline_featured_image":false},"product_brand":[],"product_cat":[178,192,191],"product_tag":[],"class_list":{"0":"post-56315","1":"product","2":"type-product","3":"status-publish","4":"has-post-thumbnail","6":"product_cat-operations-hr","7":"product_cat-programmer-engineer","8":"product_cat-project-management","10":"first","11":"instock","12":"virtual","13":"sold-individually","14":"product-type-simple"},"acf":[],"yoast_head":"<!-- This site is optimized with the Yoast SEO plugin v25.3.1 - https:\/\/yoast.com\/wordpress\/plugins\/seo\/ -->\n<title>IT-Antr\u00e4ge Vorlage - Sales AI Agents<\/title>\n<meta name=\"description\" content=\"Die Verwaltung von IT-Anfragen kann \u00fcberw\u00e4ltigend sein. Stellen Sie sicher, dass alles effizient gel\u00f6st wird mit einem standardisierten System von Nimbus!\" \/>\n<meta name=\"robots\" content=\"index, follow, max-snippet:-1, max-image-preview:large, max-video-preview:-1\" \/>\n<link rel=\"canonical\" href=\"https:\/\/sales-ai-agents.com\/de\/templates\/it-requests\/\" \/>\n<meta property=\"og:locale\" content=\"de_DE\" \/>\n<meta property=\"og:type\" content=\"article\" \/>\n<meta property=\"og:title\" content=\"IT-Antr\u00e4ge Vorlage - Sales AI Agents\" \/>\n<meta property=\"og:description\" content=\"Die Verwaltung von IT-Anfragen kann \u00fcberw\u00e4ltigend sein. Stellen Sie sicher, dass alles effizient gel\u00f6st wird mit einem standardisierten System von Nimbus!\" \/>\n<meta property=\"og:url\" content=\"https:\/\/sales-ai-agents.com\/de\/templates\/it-requests\/\" \/>\n<meta property=\"og:site_name\" content=\"Sales AI Agents\" \/>\n<meta property=\"article:modified_time\" content=\"2023-12-27T15:36:26+00:00\" \/>\n<meta property=\"og:image\" content=\"https:\/\/sales-ai-agents.com\/wp-content\/uploads\/2023\/01\/image-preview121105.png\" \/>\n\t<meta property=\"og:image:width\" content=\"1078\" \/>\n\t<meta property=\"og:image:height\" content=\"1262\" \/>\n\t<meta property=\"og:image:type\" content=\"image\/png\" \/>\n<meta name=\"twitter:card\" content=\"summary_large_image\" \/>\n<script type=\"application\/ld+json\" class=\"yoast-schema-graph\">{\"@context\":\"https:\/\/schema.org\",\"@graph\":[{\"@type\":\"WebPage\",\"@id\":\"https:\/\/sales-ai-agents.com\/de\/templates\/it-requests\/\",\"url\":\"https:\/\/sales-ai-agents.com\/de\/templates\/it-requests\/\",\"name\":\"IT-Antr\u00e4ge Vorlage - Sales AI Agents\",\"isPartOf\":{\"@id\":\"https:\/\/sales-ai-agents.com\/#website\"},\"primaryImageOfPage\":{\"@id\":\"https:\/\/sales-ai-agents.com\/de\/templates\/it-requests\/#primaryimage\"},\"image\":{\"@id\":\"https:\/\/sales-ai-agents.com\/de\/templates\/it-requests\/#primaryimage\"},\"thumbnailUrl\":\"https:\/\/sales-ai-agents.com\/wp-content\/uploads\/2023\/01\/image-preview121105.png\",\"datePublished\":\"2022-09-26T12:17:54+00:00\",\"dateModified\":\"2023-12-27T15:36:26+00:00\",\"description\":\"Die Verwaltung von IT-Anfragen kann \u00fcberw\u00e4ltigend sein. Stellen Sie sicher, dass alles effizient gel\u00f6st wird mit einem standardisierten System von Nimbus!\",\"inLanguage\":\"de-DE\",\"potentialAction\":[{\"@type\":\"ReadAction\",\"target\":[\"https:\/\/sales-ai-agents.com\/de\/templates\/it-requests\/\"]}]},{\"@type\":\"ImageObject\",\"inLanguage\":\"de-DE\",\"@id\":\"https:\/\/sales-ai-agents.com\/de\/templates\/it-requests\/#primaryimage\",\"url\":\"https:\/\/sales-ai-agents.com\/wp-content\/uploads\/2023\/01\/image-preview121105.png\",\"contentUrl\":\"https:\/\/sales-ai-agents.com\/wp-content\/uploads\/2023\/01\/image-preview121105.png\",\"width\":1078,\"height\":1262,\"caption\":\"IT Requests Template - Nimbus Platform\"},{\"@type\":\"WebSite\",\"@id\":\"https:\/\/sales-ai-agents.com\/#website\",\"url\":\"https:\/\/sales-ai-agents.com\/\",\"name\":\"FuseBase\",\"description\":\"Nimbus Platform - Free Online Collaboration Software for Remote Teams. Build your wikis, client portals and more with the Nimbus Platform collaboration tool ? A perfect space for online work\",\"publisher\":{\"@id\":\"https:\/\/sales-ai-agents.com\/#organization\"},\"potentialAction\":[{\"@type\":\"SearchAction\",\"target\":{\"@type\":\"EntryPoint\",\"urlTemplate\":\"https:\/\/sales-ai-agents.com\/?s={search_term_string}\"},\"query-input\":{\"@type\":\"PropertyValueSpecification\",\"valueRequired\":true,\"valueName\":\"search_term_string\"}}],\"inLanguage\":\"de-DE\"},{\"@type\":\"Organization\",\"@id\":\"https:\/\/sales-ai-agents.com\/#organization\",\"name\":\"FuseBase\",\"url\":\"https:\/\/sales-ai-agents.com\/\",\"logo\":{\"@type\":\"ImageObject\",\"inLanguage\":\"de-DE\",\"@id\":\"https:\/\/sales-ai-agents.com\/#\/schema\/logo\/image\/\",\"url\":\"https:\/\/sales-ai-agents.com\/wp-content\/uploads\/2023\/11\/icon-7.svg\",\"contentUrl\":\"https:\/\/sales-ai-agents.com\/wp-content\/uploads\/2023\/11\/icon-7.svg\",\"width\":128,\"height\":128,\"caption\":\"FuseBase\"},\"image\":{\"@id\":\"https:\/\/sales-ai-agents.com\/#\/schema\/logo\/image\/\"}}]}<\/script>\n<!-- \/ Yoast SEO plugin. -->","yoast_head_json":{"title":"IT-Antr\u00e4ge Vorlage - Sales AI Agents","description":"Die Verwaltung von IT-Anfragen kann \u00fcberw\u00e4ltigend sein. Stellen Sie sicher, dass alles effizient gel\u00f6st wird mit einem standardisierten System von Nimbus!","robots":{"index":"index","follow":"follow","max-snippet":"max-snippet:-1","max-image-preview":"max-image-preview:large","max-video-preview":"max-video-preview:-1"},"canonical":"https:\/\/sales-ai-agents.com\/de\/templates\/it-requests\/","og_locale":"de_DE","og_type":"article","og_title":"IT-Antr\u00e4ge Vorlage - Sales AI Agents","og_description":"Die Verwaltung von IT-Anfragen kann \u00fcberw\u00e4ltigend sein. Stellen Sie sicher, dass alles effizient gel\u00f6st wird mit einem standardisierten System von Nimbus!","og_url":"https:\/\/sales-ai-agents.com\/de\/templates\/it-requests\/","og_site_name":"Sales AI Agents","article_modified_time":"2023-12-27T15:36:26+00:00","og_image":[{"width":1078,"height":1262,"url":"https:\/\/sales-ai-agents.com\/wp-content\/uploads\/2023\/01\/image-preview121105.png","type":"image\/png"}],"twitter_card":"summary_large_image","schema":{"@context":"https:\/\/schema.org","@graph":[{"@type":"WebPage","@id":"https:\/\/sales-ai-agents.com\/de\/templates\/it-requests\/","url":"https:\/\/sales-ai-agents.com\/de\/templates\/it-requests\/","name":"IT-Antr\u00e4ge Vorlage - Sales AI Agents","isPartOf":{"@id":"https:\/\/sales-ai-agents.com\/#website"},"primaryImageOfPage":{"@id":"https:\/\/sales-ai-agents.com\/de\/templates\/it-requests\/#primaryimage"},"image":{"@id":"https:\/\/sales-ai-agents.com\/de\/templates\/it-requests\/#primaryimage"},"thumbnailUrl":"https:\/\/sales-ai-agents.com\/wp-content\/uploads\/2023\/01\/image-preview121105.png","datePublished":"2022-09-26T12:17:54+00:00","dateModified":"2023-12-27T15:36:26+00:00","description":"Die Verwaltung von IT-Anfragen kann \u00fcberw\u00e4ltigend sein. Stellen Sie sicher, dass alles effizient gel\u00f6st wird mit einem standardisierten System von Nimbus!","inLanguage":"de-DE","potentialAction":[{"@type":"ReadAction","target":["https:\/\/sales-ai-agents.com\/de\/templates\/it-requests\/"]}]},{"@type":"ImageObject","inLanguage":"de-DE","@id":"https:\/\/sales-ai-agents.com\/de\/templates\/it-requests\/#primaryimage","url":"https:\/\/sales-ai-agents.com\/wp-content\/uploads\/2023\/01\/image-preview121105.png","contentUrl":"https:\/\/sales-ai-agents.com\/wp-content\/uploads\/2023\/01\/image-preview121105.png","width":1078,"height":1262,"caption":"IT Requests Template - Nimbus Platform"},{"@type":"WebSite","@id":"https:\/\/sales-ai-agents.com\/#website","url":"https:\/\/sales-ai-agents.com\/","name":"FuseBase","description":"Nimbus Platform - Free Online Collaboration Software for Remote Teams. Build your wikis, client portals and more with the Nimbus Platform collaboration tool ? A perfect space for online work","publisher":{"@id":"https:\/\/sales-ai-agents.com\/#organization"},"potentialAction":[{"@type":"SearchAction","target":{"@type":"EntryPoint","urlTemplate":"https:\/\/sales-ai-agents.com\/?s={search_term_string}"},"query-input":{"@type":"PropertyValueSpecification","valueRequired":true,"valueName":"search_term_string"}}],"inLanguage":"de-DE"},{"@type":"Organization","@id":"https:\/\/sales-ai-agents.com\/#organization","name":"FuseBase","url":"https:\/\/sales-ai-agents.com\/","logo":{"@type":"ImageObject","inLanguage":"de-DE","@id":"https:\/\/sales-ai-agents.com\/#\/schema\/logo\/image\/","url":"https:\/\/sales-ai-agents.com\/wp-content\/uploads\/2023\/11\/icon-7.svg","contentUrl":"https:\/\/sales-ai-agents.com\/wp-content\/uploads\/2023\/11\/icon-7.svg","width":128,"height":128,"caption":"FuseBase"},"image":{"@id":"https:\/\/sales-ai-agents.com\/#\/schema\/logo\/image\/"}}]}},"_links":{"self":[{"href":"https:\/\/sales-ai-agents.com\/de\/wp-json\/wp\/v2\/product\/56315","targetHints":{"allow":["GET"]}}],"collection":[{"href":"https:\/\/sales-ai-agents.com\/de\/wp-json\/wp\/v2\/product"}],"about":[{"href":"https:\/\/sales-ai-agents.com\/de\/wp-json\/wp\/v2\/types\/product"}],"wp:featuredmedia":[{"embeddable":true,"href":"https:\/\/sales-ai-agents.com\/de\/wp-json\/wp\/v2\/media\/20509"}],"wp:attachment":[{"href":"https:\/\/sales-ai-agents.com\/de\/wp-json\/wp\/v2\/media?parent=56315"}],"wp:term":[{"taxonomy":"product_brand","embeddable":true,"href":"https:\/\/sales-ai-agents.com\/de\/wp-json\/wp\/v2\/product_brand?post=56315"},{"taxonomy":"product_cat","embeddable":true,"href":"https:\/\/sales-ai-agents.com\/de\/wp-json\/wp\/v2\/product_cat?post=56315"},{"taxonomy":"product_tag","embeddable":true,"href":"https:\/\/sales-ai-agents.com\/de\/wp-json\/wp\/v2\/product_tag?post=56315"}],"curies":[{"name":"wp","href":"https:\/\/api.w.org\/{rel}","templated":true}]}}