{"id":56331,"date":"2022-09-26T12:17:45","date_gmt":"2022-09-26T12:17:45","guid":{"rendered":"https:\/\/sales-ai-agents.com\/templates\/digital-asset-management\/"},"modified":"2023-12-26T21:02:21","modified_gmt":"2023-12-26T21:02:21","slug":"digital-asset-management","status":"publish","type":"product","link":"https:\/\/sales-ai-agents.com\/de\/templates\/digital-asset-management\/","title":{"rendered":"Verwaltung digitaler Best\u00e4nde"},"content":{"rendered":"<p>&nbsp;<\/p>\n<h2>Digital Asset Management Vorlage<\/h2>\n<p class=\"desc-text\">Speichern Sie alle Ihre digitalen Assets an einem Ort mit unserer Asset-Management-Vorlage. Egal, ob Sie Student, Designer oder Unternehmer sind, Sie k\u00f6nnen PDFs, Audiodateien, Videos und Bilder an diese Vorlage anh\u00e4ngen. Verwalten Sie alle Anh\u00e4nge bequem an einem Ort und greifen Sie von jedem Ger\u00e4t aus auf Ihre Assets zu. Sie k\u00f6nnen Informationen weitergeben, indem Sie andere Mitglieder markieren und sie mit Ihrem Team teilen.<\/p>\n<h5>Wie zu verwenden:<\/h5>\n<ul class=\"desc-item_list\">\n<li class=\"desc-item_list__point\">Verwenden Sie diese Vorlage zum Speichern und Freigeben von digitalen Assets<\/li>\n<li class=\"desc-item_list__point\">Hochladen von Audio, Videos, PDFs oder Bildern<\/li>\n<li class=\"desc-item_list__point\">Verwenden Sie Nimbus Clipper, um Bilder von Webseiten zu sammeln<\/li>\n<li class=\"desc-item_list__point\">Videos aufnehmen mit Nimbus Capture<\/li>\n<li class=\"desc-item_list__point\">H\u00e4ngen Sie alle relevanten Dateien an die Vorlage an<\/li>\n<li class=\"desc-item_list__point\">Markieren Sie andere und teilen Sie sie mit Ihrem Team<\/li>\n<\/ul>\n","protected":false},"excerpt":{"rendered":"<p>Speichern Sie alle Ihre digitalen Assets an einem Ort mit unserer Asset-Management-Vorlage. Sie k\u00f6nnen PDFs, Audiodateien, Videos und Bilder an diese kostenlose Vorlage anh\u00e4ngen!<\/p>\n","protected":false},"featured_media":20532,"template":"","meta":{"_acf_changed":false,"inline_featured_image":false},"product_brand":[],"product_cat":[165],"product_tag":[],"class_list":{"0":"post-56331","1":"product","2":"type-product","3":"status-publish","4":"has-post-thumbnail","6":"product_cat-designer","7":"collections-manager","8":"for-marketing-sales","10":"first","11":"instock","12":"virtual","13":"sold-individually","14":"product-type-simple"},"acf":[],"yoast_head":"<!-- This site is optimized with the Yoast SEO plugin v25.3.1 - https:\/\/yoast.com\/wordpress\/plugins\/seo\/ -->\n<title>Digital Asset Management Vorlage - Sales AI Agents<\/title>\n<meta name=\"description\" content=\"Speichern Sie alle Ihre digitalen Assets an einem Ort mit unserer Asset-Management-Vorlage. Sie k\u00f6nnen PDFs, Audiodateien, Videos und Bilder an diese kostenlose Vorlage anh\u00e4ngen!\" \/>\n<meta name=\"robots\" content=\"index, follow, max-snippet:-1, max-image-preview:large, max-video-preview:-1\" \/>\n<link rel=\"canonical\" href=\"https:\/\/sales-ai-agents.com\/de\/templates\/digital-asset-management\/\" \/>\n<meta property=\"og:locale\" content=\"de_DE\" \/>\n<meta property=\"og:type\" content=\"article\" \/>\n<meta property=\"og:title\" content=\"Digital Asset Management Vorlage - Sales AI Agents\" \/>\n<meta property=\"og:description\" content=\"Speichern Sie alle Ihre digitalen Assets an einem Ort mit unserer Asset-Management-Vorlage. Sie k\u00f6nnen PDFs, Audiodateien, Videos und Bilder an diese kostenlose Vorlage anh\u00e4ngen!\" \/>\n<meta property=\"og:url\" content=\"https:\/\/sales-ai-agents.com\/de\/templates\/digital-asset-management\/\" \/>\n<meta property=\"og:site_name\" content=\"Sales AI Agents\" \/>\n<meta property=\"article:modified_time\" content=\"2023-12-26T21:02:21+00:00\" \/>\n<meta property=\"og:image\" content=\"https:\/\/sales-ai-agents.com\/wp-content\/uploads\/2023\/01\/image-preview121238.png\" \/>\n\t<meta property=\"og:image:width\" content=\"1078\" \/>\n\t<meta property=\"og:image:height\" content=\"887\" \/>\n\t<meta property=\"og:image:type\" content=\"image\/png\" \/>\n<meta name=\"twitter:card\" content=\"summary_large_image\" \/>\n<script type=\"application\/ld+json\" class=\"yoast-schema-graph\">{\"@context\":\"https:\/\/schema.org\",\"@graph\":[{\"@type\":\"WebPage\",\"@id\":\"https:\/\/sales-ai-agents.com\/de\/templates\/digital-asset-management\/\",\"url\":\"https:\/\/sales-ai-agents.com\/de\/templates\/digital-asset-management\/\",\"name\":\"Digital Asset Management Vorlage - Sales AI Agents\",\"isPartOf\":{\"@id\":\"https:\/\/sales-ai-agents.com\/#website\"},\"primaryImageOfPage\":{\"@id\":\"https:\/\/sales-ai-agents.com\/de\/templates\/digital-asset-management\/#primaryimage\"},\"image\":{\"@id\":\"https:\/\/sales-ai-agents.com\/de\/templates\/digital-asset-management\/#primaryimage\"},\"thumbnailUrl\":\"https:\/\/sales-ai-agents.com\/wp-content\/uploads\/2023\/01\/image-preview121238.png\",\"datePublished\":\"2022-09-26T12:17:45+00:00\",\"dateModified\":\"2023-12-26T21:02:21+00:00\",\"description\":\"Speichern Sie alle Ihre digitalen Assets an einem Ort mit unserer Asset-Management-Vorlage. Sie k\u00f6nnen PDFs, Audiodateien, Videos und Bilder an diese kostenlose Vorlage anh\u00e4ngen!\",\"inLanguage\":\"de-DE\",\"potentialAction\":[{\"@type\":\"ReadAction\",\"target\":[\"https:\/\/sales-ai-agents.com\/de\/templates\/digital-asset-management\/\"]}]},{\"@type\":\"ImageObject\",\"inLanguage\":\"de-DE\",\"@id\":\"https:\/\/sales-ai-agents.com\/de\/templates\/digital-asset-management\/#primaryimage\",\"url\":\"https:\/\/sales-ai-agents.com\/wp-content\/uploads\/2023\/01\/image-preview121238.png\",\"contentUrl\":\"https:\/\/sales-ai-agents.com\/wp-content\/uploads\/2023\/01\/image-preview121238.png\",\"width\":1078,\"height\":887,\"caption\":\"Digital Asset Management\"},{\"@type\":\"WebSite\",\"@id\":\"https:\/\/sales-ai-agents.com\/#website\",\"url\":\"https:\/\/sales-ai-agents.com\/\",\"name\":\"FuseBase\",\"description\":\"Nimbus Platform - Free Online Collaboration Software for Remote Teams. Build your wikis, client portals and more with the Nimbus Platform collaboration tool ? A perfect space for online work\",\"publisher\":{\"@id\":\"https:\/\/sales-ai-agents.com\/#organization\"},\"potentialAction\":[{\"@type\":\"SearchAction\",\"target\":{\"@type\":\"EntryPoint\",\"urlTemplate\":\"https:\/\/sales-ai-agents.com\/?s={search_term_string}\"},\"query-input\":{\"@type\":\"PropertyValueSpecification\",\"valueRequired\":true,\"valueName\":\"search_term_string\"}}],\"inLanguage\":\"de-DE\"},{\"@type\":\"Organization\",\"@id\":\"https:\/\/sales-ai-agents.com\/#organization\",\"name\":\"FuseBase\",\"url\":\"https:\/\/sales-ai-agents.com\/\",\"logo\":{\"@type\":\"ImageObject\",\"inLanguage\":\"de-DE\",\"@id\":\"https:\/\/sales-ai-agents.com\/#\/schema\/logo\/image\/\",\"url\":\"https:\/\/sales-ai-agents.com\/wp-content\/uploads\/2023\/11\/icon-7.svg\",\"contentUrl\":\"https:\/\/sales-ai-agents.com\/wp-content\/uploads\/2023\/11\/icon-7.svg\",\"width\":128,\"height\":128,\"caption\":\"FuseBase\"},\"image\":{\"@id\":\"https:\/\/sales-ai-agents.com\/#\/schema\/logo\/image\/\"}}]}<\/script>\n<!-- \/ Yoast SEO plugin. -->","yoast_head_json":{"title":"Digital Asset Management Vorlage - Sales AI Agents","description":"Speichern Sie alle Ihre digitalen Assets an einem Ort mit unserer Asset-Management-Vorlage. Sie k\u00f6nnen PDFs, Audiodateien, Videos und Bilder an diese kostenlose Vorlage anh\u00e4ngen!","robots":{"index":"index","follow":"follow","max-snippet":"max-snippet:-1","max-image-preview":"max-image-preview:large","max-video-preview":"max-video-preview:-1"},"canonical":"https:\/\/sales-ai-agents.com\/de\/templates\/digital-asset-management\/","og_locale":"de_DE","og_type":"article","og_title":"Digital Asset Management Vorlage - Sales AI Agents","og_description":"Speichern Sie alle Ihre digitalen Assets an einem Ort mit unserer Asset-Management-Vorlage. Sie k\u00f6nnen PDFs, Audiodateien, Videos und Bilder an diese kostenlose Vorlage anh\u00e4ngen!","og_url":"https:\/\/sales-ai-agents.com\/de\/templates\/digital-asset-management\/","og_site_name":"Sales AI Agents","article_modified_time":"2023-12-26T21:02:21+00:00","og_image":[{"width":1078,"height":887,"url":"https:\/\/sales-ai-agents.com\/wp-content\/uploads\/2023\/01\/image-preview121238.png","type":"image\/png"}],"twitter_card":"summary_large_image","schema":{"@context":"https:\/\/schema.org","@graph":[{"@type":"WebPage","@id":"https:\/\/sales-ai-agents.com\/de\/templates\/digital-asset-management\/","url":"https:\/\/sales-ai-agents.com\/de\/templates\/digital-asset-management\/","name":"Digital Asset Management Vorlage - Sales AI Agents","isPartOf":{"@id":"https:\/\/sales-ai-agents.com\/#website"},"primaryImageOfPage":{"@id":"https:\/\/sales-ai-agents.com\/de\/templates\/digital-asset-management\/#primaryimage"},"image":{"@id":"https:\/\/sales-ai-agents.com\/de\/templates\/digital-asset-management\/#primaryimage"},"thumbnailUrl":"https:\/\/sales-ai-agents.com\/wp-content\/uploads\/2023\/01\/image-preview121238.png","datePublished":"2022-09-26T12:17:45+00:00","dateModified":"2023-12-26T21:02:21+00:00","description":"Speichern Sie alle Ihre digitalen Assets an einem Ort mit unserer Asset-Management-Vorlage. Sie k\u00f6nnen PDFs, Audiodateien, Videos und Bilder an diese kostenlose Vorlage anh\u00e4ngen!","inLanguage":"de-DE","potentialAction":[{"@type":"ReadAction","target":["https:\/\/sales-ai-agents.com\/de\/templates\/digital-asset-management\/"]}]},{"@type":"ImageObject","inLanguage":"de-DE","@id":"https:\/\/sales-ai-agents.com\/de\/templates\/digital-asset-management\/#primaryimage","url":"https:\/\/sales-ai-agents.com\/wp-content\/uploads\/2023\/01\/image-preview121238.png","contentUrl":"https:\/\/sales-ai-agents.com\/wp-content\/uploads\/2023\/01\/image-preview121238.png","width":1078,"height":887,"caption":"Digital Asset Management"},{"@type":"WebSite","@id":"https:\/\/sales-ai-agents.com\/#website","url":"https:\/\/sales-ai-agents.com\/","name":"FuseBase","description":"Nimbus Platform - Free Online Collaboration Software for Remote Teams. Build your wikis, client portals and more with the Nimbus Platform collaboration tool ? A perfect space for online work","publisher":{"@id":"https:\/\/sales-ai-agents.com\/#organization"},"potentialAction":[{"@type":"SearchAction","target":{"@type":"EntryPoint","urlTemplate":"https:\/\/sales-ai-agents.com\/?s={search_term_string}"},"query-input":{"@type":"PropertyValueSpecification","valueRequired":true,"valueName":"search_term_string"}}],"inLanguage":"de-DE"},{"@type":"Organization","@id":"https:\/\/sales-ai-agents.com\/#organization","name":"FuseBase","url":"https:\/\/sales-ai-agents.com\/","logo":{"@type":"ImageObject","inLanguage":"de-DE","@id":"https:\/\/sales-ai-agents.com\/#\/schema\/logo\/image\/","url":"https:\/\/sales-ai-agents.com\/wp-content\/uploads\/2023\/11\/icon-7.svg","contentUrl":"https:\/\/sales-ai-agents.com\/wp-content\/uploads\/2023\/11\/icon-7.svg","width":128,"height":128,"caption":"FuseBase"},"image":{"@id":"https:\/\/sales-ai-agents.com\/#\/schema\/logo\/image\/"}}]}},"_links":{"self":[{"href":"https:\/\/sales-ai-agents.com\/de\/wp-json\/wp\/v2\/product\/56331","targetHints":{"allow":["GET"]}}],"collection":[{"href":"https:\/\/sales-ai-agents.com\/de\/wp-json\/wp\/v2\/product"}],"about":[{"href":"https:\/\/sales-ai-agents.com\/de\/wp-json\/wp\/v2\/types\/product"}],"wp:featuredmedia":[{"embeddable":true,"href":"https:\/\/sales-ai-agents.com\/de\/wp-json\/wp\/v2\/media\/20532"}],"wp:attachment":[{"href":"https:\/\/sales-ai-agents.com\/de\/wp-json\/wp\/v2\/media?parent=56331"}],"wp:term":[{"taxonomy":"product_brand","embeddable":true,"href":"https:\/\/sales-ai-agents.com\/de\/wp-json\/wp\/v2\/product_brand?post=56331"},{"taxonomy":"product_cat","embeddable":true,"href":"https:\/\/sales-ai-agents.com\/de\/wp-json\/wp\/v2\/product_cat?post=56331"},{"taxonomy":"product_tag","embeddable":true,"href":"https:\/\/sales-ai-agents.com\/de\/wp-json\/wp\/v2\/product_tag?post=56331"}],"curies":[{"name":"wp","href":"https:\/\/api.w.org\/{rel}","templated":true}]}}