{"id":56345,"date":"2022-09-26T12:17:24","date_gmt":"2022-09-26T12:17:24","guid":{"rendered":"https:\/\/sales-ai-agents.com\/templates\/classic-cornell-notes\/"},"modified":"2023-12-27T14:16:36","modified_gmt":"2023-12-27T14:16:36","slug":"classic-cornell-notes","status":"publish","type":"product","link":"https:\/\/sales-ai-agents.com\/de\/templates\/classic-cornell-notes\/","title":{"rendered":"Klassische Cornell-Notizen"},"content":{"rendered":"<p>&nbsp;<\/p>\n<h2>Klassische Cornell-Notizen Vorlage<\/h2>\n<p class=\"desc-text\">Die Suche nach Informationen auf einem einfachen Dokument oder Prozessor kann frustrierend sein. Verwenden Sie unsere Vorlage f\u00fcr Notizen, die auf der Grundlage einer beliebten Notizentechnik strukturiert ist, um sicherzustellen, dass Ihre Unterrichtsnotizen ordentlich sind. Dieses Online-Lerntool enth\u00e4lt eine Tabelle, in der die Informationen in drei Teile gegliedert sind &#8211; Schl\u00fcsselpunkte, Details und eine Zusammenfassung. Damit k\u00f6nnen Sie Ihre Arbeit \u00fcbersichtlicher gestalten und alles leicht auffindbar machen, so dass Sie Zeit und M\u00fche sparen.<\/p>\n<h5>Wie zu verwenden:<\/h5>\n<ul class=\"desc-item_list\">\n<li class=\"desc-item_list__point\">F\u00fcgen Sie den Titel, das Datum und die Klasse f\u00fcr Ihre Notizen hinzu.<\/li>\n<li class=\"desc-item_list__point\">Schreiben Sie die wichtigsten Punkte in die linke Spalte<\/li>\n<li class=\"desc-item_list__point\">Details und Notizen in der rechten Spalte einf\u00fcgen<\/li>\n<li class=\"desc-item_list__point\">Verwenden Sie die linke Spalte, um Informationen schnell zu finden<\/li>\n<li class=\"desc-item_list__point\">Schreiben Sie eine Zusammenfassung Ihrer Notizen in die letzte Zeile<\/li>\n<\/ul>\n","protected":false},"excerpt":{"rendered":"<p>Die Suche nach Informationen auf einem einfachen Dokument oder Prozessor kann frustrierend sein. Nutzen Sie unsere Vorlage f\u00fcr Ihre Notizen, um Ordnung und \u00dcbersichtlichkeit zu gew\u00e4hrleisten.<\/p>\n","protected":false},"featured_media":20528,"template":"","meta":{"_acf_changed":false,"inline_featured_image":false},"product_brand":[],"product_cat":[197],"product_tag":[],"class_list":{"0":"post-56345","1":"product","2":"type-product","3":"status-publish","4":"has-post-thumbnail","6":"product_cat-student","8":"first","9":"instock","10":"virtual","11":"sold-individually","12":"product-type-simple"},"acf":[],"yoast_head":"<!-- This site is optimized with the Yoast SEO plugin v25.3.1 - https:\/\/yoast.com\/wordpress\/plugins\/seo\/ -->\n<title>Klassische Cornell-Notizen - Sales AI Agents<\/title>\n<meta name=\"description\" content=\"Die Suche nach Informationen auf einem einfachen Dokument oder Prozessor kann frustrierend sein. Nutzen Sie unsere Vorlage f\u00fcr Ihre Notizen, um Ordnung und \u00dcbersichtlichkeit zu gew\u00e4hrleisten.\" \/>\n<meta name=\"robots\" content=\"index, follow, max-snippet:-1, max-image-preview:large, max-video-preview:-1\" \/>\n<link rel=\"canonical\" href=\"https:\/\/sales-ai-agents.com\/de\/templates\/classic-cornell-notes\/\" \/>\n<meta property=\"og:locale\" content=\"de_DE\" \/>\n<meta property=\"og:type\" content=\"article\" \/>\n<meta property=\"og:title\" content=\"Klassische Cornell-Notizen - Sales AI Agents\" \/>\n<meta property=\"og:description\" content=\"Die Suche nach Informationen auf einem einfachen Dokument oder Prozessor kann frustrierend sein. Nutzen Sie unsere Vorlage f\u00fcr Ihre Notizen, um Ordnung und \u00dcbersichtlichkeit zu gew\u00e4hrleisten.\" \/>\n<meta property=\"og:url\" content=\"https:\/\/sales-ai-agents.com\/de\/templates\/classic-cornell-notes\/\" \/>\n<meta property=\"og:site_name\" content=\"Sales AI Agents\" \/>\n<meta property=\"article:modified_time\" content=\"2023-12-27T14:16:36+00:00\" \/>\n<meta property=\"og:image\" content=\"https:\/\/sales-ai-agents.com\/wp-content\/uploads\/2023\/01\/image-preview121233.png\" \/>\n\t<meta property=\"og:image:width\" content=\"1078\" \/>\n\t<meta property=\"og:image:height\" content=\"970\" \/>\n\t<meta property=\"og:image:type\" content=\"image\/png\" \/>\n<meta name=\"twitter:card\" content=\"summary_large_image\" \/>\n<script type=\"application\/ld+json\" class=\"yoast-schema-graph\">{\"@context\":\"https:\/\/schema.org\",\"@graph\":[{\"@type\":\"WebPage\",\"@id\":\"https:\/\/sales-ai-agents.com\/de\/templates\/classic-cornell-notes\/\",\"url\":\"https:\/\/sales-ai-agents.com\/de\/templates\/classic-cornell-notes\/\",\"name\":\"Klassische Cornell-Notizen - Sales AI Agents\",\"isPartOf\":{\"@id\":\"https:\/\/sales-ai-agents.com\/#website\"},\"primaryImageOfPage\":{\"@id\":\"https:\/\/sales-ai-agents.com\/de\/templates\/classic-cornell-notes\/#primaryimage\"},\"image\":{\"@id\":\"https:\/\/sales-ai-agents.com\/de\/templates\/classic-cornell-notes\/#primaryimage\"},\"thumbnailUrl\":\"https:\/\/sales-ai-agents.com\/wp-content\/uploads\/2023\/01\/image-preview121233.png\",\"datePublished\":\"2022-09-26T12:17:24+00:00\",\"dateModified\":\"2023-12-27T14:16:36+00:00\",\"description\":\"Die Suche nach Informationen auf einem einfachen Dokument oder Prozessor kann frustrierend sein. Nutzen Sie unsere Vorlage f\u00fcr Ihre Notizen, um Ordnung und \u00dcbersichtlichkeit zu gew\u00e4hrleisten.\",\"inLanguage\":\"de-DE\",\"potentialAction\":[{\"@type\":\"ReadAction\",\"target\":[\"https:\/\/sales-ai-agents.com\/de\/templates\/classic-cornell-notes\/\"]}]},{\"@type\":\"ImageObject\",\"inLanguage\":\"de-DE\",\"@id\":\"https:\/\/sales-ai-agents.com\/de\/templates\/classic-cornell-notes\/#primaryimage\",\"url\":\"https:\/\/sales-ai-agents.com\/wp-content\/uploads\/2023\/01\/image-preview121233.png\",\"contentUrl\":\"https:\/\/sales-ai-agents.com\/wp-content\/uploads\/2023\/01\/image-preview121233.png\",\"width\":1078,\"height\":970,\"caption\":\"Classic Cornell Notes Template - Nimbus Platform\"},{\"@type\":\"WebSite\",\"@id\":\"https:\/\/sales-ai-agents.com\/#website\",\"url\":\"https:\/\/sales-ai-agents.com\/\",\"name\":\"FuseBase\",\"description\":\"Nimbus Platform - Free Online Collaboration Software for Remote Teams. Build your wikis, client portals and more with the Nimbus Platform collaboration tool ? A perfect space for online work\",\"publisher\":{\"@id\":\"https:\/\/sales-ai-agents.com\/#organization\"},\"potentialAction\":[{\"@type\":\"SearchAction\",\"target\":{\"@type\":\"EntryPoint\",\"urlTemplate\":\"https:\/\/sales-ai-agents.com\/?s={search_term_string}\"},\"query-input\":{\"@type\":\"PropertyValueSpecification\",\"valueRequired\":true,\"valueName\":\"search_term_string\"}}],\"inLanguage\":\"de-DE\"},{\"@type\":\"Organization\",\"@id\":\"https:\/\/sales-ai-agents.com\/#organization\",\"name\":\"FuseBase\",\"url\":\"https:\/\/sales-ai-agents.com\/\",\"logo\":{\"@type\":\"ImageObject\",\"inLanguage\":\"de-DE\",\"@id\":\"https:\/\/sales-ai-agents.com\/#\/schema\/logo\/image\/\",\"url\":\"https:\/\/sales-ai-agents.com\/wp-content\/uploads\/2023\/11\/icon-7.svg\",\"contentUrl\":\"https:\/\/sales-ai-agents.com\/wp-content\/uploads\/2023\/11\/icon-7.svg\",\"width\":128,\"height\":128,\"caption\":\"FuseBase\"},\"image\":{\"@id\":\"https:\/\/sales-ai-agents.com\/#\/schema\/logo\/image\/\"}}]}<\/script>\n<!-- \/ Yoast SEO plugin. -->","yoast_head_json":{"title":"Klassische Cornell-Notizen - Sales AI Agents","description":"Die Suche nach Informationen auf einem einfachen Dokument oder Prozessor kann frustrierend sein. Nutzen Sie unsere Vorlage f\u00fcr Ihre Notizen, um Ordnung und \u00dcbersichtlichkeit zu gew\u00e4hrleisten.","robots":{"index":"index","follow":"follow","max-snippet":"max-snippet:-1","max-image-preview":"max-image-preview:large","max-video-preview":"max-video-preview:-1"},"canonical":"https:\/\/sales-ai-agents.com\/de\/templates\/classic-cornell-notes\/","og_locale":"de_DE","og_type":"article","og_title":"Klassische Cornell-Notizen - Sales AI Agents","og_description":"Die Suche nach Informationen auf einem einfachen Dokument oder Prozessor kann frustrierend sein. Nutzen Sie unsere Vorlage f\u00fcr Ihre Notizen, um Ordnung und \u00dcbersichtlichkeit zu gew\u00e4hrleisten.","og_url":"https:\/\/sales-ai-agents.com\/de\/templates\/classic-cornell-notes\/","og_site_name":"Sales AI Agents","article_modified_time":"2023-12-27T14:16:36+00:00","og_image":[{"width":1078,"height":970,"url":"https:\/\/sales-ai-agents.com\/wp-content\/uploads\/2023\/01\/image-preview121233.png","type":"image\/png"}],"twitter_card":"summary_large_image","schema":{"@context":"https:\/\/schema.org","@graph":[{"@type":"WebPage","@id":"https:\/\/sales-ai-agents.com\/de\/templates\/classic-cornell-notes\/","url":"https:\/\/sales-ai-agents.com\/de\/templates\/classic-cornell-notes\/","name":"Klassische Cornell-Notizen - Sales AI Agents","isPartOf":{"@id":"https:\/\/sales-ai-agents.com\/#website"},"primaryImageOfPage":{"@id":"https:\/\/sales-ai-agents.com\/de\/templates\/classic-cornell-notes\/#primaryimage"},"image":{"@id":"https:\/\/sales-ai-agents.com\/de\/templates\/classic-cornell-notes\/#primaryimage"},"thumbnailUrl":"https:\/\/sales-ai-agents.com\/wp-content\/uploads\/2023\/01\/image-preview121233.png","datePublished":"2022-09-26T12:17:24+00:00","dateModified":"2023-12-27T14:16:36+00:00","description":"Die Suche nach Informationen auf einem einfachen Dokument oder Prozessor kann frustrierend sein. Nutzen Sie unsere Vorlage f\u00fcr Ihre Notizen, um Ordnung und \u00dcbersichtlichkeit zu gew\u00e4hrleisten.","inLanguage":"de-DE","potentialAction":[{"@type":"ReadAction","target":["https:\/\/sales-ai-agents.com\/de\/templates\/classic-cornell-notes\/"]}]},{"@type":"ImageObject","inLanguage":"de-DE","@id":"https:\/\/sales-ai-agents.com\/de\/templates\/classic-cornell-notes\/#primaryimage","url":"https:\/\/sales-ai-agents.com\/wp-content\/uploads\/2023\/01\/image-preview121233.png","contentUrl":"https:\/\/sales-ai-agents.com\/wp-content\/uploads\/2023\/01\/image-preview121233.png","width":1078,"height":970,"caption":"Classic Cornell Notes Template - Nimbus Platform"},{"@type":"WebSite","@id":"https:\/\/sales-ai-agents.com\/#website","url":"https:\/\/sales-ai-agents.com\/","name":"FuseBase","description":"Nimbus Platform - Free Online Collaboration Software for Remote Teams. Build your wikis, client portals and more with the Nimbus Platform collaboration tool ? A perfect space for online work","publisher":{"@id":"https:\/\/sales-ai-agents.com\/#organization"},"potentialAction":[{"@type":"SearchAction","target":{"@type":"EntryPoint","urlTemplate":"https:\/\/sales-ai-agents.com\/?s={search_term_string}"},"query-input":{"@type":"PropertyValueSpecification","valueRequired":true,"valueName":"search_term_string"}}],"inLanguage":"de-DE"},{"@type":"Organization","@id":"https:\/\/sales-ai-agents.com\/#organization","name":"FuseBase","url":"https:\/\/sales-ai-agents.com\/","logo":{"@type":"ImageObject","inLanguage":"de-DE","@id":"https:\/\/sales-ai-agents.com\/#\/schema\/logo\/image\/","url":"https:\/\/sales-ai-agents.com\/wp-content\/uploads\/2023\/11\/icon-7.svg","contentUrl":"https:\/\/sales-ai-agents.com\/wp-content\/uploads\/2023\/11\/icon-7.svg","width":128,"height":128,"caption":"FuseBase"},"image":{"@id":"https:\/\/sales-ai-agents.com\/#\/schema\/logo\/image\/"}}]}},"_links":{"self":[{"href":"https:\/\/sales-ai-agents.com\/de\/wp-json\/wp\/v2\/product\/56345","targetHints":{"allow":["GET"]}}],"collection":[{"href":"https:\/\/sales-ai-agents.com\/de\/wp-json\/wp\/v2\/product"}],"about":[{"href":"https:\/\/sales-ai-agents.com\/de\/wp-json\/wp\/v2\/types\/product"}],"wp:featuredmedia":[{"embeddable":true,"href":"https:\/\/sales-ai-agents.com\/de\/wp-json\/wp\/v2\/media\/20528"}],"wp:attachment":[{"href":"https:\/\/sales-ai-agents.com\/de\/wp-json\/wp\/v2\/media?parent=56345"}],"wp:term":[{"taxonomy":"product_brand","embeddable":true,"href":"https:\/\/sales-ai-agents.com\/de\/wp-json\/wp\/v2\/product_brand?post=56345"},{"taxonomy":"product_cat","embeddable":true,"href":"https:\/\/sales-ai-agents.com\/de\/wp-json\/wp\/v2\/product_cat?post=56345"},{"taxonomy":"product_tag","embeddable":true,"href":"https:\/\/sales-ai-agents.com\/de\/wp-json\/wp\/v2\/product_tag?post=56345"}],"curies":[{"name":"wp","href":"https:\/\/api.w.org\/{rel}","templated":true}]}}