{"id":56348,"date":"2022-09-26T12:17:17","date_gmt":"2022-09-26T12:17:17","guid":{"rendered":"https:\/\/sales-ai-agents.com\/templates\/todays-top-priorities\/"},"modified":"2023-12-27T19:13:51","modified_gmt":"2023-12-27T19:13:51","slug":"todays-top-priorities","status":"publish","type":"product","link":"https:\/\/sales-ai-agents.com\/de\/templates\/todays-top-priorities\/","title":{"rendered":"Die wichtigsten Priorit\u00e4ten von heute"},"content":{"rendered":"<p>&nbsp;<\/p>\n<h2>Top-Priorit\u00e4ten von heute Vorlage<\/h2>\n<p class=\"desc-text\">Diese Vorlage kann Ihnen helfen, Stress zu reduzieren, indem Sie Ihre Aufgaben f\u00fcr den Tag entsprechend Ihren Zielen priorisieren. Schreiben Sie alle Aufgaben auf, die Sie in einer bestimmten Reihenfolge erledigen m\u00fcssen, markieren Sie Ihre Erfolge, pr\u00fcfen Sie, was Ihre Energie steigert, oder ermitteln Sie die Ursache f\u00fcr einen schlechten Tag.<\/p>\n<h5>Wie zu verwenden:<\/h5>\n<ul class=\"desc-item_list\">\n<li class=\"desc-item_list__point\">Die 3 wichtigsten Aufgaben f\u00fcr den Tag festlegen<\/li>\n<li class=\"desc-item_list__point\">Zerlegen Sie Ihre drei Priorit\u00e4ten in \u00fcberschaubare Teile<\/li>\n<li class=\"desc-item_list__point\">W\u00e4hlen Sie Bio-Hacks, um Ihre Energie und Konzentration zu steigern<\/li>\n<li class=\"desc-item_list__point\">Nennen Sie drei Siege des Tages<\/li>\n<li class=\"desc-item_list__point\">Wenn etwas schief gelaufen ist, ermitteln Sie die Ursache und finden Sie eine L\u00f6sung.<\/li>\n<\/ul>\n","protected":false},"excerpt":{"rendered":"<p>Diese Vorlage kann Ihnen helfen, Stress abzubauen, indem Sie Ihre Aufgaben nach Priorit\u00e4ten ordnen. Schreiben Sie alle Aufgaben auf, markieren Sie Ihre Erfolge, pr\u00fcfen Sie, was Ihre Energie steigert und vieles mehr.<\/p>\n","protected":false},"featured_media":26870,"template":"","meta":{"_acf_changed":false,"inline_featured_image":false},"product_brand":[],"product_cat":[179,180,185],"product_tag":[],"class_list":{"0":"post-56348","1":"product","2":"type-product","3":"status-publish","4":"has-post-thumbnail","6":"product_cat-organizers-planners","7":"product_cat-personal","8":"product_cat-personal-work","10":"first","11":"instock","12":"virtual","13":"sold-individually","14":"product-type-simple"},"acf":[],"yoast_head":"<!-- This site is optimized with the Yoast SEO plugin v25.3.1 - https:\/\/yoast.com\/wordpress\/plugins\/seo\/ -->\n<title>Vorlage f\u00fcr die wichtigsten Priorit\u00e4ten von heute - Sales AI Agents<\/title>\n<meta name=\"description\" content=\"Diese Vorlage kann Ihnen helfen, Stress abzubauen, indem Sie Ihre Aufgaben nach Priorit\u00e4ten ordnen. Schreiben Sie alle Aufgaben auf, markieren Sie Ihre Erfolge, pr\u00fcfen Sie, was Ihre Energie steigert und vieles mehr.\" \/>\n<meta name=\"robots\" content=\"index, follow, max-snippet:-1, max-image-preview:large, max-video-preview:-1\" \/>\n<link rel=\"canonical\" href=\"https:\/\/sales-ai-agents.com\/de\/templates\/todays-top-priorities\/\" \/>\n<meta property=\"og:locale\" content=\"de_DE\" \/>\n<meta property=\"og:type\" content=\"article\" \/>\n<meta property=\"og:title\" content=\"Vorlage f\u00fcr die wichtigsten Priorit\u00e4ten von heute - Sales AI Agents\" \/>\n<meta property=\"og:description\" content=\"Diese Vorlage kann Ihnen helfen, Stress abzubauen, indem Sie Ihre Aufgaben nach Priorit\u00e4ten ordnen. Schreiben Sie alle Aufgaben auf, markieren Sie Ihre Erfolge, pr\u00fcfen Sie, was Ihre Energie steigert und vieles mehr.\" \/>\n<meta property=\"og:url\" content=\"https:\/\/sales-ai-agents.com\/de\/templates\/todays-top-priorities\/\" \/>\n<meta property=\"og:site_name\" content=\"Sales AI Agents\" \/>\n<meta property=\"article:modified_time\" content=\"2023-12-27T19:13:51+00:00\" \/>\n<meta property=\"og:image\" content=\"https:\/\/sales-ai-agents.com\/wp-content\/uploads\/2022\/09\/Todays-Top-Priorities-Template.png\" \/>\n\t<meta property=\"og:image:width\" content=\"1700\" \/>\n\t<meta property=\"og:image:height\" content=\"1100\" \/>\n\t<meta property=\"og:image:type\" content=\"image\/png\" \/>\n<meta name=\"twitter:card\" content=\"summary_large_image\" \/>\n<script type=\"application\/ld+json\" class=\"yoast-schema-graph\">{\"@context\":\"https:\/\/schema.org\",\"@graph\":[{\"@type\":\"WebPage\",\"@id\":\"https:\/\/sales-ai-agents.com\/de\/templates\/todays-top-priorities\/\",\"url\":\"https:\/\/sales-ai-agents.com\/de\/templates\/todays-top-priorities\/\",\"name\":\"Vorlage f\u00fcr die wichtigsten Priorit\u00e4ten von heute - Sales AI Agents\",\"isPartOf\":{\"@id\":\"https:\/\/sales-ai-agents.com\/#website\"},\"primaryImageOfPage\":{\"@id\":\"https:\/\/sales-ai-agents.com\/de\/templates\/todays-top-priorities\/#primaryimage\"},\"image\":{\"@id\":\"https:\/\/sales-ai-agents.com\/de\/templates\/todays-top-priorities\/#primaryimage\"},\"thumbnailUrl\":\"https:\/\/sales-ai-agents.com\/wp-content\/uploads\/2022\/09\/Todays-Top-Priorities-Template.png\",\"datePublished\":\"2022-09-26T12:17:17+00:00\",\"dateModified\":\"2023-12-27T19:13:51+00:00\",\"description\":\"Diese Vorlage kann Ihnen helfen, Stress abzubauen, indem Sie Ihre Aufgaben nach Priorit\u00e4ten ordnen. Schreiben Sie alle Aufgaben auf, markieren Sie Ihre Erfolge, pr\u00fcfen Sie, was Ihre Energie steigert und vieles mehr.\",\"inLanguage\":\"de-DE\",\"potentialAction\":[{\"@type\":\"ReadAction\",\"target\":[\"https:\/\/sales-ai-agents.com\/de\/templates\/todays-top-priorities\/\"]}]},{\"@type\":\"ImageObject\",\"inLanguage\":\"de-DE\",\"@id\":\"https:\/\/sales-ai-agents.com\/de\/templates\/todays-top-priorities\/#primaryimage\",\"url\":\"https:\/\/sales-ai-agents.com\/wp-content\/uploads\/2022\/09\/Todays-Top-Priorities-Template.png\",\"contentUrl\":\"https:\/\/sales-ai-agents.com\/wp-content\/uploads\/2022\/09\/Todays-Top-Priorities-Template.png\",\"width\":1700,\"height\":1100,\"caption\":\"This template can help you reduce stress by prioritizing your tasks.\"},{\"@type\":\"WebSite\",\"@id\":\"https:\/\/sales-ai-agents.com\/#website\",\"url\":\"https:\/\/sales-ai-agents.com\/\",\"name\":\"FuseBase\",\"description\":\"Nimbus Platform - Free Online Collaboration Software for Remote Teams. Build your wikis, client portals and more with the Nimbus Platform collaboration tool ? A perfect space for online work\",\"publisher\":{\"@id\":\"https:\/\/sales-ai-agents.com\/#organization\"},\"potentialAction\":[{\"@type\":\"SearchAction\",\"target\":{\"@type\":\"EntryPoint\",\"urlTemplate\":\"https:\/\/sales-ai-agents.com\/?s={search_term_string}\"},\"query-input\":{\"@type\":\"PropertyValueSpecification\",\"valueRequired\":true,\"valueName\":\"search_term_string\"}}],\"inLanguage\":\"de-DE\"},{\"@type\":\"Organization\",\"@id\":\"https:\/\/sales-ai-agents.com\/#organization\",\"name\":\"FuseBase\",\"url\":\"https:\/\/sales-ai-agents.com\/\",\"logo\":{\"@type\":\"ImageObject\",\"inLanguage\":\"de-DE\",\"@id\":\"https:\/\/sales-ai-agents.com\/#\/schema\/logo\/image\/\",\"url\":\"https:\/\/sales-ai-agents.com\/wp-content\/uploads\/2023\/11\/icon-7.svg\",\"contentUrl\":\"https:\/\/sales-ai-agents.com\/wp-content\/uploads\/2023\/11\/icon-7.svg\",\"width\":128,\"height\":128,\"caption\":\"FuseBase\"},\"image\":{\"@id\":\"https:\/\/sales-ai-agents.com\/#\/schema\/logo\/image\/\"}}]}<\/script>\n<!-- \/ Yoast SEO plugin. -->","yoast_head_json":{"title":"Vorlage f\u00fcr die wichtigsten Priorit\u00e4ten von heute - Sales AI Agents","description":"Diese Vorlage kann Ihnen helfen, Stress abzubauen, indem Sie Ihre Aufgaben nach Priorit\u00e4ten ordnen. Schreiben Sie alle Aufgaben auf, markieren Sie Ihre Erfolge, pr\u00fcfen Sie, was Ihre Energie steigert und vieles mehr.","robots":{"index":"index","follow":"follow","max-snippet":"max-snippet:-1","max-image-preview":"max-image-preview:large","max-video-preview":"max-video-preview:-1"},"canonical":"https:\/\/sales-ai-agents.com\/de\/templates\/todays-top-priorities\/","og_locale":"de_DE","og_type":"article","og_title":"Vorlage f\u00fcr die wichtigsten Priorit\u00e4ten von heute - Sales AI Agents","og_description":"Diese Vorlage kann Ihnen helfen, Stress abzubauen, indem Sie Ihre Aufgaben nach Priorit\u00e4ten ordnen. Schreiben Sie alle Aufgaben auf, markieren Sie Ihre Erfolge, pr\u00fcfen Sie, was Ihre Energie steigert und vieles mehr.","og_url":"https:\/\/sales-ai-agents.com\/de\/templates\/todays-top-priorities\/","og_site_name":"Sales AI Agents","article_modified_time":"2023-12-27T19:13:51+00:00","og_image":[{"width":1700,"height":1100,"url":"https:\/\/sales-ai-agents.com\/wp-content\/uploads\/2022\/09\/Todays-Top-Priorities-Template.png","type":"image\/png"}],"twitter_card":"summary_large_image","schema":{"@context":"https:\/\/schema.org","@graph":[{"@type":"WebPage","@id":"https:\/\/sales-ai-agents.com\/de\/templates\/todays-top-priorities\/","url":"https:\/\/sales-ai-agents.com\/de\/templates\/todays-top-priorities\/","name":"Vorlage f\u00fcr die wichtigsten Priorit\u00e4ten von heute - Sales AI Agents","isPartOf":{"@id":"https:\/\/sales-ai-agents.com\/#website"},"primaryImageOfPage":{"@id":"https:\/\/sales-ai-agents.com\/de\/templates\/todays-top-priorities\/#primaryimage"},"image":{"@id":"https:\/\/sales-ai-agents.com\/de\/templates\/todays-top-priorities\/#primaryimage"},"thumbnailUrl":"https:\/\/sales-ai-agents.com\/wp-content\/uploads\/2022\/09\/Todays-Top-Priorities-Template.png","datePublished":"2022-09-26T12:17:17+00:00","dateModified":"2023-12-27T19:13:51+00:00","description":"Diese Vorlage kann Ihnen helfen, Stress abzubauen, indem Sie Ihre Aufgaben nach Priorit\u00e4ten ordnen. Schreiben Sie alle Aufgaben auf, markieren Sie Ihre Erfolge, pr\u00fcfen Sie, was Ihre Energie steigert und vieles mehr.","inLanguage":"de-DE","potentialAction":[{"@type":"ReadAction","target":["https:\/\/sales-ai-agents.com\/de\/templates\/todays-top-priorities\/"]}]},{"@type":"ImageObject","inLanguage":"de-DE","@id":"https:\/\/sales-ai-agents.com\/de\/templates\/todays-top-priorities\/#primaryimage","url":"https:\/\/sales-ai-agents.com\/wp-content\/uploads\/2022\/09\/Todays-Top-Priorities-Template.png","contentUrl":"https:\/\/sales-ai-agents.com\/wp-content\/uploads\/2022\/09\/Todays-Top-Priorities-Template.png","width":1700,"height":1100,"caption":"This template can help you reduce stress by prioritizing your tasks."},{"@type":"WebSite","@id":"https:\/\/sales-ai-agents.com\/#website","url":"https:\/\/sales-ai-agents.com\/","name":"FuseBase","description":"Nimbus Platform - Free Online Collaboration Software for Remote Teams. Build your wikis, client portals and more with the Nimbus Platform collaboration tool ? A perfect space for online work","publisher":{"@id":"https:\/\/sales-ai-agents.com\/#organization"},"potentialAction":[{"@type":"SearchAction","target":{"@type":"EntryPoint","urlTemplate":"https:\/\/sales-ai-agents.com\/?s={search_term_string}"},"query-input":{"@type":"PropertyValueSpecification","valueRequired":true,"valueName":"search_term_string"}}],"inLanguage":"de-DE"},{"@type":"Organization","@id":"https:\/\/sales-ai-agents.com\/#organization","name":"FuseBase","url":"https:\/\/sales-ai-agents.com\/","logo":{"@type":"ImageObject","inLanguage":"de-DE","@id":"https:\/\/sales-ai-agents.com\/#\/schema\/logo\/image\/","url":"https:\/\/sales-ai-agents.com\/wp-content\/uploads\/2023\/11\/icon-7.svg","contentUrl":"https:\/\/sales-ai-agents.com\/wp-content\/uploads\/2023\/11\/icon-7.svg","width":128,"height":128,"caption":"FuseBase"},"image":{"@id":"https:\/\/sales-ai-agents.com\/#\/schema\/logo\/image\/"}}]}},"_links":{"self":[{"href":"https:\/\/sales-ai-agents.com\/de\/wp-json\/wp\/v2\/product\/56348","targetHints":{"allow":["GET"]}}],"collection":[{"href":"https:\/\/sales-ai-agents.com\/de\/wp-json\/wp\/v2\/product"}],"about":[{"href":"https:\/\/sales-ai-agents.com\/de\/wp-json\/wp\/v2\/types\/product"}],"wp:featuredmedia":[{"embeddable":true,"href":"https:\/\/sales-ai-agents.com\/de\/wp-json\/wp\/v2\/media\/26870"}],"wp:attachment":[{"href":"https:\/\/sales-ai-agents.com\/de\/wp-json\/wp\/v2\/media?parent=56348"}],"wp:term":[{"taxonomy":"product_brand","embeddable":true,"href":"https:\/\/sales-ai-agents.com\/de\/wp-json\/wp\/v2\/product_brand?post=56348"},{"taxonomy":"product_cat","embeddable":true,"href":"https:\/\/sales-ai-agents.com\/de\/wp-json\/wp\/v2\/product_cat?post=56348"},{"taxonomy":"product_tag","embeddable":true,"href":"https:\/\/sales-ai-agents.com\/de\/wp-json\/wp\/v2\/product_tag?post=56348"}],"curies":[{"name":"wp","href":"https:\/\/api.w.org\/{rel}","templated":true}]}}