{"id":56355,"date":"2022-09-26T12:17:12","date_gmt":"2022-09-26T12:17:12","guid":{"rendered":"https:\/\/sales-ai-agents.com\/templates\/employee-performance-review\/"},"modified":"2023-12-26T20:43:48","modified_gmt":"2023-12-26T20:43:48","slug":"employee-performance-review","status":"publish","type":"product","link":"https:\/\/sales-ai-agents.com\/de\/templates\/employee-performance-review\/","title":{"rendered":"Leistungsbeurteilung der Mitarbeiter"},"content":{"rendered":"<p>&nbsp;<\/p>\n<h2>Vorlage f\u00fcr Leistungsbeurteilung von Mitarbeitern<\/h2>\n<p class=\"desc-text\">Durch Arbeitsbewertungen k\u00f6nnen die Mitarbeiter besser verstehen, wie sie in die gr\u00f6\u00dferen Ziele ihres Unternehmens passen. Mit dieser Vorlage k\u00f6nnen Sie einen Mitarbeiter in Bezug auf seine Arbeitsergebnisse und verbesserungsw\u00fcrdige Bereiche beurteilen. F\u00fchren Sie Beispiele mit klaren Kennzahlen auf, die zeigen, wie diese Ziele erreicht wurden. Schaffen Sie neue Ziele, um die weitere Entwicklung zu f\u00f6rdern.<\/p>\n<h5>Wie zu verwenden:<\/h5>\n<ul class=\"desc-item_list\">\n<li class=\"desc-item_list__point\">Geben Sie Details zur \u00dcberpr\u00fcfung an<\/li>\n<li class=\"desc-item_list__point\">Besondere Leistungen auflisten<\/li>\n<li class=\"desc-item_list__point\">Beispiele zur Untermauerung der Leistungen einf\u00fcgen<\/li>\n<li class=\"desc-item_list__point\">Verbesserungsw\u00fcrdige Bereiche und zuk\u00fcnftige Ziele notieren<\/li>\n<li class=\"desc-item_list__point\">Kommentare im letzten Abschnitt hinzuf\u00fcgen<\/li>\n<\/ul>\n","protected":false},"excerpt":{"rendered":"<p>Mit dieser Vorlage k\u00f6nnen Sie einen Mitarbeiter in Bezug auf seine Arbeitsergebnisse und verbesserungsw\u00fcrdige Bereiche beurteilen. Bewerten Sie, wie Ihre Mitarbeiter zu den Unternehmenszielen passen.<\/p>\n","protected":false},"featured_media":20503,"template":"","meta":{"_acf_changed":false,"inline_featured_image":false},"product_brand":[],"product_cat":[178],"product_tag":[],"class_list":{"0":"post-56355","1":"product","2":"type-product","3":"status-publish","4":"has-post-thumbnail","6":"product_cat-operations-hr","8":"first","9":"instock","10":"virtual","11":"sold-individually","12":"product-type-simple"},"acf":[],"yoast_head":"<!-- This site is optimized with the Yoast SEO plugin v25.3.1 - https:\/\/yoast.com\/wordpress\/plugins\/seo\/ -->\n<title>Vorlage f\u00fcr Mitarbeiterbeurteilung - Sales AI Agents<\/title>\n<meta name=\"description\" content=\"Mit dieser Vorlage k\u00f6nnen Sie einen Mitarbeiter in Bezug auf seine Arbeitsergebnisse und verbesserungsw\u00fcrdige Bereiche beurteilen. Bewerten Sie, wie Ihre Mitarbeiter zu den Unternehmenszielen passen.\" \/>\n<meta name=\"robots\" content=\"index, follow, max-snippet:-1, max-image-preview:large, max-video-preview:-1\" \/>\n<link rel=\"canonical\" href=\"https:\/\/sales-ai-agents.com\/de\/templates\/employee-performance-review\/\" \/>\n<meta property=\"og:locale\" content=\"de_DE\" \/>\n<meta property=\"og:type\" content=\"article\" \/>\n<meta property=\"og:title\" content=\"Vorlage f\u00fcr Mitarbeiterbeurteilung - Sales AI Agents\" \/>\n<meta property=\"og:description\" content=\"Mit dieser Vorlage k\u00f6nnen Sie einen Mitarbeiter in Bezug auf seine Arbeitsergebnisse und verbesserungsw\u00fcrdige Bereiche beurteilen. Bewerten Sie, wie Ihre Mitarbeiter zu den Unternehmenszielen passen.\" \/>\n<meta property=\"og:url\" content=\"https:\/\/sales-ai-agents.com\/de\/templates\/employee-performance-review\/\" \/>\n<meta property=\"og:site_name\" content=\"Sales AI Agents\" \/>\n<meta property=\"article:modified_time\" content=\"2023-12-26T20:43:48+00:00\" \/>\n<meta property=\"og:image\" content=\"https:\/\/sales-ai-agents.com\/wp-content\/uploads\/2023\/01\/image-preview121059.png\" \/>\n\t<meta property=\"og:image:width\" content=\"1078\" \/>\n\t<meta property=\"og:image:height\" content=\"902\" \/>\n\t<meta property=\"og:image:type\" content=\"image\/png\" \/>\n<meta name=\"twitter:card\" content=\"summary_large_image\" \/>\n<script type=\"application\/ld+json\" class=\"yoast-schema-graph\">{\"@context\":\"https:\/\/schema.org\",\"@graph\":[{\"@type\":\"WebPage\",\"@id\":\"https:\/\/sales-ai-agents.com\/de\/templates\/employee-performance-review\/\",\"url\":\"https:\/\/sales-ai-agents.com\/de\/templates\/employee-performance-review\/\",\"name\":\"Vorlage f\u00fcr Mitarbeiterbeurteilung - Sales AI Agents\",\"isPartOf\":{\"@id\":\"https:\/\/sales-ai-agents.com\/#website\"},\"primaryImageOfPage\":{\"@id\":\"https:\/\/sales-ai-agents.com\/de\/templates\/employee-performance-review\/#primaryimage\"},\"image\":{\"@id\":\"https:\/\/sales-ai-agents.com\/de\/templates\/employee-performance-review\/#primaryimage\"},\"thumbnailUrl\":\"https:\/\/sales-ai-agents.com\/wp-content\/uploads\/2023\/01\/image-preview121059.png\",\"datePublished\":\"2022-09-26T12:17:12+00:00\",\"dateModified\":\"2023-12-26T20:43:48+00:00\",\"description\":\"Mit dieser Vorlage k\u00f6nnen Sie einen Mitarbeiter in Bezug auf seine Arbeitsergebnisse und verbesserungsw\u00fcrdige Bereiche beurteilen. Bewerten Sie, wie Ihre Mitarbeiter zu den Unternehmenszielen passen.\",\"inLanguage\":\"de-DE\",\"potentialAction\":[{\"@type\":\"ReadAction\",\"target\":[\"https:\/\/sales-ai-agents.com\/de\/templates\/employee-performance-review\/\"]}]},{\"@type\":\"ImageObject\",\"inLanguage\":\"de-DE\",\"@id\":\"https:\/\/sales-ai-agents.com\/de\/templates\/employee-performance-review\/#primaryimage\",\"url\":\"https:\/\/sales-ai-agents.com\/wp-content\/uploads\/2023\/01\/image-preview121059.png\",\"contentUrl\":\"https:\/\/sales-ai-agents.com\/wp-content\/uploads\/2023\/01\/image-preview121059.png\",\"width\":1078,\"height\":902,\"caption\":\"Employee Performance Review Template - Nimbus Platform\"},{\"@type\":\"WebSite\",\"@id\":\"https:\/\/sales-ai-agents.com\/#website\",\"url\":\"https:\/\/sales-ai-agents.com\/\",\"name\":\"FuseBase\",\"description\":\"Nimbus Platform - Free Online Collaboration Software for Remote Teams. Build your wikis, client portals and more with the Nimbus Platform collaboration tool ? A perfect space for online work\",\"publisher\":{\"@id\":\"https:\/\/sales-ai-agents.com\/#organization\"},\"potentialAction\":[{\"@type\":\"SearchAction\",\"target\":{\"@type\":\"EntryPoint\",\"urlTemplate\":\"https:\/\/sales-ai-agents.com\/?s={search_term_string}\"},\"query-input\":{\"@type\":\"PropertyValueSpecification\",\"valueRequired\":true,\"valueName\":\"search_term_string\"}}],\"inLanguage\":\"de-DE\"},{\"@type\":\"Organization\",\"@id\":\"https:\/\/sales-ai-agents.com\/#organization\",\"name\":\"FuseBase\",\"url\":\"https:\/\/sales-ai-agents.com\/\",\"logo\":{\"@type\":\"ImageObject\",\"inLanguage\":\"de-DE\",\"@id\":\"https:\/\/sales-ai-agents.com\/#\/schema\/logo\/image\/\",\"url\":\"https:\/\/sales-ai-agents.com\/wp-content\/uploads\/2023\/11\/icon-7.svg\",\"contentUrl\":\"https:\/\/sales-ai-agents.com\/wp-content\/uploads\/2023\/11\/icon-7.svg\",\"width\":128,\"height\":128,\"caption\":\"FuseBase\"},\"image\":{\"@id\":\"https:\/\/sales-ai-agents.com\/#\/schema\/logo\/image\/\"}}]}<\/script>\n<!-- \/ Yoast SEO plugin. -->","yoast_head_json":{"title":"Vorlage f\u00fcr Mitarbeiterbeurteilung - Sales AI Agents","description":"Mit dieser Vorlage k\u00f6nnen Sie einen Mitarbeiter in Bezug auf seine Arbeitsergebnisse und verbesserungsw\u00fcrdige Bereiche beurteilen. Bewerten Sie, wie Ihre Mitarbeiter zu den Unternehmenszielen passen.","robots":{"index":"index","follow":"follow","max-snippet":"max-snippet:-1","max-image-preview":"max-image-preview:large","max-video-preview":"max-video-preview:-1"},"canonical":"https:\/\/sales-ai-agents.com\/de\/templates\/employee-performance-review\/","og_locale":"de_DE","og_type":"article","og_title":"Vorlage f\u00fcr Mitarbeiterbeurteilung - Sales AI Agents","og_description":"Mit dieser Vorlage k\u00f6nnen Sie einen Mitarbeiter in Bezug auf seine Arbeitsergebnisse und verbesserungsw\u00fcrdige Bereiche beurteilen. Bewerten Sie, wie Ihre Mitarbeiter zu den Unternehmenszielen passen.","og_url":"https:\/\/sales-ai-agents.com\/de\/templates\/employee-performance-review\/","og_site_name":"Sales AI Agents","article_modified_time":"2023-12-26T20:43:48+00:00","og_image":[{"width":1078,"height":902,"url":"https:\/\/sales-ai-agents.com\/wp-content\/uploads\/2023\/01\/image-preview121059.png","type":"image\/png"}],"twitter_card":"summary_large_image","schema":{"@context":"https:\/\/schema.org","@graph":[{"@type":"WebPage","@id":"https:\/\/sales-ai-agents.com\/de\/templates\/employee-performance-review\/","url":"https:\/\/sales-ai-agents.com\/de\/templates\/employee-performance-review\/","name":"Vorlage f\u00fcr Mitarbeiterbeurteilung - Sales AI Agents","isPartOf":{"@id":"https:\/\/sales-ai-agents.com\/#website"},"primaryImageOfPage":{"@id":"https:\/\/sales-ai-agents.com\/de\/templates\/employee-performance-review\/#primaryimage"},"image":{"@id":"https:\/\/sales-ai-agents.com\/de\/templates\/employee-performance-review\/#primaryimage"},"thumbnailUrl":"https:\/\/sales-ai-agents.com\/wp-content\/uploads\/2023\/01\/image-preview121059.png","datePublished":"2022-09-26T12:17:12+00:00","dateModified":"2023-12-26T20:43:48+00:00","description":"Mit dieser Vorlage k\u00f6nnen Sie einen Mitarbeiter in Bezug auf seine Arbeitsergebnisse und verbesserungsw\u00fcrdige Bereiche beurteilen. Bewerten Sie, wie Ihre Mitarbeiter zu den Unternehmenszielen passen.","inLanguage":"de-DE","potentialAction":[{"@type":"ReadAction","target":["https:\/\/sales-ai-agents.com\/de\/templates\/employee-performance-review\/"]}]},{"@type":"ImageObject","inLanguage":"de-DE","@id":"https:\/\/sales-ai-agents.com\/de\/templates\/employee-performance-review\/#primaryimage","url":"https:\/\/sales-ai-agents.com\/wp-content\/uploads\/2023\/01\/image-preview121059.png","contentUrl":"https:\/\/sales-ai-agents.com\/wp-content\/uploads\/2023\/01\/image-preview121059.png","width":1078,"height":902,"caption":"Employee Performance Review Template - Nimbus Platform"},{"@type":"WebSite","@id":"https:\/\/sales-ai-agents.com\/#website","url":"https:\/\/sales-ai-agents.com\/","name":"FuseBase","description":"Nimbus Platform - Free Online Collaboration Software for Remote Teams. Build your wikis, client portals and more with the Nimbus Platform collaboration tool ? A perfect space for online work","publisher":{"@id":"https:\/\/sales-ai-agents.com\/#organization"},"potentialAction":[{"@type":"SearchAction","target":{"@type":"EntryPoint","urlTemplate":"https:\/\/sales-ai-agents.com\/?s={search_term_string}"},"query-input":{"@type":"PropertyValueSpecification","valueRequired":true,"valueName":"search_term_string"}}],"inLanguage":"de-DE"},{"@type":"Organization","@id":"https:\/\/sales-ai-agents.com\/#organization","name":"FuseBase","url":"https:\/\/sales-ai-agents.com\/","logo":{"@type":"ImageObject","inLanguage":"de-DE","@id":"https:\/\/sales-ai-agents.com\/#\/schema\/logo\/image\/","url":"https:\/\/sales-ai-agents.com\/wp-content\/uploads\/2023\/11\/icon-7.svg","contentUrl":"https:\/\/sales-ai-agents.com\/wp-content\/uploads\/2023\/11\/icon-7.svg","width":128,"height":128,"caption":"FuseBase"},"image":{"@id":"https:\/\/sales-ai-agents.com\/#\/schema\/logo\/image\/"}}]}},"_links":{"self":[{"href":"https:\/\/sales-ai-agents.com\/de\/wp-json\/wp\/v2\/product\/56355","targetHints":{"allow":["GET"]}}],"collection":[{"href":"https:\/\/sales-ai-agents.com\/de\/wp-json\/wp\/v2\/product"}],"about":[{"href":"https:\/\/sales-ai-agents.com\/de\/wp-json\/wp\/v2\/types\/product"}],"wp:featuredmedia":[{"embeddable":true,"href":"https:\/\/sales-ai-agents.com\/de\/wp-json\/wp\/v2\/media\/20503"}],"wp:attachment":[{"href":"https:\/\/sales-ai-agents.com\/de\/wp-json\/wp\/v2\/media?parent=56355"}],"wp:term":[{"taxonomy":"product_brand","embeddable":true,"href":"https:\/\/sales-ai-agents.com\/de\/wp-json\/wp\/v2\/product_brand?post=56355"},{"taxonomy":"product_cat","embeddable":true,"href":"https:\/\/sales-ai-agents.com\/de\/wp-json\/wp\/v2\/product_cat?post=56355"},{"taxonomy":"product_tag","embeddable":true,"href":"https:\/\/sales-ai-agents.com\/de\/wp-json\/wp\/v2\/product_tag?post=56355"}],"curies":[{"name":"wp","href":"https:\/\/api.w.org\/{rel}","templated":true}]}}