{"id":57219,"date":"2022-09-26T12:16:32","date_gmt":"2022-09-26T12:16:32","guid":{"rendered":"https:\/\/sales-ai-agents.com\/templates\/movie-list\/"},"modified":"2023-12-26T21:11:25","modified_gmt":"2023-12-26T21:11:25","slug":"movie-list","status":"publish","type":"product","link":"https:\/\/sales-ai-agents.com\/de\/templates\/movie-list\/","title":{"rendered":"Filmliste"},"content":{"rendered":"<p>&nbsp;<\/p>\n<h2>Filmliste Vorlage<\/h2>\n<p class=\"desc-text\">Mach dich bereit f\u00fcr einen Filmabend! Verwenden Sie diese Vorlage, um eine Liste der Filme zu erstellen, die Sie sich ansehen m\u00f6chten. Geben Sie dann Ihre Bewertung f\u00fcr jeden Film ab. Teilen Sie die Liste mit Ihren Freunden und Ihrer Familie.<\/p>\n<h5>Wie zu verwenden:<\/h5>\n<ul class=\"desc-item_list\">\n<li class=\"desc-item_list__point\">F\u00fcgen Sie die Filme hinzu, die Sie sehen m\u00f6chten &#8211; Titel, Jahr, Schauspieler<\/li>\n<li class=\"desc-item_list__point\">F\u00fcgen Sie f\u00fcr jeden Film eine Rezension ein<\/li>\n<li class=\"desc-item_list__point\">Teilen Sie die Liste mit Ihren Freunden, um zu diskutieren und weitere Titel hinzuzuf\u00fcgen<\/li>\n<\/ul>\n","protected":false},"excerpt":{"rendered":"<p>Mach dich bereit f\u00fcr einen Filmabend! Verwenden Sie diese kostenlose, anpassbare Vorlage, um eine Liste der Filme zu erstellen, die Sie sehen m\u00f6chten. Schreiben Sie dann Ihre Rezension f\u00fcr jeden Film und teilen Sie sie mit anderen.<\/p>\n","protected":false},"featured_media":20590,"template":"","meta":{"_acf_changed":false,"inline_featured_image":false},"product_brand":[],"product_cat":[180,182],"product_tag":[],"class_list":{"0":"post-57219","1":"product","2":"type-product","3":"status-publish","4":"has-post-thumbnail","6":"product_cat-personal","7":"product_cat-personal-fun","9":"first","10":"instock","11":"virtual","12":"sold-individually","13":"product-type-simple"},"acf":[],"yoast_head":"<!-- This site is optimized with the Yoast SEO plugin v25.3.1 - https:\/\/yoast.com\/wordpress\/plugins\/seo\/ -->\n<title>Filmliste Vorlage - Sales AI Agents<\/title>\n<meta name=\"description\" content=\"Mach dich bereit f\u00fcr einen Filmabend! Verwenden Sie diese kostenlose, anpassbare Vorlage, um eine Liste der Filme zu erstellen, die Sie sehen m\u00f6chten. Schreiben Sie dann Ihre Rezension zum Film und teilen Sie sie mit anderen.\" \/>\n<meta name=\"robots\" content=\"index, follow, max-snippet:-1, max-image-preview:large, max-video-preview:-1\" \/>\n<link rel=\"canonical\" href=\"https:\/\/sales-ai-agents.com\/de\/templates\/movie-list\/\" \/>\n<meta property=\"og:locale\" content=\"de_DE\" \/>\n<meta property=\"og:type\" content=\"article\" \/>\n<meta property=\"og:title\" content=\"Filmliste Vorlage - Sales AI Agents\" \/>\n<meta property=\"og:description\" content=\"Mach dich bereit f\u00fcr einen Filmabend! Verwenden Sie diese kostenlose, anpassbare Vorlage, um eine Liste der Filme zu erstellen, die Sie sehen m\u00f6chten. Schreiben Sie dann Ihre Rezension zum Film und teilen Sie sie mit anderen.\" \/>\n<meta property=\"og:url\" content=\"https:\/\/sales-ai-agents.com\/de\/templates\/movie-list\/\" \/>\n<meta property=\"og:site_name\" content=\"Sales AI Agents\" \/>\n<meta property=\"article:modified_time\" content=\"2023-12-26T21:11:25+00:00\" \/>\n<meta property=\"og:image\" content=\"https:\/\/sales-ai-agents.com\/wp-content\/uploads\/2023\/01\/image-preview121650.png\" \/>\n\t<meta property=\"og:image:width\" content=\"1078\" \/>\n\t<meta property=\"og:image:height\" content=\"863\" \/>\n\t<meta property=\"og:image:type\" content=\"image\/png\" \/>\n<meta name=\"twitter:card\" content=\"summary_large_image\" \/>\n<script type=\"application\/ld+json\" class=\"yoast-schema-graph\">{\"@context\":\"https:\/\/schema.org\",\"@graph\":[{\"@type\":\"WebPage\",\"@id\":\"https:\/\/sales-ai-agents.com\/de\/templates\/movie-list\/\",\"url\":\"https:\/\/sales-ai-agents.com\/de\/templates\/movie-list\/\",\"name\":\"Filmliste Vorlage - Sales AI Agents\",\"isPartOf\":{\"@id\":\"https:\/\/sales-ai-agents.com\/#website\"},\"primaryImageOfPage\":{\"@id\":\"https:\/\/sales-ai-agents.com\/de\/templates\/movie-list\/#primaryimage\"},\"image\":{\"@id\":\"https:\/\/sales-ai-agents.com\/de\/templates\/movie-list\/#primaryimage\"},\"thumbnailUrl\":\"https:\/\/sales-ai-agents.com\/wp-content\/uploads\/2023\/01\/image-preview121650.png\",\"datePublished\":\"2022-09-26T12:16:32+00:00\",\"dateModified\":\"2023-12-26T21:11:25+00:00\",\"description\":\"Mach dich bereit f\u00fcr einen Filmabend! Verwenden Sie diese kostenlose, anpassbare Vorlage, um eine Liste der Filme zu erstellen, die Sie sehen m\u00f6chten. Schreiben Sie dann Ihre Rezension zum Film und teilen Sie sie mit anderen.\",\"inLanguage\":\"de-DE\",\"potentialAction\":[{\"@type\":\"ReadAction\",\"target\":[\"https:\/\/sales-ai-agents.com\/de\/templates\/movie-list\/\"]}]},{\"@type\":\"ImageObject\",\"inLanguage\":\"de-DE\",\"@id\":\"https:\/\/sales-ai-agents.com\/de\/templates\/movie-list\/#primaryimage\",\"url\":\"https:\/\/sales-ai-agents.com\/wp-content\/uploads\/2023\/01\/image-preview121650.png\",\"contentUrl\":\"https:\/\/sales-ai-agents.com\/wp-content\/uploads\/2023\/01\/image-preview121650.png\",\"width\":1078,\"height\":863,\"caption\":\"Movie List Template - Nimbus Platform\"},{\"@type\":\"WebSite\",\"@id\":\"https:\/\/sales-ai-agents.com\/#website\",\"url\":\"https:\/\/sales-ai-agents.com\/\",\"name\":\"FuseBase\",\"description\":\"Nimbus Platform - Free Online Collaboration Software for Remote Teams. Build your wikis, client portals and more with the Nimbus Platform collaboration tool ? A perfect space for online work\",\"publisher\":{\"@id\":\"https:\/\/sales-ai-agents.com\/#organization\"},\"potentialAction\":[{\"@type\":\"SearchAction\",\"target\":{\"@type\":\"EntryPoint\",\"urlTemplate\":\"https:\/\/sales-ai-agents.com\/?s={search_term_string}\"},\"query-input\":{\"@type\":\"PropertyValueSpecification\",\"valueRequired\":true,\"valueName\":\"search_term_string\"}}],\"inLanguage\":\"de-DE\"},{\"@type\":\"Organization\",\"@id\":\"https:\/\/sales-ai-agents.com\/#organization\",\"name\":\"FuseBase\",\"url\":\"https:\/\/sales-ai-agents.com\/\",\"logo\":{\"@type\":\"ImageObject\",\"inLanguage\":\"de-DE\",\"@id\":\"https:\/\/sales-ai-agents.com\/#\/schema\/logo\/image\/\",\"url\":\"https:\/\/sales-ai-agents.com\/wp-content\/uploads\/2023\/11\/icon-7.svg\",\"contentUrl\":\"https:\/\/sales-ai-agents.com\/wp-content\/uploads\/2023\/11\/icon-7.svg\",\"width\":128,\"height\":128,\"caption\":\"FuseBase\"},\"image\":{\"@id\":\"https:\/\/sales-ai-agents.com\/#\/schema\/logo\/image\/\"}}]}<\/script>\n<!-- \/ Yoast SEO plugin. -->","yoast_head_json":{"title":"Filmliste Vorlage - Sales AI Agents","description":"Mach dich bereit f\u00fcr einen Filmabend! Verwenden Sie diese kostenlose, anpassbare Vorlage, um eine Liste der Filme zu erstellen, die Sie sehen m\u00f6chten. Schreiben Sie dann Ihre Rezension zum Film und teilen Sie sie mit anderen.","robots":{"index":"index","follow":"follow","max-snippet":"max-snippet:-1","max-image-preview":"max-image-preview:large","max-video-preview":"max-video-preview:-1"},"canonical":"https:\/\/sales-ai-agents.com\/de\/templates\/movie-list\/","og_locale":"de_DE","og_type":"article","og_title":"Filmliste Vorlage - Sales AI Agents","og_description":"Mach dich bereit f\u00fcr einen Filmabend! Verwenden Sie diese kostenlose, anpassbare Vorlage, um eine Liste der Filme zu erstellen, die Sie sehen m\u00f6chten. Schreiben Sie dann Ihre Rezension zum Film und teilen Sie sie mit anderen.","og_url":"https:\/\/sales-ai-agents.com\/de\/templates\/movie-list\/","og_site_name":"Sales AI Agents","article_modified_time":"2023-12-26T21:11:25+00:00","og_image":[{"width":1078,"height":863,"url":"https:\/\/sales-ai-agents.com\/wp-content\/uploads\/2023\/01\/image-preview121650.png","type":"image\/png"}],"twitter_card":"summary_large_image","schema":{"@context":"https:\/\/schema.org","@graph":[{"@type":"WebPage","@id":"https:\/\/sales-ai-agents.com\/de\/templates\/movie-list\/","url":"https:\/\/sales-ai-agents.com\/de\/templates\/movie-list\/","name":"Filmliste Vorlage - Sales AI Agents","isPartOf":{"@id":"https:\/\/sales-ai-agents.com\/#website"},"primaryImageOfPage":{"@id":"https:\/\/sales-ai-agents.com\/de\/templates\/movie-list\/#primaryimage"},"image":{"@id":"https:\/\/sales-ai-agents.com\/de\/templates\/movie-list\/#primaryimage"},"thumbnailUrl":"https:\/\/sales-ai-agents.com\/wp-content\/uploads\/2023\/01\/image-preview121650.png","datePublished":"2022-09-26T12:16:32+00:00","dateModified":"2023-12-26T21:11:25+00:00","description":"Mach dich bereit f\u00fcr einen Filmabend! Verwenden Sie diese kostenlose, anpassbare Vorlage, um eine Liste der Filme zu erstellen, die Sie sehen m\u00f6chten. Schreiben Sie dann Ihre Rezension zum Film und teilen Sie sie mit anderen.","inLanguage":"de-DE","potentialAction":[{"@type":"ReadAction","target":["https:\/\/sales-ai-agents.com\/de\/templates\/movie-list\/"]}]},{"@type":"ImageObject","inLanguage":"de-DE","@id":"https:\/\/sales-ai-agents.com\/de\/templates\/movie-list\/#primaryimage","url":"https:\/\/sales-ai-agents.com\/wp-content\/uploads\/2023\/01\/image-preview121650.png","contentUrl":"https:\/\/sales-ai-agents.com\/wp-content\/uploads\/2023\/01\/image-preview121650.png","width":1078,"height":863,"caption":"Movie List Template - Nimbus Platform"},{"@type":"WebSite","@id":"https:\/\/sales-ai-agents.com\/#website","url":"https:\/\/sales-ai-agents.com\/","name":"FuseBase","description":"Nimbus Platform - Free Online Collaboration Software for Remote Teams. Build your wikis, client portals and more with the Nimbus Platform collaboration tool ? A perfect space for online work","publisher":{"@id":"https:\/\/sales-ai-agents.com\/#organization"},"potentialAction":[{"@type":"SearchAction","target":{"@type":"EntryPoint","urlTemplate":"https:\/\/sales-ai-agents.com\/?s={search_term_string}"},"query-input":{"@type":"PropertyValueSpecification","valueRequired":true,"valueName":"search_term_string"}}],"inLanguage":"de-DE"},{"@type":"Organization","@id":"https:\/\/sales-ai-agents.com\/#organization","name":"FuseBase","url":"https:\/\/sales-ai-agents.com\/","logo":{"@type":"ImageObject","inLanguage":"de-DE","@id":"https:\/\/sales-ai-agents.com\/#\/schema\/logo\/image\/","url":"https:\/\/sales-ai-agents.com\/wp-content\/uploads\/2023\/11\/icon-7.svg","contentUrl":"https:\/\/sales-ai-agents.com\/wp-content\/uploads\/2023\/11\/icon-7.svg","width":128,"height":128,"caption":"FuseBase"},"image":{"@id":"https:\/\/sales-ai-agents.com\/#\/schema\/logo\/image\/"}}]}},"_links":{"self":[{"href":"https:\/\/sales-ai-agents.com\/de\/wp-json\/wp\/v2\/product\/57219","targetHints":{"allow":["GET"]}}],"collection":[{"href":"https:\/\/sales-ai-agents.com\/de\/wp-json\/wp\/v2\/product"}],"about":[{"href":"https:\/\/sales-ai-agents.com\/de\/wp-json\/wp\/v2\/types\/product"}],"wp:featuredmedia":[{"embeddable":true,"href":"https:\/\/sales-ai-agents.com\/de\/wp-json\/wp\/v2\/media\/20590"}],"wp:attachment":[{"href":"https:\/\/sales-ai-agents.com\/de\/wp-json\/wp\/v2\/media?parent=57219"}],"wp:term":[{"taxonomy":"product_brand","embeddable":true,"href":"https:\/\/sales-ai-agents.com\/de\/wp-json\/wp\/v2\/product_brand?post=57219"},{"taxonomy":"product_cat","embeddable":true,"href":"https:\/\/sales-ai-agents.com\/de\/wp-json\/wp\/v2\/product_cat?post=57219"},{"taxonomy":"product_tag","embeddable":true,"href":"https:\/\/sales-ai-agents.com\/de\/wp-json\/wp\/v2\/product_tag?post=57219"}],"curies":[{"name":"wp","href":"https:\/\/api.w.org\/{rel}","templated":true}]}}