{"id":57222,"date":"2022-09-26T12:16:28","date_gmt":"2022-09-26T12:16:28","guid":{"rendered":"https:\/\/sales-ai-agents.com\/templates\/class-notes\/"},"modified":"2023-12-27T19:56:03","modified_gmt":"2023-12-27T19:56:03","slug":"class-notes","status":"publish","type":"product","link":"https:\/\/sales-ai-agents.com\/de\/templates\/class-notes\/","title":{"rendered":"Anmerkungen zur Klasse"},"content":{"rendered":"<p>&nbsp;<\/p>\n<h2>Vorlage f\u00fcr Klassennotizen<\/h2>\n<p class=\"desc-text\">Speichern Sie Notizen aus verschiedenen Klassen in einer intelligenten Tabelle mit Bildungstechnologie-Tools. F\u00fcgen Sie unbegrenzt Notizen aus anderen Arbeitsbereichen hinzu. H\u00e4ngen Sie verschiedene Dateien an und f\u00fcgen Sie Bilder, Videos, Links und mehr ein. Greifen Sie auf Ihre Notizen zu, wann und wo immer Sie wollen &#8211; von jedem Ger\u00e4t aus und sogar offline.<\/p>\n<h5>Wie zu verwenden:<\/h5>\n<ul class=\"desc-item_list\">\n<li class=\"desc-item_list__point\">Kursnamen hinzuf\u00fcgen<\/li>\n<li class=\"desc-item_list__point\">Verfolgen Sie den Fortschritt der \u00dcberpr\u00fcfung mithilfe von Kontrollk\u00e4stchen<\/li>\n<li class=\"desc-item_list__point\">Verwenden Sie Tags, um Klassen und Kurstypen hinzuzuf\u00fcgen.<\/li>\n<li class=\"desc-item_list__point\">Hochladen verschiedener Materialtypen f\u00fcr einfachen Zugriff<\/li>\n<li class=\"desc-item_list__point\">Verwenden Sie den Kalender, um das Datum hinzuzuf\u00fcgen<\/li>\n<\/ul>\n","protected":false},"excerpt":{"rendered":"<p>Diese kostenlose Vorlage erm\u00f6glicht es Ihnen, Notizen aus verschiedenen Klassen in einer intelligenten Tabelle zu speichern. Sie k\u00f6nnen Notizen hinzuf\u00fcgen, verschiedene Dateien anh\u00e4ngen, Bilder, Videos, Links usw. hinzuf\u00fcgen.<\/p>\n","protected":false},"featured_media":20588,"template":"","meta":{"_acf_changed":false,"inline_featured_image":false},"product_brand":[],"product_cat":[198],"product_tag":[],"class_list":{"0":"post-57222","1":"product","2":"type-product","3":"status-publish","4":"has-post-thumbnail","6":"product_cat-teacher","8":"first","9":"instock","10":"virtual","11":"sold-individually","12":"product-type-simple"},"acf":[],"yoast_head":"<!-- This site is optimized with the Yoast SEO plugin v25.3.1 - https:\/\/yoast.com\/wordpress\/plugins\/seo\/ -->\n<title>Vorlage f\u00fcr Klassennotizen - Sales AI Agents<\/title>\n<meta name=\"description\" content=\"Diese kostenlose Vorlage erm\u00f6glicht es Ihnen, Notizen aus verschiedenen Klassen in einer intelligenten Tabelle zu speichern. Sie k\u00f6nnen Notizen hinzuf\u00fcgen, verschiedene Dateien anh\u00e4ngen, Bilder, Videos, Links usw. hinzuf\u00fcgen.\" \/>\n<meta name=\"robots\" content=\"index, follow, max-snippet:-1, max-image-preview:large, max-video-preview:-1\" \/>\n<link rel=\"canonical\" href=\"https:\/\/sales-ai-agents.com\/de\/templates\/class-notes\/\" \/>\n<meta property=\"og:locale\" content=\"de_DE\" \/>\n<meta property=\"og:type\" content=\"article\" \/>\n<meta property=\"og:title\" content=\"Vorlage f\u00fcr Klassennotizen - Sales AI Agents\" \/>\n<meta property=\"og:description\" content=\"Diese kostenlose Vorlage erm\u00f6glicht es Ihnen, Notizen aus verschiedenen Klassen in einer intelligenten Tabelle zu speichern. Sie k\u00f6nnen Notizen hinzuf\u00fcgen, verschiedene Dateien anh\u00e4ngen, Bilder, Videos, Links usw. hinzuf\u00fcgen.\" \/>\n<meta property=\"og:url\" content=\"https:\/\/sales-ai-agents.com\/de\/templates\/class-notes\/\" \/>\n<meta property=\"og:site_name\" content=\"Sales AI Agents\" \/>\n<meta property=\"article:modified_time\" content=\"2023-12-27T19:56:03+00:00\" \/>\n<meta property=\"og:image\" content=\"https:\/\/sales-ai-agents.com\/wp-content\/uploads\/2023\/01\/image-preview121647.png\" \/>\n\t<meta property=\"og:image:width\" content=\"1078\" \/>\n\t<meta property=\"og:image:height\" content=\"760\" \/>\n\t<meta property=\"og:image:type\" content=\"image\/png\" \/>\n<meta name=\"twitter:card\" content=\"summary_large_image\" \/>\n<script type=\"application\/ld+json\" class=\"yoast-schema-graph\">{\"@context\":\"https:\/\/schema.org\",\"@graph\":[{\"@type\":\"WebPage\",\"@id\":\"https:\/\/sales-ai-agents.com\/de\/templates\/class-notes\/\",\"url\":\"https:\/\/sales-ai-agents.com\/de\/templates\/class-notes\/\",\"name\":\"Vorlage f\u00fcr Klassennotizen - Sales AI Agents\",\"isPartOf\":{\"@id\":\"https:\/\/sales-ai-agents.com\/#website\"},\"primaryImageOfPage\":{\"@id\":\"https:\/\/sales-ai-agents.com\/de\/templates\/class-notes\/#primaryimage\"},\"image\":{\"@id\":\"https:\/\/sales-ai-agents.com\/de\/templates\/class-notes\/#primaryimage\"},\"thumbnailUrl\":\"https:\/\/sales-ai-agents.com\/wp-content\/uploads\/2023\/01\/image-preview121647.png\",\"datePublished\":\"2022-09-26T12:16:28+00:00\",\"dateModified\":\"2023-12-27T19:56:03+00:00\",\"description\":\"Diese kostenlose Vorlage erm\u00f6glicht es Ihnen, Notizen aus verschiedenen Klassen in einer intelligenten Tabelle zu speichern. Sie k\u00f6nnen Notizen hinzuf\u00fcgen, verschiedene Dateien anh\u00e4ngen, Bilder, Videos, Links usw. hinzuf\u00fcgen.\",\"inLanguage\":\"de-DE\",\"potentialAction\":[{\"@type\":\"ReadAction\",\"target\":[\"https:\/\/sales-ai-agents.com\/de\/templates\/class-notes\/\"]}]},{\"@type\":\"ImageObject\",\"inLanguage\":\"de-DE\",\"@id\":\"https:\/\/sales-ai-agents.com\/de\/templates\/class-notes\/#primaryimage\",\"url\":\"https:\/\/sales-ai-agents.com\/wp-content\/uploads\/2023\/01\/image-preview121647.png\",\"contentUrl\":\"https:\/\/sales-ai-agents.com\/wp-content\/uploads\/2023\/01\/image-preview121647.png\",\"width\":1078,\"height\":760,\"caption\":\"Class Notes Template - Nimbus Platform\"},{\"@type\":\"WebSite\",\"@id\":\"https:\/\/sales-ai-agents.com\/#website\",\"url\":\"https:\/\/sales-ai-agents.com\/\",\"name\":\"FuseBase\",\"description\":\"Nimbus Platform - Free Online Collaboration Software for Remote Teams. Build your wikis, client portals and more with the Nimbus Platform collaboration tool ? A perfect space for online work\",\"publisher\":{\"@id\":\"https:\/\/sales-ai-agents.com\/#organization\"},\"potentialAction\":[{\"@type\":\"SearchAction\",\"target\":{\"@type\":\"EntryPoint\",\"urlTemplate\":\"https:\/\/sales-ai-agents.com\/?s={search_term_string}\"},\"query-input\":{\"@type\":\"PropertyValueSpecification\",\"valueRequired\":true,\"valueName\":\"search_term_string\"}}],\"inLanguage\":\"de-DE\"},{\"@type\":\"Organization\",\"@id\":\"https:\/\/sales-ai-agents.com\/#organization\",\"name\":\"FuseBase\",\"url\":\"https:\/\/sales-ai-agents.com\/\",\"logo\":{\"@type\":\"ImageObject\",\"inLanguage\":\"de-DE\",\"@id\":\"https:\/\/sales-ai-agents.com\/#\/schema\/logo\/image\/\",\"url\":\"https:\/\/sales-ai-agents.com\/wp-content\/uploads\/2023\/11\/icon-7.svg\",\"contentUrl\":\"https:\/\/sales-ai-agents.com\/wp-content\/uploads\/2023\/11\/icon-7.svg\",\"width\":128,\"height\":128,\"caption\":\"FuseBase\"},\"image\":{\"@id\":\"https:\/\/sales-ai-agents.com\/#\/schema\/logo\/image\/\"}}]}<\/script>\n<!-- \/ Yoast SEO plugin. -->","yoast_head_json":{"title":"Vorlage f\u00fcr Klassennotizen - Sales AI Agents","description":"Diese kostenlose Vorlage erm\u00f6glicht es Ihnen, Notizen aus verschiedenen Klassen in einer intelligenten Tabelle zu speichern. Sie k\u00f6nnen Notizen hinzuf\u00fcgen, verschiedene Dateien anh\u00e4ngen, Bilder, Videos, Links usw. hinzuf\u00fcgen.","robots":{"index":"index","follow":"follow","max-snippet":"max-snippet:-1","max-image-preview":"max-image-preview:large","max-video-preview":"max-video-preview:-1"},"canonical":"https:\/\/sales-ai-agents.com\/de\/templates\/class-notes\/","og_locale":"de_DE","og_type":"article","og_title":"Vorlage f\u00fcr Klassennotizen - Sales AI Agents","og_description":"Diese kostenlose Vorlage erm\u00f6glicht es Ihnen, Notizen aus verschiedenen Klassen in einer intelligenten Tabelle zu speichern. Sie k\u00f6nnen Notizen hinzuf\u00fcgen, verschiedene Dateien anh\u00e4ngen, Bilder, Videos, Links usw. hinzuf\u00fcgen.","og_url":"https:\/\/sales-ai-agents.com\/de\/templates\/class-notes\/","og_site_name":"Sales AI Agents","article_modified_time":"2023-12-27T19:56:03+00:00","og_image":[{"width":1078,"height":760,"url":"https:\/\/sales-ai-agents.com\/wp-content\/uploads\/2023\/01\/image-preview121647.png","type":"image\/png"}],"twitter_card":"summary_large_image","schema":{"@context":"https:\/\/schema.org","@graph":[{"@type":"WebPage","@id":"https:\/\/sales-ai-agents.com\/de\/templates\/class-notes\/","url":"https:\/\/sales-ai-agents.com\/de\/templates\/class-notes\/","name":"Vorlage f\u00fcr Klassennotizen - Sales AI Agents","isPartOf":{"@id":"https:\/\/sales-ai-agents.com\/#website"},"primaryImageOfPage":{"@id":"https:\/\/sales-ai-agents.com\/de\/templates\/class-notes\/#primaryimage"},"image":{"@id":"https:\/\/sales-ai-agents.com\/de\/templates\/class-notes\/#primaryimage"},"thumbnailUrl":"https:\/\/sales-ai-agents.com\/wp-content\/uploads\/2023\/01\/image-preview121647.png","datePublished":"2022-09-26T12:16:28+00:00","dateModified":"2023-12-27T19:56:03+00:00","description":"Diese kostenlose Vorlage erm\u00f6glicht es Ihnen, Notizen aus verschiedenen Klassen in einer intelligenten Tabelle zu speichern. Sie k\u00f6nnen Notizen hinzuf\u00fcgen, verschiedene Dateien anh\u00e4ngen, Bilder, Videos, Links usw. hinzuf\u00fcgen.","inLanguage":"de-DE","potentialAction":[{"@type":"ReadAction","target":["https:\/\/sales-ai-agents.com\/de\/templates\/class-notes\/"]}]},{"@type":"ImageObject","inLanguage":"de-DE","@id":"https:\/\/sales-ai-agents.com\/de\/templates\/class-notes\/#primaryimage","url":"https:\/\/sales-ai-agents.com\/wp-content\/uploads\/2023\/01\/image-preview121647.png","contentUrl":"https:\/\/sales-ai-agents.com\/wp-content\/uploads\/2023\/01\/image-preview121647.png","width":1078,"height":760,"caption":"Class Notes Template - Nimbus Platform"},{"@type":"WebSite","@id":"https:\/\/sales-ai-agents.com\/#website","url":"https:\/\/sales-ai-agents.com\/","name":"FuseBase","description":"Nimbus Platform - Free Online Collaboration Software for Remote Teams. Build your wikis, client portals and more with the Nimbus Platform collaboration tool ? A perfect space for online work","publisher":{"@id":"https:\/\/sales-ai-agents.com\/#organization"},"potentialAction":[{"@type":"SearchAction","target":{"@type":"EntryPoint","urlTemplate":"https:\/\/sales-ai-agents.com\/?s={search_term_string}"},"query-input":{"@type":"PropertyValueSpecification","valueRequired":true,"valueName":"search_term_string"}}],"inLanguage":"de-DE"},{"@type":"Organization","@id":"https:\/\/sales-ai-agents.com\/#organization","name":"FuseBase","url":"https:\/\/sales-ai-agents.com\/","logo":{"@type":"ImageObject","inLanguage":"de-DE","@id":"https:\/\/sales-ai-agents.com\/#\/schema\/logo\/image\/","url":"https:\/\/sales-ai-agents.com\/wp-content\/uploads\/2023\/11\/icon-7.svg","contentUrl":"https:\/\/sales-ai-agents.com\/wp-content\/uploads\/2023\/11\/icon-7.svg","width":128,"height":128,"caption":"FuseBase"},"image":{"@id":"https:\/\/sales-ai-agents.com\/#\/schema\/logo\/image\/"}}]}},"_links":{"self":[{"href":"https:\/\/sales-ai-agents.com\/de\/wp-json\/wp\/v2\/product\/57222","targetHints":{"allow":["GET"]}}],"collection":[{"href":"https:\/\/sales-ai-agents.com\/de\/wp-json\/wp\/v2\/product"}],"about":[{"href":"https:\/\/sales-ai-agents.com\/de\/wp-json\/wp\/v2\/types\/product"}],"wp:featuredmedia":[{"embeddable":true,"href":"https:\/\/sales-ai-agents.com\/de\/wp-json\/wp\/v2\/media\/20588"}],"wp:attachment":[{"href":"https:\/\/sales-ai-agents.com\/de\/wp-json\/wp\/v2\/media?parent=57222"}],"wp:term":[{"taxonomy":"product_brand","embeddable":true,"href":"https:\/\/sales-ai-agents.com\/de\/wp-json\/wp\/v2\/product_brand?post=57222"},{"taxonomy":"product_cat","embeddable":true,"href":"https:\/\/sales-ai-agents.com\/de\/wp-json\/wp\/v2\/product_cat?post=57222"},{"taxonomy":"product_tag","embeddable":true,"href":"https:\/\/sales-ai-agents.com\/de\/wp-json\/wp\/v2\/product_tag?post=57222"}],"curies":[{"name":"wp","href":"https:\/\/api.w.org\/{rel}","templated":true}]}}