{"id":57225,"date":"2022-09-26T12:16:25","date_gmt":"2022-09-26T12:16:25","guid":{"rendered":"https:\/\/sales-ai-agents.com\/templates\/income-and-expenses\/"},"modified":"2023-12-27T14:31:53","modified_gmt":"2023-12-27T14:31:53","slug":"income-and-expenses","status":"publish","type":"product","link":"https:\/\/sales-ai-agents.com\/de\/templates\/income-and-expenses\/","title":{"rendered":"Einnahmen und Ausgaben"},"content":{"rendered":"<p>&nbsp;<\/p>\n<h2>Vorlage f\u00fcr Einnahmen und Ausgaben<\/h2>\n<p class=\"desc-text\">Damit Sie Ihre Ausgaben im Auge behalten k\u00f6nnen, haben wir diese n\u00fctzliche Ausgabenvorlage erstellt. Rechnen Sie damit Ihre Einnahmen und Ausgaben zusammen, damit Sie wissen, wie viel Sie sparen. Setzen Sie sich Ziele f\u00fcr Ihren monatlichen Ausgabenanteil. Verlassen Sie sich nicht nur auf Ihr Ged\u00e4chtnis oder loses Papier, um Ihr Budget zu \u00fcberwachen. Nutzen Sie diese Vorlage f\u00fcr eine effektive Planung, damit Sie Ihre Sparziele erreichen k\u00f6nnen.<\/p>\n<h5>Wie zu verwenden:<\/h5>\n<ul class=\"desc-item_list\">\n<li class=\"desc-item_list__point\">Listen Sie alle Ihre Einkommensquellen auf<\/li>\n<li class=\"desc-item_list__point\">Addieren Sie Ihr Gesamteinkommen<\/li>\n<li class=\"desc-item_list__point\">Listen Sie alle Ihre Ausgaben und deren Betr\u00e4ge auf<\/li>\n<li class=\"desc-item_list__point\">Addieren Sie den Gesamtbetrag Ihrer Ausgaben<\/li>\n<\/ul>\n","protected":false},"excerpt":{"rendered":"<p>Verwenden Sie diese kostenlose Ausgabenvorlage, um Ihre Ausgaben zu verfolgen. Probieren Sie es aus, um Ihre Einnahmen und Ausgaben zusammenzurechnen, damit Sie herausfinden k\u00f6nnen, wie viel Sie sparen.<\/p>\n","protected":false},"featured_media":28107,"template":"","meta":{"_acf_changed":false,"inline_featured_image":false},"product_brand":[],"product_cat":[180,184],"product_tag":[],"class_list":{"0":"post-57225","1":"product","2":"type-product","3":"status-publish","4":"has-post-thumbnail","6":"product_cat-personal","7":"product_cat-personal-money","9":"first","10":"instock","11":"virtual","12":"sold-individually","13":"product-type-simple"},"acf":[],"yoast_head":"<!-- This site is optimized with the Yoast SEO plugin v25.3.1 - https:\/\/yoast.com\/wordpress\/plugins\/seo\/ -->\n<title>Vorlage f\u00fcr Einnahmen und Ausgaben - Sales AI Agents<\/title>\n<meta name=\"description\" content=\"Verwenden Sie diese kostenlose Ausgabenvorlage, um Ihre Ausgaben zu verfolgen. Probieren Sie es aus, um Ihre Einnahmen und Ausgaben zu addieren, damit Sie herausfinden k\u00f6nnen, wie viel Sie sparen\" \/>\n<meta name=\"robots\" content=\"index, follow, max-snippet:-1, max-image-preview:large, max-video-preview:-1\" \/>\n<link rel=\"canonical\" href=\"https:\/\/sales-ai-agents.com\/de\/templates\/income-and-expenses\/\" \/>\n<meta property=\"og:locale\" content=\"de_DE\" \/>\n<meta property=\"og:type\" content=\"article\" \/>\n<meta property=\"og:title\" content=\"Vorlage f\u00fcr Einnahmen und Ausgaben - Sales AI Agents\" \/>\n<meta property=\"og:description\" content=\"Verwenden Sie diese kostenlose Ausgabenvorlage, um Ihre Ausgaben zu verfolgen. Probieren Sie es aus, um Ihre Einnahmen und Ausgaben zu addieren, damit Sie herausfinden k\u00f6nnen, wie viel Sie sparen\" \/>\n<meta property=\"og:url\" content=\"https:\/\/sales-ai-agents.com\/de\/templates\/income-and-expenses\/\" \/>\n<meta property=\"og:site_name\" content=\"Sales AI Agents\" \/>\n<meta property=\"article:modified_time\" content=\"2023-12-27T14:31:53+00:00\" \/>\n<meta property=\"og:image\" content=\"https:\/\/sales-ai-agents.com\/wp-content\/uploads\/2022\/09\/Income-and-Expenses-Templates.png\" \/>\n\t<meta property=\"og:image:width\" content=\"1700\" \/>\n\t<meta property=\"og:image:height\" content=\"1100\" \/>\n\t<meta property=\"og:image:type\" content=\"image\/png\" \/>\n<meta name=\"twitter:card\" content=\"summary_large_image\" \/>\n<script type=\"application\/ld+json\" class=\"yoast-schema-graph\">{\"@context\":\"https:\/\/schema.org\",\"@graph\":[{\"@type\":\"WebPage\",\"@id\":\"https:\/\/sales-ai-agents.com\/de\/templates\/income-and-expenses\/\",\"url\":\"https:\/\/sales-ai-agents.com\/de\/templates\/income-and-expenses\/\",\"name\":\"Vorlage f\u00fcr Einnahmen und Ausgaben - Sales AI Agents\",\"isPartOf\":{\"@id\":\"https:\/\/sales-ai-agents.com\/#website\"},\"primaryImageOfPage\":{\"@id\":\"https:\/\/sales-ai-agents.com\/de\/templates\/income-and-expenses\/#primaryimage\"},\"image\":{\"@id\":\"https:\/\/sales-ai-agents.com\/de\/templates\/income-and-expenses\/#primaryimage\"},\"thumbnailUrl\":\"https:\/\/sales-ai-agents.com\/wp-content\/uploads\/2022\/09\/Income-and-Expenses-Templates.png\",\"datePublished\":\"2022-09-26T12:16:25+00:00\",\"dateModified\":\"2023-12-27T14:31:53+00:00\",\"description\":\"Verwenden Sie diese kostenlose Ausgabenvorlage, um Ihre Ausgaben zu verfolgen. Probieren Sie es aus, um Ihre Einnahmen und Ausgaben zu addieren, damit Sie herausfinden k\u00f6nnen, wie viel Sie sparen\",\"inLanguage\":\"de-DE\",\"potentialAction\":[{\"@type\":\"ReadAction\",\"target\":[\"https:\/\/sales-ai-agents.com\/de\/templates\/income-and-expenses\/\"]}]},{\"@type\":\"ImageObject\",\"inLanguage\":\"de-DE\",\"@id\":\"https:\/\/sales-ai-agents.com\/de\/templates\/income-and-expenses\/#primaryimage\",\"url\":\"https:\/\/sales-ai-agents.com\/wp-content\/uploads\/2022\/09\/Income-and-Expenses-Templates.png\",\"contentUrl\":\"https:\/\/sales-ai-agents.com\/wp-content\/uploads\/2022\/09\/Income-and-Expenses-Templates.png\",\"width\":1700,\"height\":1100,\"caption\":\"Track your spending with Nimbus Platform!\"},{\"@type\":\"WebSite\",\"@id\":\"https:\/\/sales-ai-agents.com\/#website\",\"url\":\"https:\/\/sales-ai-agents.com\/\",\"name\":\"FuseBase\",\"description\":\"Nimbus Platform - Free Online Collaboration Software for Remote Teams. Build your wikis, client portals and more with the Nimbus Platform collaboration tool ? A perfect space for online work\",\"publisher\":{\"@id\":\"https:\/\/sales-ai-agents.com\/#organization\"},\"potentialAction\":[{\"@type\":\"SearchAction\",\"target\":{\"@type\":\"EntryPoint\",\"urlTemplate\":\"https:\/\/sales-ai-agents.com\/?s={search_term_string}\"},\"query-input\":{\"@type\":\"PropertyValueSpecification\",\"valueRequired\":true,\"valueName\":\"search_term_string\"}}],\"inLanguage\":\"de-DE\"},{\"@type\":\"Organization\",\"@id\":\"https:\/\/sales-ai-agents.com\/#organization\",\"name\":\"FuseBase\",\"url\":\"https:\/\/sales-ai-agents.com\/\",\"logo\":{\"@type\":\"ImageObject\",\"inLanguage\":\"de-DE\",\"@id\":\"https:\/\/sales-ai-agents.com\/#\/schema\/logo\/image\/\",\"url\":\"https:\/\/sales-ai-agents.com\/wp-content\/uploads\/2023\/11\/icon-7.svg\",\"contentUrl\":\"https:\/\/sales-ai-agents.com\/wp-content\/uploads\/2023\/11\/icon-7.svg\",\"width\":128,\"height\":128,\"caption\":\"FuseBase\"},\"image\":{\"@id\":\"https:\/\/sales-ai-agents.com\/#\/schema\/logo\/image\/\"}}]}<\/script>\n<!-- \/ Yoast SEO plugin. -->","yoast_head_json":{"title":"Vorlage f\u00fcr Einnahmen und Ausgaben - Sales AI Agents","description":"Verwenden Sie diese kostenlose Ausgabenvorlage, um Ihre Ausgaben zu verfolgen. Probieren Sie es aus, um Ihre Einnahmen und Ausgaben zu addieren, damit Sie herausfinden k\u00f6nnen, wie viel Sie sparen","robots":{"index":"index","follow":"follow","max-snippet":"max-snippet:-1","max-image-preview":"max-image-preview:large","max-video-preview":"max-video-preview:-1"},"canonical":"https:\/\/sales-ai-agents.com\/de\/templates\/income-and-expenses\/","og_locale":"de_DE","og_type":"article","og_title":"Vorlage f\u00fcr Einnahmen und Ausgaben - Sales AI Agents","og_description":"Verwenden Sie diese kostenlose Ausgabenvorlage, um Ihre Ausgaben zu verfolgen. Probieren Sie es aus, um Ihre Einnahmen und Ausgaben zu addieren, damit Sie herausfinden k\u00f6nnen, wie viel Sie sparen","og_url":"https:\/\/sales-ai-agents.com\/de\/templates\/income-and-expenses\/","og_site_name":"Sales AI Agents","article_modified_time":"2023-12-27T14:31:53+00:00","og_image":[{"width":1700,"height":1100,"url":"https:\/\/sales-ai-agents.com\/wp-content\/uploads\/2022\/09\/Income-and-Expenses-Templates.png","type":"image\/png"}],"twitter_card":"summary_large_image","schema":{"@context":"https:\/\/schema.org","@graph":[{"@type":"WebPage","@id":"https:\/\/sales-ai-agents.com\/de\/templates\/income-and-expenses\/","url":"https:\/\/sales-ai-agents.com\/de\/templates\/income-and-expenses\/","name":"Vorlage f\u00fcr Einnahmen und Ausgaben - Sales AI Agents","isPartOf":{"@id":"https:\/\/sales-ai-agents.com\/#website"},"primaryImageOfPage":{"@id":"https:\/\/sales-ai-agents.com\/de\/templates\/income-and-expenses\/#primaryimage"},"image":{"@id":"https:\/\/sales-ai-agents.com\/de\/templates\/income-and-expenses\/#primaryimage"},"thumbnailUrl":"https:\/\/sales-ai-agents.com\/wp-content\/uploads\/2022\/09\/Income-and-Expenses-Templates.png","datePublished":"2022-09-26T12:16:25+00:00","dateModified":"2023-12-27T14:31:53+00:00","description":"Verwenden Sie diese kostenlose Ausgabenvorlage, um Ihre Ausgaben zu verfolgen. Probieren Sie es aus, um Ihre Einnahmen und Ausgaben zu addieren, damit Sie herausfinden k\u00f6nnen, wie viel Sie sparen","inLanguage":"de-DE","potentialAction":[{"@type":"ReadAction","target":["https:\/\/sales-ai-agents.com\/de\/templates\/income-and-expenses\/"]}]},{"@type":"ImageObject","inLanguage":"de-DE","@id":"https:\/\/sales-ai-agents.com\/de\/templates\/income-and-expenses\/#primaryimage","url":"https:\/\/sales-ai-agents.com\/wp-content\/uploads\/2022\/09\/Income-and-Expenses-Templates.png","contentUrl":"https:\/\/sales-ai-agents.com\/wp-content\/uploads\/2022\/09\/Income-and-Expenses-Templates.png","width":1700,"height":1100,"caption":"Track your spending with Nimbus Platform!"},{"@type":"WebSite","@id":"https:\/\/sales-ai-agents.com\/#website","url":"https:\/\/sales-ai-agents.com\/","name":"FuseBase","description":"Nimbus Platform - Free Online Collaboration Software for Remote Teams. Build your wikis, client portals and more with the Nimbus Platform collaboration tool ? A perfect space for online work","publisher":{"@id":"https:\/\/sales-ai-agents.com\/#organization"},"potentialAction":[{"@type":"SearchAction","target":{"@type":"EntryPoint","urlTemplate":"https:\/\/sales-ai-agents.com\/?s={search_term_string}"},"query-input":{"@type":"PropertyValueSpecification","valueRequired":true,"valueName":"search_term_string"}}],"inLanguage":"de-DE"},{"@type":"Organization","@id":"https:\/\/sales-ai-agents.com\/#organization","name":"FuseBase","url":"https:\/\/sales-ai-agents.com\/","logo":{"@type":"ImageObject","inLanguage":"de-DE","@id":"https:\/\/sales-ai-agents.com\/#\/schema\/logo\/image\/","url":"https:\/\/sales-ai-agents.com\/wp-content\/uploads\/2023\/11\/icon-7.svg","contentUrl":"https:\/\/sales-ai-agents.com\/wp-content\/uploads\/2023\/11\/icon-7.svg","width":128,"height":128,"caption":"FuseBase"},"image":{"@id":"https:\/\/sales-ai-agents.com\/#\/schema\/logo\/image\/"}}]}},"_links":{"self":[{"href":"https:\/\/sales-ai-agents.com\/de\/wp-json\/wp\/v2\/product\/57225","targetHints":{"allow":["GET"]}}],"collection":[{"href":"https:\/\/sales-ai-agents.com\/de\/wp-json\/wp\/v2\/product"}],"about":[{"href":"https:\/\/sales-ai-agents.com\/de\/wp-json\/wp\/v2\/types\/product"}],"wp:featuredmedia":[{"embeddable":true,"href":"https:\/\/sales-ai-agents.com\/de\/wp-json\/wp\/v2\/media\/28107"}],"wp:attachment":[{"href":"https:\/\/sales-ai-agents.com\/de\/wp-json\/wp\/v2\/media?parent=57225"}],"wp:term":[{"taxonomy":"product_brand","embeddable":true,"href":"https:\/\/sales-ai-agents.com\/de\/wp-json\/wp\/v2\/product_brand?post=57225"},{"taxonomy":"product_cat","embeddable":true,"href":"https:\/\/sales-ai-agents.com\/de\/wp-json\/wp\/v2\/product_cat?post=57225"},{"taxonomy":"product_tag","embeddable":true,"href":"https:\/\/sales-ai-agents.com\/de\/wp-json\/wp\/v2\/product_tag?post=57225"}],"curies":[{"name":"wp","href":"https:\/\/api.w.org\/{rel}","templated":true}]}}