{"id":57229,"date":"2022-09-26T12:16:21","date_gmt":"2022-09-26T12:16:21","guid":{"rendered":"https:\/\/sales-ai-agents.com\/templates\/online-courses-schedule\/"},"modified":"2023-12-26T20:26:49","modified_gmt":"2023-12-26T20:26:49","slug":"online-courses-schedule","status":"publish","type":"product","link":"https:\/\/sales-ai-agents.com\/de\/templates\/online-courses-schedule\/","title":{"rendered":"Zeitplan f\u00fcr Online-Kurse"},"content":{"rendered":"<p>&nbsp;<\/p>\n<h2>Online-Kurse Zeitplan Vorlage<\/h2>\n<p class=\"desc-text\">Mit Hilfe dieser Vorlage k\u00f6nnen Sie eine Liste von Online-Kursen erstellen und organisieren. Verwenden Sie es, um Priorit\u00e4ten zu setzen und Ihre Kurse zu planen. Verfolgen Sie Ihren Fortschritt, und f\u00fcgen Sie Notizen hinzu. Viel Spa\u00df beim Lernen!<\/p>\n<h5>Wie zu verwenden:<\/h5>\n<ul class=\"desc-item_list\">\n<li class=\"desc-item_list__point\">F\u00fcgen Sie den Online-Kurs \u00fcber den Link<\/li>\n<li class=\"desc-item_list__point\">W\u00e4hlen Sie das voraussichtliche Startdatum<\/li>\n<li class=\"desc-item_list__point\">Fortschritte verfolgen<\/li>\n<li class=\"desc-item_list__point\">Bewertungen hinzuf\u00fcgen<\/li>\n<li class=\"desc-item_list__point\">F\u00fcgen Sie zugeh\u00f6rige Arbeitsbl\u00e4tter, Notizen und Dokumente bei<\/li>\n<\/ul>\n","protected":false},"excerpt":{"rendered":"<p>Mit dieser Vorlage k\u00f6nnen Sie eine Liste von Online-Kursen erstellen und organisieren. Verwenden Sie es, um Priorit\u00e4ten zu setzen und Ihre Kurse zu planen. Verfolgen Sie Ihren Fortschritt, und f\u00fcgen Sie Notizen hinzu.<\/p>\n","protected":false},"featured_media":20582,"template":"","meta":{"_acf_changed":false,"inline_featured_image":false},"product_brand":[],"product_cat":[180,197],"product_tag":[],"class_list":{"0":"post-57229","1":"product","2":"type-product","3":"status-publish","4":"has-post-thumbnail","6":"product_cat-personal","7":"product_cat-student","9":"first","10":"instock","11":"virtual","12":"sold-individually","13":"product-type-simple"},"acf":[],"yoast_head":"<!-- This site is optimized with the Yoast SEO plugin v25.3.1 - https:\/\/yoast.com\/wordpress\/plugins\/seo\/ -->\n<title>Online-Kurse Zeitplan Vorlage - Sales AI Agents<\/title>\n<meta name=\"description\" content=\"Mit dieser Vorlage k\u00f6nnen Sie eine Liste von Online-Kursen erstellen und organisieren. Verwenden Sie es, um Priorit\u00e4ten zu setzen und Ihre Kurse zu planen. Verfolgen Sie Ihren Fortschritt und f\u00fcgen Sie Notizen hinzu.\" \/>\n<meta name=\"robots\" content=\"index, follow, max-snippet:-1, max-image-preview:large, max-video-preview:-1\" \/>\n<link rel=\"canonical\" href=\"https:\/\/sales-ai-agents.com\/de\/templates\/online-courses-schedule\/\" \/>\n<meta property=\"og:locale\" content=\"de_DE\" \/>\n<meta property=\"og:type\" content=\"article\" \/>\n<meta property=\"og:title\" content=\"Online-Kurse Zeitplan Vorlage - Sales AI Agents\" \/>\n<meta property=\"og:description\" content=\"Mit dieser Vorlage k\u00f6nnen Sie eine Liste von Online-Kursen erstellen und organisieren. Verwenden Sie es, um Priorit\u00e4ten zu setzen und Ihre Kurse zu planen. Verfolgen Sie Ihren Fortschritt und f\u00fcgen Sie Notizen hinzu.\" \/>\n<meta property=\"og:url\" content=\"https:\/\/sales-ai-agents.com\/de\/templates\/online-courses-schedule\/\" \/>\n<meta property=\"og:site_name\" content=\"Sales AI Agents\" \/>\n<meta property=\"article:modified_time\" content=\"2023-12-26T20:26:49+00:00\" \/>\n<meta property=\"og:image\" content=\"https:\/\/sales-ai-agents.com\/wp-content\/uploads\/2023\/01\/image-preview121622.png\" \/>\n\t<meta property=\"og:image:width\" content=\"1078\" \/>\n\t<meta property=\"og:image:height\" content=\"1000\" \/>\n\t<meta property=\"og:image:type\" content=\"image\/png\" \/>\n<meta name=\"twitter:card\" content=\"summary_large_image\" \/>\n<script type=\"application\/ld+json\" class=\"yoast-schema-graph\">{\"@context\":\"https:\/\/schema.org\",\"@graph\":[{\"@type\":\"WebPage\",\"@id\":\"https:\/\/sales-ai-agents.com\/de\/templates\/online-courses-schedule\/\",\"url\":\"https:\/\/sales-ai-agents.com\/de\/templates\/online-courses-schedule\/\",\"name\":\"Online-Kurse Zeitplan Vorlage - Sales AI Agents\",\"isPartOf\":{\"@id\":\"https:\/\/sales-ai-agents.com\/#website\"},\"primaryImageOfPage\":{\"@id\":\"https:\/\/sales-ai-agents.com\/de\/templates\/online-courses-schedule\/#primaryimage\"},\"image\":{\"@id\":\"https:\/\/sales-ai-agents.com\/de\/templates\/online-courses-schedule\/#primaryimage\"},\"thumbnailUrl\":\"https:\/\/sales-ai-agents.com\/wp-content\/uploads\/2023\/01\/image-preview121622.png\",\"datePublished\":\"2022-09-26T12:16:21+00:00\",\"dateModified\":\"2023-12-26T20:26:49+00:00\",\"description\":\"Mit dieser Vorlage k\u00f6nnen Sie eine Liste von Online-Kursen erstellen und organisieren. Verwenden Sie es, um Priorit\u00e4ten zu setzen und Ihre Kurse zu planen. Verfolgen Sie Ihren Fortschritt und f\u00fcgen Sie Notizen hinzu.\",\"inLanguage\":\"de-DE\",\"potentialAction\":[{\"@type\":\"ReadAction\",\"target\":[\"https:\/\/sales-ai-agents.com\/de\/templates\/online-courses-schedule\/\"]}]},{\"@type\":\"ImageObject\",\"inLanguage\":\"de-DE\",\"@id\":\"https:\/\/sales-ai-agents.com\/de\/templates\/online-courses-schedule\/#primaryimage\",\"url\":\"https:\/\/sales-ai-agents.com\/wp-content\/uploads\/2023\/01\/image-preview121622.png\",\"contentUrl\":\"https:\/\/sales-ai-agents.com\/wp-content\/uploads\/2023\/01\/image-preview121622.png\",\"width\":1078,\"height\":1000,\"caption\":\"Online Courses Schedule Template - Nimbus Platform\"},{\"@type\":\"WebSite\",\"@id\":\"https:\/\/sales-ai-agents.com\/#website\",\"url\":\"https:\/\/sales-ai-agents.com\/\",\"name\":\"FuseBase\",\"description\":\"Nimbus Platform - Free Online Collaboration Software for Remote Teams. Build your wikis, client portals and more with the Nimbus Platform collaboration tool ? A perfect space for online work\",\"publisher\":{\"@id\":\"https:\/\/sales-ai-agents.com\/#organization\"},\"potentialAction\":[{\"@type\":\"SearchAction\",\"target\":{\"@type\":\"EntryPoint\",\"urlTemplate\":\"https:\/\/sales-ai-agents.com\/?s={search_term_string}\"},\"query-input\":{\"@type\":\"PropertyValueSpecification\",\"valueRequired\":true,\"valueName\":\"search_term_string\"}}],\"inLanguage\":\"de-DE\"},{\"@type\":\"Organization\",\"@id\":\"https:\/\/sales-ai-agents.com\/#organization\",\"name\":\"FuseBase\",\"url\":\"https:\/\/sales-ai-agents.com\/\",\"logo\":{\"@type\":\"ImageObject\",\"inLanguage\":\"de-DE\",\"@id\":\"https:\/\/sales-ai-agents.com\/#\/schema\/logo\/image\/\",\"url\":\"https:\/\/sales-ai-agents.com\/wp-content\/uploads\/2023\/11\/icon-7.svg\",\"contentUrl\":\"https:\/\/sales-ai-agents.com\/wp-content\/uploads\/2023\/11\/icon-7.svg\",\"width\":128,\"height\":128,\"caption\":\"FuseBase\"},\"image\":{\"@id\":\"https:\/\/sales-ai-agents.com\/#\/schema\/logo\/image\/\"}}]}<\/script>\n<!-- \/ Yoast SEO plugin. -->","yoast_head_json":{"title":"Online-Kurse Zeitplan Vorlage - Sales AI Agents","description":"Mit dieser Vorlage k\u00f6nnen Sie eine Liste von Online-Kursen erstellen und organisieren. Verwenden Sie es, um Priorit\u00e4ten zu setzen und Ihre Kurse zu planen. Verfolgen Sie Ihren Fortschritt und f\u00fcgen Sie Notizen hinzu.","robots":{"index":"index","follow":"follow","max-snippet":"max-snippet:-1","max-image-preview":"max-image-preview:large","max-video-preview":"max-video-preview:-1"},"canonical":"https:\/\/sales-ai-agents.com\/de\/templates\/online-courses-schedule\/","og_locale":"de_DE","og_type":"article","og_title":"Online-Kurse Zeitplan Vorlage - Sales AI Agents","og_description":"Mit dieser Vorlage k\u00f6nnen Sie eine Liste von Online-Kursen erstellen und organisieren. Verwenden Sie es, um Priorit\u00e4ten zu setzen und Ihre Kurse zu planen. Verfolgen Sie Ihren Fortschritt und f\u00fcgen Sie Notizen hinzu.","og_url":"https:\/\/sales-ai-agents.com\/de\/templates\/online-courses-schedule\/","og_site_name":"Sales AI Agents","article_modified_time":"2023-12-26T20:26:49+00:00","og_image":[{"width":1078,"height":1000,"url":"https:\/\/sales-ai-agents.com\/wp-content\/uploads\/2023\/01\/image-preview121622.png","type":"image\/png"}],"twitter_card":"summary_large_image","schema":{"@context":"https:\/\/schema.org","@graph":[{"@type":"WebPage","@id":"https:\/\/sales-ai-agents.com\/de\/templates\/online-courses-schedule\/","url":"https:\/\/sales-ai-agents.com\/de\/templates\/online-courses-schedule\/","name":"Online-Kurse Zeitplan Vorlage - Sales AI Agents","isPartOf":{"@id":"https:\/\/sales-ai-agents.com\/#website"},"primaryImageOfPage":{"@id":"https:\/\/sales-ai-agents.com\/de\/templates\/online-courses-schedule\/#primaryimage"},"image":{"@id":"https:\/\/sales-ai-agents.com\/de\/templates\/online-courses-schedule\/#primaryimage"},"thumbnailUrl":"https:\/\/sales-ai-agents.com\/wp-content\/uploads\/2023\/01\/image-preview121622.png","datePublished":"2022-09-26T12:16:21+00:00","dateModified":"2023-12-26T20:26:49+00:00","description":"Mit dieser Vorlage k\u00f6nnen Sie eine Liste von Online-Kursen erstellen und organisieren. Verwenden Sie es, um Priorit\u00e4ten zu setzen und Ihre Kurse zu planen. Verfolgen Sie Ihren Fortschritt und f\u00fcgen Sie Notizen hinzu.","inLanguage":"de-DE","potentialAction":[{"@type":"ReadAction","target":["https:\/\/sales-ai-agents.com\/de\/templates\/online-courses-schedule\/"]}]},{"@type":"ImageObject","inLanguage":"de-DE","@id":"https:\/\/sales-ai-agents.com\/de\/templates\/online-courses-schedule\/#primaryimage","url":"https:\/\/sales-ai-agents.com\/wp-content\/uploads\/2023\/01\/image-preview121622.png","contentUrl":"https:\/\/sales-ai-agents.com\/wp-content\/uploads\/2023\/01\/image-preview121622.png","width":1078,"height":1000,"caption":"Online Courses Schedule Template - Nimbus Platform"},{"@type":"WebSite","@id":"https:\/\/sales-ai-agents.com\/#website","url":"https:\/\/sales-ai-agents.com\/","name":"FuseBase","description":"Nimbus Platform - Free Online Collaboration Software for Remote Teams. Build your wikis, client portals and more with the Nimbus Platform collaboration tool ? A perfect space for online work","publisher":{"@id":"https:\/\/sales-ai-agents.com\/#organization"},"potentialAction":[{"@type":"SearchAction","target":{"@type":"EntryPoint","urlTemplate":"https:\/\/sales-ai-agents.com\/?s={search_term_string}"},"query-input":{"@type":"PropertyValueSpecification","valueRequired":true,"valueName":"search_term_string"}}],"inLanguage":"de-DE"},{"@type":"Organization","@id":"https:\/\/sales-ai-agents.com\/#organization","name":"FuseBase","url":"https:\/\/sales-ai-agents.com\/","logo":{"@type":"ImageObject","inLanguage":"de-DE","@id":"https:\/\/sales-ai-agents.com\/#\/schema\/logo\/image\/","url":"https:\/\/sales-ai-agents.com\/wp-content\/uploads\/2023\/11\/icon-7.svg","contentUrl":"https:\/\/sales-ai-agents.com\/wp-content\/uploads\/2023\/11\/icon-7.svg","width":128,"height":128,"caption":"FuseBase"},"image":{"@id":"https:\/\/sales-ai-agents.com\/#\/schema\/logo\/image\/"}}]}},"_links":{"self":[{"href":"https:\/\/sales-ai-agents.com\/de\/wp-json\/wp\/v2\/product\/57229","targetHints":{"allow":["GET"]}}],"collection":[{"href":"https:\/\/sales-ai-agents.com\/de\/wp-json\/wp\/v2\/product"}],"about":[{"href":"https:\/\/sales-ai-agents.com\/de\/wp-json\/wp\/v2\/types\/product"}],"wp:featuredmedia":[{"embeddable":true,"href":"https:\/\/sales-ai-agents.com\/de\/wp-json\/wp\/v2\/media\/20582"}],"wp:attachment":[{"href":"https:\/\/sales-ai-agents.com\/de\/wp-json\/wp\/v2\/media?parent=57229"}],"wp:term":[{"taxonomy":"product_brand","embeddable":true,"href":"https:\/\/sales-ai-agents.com\/de\/wp-json\/wp\/v2\/product_brand?post=57229"},{"taxonomy":"product_cat","embeddable":true,"href":"https:\/\/sales-ai-agents.com\/de\/wp-json\/wp\/v2\/product_cat?post=57229"},{"taxonomy":"product_tag","embeddable":true,"href":"https:\/\/sales-ai-agents.com\/de\/wp-json\/wp\/v2\/product_tag?post=57229"}],"curies":[{"name":"wp","href":"https:\/\/api.w.org\/{rel}","templated":true}]}}