{"id":57232,"date":"2022-09-26T12:16:18","date_gmt":"2022-09-26T12:16:18","guid":{"rendered":"https:\/\/sales-ai-agents.com\/templates\/product-feedback\/"},"modified":"2023-12-27T15:52:26","modified_gmt":"2023-12-27T15:52:26","slug":"product-feedback","status":"publish","type":"product","link":"https:\/\/sales-ai-agents.com\/de\/templates\/product-feedback\/","title":{"rendered":"Produkt-Feedback"},"content":{"rendered":"<p>&nbsp;<\/p>\n<h2>Produkt-Feedback-Vorlage<\/h2>\n<p class=\"desc-text\">Wenn Sie ein neues Produkt auf den Markt bringen, ist es wichtig, Feedback von Benutzern, Kunden und Teammitgliedern einzuholen. Finden Sie heraus, was Sie gut gemacht haben und was Sie f\u00fcr die Zukunft verbessern k\u00f6nnen. Mit Feedback k\u00f6nnen Sie sicherstellen, dass Ihr n\u00e4chstes Vorhaben ein Erfolg wird. Sie k\u00f6nnen diese Vorlage verwenden, um Antworten zu sammeln und sie so zu organisieren, dass sie leicht zu lesen sind.<\/p>\n<h5>Wie zu verwenden:<\/h5>\n<ul class=\"desc-item_list\">\n<li class=\"desc-item_list__point\">Nennen Sie die positiven Eigenschaften des Produkts<\/li>\n<li class=\"desc-item_list__point\">Verbesserungsw\u00fcrdige Bereiche beachten<\/li>\n<li class=\"desc-item_list__point\">Vorschl\u00e4ge als Aktionspunkte hinzuf\u00fcgen<\/li>\n<li class=\"desc-item_list__point\">Zus\u00e4tzliche Notizen und Widerspr\u00fcche einf\u00fcgen<\/li>\n<\/ul>\n","protected":false},"excerpt":{"rendered":"<p>Wenn Sie ein neues Produkt auf den Markt bringen, ist es wichtig, Feedback von Benutzern, Kunden und Teammitgliedern einzuholen. Sammeln Sie alle Meinungen mit dieser anpassbaren Vorlage.<\/p>\n","protected":false},"featured_media":25394,"template":"","meta":{"_acf_changed":false,"inline_featured_image":false},"product_brand":[],"product_cat":[186,189,169],"product_tag":[],"class_list":{"0":"post-57232","1":"product","2":"type-product","3":"status-publish","4":"has-post-thumbnail","6":"product_cat-product","7":"product_cat-product-management","8":"product_cat-entrepreneur","10":"first","11":"instock","12":"virtual","13":"sold-individually","14":"product-type-simple"},"acf":[],"yoast_head":"<!-- This site is optimized with the Yoast SEO plugin v25.3.1 - https:\/\/yoast.com\/wordpress\/plugins\/seo\/ -->\n<title>Vorlage f\u00fcr Produkt-Feedback - Sales AI Agents<\/title>\n<meta name=\"description\" content=\"Wenn Sie ein neues Produkt auf den Markt bringen, ist es wichtig, Feedback von Benutzern, Kunden und Teammitgliedern einzuholen. Verwenden Sie diese anpassbare Vorlage!\" \/>\n<meta name=\"robots\" content=\"index, follow, max-snippet:-1, max-image-preview:large, max-video-preview:-1\" \/>\n<link rel=\"canonical\" href=\"https:\/\/sales-ai-agents.com\/de\/templates\/product-feedback\/\" \/>\n<meta property=\"og:locale\" content=\"de_DE\" \/>\n<meta property=\"og:type\" content=\"article\" \/>\n<meta property=\"og:title\" content=\"Vorlage f\u00fcr Produkt-Feedback - Sales AI Agents\" \/>\n<meta property=\"og:description\" content=\"Wenn Sie ein neues Produkt auf den Markt bringen, ist es wichtig, Feedback von Benutzern, Kunden und Teammitgliedern einzuholen. Verwenden Sie diese anpassbare Vorlage!\" \/>\n<meta property=\"og:url\" content=\"https:\/\/sales-ai-agents.com\/de\/templates\/product-feedback\/\" \/>\n<meta property=\"og:site_name\" content=\"Sales AI Agents\" \/>\n<meta property=\"article:modified_time\" content=\"2023-12-27T15:52:26+00:00\" \/>\n<meta property=\"og:image\" content=\"https:\/\/sales-ai-agents.com\/wp-content\/uploads\/2022\/09\/Product-Feedback-Template.png\" \/>\n\t<meta property=\"og:image:width\" content=\"1700\" \/>\n\t<meta property=\"og:image:height\" content=\"1100\" \/>\n\t<meta property=\"og:image:type\" content=\"image\/png\" \/>\n<meta name=\"twitter:card\" content=\"summary_large_image\" \/>\n<script type=\"application\/ld+json\" class=\"yoast-schema-graph\">{\"@context\":\"https:\/\/schema.org\",\"@graph\":[{\"@type\":\"WebPage\",\"@id\":\"https:\/\/sales-ai-agents.com\/de\/templates\/product-feedback\/\",\"url\":\"https:\/\/sales-ai-agents.com\/de\/templates\/product-feedback\/\",\"name\":\"Vorlage f\u00fcr Produkt-Feedback - Sales AI Agents\",\"isPartOf\":{\"@id\":\"https:\/\/sales-ai-agents.com\/#website\"},\"primaryImageOfPage\":{\"@id\":\"https:\/\/sales-ai-agents.com\/de\/templates\/product-feedback\/#primaryimage\"},\"image\":{\"@id\":\"https:\/\/sales-ai-agents.com\/de\/templates\/product-feedback\/#primaryimage\"},\"thumbnailUrl\":\"https:\/\/sales-ai-agents.com\/wp-content\/uploads\/2022\/09\/Product-Feedback-Template.png\",\"datePublished\":\"2022-09-26T12:16:18+00:00\",\"dateModified\":\"2023-12-27T15:52:26+00:00\",\"description\":\"Wenn Sie ein neues Produkt auf den Markt bringen, ist es wichtig, Feedback von Benutzern, Kunden und Teammitgliedern einzuholen. Verwenden Sie diese anpassbare Vorlage!\",\"inLanguage\":\"de-DE\",\"potentialAction\":[{\"@type\":\"ReadAction\",\"target\":[\"https:\/\/sales-ai-agents.com\/de\/templates\/product-feedback\/\"]}]},{\"@type\":\"ImageObject\",\"inLanguage\":\"de-DE\",\"@id\":\"https:\/\/sales-ai-agents.com\/de\/templates\/product-feedback\/#primaryimage\",\"url\":\"https:\/\/sales-ai-agents.com\/wp-content\/uploads\/2022\/09\/Product-Feedback-Template.png\",\"contentUrl\":\"https:\/\/sales-ai-agents.com\/wp-content\/uploads\/2022\/09\/Product-Feedback-Template.png\",\"width\":1700,\"height\":1100,\"caption\":\"When launching a new product, it's necessary to get feedback from users, customers, and your team members.\"},{\"@type\":\"WebSite\",\"@id\":\"https:\/\/sales-ai-agents.com\/#website\",\"url\":\"https:\/\/sales-ai-agents.com\/\",\"name\":\"FuseBase\",\"description\":\"Nimbus Platform - Free Online Collaboration Software for Remote Teams. Build your wikis, client portals and more with the Nimbus Platform collaboration tool ? A perfect space for online work\",\"publisher\":{\"@id\":\"https:\/\/sales-ai-agents.com\/#organization\"},\"potentialAction\":[{\"@type\":\"SearchAction\",\"target\":{\"@type\":\"EntryPoint\",\"urlTemplate\":\"https:\/\/sales-ai-agents.com\/?s={search_term_string}\"},\"query-input\":{\"@type\":\"PropertyValueSpecification\",\"valueRequired\":true,\"valueName\":\"search_term_string\"}}],\"inLanguage\":\"de-DE\"},{\"@type\":\"Organization\",\"@id\":\"https:\/\/sales-ai-agents.com\/#organization\",\"name\":\"FuseBase\",\"url\":\"https:\/\/sales-ai-agents.com\/\",\"logo\":{\"@type\":\"ImageObject\",\"inLanguage\":\"de-DE\",\"@id\":\"https:\/\/sales-ai-agents.com\/#\/schema\/logo\/image\/\",\"url\":\"https:\/\/sales-ai-agents.com\/wp-content\/uploads\/2023\/11\/icon-7.svg\",\"contentUrl\":\"https:\/\/sales-ai-agents.com\/wp-content\/uploads\/2023\/11\/icon-7.svg\",\"width\":128,\"height\":128,\"caption\":\"FuseBase\"},\"image\":{\"@id\":\"https:\/\/sales-ai-agents.com\/#\/schema\/logo\/image\/\"}}]}<\/script>\n<!-- \/ Yoast SEO plugin. -->","yoast_head_json":{"title":"Vorlage f\u00fcr Produkt-Feedback - Sales AI Agents","description":"Wenn Sie ein neues Produkt auf den Markt bringen, ist es wichtig, Feedback von Benutzern, Kunden und Teammitgliedern einzuholen. Verwenden Sie diese anpassbare Vorlage!","robots":{"index":"index","follow":"follow","max-snippet":"max-snippet:-1","max-image-preview":"max-image-preview:large","max-video-preview":"max-video-preview:-1"},"canonical":"https:\/\/sales-ai-agents.com\/de\/templates\/product-feedback\/","og_locale":"de_DE","og_type":"article","og_title":"Vorlage f\u00fcr Produkt-Feedback - Sales AI Agents","og_description":"Wenn Sie ein neues Produkt auf den Markt bringen, ist es wichtig, Feedback von Benutzern, Kunden und Teammitgliedern einzuholen. Verwenden Sie diese anpassbare Vorlage!","og_url":"https:\/\/sales-ai-agents.com\/de\/templates\/product-feedback\/","og_site_name":"Sales AI Agents","article_modified_time":"2023-12-27T15:52:26+00:00","og_image":[{"width":1700,"height":1100,"url":"https:\/\/sales-ai-agents.com\/wp-content\/uploads\/2022\/09\/Product-Feedback-Template.png","type":"image\/png"}],"twitter_card":"summary_large_image","schema":{"@context":"https:\/\/schema.org","@graph":[{"@type":"WebPage","@id":"https:\/\/sales-ai-agents.com\/de\/templates\/product-feedback\/","url":"https:\/\/sales-ai-agents.com\/de\/templates\/product-feedback\/","name":"Vorlage f\u00fcr Produkt-Feedback - Sales AI Agents","isPartOf":{"@id":"https:\/\/sales-ai-agents.com\/#website"},"primaryImageOfPage":{"@id":"https:\/\/sales-ai-agents.com\/de\/templates\/product-feedback\/#primaryimage"},"image":{"@id":"https:\/\/sales-ai-agents.com\/de\/templates\/product-feedback\/#primaryimage"},"thumbnailUrl":"https:\/\/sales-ai-agents.com\/wp-content\/uploads\/2022\/09\/Product-Feedback-Template.png","datePublished":"2022-09-26T12:16:18+00:00","dateModified":"2023-12-27T15:52:26+00:00","description":"Wenn Sie ein neues Produkt auf den Markt bringen, ist es wichtig, Feedback von Benutzern, Kunden und Teammitgliedern einzuholen. Verwenden Sie diese anpassbare Vorlage!","inLanguage":"de-DE","potentialAction":[{"@type":"ReadAction","target":["https:\/\/sales-ai-agents.com\/de\/templates\/product-feedback\/"]}]},{"@type":"ImageObject","inLanguage":"de-DE","@id":"https:\/\/sales-ai-agents.com\/de\/templates\/product-feedback\/#primaryimage","url":"https:\/\/sales-ai-agents.com\/wp-content\/uploads\/2022\/09\/Product-Feedback-Template.png","contentUrl":"https:\/\/sales-ai-agents.com\/wp-content\/uploads\/2022\/09\/Product-Feedback-Template.png","width":1700,"height":1100,"caption":"When launching a new product, it's necessary to get feedback from users, customers, and your team members."},{"@type":"WebSite","@id":"https:\/\/sales-ai-agents.com\/#website","url":"https:\/\/sales-ai-agents.com\/","name":"FuseBase","description":"Nimbus Platform - Free Online Collaboration Software for Remote Teams. Build your wikis, client portals and more with the Nimbus Platform collaboration tool ? A perfect space for online work","publisher":{"@id":"https:\/\/sales-ai-agents.com\/#organization"},"potentialAction":[{"@type":"SearchAction","target":{"@type":"EntryPoint","urlTemplate":"https:\/\/sales-ai-agents.com\/?s={search_term_string}"},"query-input":{"@type":"PropertyValueSpecification","valueRequired":true,"valueName":"search_term_string"}}],"inLanguage":"de-DE"},{"@type":"Organization","@id":"https:\/\/sales-ai-agents.com\/#organization","name":"FuseBase","url":"https:\/\/sales-ai-agents.com\/","logo":{"@type":"ImageObject","inLanguage":"de-DE","@id":"https:\/\/sales-ai-agents.com\/#\/schema\/logo\/image\/","url":"https:\/\/sales-ai-agents.com\/wp-content\/uploads\/2023\/11\/icon-7.svg","contentUrl":"https:\/\/sales-ai-agents.com\/wp-content\/uploads\/2023\/11\/icon-7.svg","width":128,"height":128,"caption":"FuseBase"},"image":{"@id":"https:\/\/sales-ai-agents.com\/#\/schema\/logo\/image\/"}}]}},"_links":{"self":[{"href":"https:\/\/sales-ai-agents.com\/de\/wp-json\/wp\/v2\/product\/57232","targetHints":{"allow":["GET"]}}],"collection":[{"href":"https:\/\/sales-ai-agents.com\/de\/wp-json\/wp\/v2\/product"}],"about":[{"href":"https:\/\/sales-ai-agents.com\/de\/wp-json\/wp\/v2\/types\/product"}],"wp:featuredmedia":[{"embeddable":true,"href":"https:\/\/sales-ai-agents.com\/de\/wp-json\/wp\/v2\/media\/25394"}],"wp:attachment":[{"href":"https:\/\/sales-ai-agents.com\/de\/wp-json\/wp\/v2\/media?parent=57232"}],"wp:term":[{"taxonomy":"product_brand","embeddable":true,"href":"https:\/\/sales-ai-agents.com\/de\/wp-json\/wp\/v2\/product_brand?post=57232"},{"taxonomy":"product_cat","embeddable":true,"href":"https:\/\/sales-ai-agents.com\/de\/wp-json\/wp\/v2\/product_cat?post=57232"},{"taxonomy":"product_tag","embeddable":true,"href":"https:\/\/sales-ai-agents.com\/de\/wp-json\/wp\/v2\/product_tag?post=57232"}],"curies":[{"name":"wp","href":"https:\/\/api.w.org\/{rel}","templated":true}]}}