{"id":57236,"date":"2022-09-26T12:16:15","date_gmt":"2022-09-26T12:16:15","guid":{"rendered":"https:\/\/sales-ai-agents.com\/templates\/event-planning-budget\/"},"modified":"2023-12-27T19:53:59","modified_gmt":"2023-12-27T19:53:59","slug":"event-planning-budget","status":"publish","type":"product","link":"https:\/\/sales-ai-agents.com\/de\/templates\/event-planning-budget\/","title":{"rendered":"Budget f\u00fcr Veranstaltungsplanung"},"content":{"rendered":"<p>&nbsp;<\/p>\n<h2>Budgetvorlage f\u00fcr Veranstaltungsplanung<\/h2>\n<p class=\"desc-text\">Verwenden Sie diese umfassende Vorlage f\u00fcr das Veranstaltungsbudget, um die Kosten Ihrer Veranstaltung zu erfassen. Diese Vorlage enth\u00e4lt eine anpassbare Tabelle, in die Sie alle Ihre Ausgaben eintragen k\u00f6nnen. Geben Sie die erwarteten Preise an und vergleichen Sie sie mit den tats\u00e4chlichen Ausgaben. Scannen Sie die Quittungen ein und f\u00fcgen Sie Bilder als Beleg f\u00fcr Ihren Einkauf bei. Sie k\u00f6nnen verschiedene Mitglieder Ihres Teams markieren, um alle auf dem Laufenden zu halten.<\/p>\n<h5>Wie zu verwenden:<\/h5>\n<ul class=\"desc-item_list\">\n<li class=\"desc-item_list__point\">Details \u00fcber die Veranstaltung einf\u00fcgen<\/li>\n<li class=\"desc-item_list__point\">Andere Teammitglieder markieren<\/li>\n<li class=\"desc-item_list__point\">Voraussichtliche Kosten auflisten<\/li>\n<li class=\"desc-item_list__point\">Quittungen scannen und anh\u00e4ngen<\/li>\n<li class=\"desc-item_list__point\">Vergleichen Sie die erwarteten Kosten mit den tats\u00e4chlichen Kosten<\/li>\n<\/ul>\n","protected":false},"excerpt":{"rendered":"<p>Verwenden Sie diese kostenlose Vorlage f\u00fcr ein umfassendes Veranstaltungsbudget, um die Kosten f\u00fcr Ihre Veranstaltung zu ermitteln. Diese Vorlage enth\u00e4lt eine anpassbare Tabelle, in die Sie alle Ihre Ausgaben eintragen k\u00f6nnen.<\/p>\n","protected":false},"featured_media":27478,"template":"","meta":{"_acf_changed":false,"inline_featured_image":false},"product_brand":[],"product_cat":[191,170],"product_tag":[],"class_list":{"0":"post-57236","1":"product","2":"type-product","3":"status-publish","4":"has-post-thumbnail","6":"product_cat-project-management","7":"product_cat-events","9":"first","10":"instock","11":"virtual","12":"sold-individually","13":"product-type-simple"},"acf":[],"yoast_head":"<!-- This site is optimized with the Yoast SEO plugin v25.3.1 - https:\/\/yoast.com\/wordpress\/plugins\/seo\/ -->\n<title>Budgetvorlage f\u00fcr die Veranstaltungsplanung - Sales AI Agents<\/title>\n<meta name=\"description\" content=\"Verwenden Sie diese kostenlose Vorlage f\u00fcr ein umfassendes Veranstaltungsbudget, um die Kosten f\u00fcr Ihre Veranstaltung zu ermitteln. Diese Vorlage enth\u00e4lt eine anpassbare Tabelle, in die Sie alle Ihre Ausgaben eintragen k\u00f6nnen.\" \/>\n<meta name=\"robots\" content=\"index, follow, max-snippet:-1, max-image-preview:large, max-video-preview:-1\" \/>\n<link rel=\"canonical\" href=\"https:\/\/sales-ai-agents.com\/de\/templates\/event-planning-budget\/\" \/>\n<meta property=\"og:locale\" content=\"de_DE\" \/>\n<meta property=\"og:type\" content=\"article\" \/>\n<meta property=\"og:title\" content=\"Budgetvorlage f\u00fcr die Veranstaltungsplanung - Sales AI Agents\" \/>\n<meta property=\"og:description\" content=\"Verwenden Sie diese kostenlose Vorlage f\u00fcr ein umfassendes Veranstaltungsbudget, um die Kosten f\u00fcr Ihre Veranstaltung zu ermitteln. Diese Vorlage enth\u00e4lt eine anpassbare Tabelle, in die Sie alle Ihre Ausgaben eintragen k\u00f6nnen.\" \/>\n<meta property=\"og:url\" content=\"https:\/\/sales-ai-agents.com\/de\/templates\/event-planning-budget\/\" \/>\n<meta property=\"og:site_name\" content=\"Sales AI Agents\" \/>\n<meta property=\"article:modified_time\" content=\"2023-12-27T19:53:59+00:00\" \/>\n<meta property=\"og:image\" content=\"https:\/\/sales-ai-agents.com\/wp-content\/uploads\/2022\/09\/Event-Planning-Budget-Template.png\" \/>\n\t<meta property=\"og:image:width\" content=\"1700\" \/>\n\t<meta property=\"og:image:height\" content=\"1100\" \/>\n\t<meta property=\"og:image:type\" content=\"image\/png\" \/>\n<meta name=\"twitter:card\" content=\"summary_large_image\" \/>\n<script type=\"application\/ld+json\" class=\"yoast-schema-graph\">{\"@context\":\"https:\/\/schema.org\",\"@graph\":[{\"@type\":\"WebPage\",\"@id\":\"https:\/\/sales-ai-agents.com\/de\/templates\/event-planning-budget\/\",\"url\":\"https:\/\/sales-ai-agents.com\/de\/templates\/event-planning-budget\/\",\"name\":\"Budgetvorlage f\u00fcr die Veranstaltungsplanung - Sales AI Agents\",\"isPartOf\":{\"@id\":\"https:\/\/sales-ai-agents.com\/#website\"},\"primaryImageOfPage\":{\"@id\":\"https:\/\/sales-ai-agents.com\/de\/templates\/event-planning-budget\/#primaryimage\"},\"image\":{\"@id\":\"https:\/\/sales-ai-agents.com\/de\/templates\/event-planning-budget\/#primaryimage\"},\"thumbnailUrl\":\"https:\/\/sales-ai-agents.com\/wp-content\/uploads\/2022\/09\/Event-Planning-Budget-Template.png\",\"datePublished\":\"2022-09-26T12:16:15+00:00\",\"dateModified\":\"2023-12-27T19:53:59+00:00\",\"description\":\"Verwenden Sie diese kostenlose Vorlage f\u00fcr ein umfassendes Veranstaltungsbudget, um die Kosten f\u00fcr Ihre Veranstaltung zu ermitteln. Diese Vorlage enth\u00e4lt eine anpassbare Tabelle, in die Sie alle Ihre Ausgaben eintragen k\u00f6nnen.\",\"inLanguage\":\"de-DE\",\"potentialAction\":[{\"@type\":\"ReadAction\",\"target\":[\"https:\/\/sales-ai-agents.com\/de\/templates\/event-planning-budget\/\"]}]},{\"@type\":\"ImageObject\",\"inLanguage\":\"de-DE\",\"@id\":\"https:\/\/sales-ai-agents.com\/de\/templates\/event-planning-budget\/#primaryimage\",\"url\":\"https:\/\/sales-ai-agents.com\/wp-content\/uploads\/2022\/09\/Event-Planning-Budget-Template.png\",\"contentUrl\":\"https:\/\/sales-ai-agents.com\/wp-content\/uploads\/2022\/09\/Event-Planning-Budget-Template.png\",\"width\":1700,\"height\":1100,\"caption\":\"Use this free comprehensive event budget template to track your outgoing costs.\"},{\"@type\":\"WebSite\",\"@id\":\"https:\/\/sales-ai-agents.com\/#website\",\"url\":\"https:\/\/sales-ai-agents.com\/\",\"name\":\"FuseBase\",\"description\":\"Nimbus Platform - Free Online Collaboration Software for Remote Teams. Build your wikis, client portals and more with the Nimbus Platform collaboration tool ? A perfect space for online work\",\"publisher\":{\"@id\":\"https:\/\/sales-ai-agents.com\/#organization\"},\"potentialAction\":[{\"@type\":\"SearchAction\",\"target\":{\"@type\":\"EntryPoint\",\"urlTemplate\":\"https:\/\/sales-ai-agents.com\/?s={search_term_string}\"},\"query-input\":{\"@type\":\"PropertyValueSpecification\",\"valueRequired\":true,\"valueName\":\"search_term_string\"}}],\"inLanguage\":\"de-DE\"},{\"@type\":\"Organization\",\"@id\":\"https:\/\/sales-ai-agents.com\/#organization\",\"name\":\"FuseBase\",\"url\":\"https:\/\/sales-ai-agents.com\/\",\"logo\":{\"@type\":\"ImageObject\",\"inLanguage\":\"de-DE\",\"@id\":\"https:\/\/sales-ai-agents.com\/#\/schema\/logo\/image\/\",\"url\":\"https:\/\/sales-ai-agents.com\/wp-content\/uploads\/2023\/11\/icon-7.svg\",\"contentUrl\":\"https:\/\/sales-ai-agents.com\/wp-content\/uploads\/2023\/11\/icon-7.svg\",\"width\":128,\"height\":128,\"caption\":\"FuseBase\"},\"image\":{\"@id\":\"https:\/\/sales-ai-agents.com\/#\/schema\/logo\/image\/\"}}]}<\/script>\n<!-- \/ Yoast SEO plugin. -->","yoast_head_json":{"title":"Budgetvorlage f\u00fcr die Veranstaltungsplanung - Sales AI Agents","description":"Verwenden Sie diese kostenlose Vorlage f\u00fcr ein umfassendes Veranstaltungsbudget, um die Kosten f\u00fcr Ihre Veranstaltung zu ermitteln. Diese Vorlage enth\u00e4lt eine anpassbare Tabelle, in die Sie alle Ihre Ausgaben eintragen k\u00f6nnen.","robots":{"index":"index","follow":"follow","max-snippet":"max-snippet:-1","max-image-preview":"max-image-preview:large","max-video-preview":"max-video-preview:-1"},"canonical":"https:\/\/sales-ai-agents.com\/de\/templates\/event-planning-budget\/","og_locale":"de_DE","og_type":"article","og_title":"Budgetvorlage f\u00fcr die Veranstaltungsplanung - Sales AI Agents","og_description":"Verwenden Sie diese kostenlose Vorlage f\u00fcr ein umfassendes Veranstaltungsbudget, um die Kosten f\u00fcr Ihre Veranstaltung zu ermitteln. Diese Vorlage enth\u00e4lt eine anpassbare Tabelle, in die Sie alle Ihre Ausgaben eintragen k\u00f6nnen.","og_url":"https:\/\/sales-ai-agents.com\/de\/templates\/event-planning-budget\/","og_site_name":"Sales AI Agents","article_modified_time":"2023-12-27T19:53:59+00:00","og_image":[{"width":1700,"height":1100,"url":"https:\/\/sales-ai-agents.com\/wp-content\/uploads\/2022\/09\/Event-Planning-Budget-Template.png","type":"image\/png"}],"twitter_card":"summary_large_image","schema":{"@context":"https:\/\/schema.org","@graph":[{"@type":"WebPage","@id":"https:\/\/sales-ai-agents.com\/de\/templates\/event-planning-budget\/","url":"https:\/\/sales-ai-agents.com\/de\/templates\/event-planning-budget\/","name":"Budgetvorlage f\u00fcr die Veranstaltungsplanung - Sales AI Agents","isPartOf":{"@id":"https:\/\/sales-ai-agents.com\/#website"},"primaryImageOfPage":{"@id":"https:\/\/sales-ai-agents.com\/de\/templates\/event-planning-budget\/#primaryimage"},"image":{"@id":"https:\/\/sales-ai-agents.com\/de\/templates\/event-planning-budget\/#primaryimage"},"thumbnailUrl":"https:\/\/sales-ai-agents.com\/wp-content\/uploads\/2022\/09\/Event-Planning-Budget-Template.png","datePublished":"2022-09-26T12:16:15+00:00","dateModified":"2023-12-27T19:53:59+00:00","description":"Verwenden Sie diese kostenlose Vorlage f\u00fcr ein umfassendes Veranstaltungsbudget, um die Kosten f\u00fcr Ihre Veranstaltung zu ermitteln. Diese Vorlage enth\u00e4lt eine anpassbare Tabelle, in die Sie alle Ihre Ausgaben eintragen k\u00f6nnen.","inLanguage":"de-DE","potentialAction":[{"@type":"ReadAction","target":["https:\/\/sales-ai-agents.com\/de\/templates\/event-planning-budget\/"]}]},{"@type":"ImageObject","inLanguage":"de-DE","@id":"https:\/\/sales-ai-agents.com\/de\/templates\/event-planning-budget\/#primaryimage","url":"https:\/\/sales-ai-agents.com\/wp-content\/uploads\/2022\/09\/Event-Planning-Budget-Template.png","contentUrl":"https:\/\/sales-ai-agents.com\/wp-content\/uploads\/2022\/09\/Event-Planning-Budget-Template.png","width":1700,"height":1100,"caption":"Use this free comprehensive event budget template to track your outgoing costs."},{"@type":"WebSite","@id":"https:\/\/sales-ai-agents.com\/#website","url":"https:\/\/sales-ai-agents.com\/","name":"FuseBase","description":"Nimbus Platform - Free Online Collaboration Software for Remote Teams. Build your wikis, client portals and more with the Nimbus Platform collaboration tool ? A perfect space for online work","publisher":{"@id":"https:\/\/sales-ai-agents.com\/#organization"},"potentialAction":[{"@type":"SearchAction","target":{"@type":"EntryPoint","urlTemplate":"https:\/\/sales-ai-agents.com\/?s={search_term_string}"},"query-input":{"@type":"PropertyValueSpecification","valueRequired":true,"valueName":"search_term_string"}}],"inLanguage":"de-DE"},{"@type":"Organization","@id":"https:\/\/sales-ai-agents.com\/#organization","name":"FuseBase","url":"https:\/\/sales-ai-agents.com\/","logo":{"@type":"ImageObject","inLanguage":"de-DE","@id":"https:\/\/sales-ai-agents.com\/#\/schema\/logo\/image\/","url":"https:\/\/sales-ai-agents.com\/wp-content\/uploads\/2023\/11\/icon-7.svg","contentUrl":"https:\/\/sales-ai-agents.com\/wp-content\/uploads\/2023\/11\/icon-7.svg","width":128,"height":128,"caption":"FuseBase"},"image":{"@id":"https:\/\/sales-ai-agents.com\/#\/schema\/logo\/image\/"}}]}},"_links":{"self":[{"href":"https:\/\/sales-ai-agents.com\/de\/wp-json\/wp\/v2\/product\/57236","targetHints":{"allow":["GET"]}}],"collection":[{"href":"https:\/\/sales-ai-agents.com\/de\/wp-json\/wp\/v2\/product"}],"about":[{"href":"https:\/\/sales-ai-agents.com\/de\/wp-json\/wp\/v2\/types\/product"}],"wp:featuredmedia":[{"embeddable":true,"href":"https:\/\/sales-ai-agents.com\/de\/wp-json\/wp\/v2\/media\/27478"}],"wp:attachment":[{"href":"https:\/\/sales-ai-agents.com\/de\/wp-json\/wp\/v2\/media?parent=57236"}],"wp:term":[{"taxonomy":"product_brand","embeddable":true,"href":"https:\/\/sales-ai-agents.com\/de\/wp-json\/wp\/v2\/product_brand?post=57236"},{"taxonomy":"product_cat","embeddable":true,"href":"https:\/\/sales-ai-agents.com\/de\/wp-json\/wp\/v2\/product_cat?post=57236"},{"taxonomy":"product_tag","embeddable":true,"href":"https:\/\/sales-ai-agents.com\/de\/wp-json\/wp\/v2\/product_tag?post=57236"}],"curies":[{"name":"wp","href":"https:\/\/api.w.org\/{rel}","templated":true}]}}