{"id":57239,"date":"2022-09-26T12:16:12","date_gmt":"2022-09-26T12:16:12","guid":{"rendered":"https:\/\/sales-ai-agents.com\/templates\/weekly-review-2\/"},"modified":"2023-12-27T19:45:01","modified_gmt":"2023-12-27T19:45:01","slug":"weekly-review-2","status":"publish","type":"product","link":"https:\/\/sales-ai-agents.com\/de\/templates\/weekly-review-2\/","title":{"rendered":"W\u00f6chentliche Aufgaben\u00fcberpr\u00fcfung"},"content":{"rendered":"<p>&nbsp;<\/p>\n<h2>Vorlage f\u00fcr w\u00f6chentliche Aufgaben\u00fcberpr\u00fcfung<\/h2>\n<p class=\"desc-text\">Mit dieser Vorlage f\u00fcr den w\u00f6chentlichen Aufgabenr\u00fcckblick k\u00f6nnen Sie Ihre letzten sieben Tage reflektieren. Wenn Sie diesen \u00dcberblick regelm\u00e4\u00dfig nutzen, k\u00f6nnen Sie Ihren Geist von Unordnung befreien und mit einem frischen Gef\u00fchl in die n\u00e4chste Woche starten. Diese \u00dcbersicht enth\u00e4lt eine praktische Checkliste, die Sie an die letzten Aufgaben erinnert, die Sie noch erledigen m\u00fcssen, bevor Sie sich f\u00fcr die Woche abmelden. Au\u00dferdem k\u00f6nnen Sie so Ihren Kopf von Stressoren und Ausl\u00f6sern befreien, damit Sie die n\u00e4chste Woche in Ruhe beginnen k\u00f6nnen.<\/p>\n<h5>Wie zu verwenden:<\/h5>\n<ul class=\"desc-item_list\">\n<li class=\"desc-item_list__point\">Scannen und Anh\u00e4ngen wichtiger Notizen und Papiere<\/li>\n<li class=\"desc-item_list__point\">Entr\u00fcmpeln Sie Ihre physischen R\u00e4ume<\/li>\n<li class=\"desc-item_list__point\">Bereinigen Sie Ihre digitalen Posteing\u00e4nge und Desktops<\/li>\n<li class=\"desc-item_list__point\">Entr\u00fcmpeln Sie Ihren Kopf<\/li>\n<li class=\"desc-item_list__point\">Reflektieren Sie Ihre Woche<\/li>\n<\/ul>\n","protected":false},"excerpt":{"rendered":"<p>Mit dieser Vorlage f\u00fcr einen Wochenr\u00fcckblick k\u00f6nnen Sie Ihre letzten sieben Tage Revue passieren lassen. Mithilfe dieser \u00dcbersicht k\u00f6nnen Sie Ihren Geist von Unordnung befreien und mit einem frischen Gef\u00fchl in die n\u00e4chste Woche starten.<\/p>\n","protected":false},"featured_media":26556,"template":"","meta":{"_acf_changed":false,"inline_featured_image":false},"product_brand":[],"product_cat":[179,185],"product_tag":[],"class_list":{"0":"post-57239","1":"product","2":"type-product","3":"status-publish","4":"has-post-thumbnail","6":"product_cat-organizers-planners","7":"product_cat-personal-work","9":"first","10":"instock","11":"virtual","12":"sold-individually","13":"product-type-simple"},"acf":[],"yoast_head":"<!-- This site is optimized with the Yoast SEO plugin v25.3.1 - https:\/\/yoast.com\/wordpress\/plugins\/seo\/ -->\n<title>Vorlage f\u00fcr w\u00f6chentliche Aufgaben\u00fcberpr\u00fcfung - Sales AI Agents<\/title>\n<meta name=\"description\" content=\"Mit dieser Vorlage f\u00fcr den w\u00f6chentlichen Aufgabenr\u00fcckblick k\u00f6nnen Sie Ihre letzten sieben Tage reflektieren. Befreien Sie Ihren Geist von Unordnung und starten Sie frisch in die n\u00e4chste Woche.\" \/>\n<meta name=\"robots\" content=\"index, follow, max-snippet:-1, max-image-preview:large, max-video-preview:-1\" \/>\n<link rel=\"canonical\" href=\"https:\/\/sales-ai-agents.com\/de\/templates\/weekly-review-2\/\" \/>\n<meta property=\"og:locale\" content=\"de_DE\" \/>\n<meta property=\"og:type\" content=\"article\" \/>\n<meta property=\"og:title\" content=\"Vorlage f\u00fcr w\u00f6chentliche Aufgaben\u00fcberpr\u00fcfung - Sales AI Agents\" \/>\n<meta property=\"og:description\" content=\"Mit dieser Vorlage f\u00fcr den w\u00f6chentlichen Aufgabenr\u00fcckblick k\u00f6nnen Sie Ihre letzten sieben Tage reflektieren. Befreien Sie Ihren Geist von Unordnung und starten Sie frisch in die n\u00e4chste Woche.\" \/>\n<meta property=\"og:url\" content=\"https:\/\/sales-ai-agents.com\/de\/templates\/weekly-review-2\/\" \/>\n<meta property=\"og:site_name\" content=\"Sales AI Agents\" \/>\n<meta property=\"article:modified_time\" content=\"2023-12-27T19:45:01+00:00\" \/>\n<meta property=\"og:image\" content=\"https:\/\/sales-ai-agents.com\/wp-content\/uploads\/2022\/09\/Weekly-Review-Template.png\" \/>\n\t<meta property=\"og:image:width\" content=\"1700\" \/>\n\t<meta property=\"og:image:height\" content=\"1100\" \/>\n\t<meta property=\"og:image:type\" content=\"image\/png\" \/>\n<meta name=\"twitter:card\" content=\"summary_large_image\" \/>\n<script type=\"application\/ld+json\" class=\"yoast-schema-graph\">{\"@context\":\"https:\/\/schema.org\",\"@graph\":[{\"@type\":\"WebPage\",\"@id\":\"https:\/\/sales-ai-agents.com\/de\/templates\/weekly-review-2\/\",\"url\":\"https:\/\/sales-ai-agents.com\/de\/templates\/weekly-review-2\/\",\"name\":\"Vorlage f\u00fcr w\u00f6chentliche Aufgaben\u00fcberpr\u00fcfung - Sales AI Agents\",\"isPartOf\":{\"@id\":\"https:\/\/sales-ai-agents.com\/#website\"},\"primaryImageOfPage\":{\"@id\":\"https:\/\/sales-ai-agents.com\/de\/templates\/weekly-review-2\/#primaryimage\"},\"image\":{\"@id\":\"https:\/\/sales-ai-agents.com\/de\/templates\/weekly-review-2\/#primaryimage\"},\"thumbnailUrl\":\"https:\/\/sales-ai-agents.com\/wp-content\/uploads\/2022\/09\/Weekly-Review-Template.png\",\"datePublished\":\"2022-09-26T12:16:12+00:00\",\"dateModified\":\"2023-12-27T19:45:01+00:00\",\"description\":\"Mit dieser Vorlage f\u00fcr den w\u00f6chentlichen Aufgabenr\u00fcckblick k\u00f6nnen Sie Ihre letzten sieben Tage reflektieren. Befreien Sie Ihren Geist von Unordnung und starten Sie frisch in die n\u00e4chste Woche.\",\"inLanguage\":\"de-DE\",\"potentialAction\":[{\"@type\":\"ReadAction\",\"target\":[\"https:\/\/sales-ai-agents.com\/de\/templates\/weekly-review-2\/\"]}]},{\"@type\":\"ImageObject\",\"inLanguage\":\"de-DE\",\"@id\":\"https:\/\/sales-ai-agents.com\/de\/templates\/weekly-review-2\/#primaryimage\",\"url\":\"https:\/\/sales-ai-agents.com\/wp-content\/uploads\/2022\/09\/Weekly-Review-Template.png\",\"contentUrl\":\"https:\/\/sales-ai-agents.com\/wp-content\/uploads\/2022\/09\/Weekly-Review-Template.png\",\"width\":1700,\"height\":1100,\"caption\":\"This weekly review template can reflect on your last seven days.\"},{\"@type\":\"WebSite\",\"@id\":\"https:\/\/sales-ai-agents.com\/#website\",\"url\":\"https:\/\/sales-ai-agents.com\/\",\"name\":\"FuseBase\",\"description\":\"Nimbus Platform - Free Online Collaboration Software for Remote Teams. Build your wikis, client portals and more with the Nimbus Platform collaboration tool ? A perfect space for online work\",\"publisher\":{\"@id\":\"https:\/\/sales-ai-agents.com\/#organization\"},\"potentialAction\":[{\"@type\":\"SearchAction\",\"target\":{\"@type\":\"EntryPoint\",\"urlTemplate\":\"https:\/\/sales-ai-agents.com\/?s={search_term_string}\"},\"query-input\":{\"@type\":\"PropertyValueSpecification\",\"valueRequired\":true,\"valueName\":\"search_term_string\"}}],\"inLanguage\":\"de-DE\"},{\"@type\":\"Organization\",\"@id\":\"https:\/\/sales-ai-agents.com\/#organization\",\"name\":\"FuseBase\",\"url\":\"https:\/\/sales-ai-agents.com\/\",\"logo\":{\"@type\":\"ImageObject\",\"inLanguage\":\"de-DE\",\"@id\":\"https:\/\/sales-ai-agents.com\/#\/schema\/logo\/image\/\",\"url\":\"https:\/\/sales-ai-agents.com\/wp-content\/uploads\/2023\/11\/icon-7.svg\",\"contentUrl\":\"https:\/\/sales-ai-agents.com\/wp-content\/uploads\/2023\/11\/icon-7.svg\",\"width\":128,\"height\":128,\"caption\":\"FuseBase\"},\"image\":{\"@id\":\"https:\/\/sales-ai-agents.com\/#\/schema\/logo\/image\/\"}}]}<\/script>\n<!-- \/ Yoast SEO plugin. -->","yoast_head_json":{"title":"Vorlage f\u00fcr w\u00f6chentliche Aufgaben\u00fcberpr\u00fcfung - Sales AI Agents","description":"Mit dieser Vorlage f\u00fcr den w\u00f6chentlichen Aufgabenr\u00fcckblick k\u00f6nnen Sie Ihre letzten sieben Tage reflektieren. Befreien Sie Ihren Geist von Unordnung und starten Sie frisch in die n\u00e4chste Woche.","robots":{"index":"index","follow":"follow","max-snippet":"max-snippet:-1","max-image-preview":"max-image-preview:large","max-video-preview":"max-video-preview:-1"},"canonical":"https:\/\/sales-ai-agents.com\/de\/templates\/weekly-review-2\/","og_locale":"de_DE","og_type":"article","og_title":"Vorlage f\u00fcr w\u00f6chentliche Aufgaben\u00fcberpr\u00fcfung - Sales AI Agents","og_description":"Mit dieser Vorlage f\u00fcr den w\u00f6chentlichen Aufgabenr\u00fcckblick k\u00f6nnen Sie Ihre letzten sieben Tage reflektieren. Befreien Sie Ihren Geist von Unordnung und starten Sie frisch in die n\u00e4chste Woche.","og_url":"https:\/\/sales-ai-agents.com\/de\/templates\/weekly-review-2\/","og_site_name":"Sales AI Agents","article_modified_time":"2023-12-27T19:45:01+00:00","og_image":[{"width":1700,"height":1100,"url":"https:\/\/sales-ai-agents.com\/wp-content\/uploads\/2022\/09\/Weekly-Review-Template.png","type":"image\/png"}],"twitter_card":"summary_large_image","schema":{"@context":"https:\/\/schema.org","@graph":[{"@type":"WebPage","@id":"https:\/\/sales-ai-agents.com\/de\/templates\/weekly-review-2\/","url":"https:\/\/sales-ai-agents.com\/de\/templates\/weekly-review-2\/","name":"Vorlage f\u00fcr w\u00f6chentliche Aufgaben\u00fcberpr\u00fcfung - Sales AI Agents","isPartOf":{"@id":"https:\/\/sales-ai-agents.com\/#website"},"primaryImageOfPage":{"@id":"https:\/\/sales-ai-agents.com\/de\/templates\/weekly-review-2\/#primaryimage"},"image":{"@id":"https:\/\/sales-ai-agents.com\/de\/templates\/weekly-review-2\/#primaryimage"},"thumbnailUrl":"https:\/\/sales-ai-agents.com\/wp-content\/uploads\/2022\/09\/Weekly-Review-Template.png","datePublished":"2022-09-26T12:16:12+00:00","dateModified":"2023-12-27T19:45:01+00:00","description":"Mit dieser Vorlage f\u00fcr den w\u00f6chentlichen Aufgabenr\u00fcckblick k\u00f6nnen Sie Ihre letzten sieben Tage reflektieren. Befreien Sie Ihren Geist von Unordnung und starten Sie frisch in die n\u00e4chste Woche.","inLanguage":"de-DE","potentialAction":[{"@type":"ReadAction","target":["https:\/\/sales-ai-agents.com\/de\/templates\/weekly-review-2\/"]}]},{"@type":"ImageObject","inLanguage":"de-DE","@id":"https:\/\/sales-ai-agents.com\/de\/templates\/weekly-review-2\/#primaryimage","url":"https:\/\/sales-ai-agents.com\/wp-content\/uploads\/2022\/09\/Weekly-Review-Template.png","contentUrl":"https:\/\/sales-ai-agents.com\/wp-content\/uploads\/2022\/09\/Weekly-Review-Template.png","width":1700,"height":1100,"caption":"This weekly review template can reflect on your last seven days."},{"@type":"WebSite","@id":"https:\/\/sales-ai-agents.com\/#website","url":"https:\/\/sales-ai-agents.com\/","name":"FuseBase","description":"Nimbus Platform - Free Online Collaboration Software for Remote Teams. Build your wikis, client portals and more with the Nimbus Platform collaboration tool ? A perfect space for online work","publisher":{"@id":"https:\/\/sales-ai-agents.com\/#organization"},"potentialAction":[{"@type":"SearchAction","target":{"@type":"EntryPoint","urlTemplate":"https:\/\/sales-ai-agents.com\/?s={search_term_string}"},"query-input":{"@type":"PropertyValueSpecification","valueRequired":true,"valueName":"search_term_string"}}],"inLanguage":"de-DE"},{"@type":"Organization","@id":"https:\/\/sales-ai-agents.com\/#organization","name":"FuseBase","url":"https:\/\/sales-ai-agents.com\/","logo":{"@type":"ImageObject","inLanguage":"de-DE","@id":"https:\/\/sales-ai-agents.com\/#\/schema\/logo\/image\/","url":"https:\/\/sales-ai-agents.com\/wp-content\/uploads\/2023\/11\/icon-7.svg","contentUrl":"https:\/\/sales-ai-agents.com\/wp-content\/uploads\/2023\/11\/icon-7.svg","width":128,"height":128,"caption":"FuseBase"},"image":{"@id":"https:\/\/sales-ai-agents.com\/#\/schema\/logo\/image\/"}}]}},"_links":{"self":[{"href":"https:\/\/sales-ai-agents.com\/de\/wp-json\/wp\/v2\/product\/57239","targetHints":{"allow":["GET"]}}],"collection":[{"href":"https:\/\/sales-ai-agents.com\/de\/wp-json\/wp\/v2\/product"}],"about":[{"href":"https:\/\/sales-ai-agents.com\/de\/wp-json\/wp\/v2\/types\/product"}],"wp:featuredmedia":[{"embeddable":true,"href":"https:\/\/sales-ai-agents.com\/de\/wp-json\/wp\/v2\/media\/26556"}],"wp:attachment":[{"href":"https:\/\/sales-ai-agents.com\/de\/wp-json\/wp\/v2\/media?parent=57239"}],"wp:term":[{"taxonomy":"product_brand","embeddable":true,"href":"https:\/\/sales-ai-agents.com\/de\/wp-json\/wp\/v2\/product_brand?post=57239"},{"taxonomy":"product_cat","embeddable":true,"href":"https:\/\/sales-ai-agents.com\/de\/wp-json\/wp\/v2\/product_cat?post=57239"},{"taxonomy":"product_tag","embeddable":true,"href":"https:\/\/sales-ai-agents.com\/de\/wp-json\/wp\/v2\/product_tag?post=57239"}],"curies":[{"name":"wp","href":"https:\/\/api.w.org\/{rel}","templated":true}]}}