{"id":57250,"date":"2022-09-26T12:16:07","date_gmt":"2022-09-26T12:16:07","guid":{"rendered":"https:\/\/sales-ai-agents.com\/templates\/project\/"},"modified":"2023-12-27T15:58:37","modified_gmt":"2023-12-27T15:58:37","slug":"project","status":"publish","type":"product","link":"https:\/\/sales-ai-agents.com\/de\/templates\/project\/","title":{"rendered":"Projekt"},"content":{"rendered":"<p>&nbsp;<\/p>\n<h2>Projektvorlage<\/h2>\n<p class=\"desc-text\">Mit diesem Projektplaner behalten Sie ganz einfach den \u00dcberblick \u00fcber Ihre einzelnen Projekte. Es ist ein praktisches Online-Bildungstool f\u00fcr gemeinsames Arbeiten. Legen Sie Ihren Zweck und Ihre Ziele fest, damit Sie und Ihr Team bei der Sache bleiben k\u00f6nnen. Machen Sie ein Brainstorming und halten Sie Ma\u00dfnahmen und n\u00e4chste Schritte fest. Markieren Sie alle und halten Sie Ihre Mitglieder auf dem Laufenden.<\/p>\n<h5>Wie zu verwenden:<\/h5>\n<ul class=\"desc-item_list\">\n<li class=\"desc-item_list__point\">Organisieren Sie Ihre Details in \u00fcbersichtlichen Tabellen<\/li>\n<li class=\"desc-item_list__point\">F\u00fcgen Sie Details \u00fcber Ihr Projekt hinzu<\/li>\n<li class=\"desc-item_list__point\">Beschreiben Sie Ihren Zweck und die gew\u00fcnschten Ergebnisse<\/li>\n<li class=\"desc-item_list__point\">Ressourcen f\u00fcr Ihre Arbeit auflisten<\/li>\n<li class=\"desc-item_list__point\">Erstellen Sie eine Aufgabenliste f\u00fcr die wichtigsten Schritte<\/li>\n<\/ul>\n","protected":false},"excerpt":{"rendered":"<p>Behalten Sie den \u00dcberblick \u00fcber ein individuelles Projekt mit dieser Projektplanungsvorlage. Legen Sie Ihren Zweck und Ihre Ziele fest, damit Sie bei der Sache bleiben und auf Ihre Ziele hinarbeiten k\u00f6nnen.<\/p>\n","protected":false},"featured_media":20584,"template":"","meta":{"_acf_changed":false,"inline_featured_image":false},"product_brand":[],"product_cat":[197],"product_tag":[],"class_list":{"0":"post-57250","1":"product","2":"type-product","3":"status-publish","4":"has-post-thumbnail","6":"product_cat-student","8":"first","9":"instock","10":"virtual","11":"sold-individually","12":"product-type-simple"},"acf":[],"yoast_head":"<!-- This site is optimized with the Yoast SEO plugin v25.3.1 - https:\/\/yoast.com\/wordpress\/plugins\/seo\/ -->\n<title>Projektvorlage - Sales AI Agents<\/title>\n<meta name=\"description\" content=\"Behalten Sie den \u00dcberblick \u00fcber ein individuelles Projekt mit dieser Projektplanungsvorlage. Legen Sie Ihren Zweck und Ihre Ziele fest, um auf dem Laufenden zu bleiben und mit Ihren Zielen zu arbeiten!\" \/>\n<meta name=\"robots\" content=\"index, follow, max-snippet:-1, max-image-preview:large, max-video-preview:-1\" \/>\n<link rel=\"canonical\" href=\"https:\/\/sales-ai-agents.com\/de\/templates\/project\/\" \/>\n<meta property=\"og:locale\" content=\"de_DE\" \/>\n<meta property=\"og:type\" content=\"article\" \/>\n<meta property=\"og:title\" content=\"Projektvorlage - Sales AI Agents\" \/>\n<meta property=\"og:description\" content=\"Behalten Sie den \u00dcberblick \u00fcber ein individuelles Projekt mit dieser Projektplanungsvorlage. Legen Sie Ihren Zweck und Ihre Ziele fest, um auf dem Laufenden zu bleiben und mit Ihren Zielen zu arbeiten!\" \/>\n<meta property=\"og:url\" content=\"https:\/\/sales-ai-agents.com\/de\/templates\/project\/\" \/>\n<meta property=\"og:site_name\" content=\"Sales AI Agents\" \/>\n<meta property=\"article:modified_time\" content=\"2023-12-27T15:58:37+00:00\" \/>\n<meta property=\"og:image\" content=\"https:\/\/sales-ai-agents.com\/wp-content\/uploads\/2023\/01\/image-preview121643.png\" \/>\n\t<meta property=\"og:image:width\" content=\"1078\" \/>\n\t<meta property=\"og:image:height\" content=\"1849\" \/>\n\t<meta property=\"og:image:type\" content=\"image\/png\" \/>\n<meta name=\"twitter:card\" content=\"summary_large_image\" \/>\n<script type=\"application\/ld+json\" class=\"yoast-schema-graph\">{\"@context\":\"https:\/\/schema.org\",\"@graph\":[{\"@type\":\"WebPage\",\"@id\":\"https:\/\/sales-ai-agents.com\/de\/templates\/project\/\",\"url\":\"https:\/\/sales-ai-agents.com\/de\/templates\/project\/\",\"name\":\"Projektvorlage - Sales AI Agents\",\"isPartOf\":{\"@id\":\"https:\/\/sales-ai-agents.com\/#website\"},\"primaryImageOfPage\":{\"@id\":\"https:\/\/sales-ai-agents.com\/de\/templates\/project\/#primaryimage\"},\"image\":{\"@id\":\"https:\/\/sales-ai-agents.com\/de\/templates\/project\/#primaryimage\"},\"thumbnailUrl\":\"https:\/\/sales-ai-agents.com\/wp-content\/uploads\/2023\/01\/image-preview121643.png\",\"datePublished\":\"2022-09-26T12:16:07+00:00\",\"dateModified\":\"2023-12-27T15:58:37+00:00\",\"description\":\"Behalten Sie den \u00dcberblick \u00fcber ein individuelles Projekt mit dieser Projektplanungsvorlage. Legen Sie Ihren Zweck und Ihre Ziele fest, um auf dem Laufenden zu bleiben und mit Ihren Zielen zu arbeiten!\",\"inLanguage\":\"de-DE\",\"potentialAction\":[{\"@type\":\"ReadAction\",\"target\":[\"https:\/\/sales-ai-agents.com\/de\/templates\/project\/\"]}]},{\"@type\":\"ImageObject\",\"inLanguage\":\"de-DE\",\"@id\":\"https:\/\/sales-ai-agents.com\/de\/templates\/project\/#primaryimage\",\"url\":\"https:\/\/sales-ai-agents.com\/wp-content\/uploads\/2023\/01\/image-preview121643.png\",\"contentUrl\":\"https:\/\/sales-ai-agents.com\/wp-content\/uploads\/2023\/01\/image-preview121643.png\",\"width\":1078,\"height\":1849,\"caption\":\"Project Template - Nimbus Platform\"},{\"@type\":\"WebSite\",\"@id\":\"https:\/\/sales-ai-agents.com\/#website\",\"url\":\"https:\/\/sales-ai-agents.com\/\",\"name\":\"FuseBase\",\"description\":\"Nimbus Platform - Free Online Collaboration Software for Remote Teams. Build your wikis, client portals and more with the Nimbus Platform collaboration tool ? A perfect space for online work\",\"publisher\":{\"@id\":\"https:\/\/sales-ai-agents.com\/#organization\"},\"potentialAction\":[{\"@type\":\"SearchAction\",\"target\":{\"@type\":\"EntryPoint\",\"urlTemplate\":\"https:\/\/sales-ai-agents.com\/?s={search_term_string}\"},\"query-input\":{\"@type\":\"PropertyValueSpecification\",\"valueRequired\":true,\"valueName\":\"search_term_string\"}}],\"inLanguage\":\"de-DE\"},{\"@type\":\"Organization\",\"@id\":\"https:\/\/sales-ai-agents.com\/#organization\",\"name\":\"FuseBase\",\"url\":\"https:\/\/sales-ai-agents.com\/\",\"logo\":{\"@type\":\"ImageObject\",\"inLanguage\":\"de-DE\",\"@id\":\"https:\/\/sales-ai-agents.com\/#\/schema\/logo\/image\/\",\"url\":\"https:\/\/sales-ai-agents.com\/wp-content\/uploads\/2023\/11\/icon-7.svg\",\"contentUrl\":\"https:\/\/sales-ai-agents.com\/wp-content\/uploads\/2023\/11\/icon-7.svg\",\"width\":128,\"height\":128,\"caption\":\"FuseBase\"},\"image\":{\"@id\":\"https:\/\/sales-ai-agents.com\/#\/schema\/logo\/image\/\"}}]}<\/script>\n<!-- \/ Yoast SEO plugin. -->","yoast_head_json":{"title":"Projektvorlage - Sales AI Agents","description":"Behalten Sie den \u00dcberblick \u00fcber ein individuelles Projekt mit dieser Projektplanungsvorlage. Legen Sie Ihren Zweck und Ihre Ziele fest, um auf dem Laufenden zu bleiben und mit Ihren Zielen zu arbeiten!","robots":{"index":"index","follow":"follow","max-snippet":"max-snippet:-1","max-image-preview":"max-image-preview:large","max-video-preview":"max-video-preview:-1"},"canonical":"https:\/\/sales-ai-agents.com\/de\/templates\/project\/","og_locale":"de_DE","og_type":"article","og_title":"Projektvorlage - Sales AI Agents","og_description":"Behalten Sie den \u00dcberblick \u00fcber ein individuelles Projekt mit dieser Projektplanungsvorlage. Legen Sie Ihren Zweck und Ihre Ziele fest, um auf dem Laufenden zu bleiben und mit Ihren Zielen zu arbeiten!","og_url":"https:\/\/sales-ai-agents.com\/de\/templates\/project\/","og_site_name":"Sales AI Agents","article_modified_time":"2023-12-27T15:58:37+00:00","og_image":[{"width":1078,"height":1849,"url":"https:\/\/sales-ai-agents.com\/wp-content\/uploads\/2023\/01\/image-preview121643.png","type":"image\/png"}],"twitter_card":"summary_large_image","schema":{"@context":"https:\/\/schema.org","@graph":[{"@type":"WebPage","@id":"https:\/\/sales-ai-agents.com\/de\/templates\/project\/","url":"https:\/\/sales-ai-agents.com\/de\/templates\/project\/","name":"Projektvorlage - Sales AI Agents","isPartOf":{"@id":"https:\/\/sales-ai-agents.com\/#website"},"primaryImageOfPage":{"@id":"https:\/\/sales-ai-agents.com\/de\/templates\/project\/#primaryimage"},"image":{"@id":"https:\/\/sales-ai-agents.com\/de\/templates\/project\/#primaryimage"},"thumbnailUrl":"https:\/\/sales-ai-agents.com\/wp-content\/uploads\/2023\/01\/image-preview121643.png","datePublished":"2022-09-26T12:16:07+00:00","dateModified":"2023-12-27T15:58:37+00:00","description":"Behalten Sie den \u00dcberblick \u00fcber ein individuelles Projekt mit dieser Projektplanungsvorlage. Legen Sie Ihren Zweck und Ihre Ziele fest, um auf dem Laufenden zu bleiben und mit Ihren Zielen zu arbeiten!","inLanguage":"de-DE","potentialAction":[{"@type":"ReadAction","target":["https:\/\/sales-ai-agents.com\/de\/templates\/project\/"]}]},{"@type":"ImageObject","inLanguage":"de-DE","@id":"https:\/\/sales-ai-agents.com\/de\/templates\/project\/#primaryimage","url":"https:\/\/sales-ai-agents.com\/wp-content\/uploads\/2023\/01\/image-preview121643.png","contentUrl":"https:\/\/sales-ai-agents.com\/wp-content\/uploads\/2023\/01\/image-preview121643.png","width":1078,"height":1849,"caption":"Project Template - Nimbus Platform"},{"@type":"WebSite","@id":"https:\/\/sales-ai-agents.com\/#website","url":"https:\/\/sales-ai-agents.com\/","name":"FuseBase","description":"Nimbus Platform - Free Online Collaboration Software for Remote Teams. Build your wikis, client portals and more with the Nimbus Platform collaboration tool ? A perfect space for online work","publisher":{"@id":"https:\/\/sales-ai-agents.com\/#organization"},"potentialAction":[{"@type":"SearchAction","target":{"@type":"EntryPoint","urlTemplate":"https:\/\/sales-ai-agents.com\/?s={search_term_string}"},"query-input":{"@type":"PropertyValueSpecification","valueRequired":true,"valueName":"search_term_string"}}],"inLanguage":"de-DE"},{"@type":"Organization","@id":"https:\/\/sales-ai-agents.com\/#organization","name":"FuseBase","url":"https:\/\/sales-ai-agents.com\/","logo":{"@type":"ImageObject","inLanguage":"de-DE","@id":"https:\/\/sales-ai-agents.com\/#\/schema\/logo\/image\/","url":"https:\/\/sales-ai-agents.com\/wp-content\/uploads\/2023\/11\/icon-7.svg","contentUrl":"https:\/\/sales-ai-agents.com\/wp-content\/uploads\/2023\/11\/icon-7.svg","width":128,"height":128,"caption":"FuseBase"},"image":{"@id":"https:\/\/sales-ai-agents.com\/#\/schema\/logo\/image\/"}}]}},"_links":{"self":[{"href":"https:\/\/sales-ai-agents.com\/de\/wp-json\/wp\/v2\/product\/57250","targetHints":{"allow":["GET"]}}],"collection":[{"href":"https:\/\/sales-ai-agents.com\/de\/wp-json\/wp\/v2\/product"}],"about":[{"href":"https:\/\/sales-ai-agents.com\/de\/wp-json\/wp\/v2\/types\/product"}],"wp:featuredmedia":[{"embeddable":true,"href":"https:\/\/sales-ai-agents.com\/de\/wp-json\/wp\/v2\/media\/20584"}],"wp:attachment":[{"href":"https:\/\/sales-ai-agents.com\/de\/wp-json\/wp\/v2\/media?parent=57250"}],"wp:term":[{"taxonomy":"product_brand","embeddable":true,"href":"https:\/\/sales-ai-agents.com\/de\/wp-json\/wp\/v2\/product_brand?post=57250"},{"taxonomy":"product_cat","embeddable":true,"href":"https:\/\/sales-ai-agents.com\/de\/wp-json\/wp\/v2\/product_cat?post=57250"},{"taxonomy":"product_tag","embeddable":true,"href":"https:\/\/sales-ai-agents.com\/de\/wp-json\/wp\/v2\/product_tag?post=57250"}],"curies":[{"name":"wp","href":"https:\/\/api.w.org\/{rel}","templated":true}]}}