{"id":57257,"date":"2022-09-26T12:16:01","date_gmt":"2022-09-26T12:16:01","guid":{"rendered":"https:\/\/sales-ai-agents.com\/templates\/growth-marketing-experiment\/"},"modified":"2023-12-27T15:30:50","modified_gmt":"2023-12-27T15:30:50","slug":"growth-marketing-experiment","status":"publish","type":"product","link":"https:\/\/sales-ai-agents.com\/de\/templates\/growth-marketing-experiment\/","title":{"rendered":"Experiment Wachstumsmarketing"},"content":{"rendered":"<p>&nbsp;<\/p>\n<h2>Wachstumsmarketing-Experiment Vorlage<\/h2>\n<p class=\"desc-text\">Dieses Format ist speziell zur Erg\u00e4nzung des AARRR-Rahmens konzipiert. Probieren Sie Experiment Execution aus, um das Experiment mit Ihrem Team durchzuf\u00fchren. Sie k\u00f6nnen gerne Anmerkungen und erg\u00e4nzende Hinweise in den Anmerkungen zum Experiment hinzuf\u00fcgen.<\/p>\n<h5>Wie zu verwenden:<\/h5>\n<ul class=\"desc-item_list\">\n<li class=\"desc-item_list__point\">Anmerkungen und erg\u00e4nzende Hinweise hinzuf\u00fcgen<\/li>\n<li class=\"desc-item_list__point\">Kommentare aufschreiben<\/li>\n<li class=\"desc-item_list__point\">Fristen setzen<\/li>\n<li class=\"desc-item_list__point\">Status zu Ihren Projekten hinzuf\u00fcgen<\/li>\n<\/ul>\n<p>&nbsp;<\/p>\n<p>Dank an Monnel Espiritu f\u00fcr die Erstellung dieser Vorlage<\/p>\n","protected":false},"excerpt":{"rendered":"<p>Wenn Sie den \u00dcberblick \u00fcber Ihre Ideen behalten wollen, ist dies ein leicht auszuf\u00fcllendes Formular. Verwenden Sie diese Vorlage, um Growth-Hacking-Experimente f\u00fcr Ihr Unternehmen zu dokumentieren.<\/p>\n","protected":false},"featured_media":34233,"template":"","meta":{"_acf_changed":false,"inline_featured_image":false},"product_brand":[],"product_cat":[171,176],"product_tag":[],"class_list":{"0":"post-57257","1":"product","2":"type-product","3":"status-publish","4":"has-post-thumbnail","6":"product_cat-marketing","7":"product_cat-marketing-strategy","9":"first","10":"instock","11":"virtual","12":"sold-individually","13":"product-type-simple"},"acf":[],"yoast_head":"<!-- This site is optimized with the Yoast SEO plugin v25.3.1 - https:\/\/yoast.com\/wordpress\/plugins\/seo\/ -->\n<title>Wachstumsmarketing-Experiment Vorlage - Sales AI Agents<\/title>\n<meta name=\"description\" content=\"Wenn Sie den \u00dcberblick \u00fcber Ihre Ideen behalten wollen, ist dies ein leicht auszuf\u00fcllendes Formular. Verwenden Sie diese Vorlage, um Growth-Hacking-Experimente f\u00fcr Ihr Unternehmen zu dokumentieren.\" \/>\n<meta name=\"robots\" content=\"index, follow, max-snippet:-1, max-image-preview:large, max-video-preview:-1\" \/>\n<link rel=\"canonical\" href=\"https:\/\/sales-ai-agents.com\/de\/templates\/growth-marketing-experiment\/\" \/>\n<meta property=\"og:locale\" content=\"de_DE\" \/>\n<meta property=\"og:type\" content=\"article\" \/>\n<meta property=\"og:title\" content=\"Wachstumsmarketing-Experiment Vorlage - Sales AI Agents\" \/>\n<meta property=\"og:description\" content=\"Wenn Sie den \u00dcberblick \u00fcber Ihre Ideen behalten wollen, ist dies ein leicht auszuf\u00fcllendes Formular. Verwenden Sie diese Vorlage, um Growth-Hacking-Experimente f\u00fcr Ihr Unternehmen zu dokumentieren.\" \/>\n<meta property=\"og:url\" content=\"https:\/\/sales-ai-agents.com\/de\/templates\/growth-marketing-experiment\/\" \/>\n<meta property=\"og:site_name\" content=\"Sales AI Agents\" \/>\n<meta property=\"article:modified_time\" content=\"2023-12-27T15:30:50+00:00\" \/>\n<meta property=\"og:image\" content=\"https:\/\/sales-ai-agents.com\/wp-content\/uploads\/2022\/09\/Growth-Marketing-Experiment-Template-1.png\" \/>\n\t<meta property=\"og:image:width\" content=\"1700\" \/>\n\t<meta property=\"og:image:height\" content=\"1100\" \/>\n\t<meta property=\"og:image:type\" content=\"image\/png\" \/>\n<meta name=\"twitter:card\" content=\"summary_large_image\" \/>\n<script type=\"application\/ld+json\" class=\"yoast-schema-graph\">{\"@context\":\"https:\/\/schema.org\",\"@graph\":[{\"@type\":\"WebPage\",\"@id\":\"https:\/\/sales-ai-agents.com\/de\/templates\/growth-marketing-experiment\/\",\"url\":\"https:\/\/sales-ai-agents.com\/de\/templates\/growth-marketing-experiment\/\",\"name\":\"Wachstumsmarketing-Experiment Vorlage - Sales AI Agents\",\"isPartOf\":{\"@id\":\"https:\/\/sales-ai-agents.com\/#website\"},\"primaryImageOfPage\":{\"@id\":\"https:\/\/sales-ai-agents.com\/de\/templates\/growth-marketing-experiment\/#primaryimage\"},\"image\":{\"@id\":\"https:\/\/sales-ai-agents.com\/de\/templates\/growth-marketing-experiment\/#primaryimage\"},\"thumbnailUrl\":\"https:\/\/sales-ai-agents.com\/wp-content\/uploads\/2022\/09\/Growth-Marketing-Experiment-Template-1.png\",\"datePublished\":\"2022-09-26T12:16:01+00:00\",\"dateModified\":\"2023-12-27T15:30:50+00:00\",\"description\":\"Wenn Sie den \u00dcberblick \u00fcber Ihre Ideen behalten wollen, ist dies ein leicht auszuf\u00fcllendes Formular. Verwenden Sie diese Vorlage, um Growth-Hacking-Experimente f\u00fcr Ihr Unternehmen zu dokumentieren.\",\"inLanguage\":\"de-DE\",\"potentialAction\":[{\"@type\":\"ReadAction\",\"target\":[\"https:\/\/sales-ai-agents.com\/de\/templates\/growth-marketing-experiment\/\"]}]},{\"@type\":\"ImageObject\",\"inLanguage\":\"de-DE\",\"@id\":\"https:\/\/sales-ai-agents.com\/de\/templates\/growth-marketing-experiment\/#primaryimage\",\"url\":\"https:\/\/sales-ai-agents.com\/wp-content\/uploads\/2022\/09\/Growth-Marketing-Experiment-Template-1.png\",\"contentUrl\":\"https:\/\/sales-ai-agents.com\/wp-content\/uploads\/2022\/09\/Growth-Marketing-Experiment-Template-1.png\",\"width\":1700,\"height\":1100,\"caption\":\"Try Experiment Execution to implement the experiment with your team.\"},{\"@type\":\"WebSite\",\"@id\":\"https:\/\/sales-ai-agents.com\/#website\",\"url\":\"https:\/\/sales-ai-agents.com\/\",\"name\":\"FuseBase\",\"description\":\"Nimbus Platform - Free Online Collaboration Software for Remote Teams. Build your wikis, client portals and more with the Nimbus Platform collaboration tool ? A perfect space for online work\",\"publisher\":{\"@id\":\"https:\/\/sales-ai-agents.com\/#organization\"},\"potentialAction\":[{\"@type\":\"SearchAction\",\"target\":{\"@type\":\"EntryPoint\",\"urlTemplate\":\"https:\/\/sales-ai-agents.com\/?s={search_term_string}\"},\"query-input\":{\"@type\":\"PropertyValueSpecification\",\"valueRequired\":true,\"valueName\":\"search_term_string\"}}],\"inLanguage\":\"de-DE\"},{\"@type\":\"Organization\",\"@id\":\"https:\/\/sales-ai-agents.com\/#organization\",\"name\":\"FuseBase\",\"url\":\"https:\/\/sales-ai-agents.com\/\",\"logo\":{\"@type\":\"ImageObject\",\"inLanguage\":\"de-DE\",\"@id\":\"https:\/\/sales-ai-agents.com\/#\/schema\/logo\/image\/\",\"url\":\"https:\/\/sales-ai-agents.com\/wp-content\/uploads\/2023\/11\/icon-7.svg\",\"contentUrl\":\"https:\/\/sales-ai-agents.com\/wp-content\/uploads\/2023\/11\/icon-7.svg\",\"width\":128,\"height\":128,\"caption\":\"FuseBase\"},\"image\":{\"@id\":\"https:\/\/sales-ai-agents.com\/#\/schema\/logo\/image\/\"}}]}<\/script>\n<!-- \/ Yoast SEO plugin. -->","yoast_head_json":{"title":"Wachstumsmarketing-Experiment Vorlage - Sales AI Agents","description":"Wenn Sie den \u00dcberblick \u00fcber Ihre Ideen behalten wollen, ist dies ein leicht auszuf\u00fcllendes Formular. Verwenden Sie diese Vorlage, um Growth-Hacking-Experimente f\u00fcr Ihr Unternehmen zu dokumentieren.","robots":{"index":"index","follow":"follow","max-snippet":"max-snippet:-1","max-image-preview":"max-image-preview:large","max-video-preview":"max-video-preview:-1"},"canonical":"https:\/\/sales-ai-agents.com\/de\/templates\/growth-marketing-experiment\/","og_locale":"de_DE","og_type":"article","og_title":"Wachstumsmarketing-Experiment Vorlage - Sales AI Agents","og_description":"Wenn Sie den \u00dcberblick \u00fcber Ihre Ideen behalten wollen, ist dies ein leicht auszuf\u00fcllendes Formular. Verwenden Sie diese Vorlage, um Growth-Hacking-Experimente f\u00fcr Ihr Unternehmen zu dokumentieren.","og_url":"https:\/\/sales-ai-agents.com\/de\/templates\/growth-marketing-experiment\/","og_site_name":"Sales AI Agents","article_modified_time":"2023-12-27T15:30:50+00:00","og_image":[{"width":1700,"height":1100,"url":"https:\/\/sales-ai-agents.com\/wp-content\/uploads\/2022\/09\/Growth-Marketing-Experiment-Template-1.png","type":"image\/png"}],"twitter_card":"summary_large_image","schema":{"@context":"https:\/\/schema.org","@graph":[{"@type":"WebPage","@id":"https:\/\/sales-ai-agents.com\/de\/templates\/growth-marketing-experiment\/","url":"https:\/\/sales-ai-agents.com\/de\/templates\/growth-marketing-experiment\/","name":"Wachstumsmarketing-Experiment Vorlage - Sales AI Agents","isPartOf":{"@id":"https:\/\/sales-ai-agents.com\/#website"},"primaryImageOfPage":{"@id":"https:\/\/sales-ai-agents.com\/de\/templates\/growth-marketing-experiment\/#primaryimage"},"image":{"@id":"https:\/\/sales-ai-agents.com\/de\/templates\/growth-marketing-experiment\/#primaryimage"},"thumbnailUrl":"https:\/\/sales-ai-agents.com\/wp-content\/uploads\/2022\/09\/Growth-Marketing-Experiment-Template-1.png","datePublished":"2022-09-26T12:16:01+00:00","dateModified":"2023-12-27T15:30:50+00:00","description":"Wenn Sie den \u00dcberblick \u00fcber Ihre Ideen behalten wollen, ist dies ein leicht auszuf\u00fcllendes Formular. Verwenden Sie diese Vorlage, um Growth-Hacking-Experimente f\u00fcr Ihr Unternehmen zu dokumentieren.","inLanguage":"de-DE","potentialAction":[{"@type":"ReadAction","target":["https:\/\/sales-ai-agents.com\/de\/templates\/growth-marketing-experiment\/"]}]},{"@type":"ImageObject","inLanguage":"de-DE","@id":"https:\/\/sales-ai-agents.com\/de\/templates\/growth-marketing-experiment\/#primaryimage","url":"https:\/\/sales-ai-agents.com\/wp-content\/uploads\/2022\/09\/Growth-Marketing-Experiment-Template-1.png","contentUrl":"https:\/\/sales-ai-agents.com\/wp-content\/uploads\/2022\/09\/Growth-Marketing-Experiment-Template-1.png","width":1700,"height":1100,"caption":"Try Experiment Execution to implement the experiment with your team."},{"@type":"WebSite","@id":"https:\/\/sales-ai-agents.com\/#website","url":"https:\/\/sales-ai-agents.com\/","name":"FuseBase","description":"Nimbus Platform - Free Online Collaboration Software for Remote Teams. Build your wikis, client portals and more with the Nimbus Platform collaboration tool ? A perfect space for online work","publisher":{"@id":"https:\/\/sales-ai-agents.com\/#organization"},"potentialAction":[{"@type":"SearchAction","target":{"@type":"EntryPoint","urlTemplate":"https:\/\/sales-ai-agents.com\/?s={search_term_string}"},"query-input":{"@type":"PropertyValueSpecification","valueRequired":true,"valueName":"search_term_string"}}],"inLanguage":"de-DE"},{"@type":"Organization","@id":"https:\/\/sales-ai-agents.com\/#organization","name":"FuseBase","url":"https:\/\/sales-ai-agents.com\/","logo":{"@type":"ImageObject","inLanguage":"de-DE","@id":"https:\/\/sales-ai-agents.com\/#\/schema\/logo\/image\/","url":"https:\/\/sales-ai-agents.com\/wp-content\/uploads\/2023\/11\/icon-7.svg","contentUrl":"https:\/\/sales-ai-agents.com\/wp-content\/uploads\/2023\/11\/icon-7.svg","width":128,"height":128,"caption":"FuseBase"},"image":{"@id":"https:\/\/sales-ai-agents.com\/#\/schema\/logo\/image\/"}}]}},"_links":{"self":[{"href":"https:\/\/sales-ai-agents.com\/de\/wp-json\/wp\/v2\/product\/57257","targetHints":{"allow":["GET"]}}],"collection":[{"href":"https:\/\/sales-ai-agents.com\/de\/wp-json\/wp\/v2\/product"}],"about":[{"href":"https:\/\/sales-ai-agents.com\/de\/wp-json\/wp\/v2\/types\/product"}],"wp:featuredmedia":[{"embeddable":true,"href":"https:\/\/sales-ai-agents.com\/de\/wp-json\/wp\/v2\/media\/34233"}],"wp:attachment":[{"href":"https:\/\/sales-ai-agents.com\/de\/wp-json\/wp\/v2\/media?parent=57257"}],"wp:term":[{"taxonomy":"product_brand","embeddable":true,"href":"https:\/\/sales-ai-agents.com\/de\/wp-json\/wp\/v2\/product_brand?post=57257"},{"taxonomy":"product_cat","embeddable":true,"href":"https:\/\/sales-ai-agents.com\/de\/wp-json\/wp\/v2\/product_cat?post=57257"},{"taxonomy":"product_tag","embeddable":true,"href":"https:\/\/sales-ai-agents.com\/de\/wp-json\/wp\/v2\/product_tag?post=57257"}],"curies":[{"name":"wp","href":"https:\/\/api.w.org\/{rel}","templated":true}]}}