{"id":57263,"date":"2022-09-26T12:15:53","date_gmt":"2022-09-26T12:15:53","guid":{"rendered":"https:\/\/sales-ai-agents.com\/templates\/project-management\/"},"modified":"2023-12-27T15:33:51","modified_gmt":"2023-12-27T15:33:51","slug":"project-management","status":"publish","type":"product","link":"https:\/\/sales-ai-agents.com\/de\/templates\/project-management\/","title":{"rendered":"Projektleitung"},"content":{"rendered":"<p>&nbsp;<\/p>\n<h2>Projektmanagement-Vorlage<\/h2>\n<p class=\"desc-text\">F\u00fcgen Sie Ihre Daten in diese Vorlage f\u00fcr Ihr n\u00e4chstes Projekt ein. Organisieren Sie Ihre Ziele, indem Sie Benchmarks f\u00fcr Ihre Arbeit auflisten. Stellen Sie die Probleme dar, die Sie zu l\u00f6sen versuchen, damit Ihr gesamtes Team mitmachen kann. F\u00fcgen Sie offene Fragen f\u00fcr weitere Diskussionen oder Untersuchungen ein.<\/p>\n<h5>Wie zu verwenden:<\/h5>\n<ul class=\"desc-item_list\">\n<li class=\"desc-item_list__point\">F\u00fcgen Sie alle relevanten Dokumente bei<\/li>\n<li class=\"desc-item_list__point\">Erl\u00e4utern Sie die Erfolgskriterien<\/li>\n<li class=\"desc-item_list__point\">Den Umfang des Projekts festlegen<\/li>\n<li class=\"desc-item_list__point\">Auf m\u00f6gliche Risiken hinweisen<\/li>\n<\/ul>\n","protected":false},"excerpt":{"rendered":"<p>Verwenden Sie diese kostenlose, anpassbare Vorlage, um Ihre Arbeit an Ihrem n\u00e4chsten Projekt zu organisieren. F\u00fcgen Sie Benchmarks, Umfang, Risiken und mehr hinzu, um Ihr Projekt erfolgreich zu machen.<\/p>\n","protected":false},"featured_media":20497,"template":"","meta":{"_acf_changed":false,"inline_featured_image":false},"product_brand":[],"product_cat":[186,191],"product_tag":[],"class_list":{"0":"post-57263","1":"product","2":"type-product","3":"status-publish","4":"has-post-thumbnail","6":"product_cat-product","7":"product_cat-project-management","9":"first","10":"instock","11":"virtual","12":"sold-individually","13":"product-type-simple"},"acf":[],"yoast_head":"<!-- This site is optimized with the Yoast SEO plugin v25.3.1 - https:\/\/yoast.com\/wordpress\/plugins\/seo\/ -->\n<title>Projektmanagement-Vorlage - Sales AI Agents<\/title>\n<meta name=\"description\" content=\"Verwenden Sie diese kostenlose, anpassbare Vorlage, um Ihre Arbeit an Ihrem n\u00e4chsten Projekt zu organisieren. F\u00fcgen Sie Benchmarks, Umfang, Risiken und mehr hinzu, um Ihr Projekt erfolgreich zu machen.\" \/>\n<meta name=\"robots\" content=\"index, follow, max-snippet:-1, max-image-preview:large, max-video-preview:-1\" \/>\n<link rel=\"canonical\" href=\"https:\/\/sales-ai-agents.com\/de\/templates\/project-management\/\" \/>\n<meta property=\"og:locale\" content=\"de_DE\" \/>\n<meta property=\"og:type\" content=\"article\" \/>\n<meta property=\"og:title\" content=\"Projektmanagement-Vorlage - Sales AI Agents\" \/>\n<meta property=\"og:description\" content=\"Verwenden Sie diese kostenlose, anpassbare Vorlage, um Ihre Arbeit an Ihrem n\u00e4chsten Projekt zu organisieren. F\u00fcgen Sie Benchmarks, Umfang, Risiken und mehr hinzu, um Ihr Projekt erfolgreich zu machen.\" \/>\n<meta property=\"og:url\" content=\"https:\/\/sales-ai-agents.com\/de\/templates\/project-management\/\" \/>\n<meta property=\"og:site_name\" content=\"Sales AI Agents\" \/>\n<meta property=\"article:modified_time\" content=\"2023-12-27T15:33:51+00:00\" \/>\n<meta property=\"og:image\" content=\"https:\/\/sales-ai-agents.com\/wp-content\/uploads\/2023\/01\/image-preview121035.png\" \/>\n\t<meta property=\"og:image:width\" content=\"1078\" \/>\n\t<meta property=\"og:image:height\" content=\"1600\" \/>\n\t<meta property=\"og:image:type\" content=\"image\/png\" \/>\n<meta name=\"twitter:card\" content=\"summary_large_image\" \/>\n<script type=\"application\/ld+json\" class=\"yoast-schema-graph\">{\"@context\":\"https:\/\/schema.org\",\"@graph\":[{\"@type\":\"WebPage\",\"@id\":\"https:\/\/sales-ai-agents.com\/de\/templates\/project-management\/\",\"url\":\"https:\/\/sales-ai-agents.com\/de\/templates\/project-management\/\",\"name\":\"Projektmanagement-Vorlage - Sales AI Agents\",\"isPartOf\":{\"@id\":\"https:\/\/sales-ai-agents.com\/#website\"},\"primaryImageOfPage\":{\"@id\":\"https:\/\/sales-ai-agents.com\/de\/templates\/project-management\/#primaryimage\"},\"image\":{\"@id\":\"https:\/\/sales-ai-agents.com\/de\/templates\/project-management\/#primaryimage\"},\"thumbnailUrl\":\"https:\/\/sales-ai-agents.com\/wp-content\/uploads\/2023\/01\/image-preview121035.png\",\"datePublished\":\"2022-09-26T12:15:53+00:00\",\"dateModified\":\"2023-12-27T15:33:51+00:00\",\"description\":\"Verwenden Sie diese kostenlose, anpassbare Vorlage, um Ihre Arbeit an Ihrem n\u00e4chsten Projekt zu organisieren. F\u00fcgen Sie Benchmarks, Umfang, Risiken und mehr hinzu, um Ihr Projekt erfolgreich zu machen.\",\"inLanguage\":\"de-DE\",\"potentialAction\":[{\"@type\":\"ReadAction\",\"target\":[\"https:\/\/sales-ai-agents.com\/de\/templates\/project-management\/\"]}]},{\"@type\":\"ImageObject\",\"inLanguage\":\"de-DE\",\"@id\":\"https:\/\/sales-ai-agents.com\/de\/templates\/project-management\/#primaryimage\",\"url\":\"https:\/\/sales-ai-agents.com\/wp-content\/uploads\/2023\/01\/image-preview121035.png\",\"contentUrl\":\"https:\/\/sales-ai-agents.com\/wp-content\/uploads\/2023\/01\/image-preview121035.png\",\"width\":1078,\"height\":1600},{\"@type\":\"WebSite\",\"@id\":\"https:\/\/sales-ai-agents.com\/#website\",\"url\":\"https:\/\/sales-ai-agents.com\/\",\"name\":\"FuseBase\",\"description\":\"Nimbus Platform - Free Online Collaboration Software for Remote Teams. Build your wikis, client portals and more with the Nimbus Platform collaboration tool ? A perfect space for online work\",\"publisher\":{\"@id\":\"https:\/\/sales-ai-agents.com\/#organization\"},\"potentialAction\":[{\"@type\":\"SearchAction\",\"target\":{\"@type\":\"EntryPoint\",\"urlTemplate\":\"https:\/\/sales-ai-agents.com\/?s={search_term_string}\"},\"query-input\":{\"@type\":\"PropertyValueSpecification\",\"valueRequired\":true,\"valueName\":\"search_term_string\"}}],\"inLanguage\":\"de-DE\"},{\"@type\":\"Organization\",\"@id\":\"https:\/\/sales-ai-agents.com\/#organization\",\"name\":\"FuseBase\",\"url\":\"https:\/\/sales-ai-agents.com\/\",\"logo\":{\"@type\":\"ImageObject\",\"inLanguage\":\"de-DE\",\"@id\":\"https:\/\/sales-ai-agents.com\/#\/schema\/logo\/image\/\",\"url\":\"https:\/\/sales-ai-agents.com\/wp-content\/uploads\/2023\/11\/icon-7.svg\",\"contentUrl\":\"https:\/\/sales-ai-agents.com\/wp-content\/uploads\/2023\/11\/icon-7.svg\",\"width\":128,\"height\":128,\"caption\":\"FuseBase\"},\"image\":{\"@id\":\"https:\/\/sales-ai-agents.com\/#\/schema\/logo\/image\/\"}}]}<\/script>\n<!-- \/ Yoast SEO plugin. -->","yoast_head_json":{"title":"Projektmanagement-Vorlage - Sales AI Agents","description":"Verwenden Sie diese kostenlose, anpassbare Vorlage, um Ihre Arbeit an Ihrem n\u00e4chsten Projekt zu organisieren. F\u00fcgen Sie Benchmarks, Umfang, Risiken und mehr hinzu, um Ihr Projekt erfolgreich zu machen.","robots":{"index":"index","follow":"follow","max-snippet":"max-snippet:-1","max-image-preview":"max-image-preview:large","max-video-preview":"max-video-preview:-1"},"canonical":"https:\/\/sales-ai-agents.com\/de\/templates\/project-management\/","og_locale":"de_DE","og_type":"article","og_title":"Projektmanagement-Vorlage - Sales AI Agents","og_description":"Verwenden Sie diese kostenlose, anpassbare Vorlage, um Ihre Arbeit an Ihrem n\u00e4chsten Projekt zu organisieren. F\u00fcgen Sie Benchmarks, Umfang, Risiken und mehr hinzu, um Ihr Projekt erfolgreich zu machen.","og_url":"https:\/\/sales-ai-agents.com\/de\/templates\/project-management\/","og_site_name":"Sales AI Agents","article_modified_time":"2023-12-27T15:33:51+00:00","og_image":[{"width":1078,"height":1600,"url":"https:\/\/sales-ai-agents.com\/wp-content\/uploads\/2023\/01\/image-preview121035.png","type":"image\/png"}],"twitter_card":"summary_large_image","schema":{"@context":"https:\/\/schema.org","@graph":[{"@type":"WebPage","@id":"https:\/\/sales-ai-agents.com\/de\/templates\/project-management\/","url":"https:\/\/sales-ai-agents.com\/de\/templates\/project-management\/","name":"Projektmanagement-Vorlage - Sales AI Agents","isPartOf":{"@id":"https:\/\/sales-ai-agents.com\/#website"},"primaryImageOfPage":{"@id":"https:\/\/sales-ai-agents.com\/de\/templates\/project-management\/#primaryimage"},"image":{"@id":"https:\/\/sales-ai-agents.com\/de\/templates\/project-management\/#primaryimage"},"thumbnailUrl":"https:\/\/sales-ai-agents.com\/wp-content\/uploads\/2023\/01\/image-preview121035.png","datePublished":"2022-09-26T12:15:53+00:00","dateModified":"2023-12-27T15:33:51+00:00","description":"Verwenden Sie diese kostenlose, anpassbare Vorlage, um Ihre Arbeit an Ihrem n\u00e4chsten Projekt zu organisieren. F\u00fcgen Sie Benchmarks, Umfang, Risiken und mehr hinzu, um Ihr Projekt erfolgreich zu machen.","inLanguage":"de-DE","potentialAction":[{"@type":"ReadAction","target":["https:\/\/sales-ai-agents.com\/de\/templates\/project-management\/"]}]},{"@type":"ImageObject","inLanguage":"de-DE","@id":"https:\/\/sales-ai-agents.com\/de\/templates\/project-management\/#primaryimage","url":"https:\/\/sales-ai-agents.com\/wp-content\/uploads\/2023\/01\/image-preview121035.png","contentUrl":"https:\/\/sales-ai-agents.com\/wp-content\/uploads\/2023\/01\/image-preview121035.png","width":1078,"height":1600},{"@type":"WebSite","@id":"https:\/\/sales-ai-agents.com\/#website","url":"https:\/\/sales-ai-agents.com\/","name":"FuseBase","description":"Nimbus Platform - Free Online Collaboration Software for Remote Teams. Build your wikis, client portals and more with the Nimbus Platform collaboration tool ? A perfect space for online work","publisher":{"@id":"https:\/\/sales-ai-agents.com\/#organization"},"potentialAction":[{"@type":"SearchAction","target":{"@type":"EntryPoint","urlTemplate":"https:\/\/sales-ai-agents.com\/?s={search_term_string}"},"query-input":{"@type":"PropertyValueSpecification","valueRequired":true,"valueName":"search_term_string"}}],"inLanguage":"de-DE"},{"@type":"Organization","@id":"https:\/\/sales-ai-agents.com\/#organization","name":"FuseBase","url":"https:\/\/sales-ai-agents.com\/","logo":{"@type":"ImageObject","inLanguage":"de-DE","@id":"https:\/\/sales-ai-agents.com\/#\/schema\/logo\/image\/","url":"https:\/\/sales-ai-agents.com\/wp-content\/uploads\/2023\/11\/icon-7.svg","contentUrl":"https:\/\/sales-ai-agents.com\/wp-content\/uploads\/2023\/11\/icon-7.svg","width":128,"height":128,"caption":"FuseBase"},"image":{"@id":"https:\/\/sales-ai-agents.com\/#\/schema\/logo\/image\/"}}]}},"_links":{"self":[{"href":"https:\/\/sales-ai-agents.com\/de\/wp-json\/wp\/v2\/product\/57263","targetHints":{"allow":["GET"]}}],"collection":[{"href":"https:\/\/sales-ai-agents.com\/de\/wp-json\/wp\/v2\/product"}],"about":[{"href":"https:\/\/sales-ai-agents.com\/de\/wp-json\/wp\/v2\/types\/product"}],"wp:featuredmedia":[{"embeddable":true,"href":"https:\/\/sales-ai-agents.com\/de\/wp-json\/wp\/v2\/media\/20497"}],"wp:attachment":[{"href":"https:\/\/sales-ai-agents.com\/de\/wp-json\/wp\/v2\/media?parent=57263"}],"wp:term":[{"taxonomy":"product_brand","embeddable":true,"href":"https:\/\/sales-ai-agents.com\/de\/wp-json\/wp\/v2\/product_brand?post=57263"},{"taxonomy":"product_cat","embeddable":true,"href":"https:\/\/sales-ai-agents.com\/de\/wp-json\/wp\/v2\/product_cat?post=57263"},{"taxonomy":"product_tag","embeddable":true,"href":"https:\/\/sales-ai-agents.com\/de\/wp-json\/wp\/v2\/product_tag?post=57263"}],"curies":[{"name":"wp","href":"https:\/\/api.w.org\/{rel}","templated":true}]}}