{"id":57272,"date":"2022-09-26T12:15:33","date_gmt":"2022-09-26T12:15:33","guid":{"rendered":"https:\/\/sales-ai-agents.com\/templates\/conference-scheduling\/"},"modified":"2023-12-26T21:13:51","modified_gmt":"2023-12-26T21:13:51","slug":"conference-scheduling","status":"publish","type":"product","link":"https:\/\/sales-ai-agents.com\/de\/templates\/conference-scheduling\/","title":{"rendered":"Konferenz-Planung"},"content":{"rendered":"<p>&nbsp;<\/p>\n<h2>Vorlage f\u00fcr die Konferenzplanung<\/h2>\n<p class=\"desc-text\">Unser Konferenzplan ist eine einfache Kalkulationstabelle, die als n\u00fctzliches Werkzeug f\u00fcr die Erstellung eines organisierten Sitzungsplans dient, der an Mitarbeiter und Teilnehmer weitergegeben werden kann. Sie k\u00f6nnen diese Vorlage f\u00fcr eint\u00e4gige oder mehrt\u00e4gige Veranstaltungen oder f\u00fcr Konferenzen mit mehreren Rednern, die in verschiedenen R\u00e4umen vortragen werden, verwenden.<\/p>\n<h5>Wie zu verwenden:<\/h5>\n<ul class=\"desc-item_list\">\n<li class=\"desc-item_list__point\">Teilen Sie die erste Spalte in geeignete Zeitintervalle ein.<\/li>\n<li class=\"desc-item_list__point\">F\u00fcgen Sie Ereignisdaten in andere Spalten ein.<\/li>\n<li class=\"desc-item_list__point\">Geben Sie die geplanten Konferenzereignisse an Schnittpunkten von Daten und Zeiten an.<\/li>\n<\/ul>\n","protected":false},"excerpt":{"rendered":"<p>Verwenden Sie diese kostenlose, anpassbare Vorlage f\u00fcr eint\u00e4gige oder mehrt\u00e4gige Veranstaltungen oder f\u00fcr Konferenzen mit mehreren Rednern, die in verschiedenen R\u00e4umen pr\u00e4sentieren werden.<\/p>\n","protected":false},"featured_media":27132,"template":"","meta":{"_acf_changed":false,"inline_featured_image":false},"product_brand":[],"product_cat":[177,179,180,185],"product_tag":[],"class_list":{"0":"post-57272","1":"product","2":"type-product","3":"status-publish","4":"has-post-thumbnail","6":"product_cat-meeting","7":"product_cat-organizers-planners","8":"product_cat-personal","9":"product_cat-personal-work","11":"first","12":"instock","13":"virtual","14":"sold-individually","15":"product-type-simple"},"acf":[],"yoast_head":"<!-- This site is optimized with the Yoast SEO plugin v25.3.1 - https:\/\/yoast.com\/wordpress\/plugins\/seo\/ -->\n<title>Vorlage f\u00fcr den Konferenzplan - Sales AI Agents<\/title>\n<meta name=\"description\" content=\"Verwenden Sie diese kostenlos anpassbare Vorlage f\u00fcr ein- oder mehrt\u00e4gige Veranstaltungen oder f\u00fcr Konferenzen mit mehreren Rednern, die in verschiedenen R\u00e4umen pr\u00e4sentieren\" \/>\n<meta name=\"robots\" content=\"index, follow, max-snippet:-1, max-image-preview:large, max-video-preview:-1\" \/>\n<link rel=\"canonical\" href=\"https:\/\/sales-ai-agents.com\/de\/templates\/conference-scheduling\/\" \/>\n<meta property=\"og:locale\" content=\"de_DE\" \/>\n<meta property=\"og:type\" content=\"article\" \/>\n<meta property=\"og:title\" content=\"Vorlage f\u00fcr den Konferenzplan - Sales AI Agents\" \/>\n<meta property=\"og:description\" content=\"Verwenden Sie diese kostenlos anpassbare Vorlage f\u00fcr ein- oder mehrt\u00e4gige Veranstaltungen oder f\u00fcr Konferenzen mit mehreren Rednern, die in verschiedenen R\u00e4umen pr\u00e4sentieren\" \/>\n<meta property=\"og:url\" content=\"https:\/\/sales-ai-agents.com\/de\/templates\/conference-scheduling\/\" \/>\n<meta property=\"og:site_name\" content=\"Sales AI Agents\" \/>\n<meta property=\"article:modified_time\" content=\"2023-12-26T21:13:51+00:00\" \/>\n<meta property=\"og:image\" content=\"https:\/\/sales-ai-agents.com\/wp-content\/uploads\/2022\/09\/Conference-Scheduling-Template.png\" \/>\n\t<meta property=\"og:image:width\" content=\"1700\" \/>\n\t<meta property=\"og:image:height\" content=\"1100\" \/>\n\t<meta property=\"og:image:type\" content=\"image\/png\" \/>\n<meta name=\"twitter:card\" content=\"summary_large_image\" \/>\n<script type=\"application\/ld+json\" class=\"yoast-schema-graph\">{\"@context\":\"https:\/\/schema.org\",\"@graph\":[{\"@type\":\"WebPage\",\"@id\":\"https:\/\/sales-ai-agents.com\/de\/templates\/conference-scheduling\/\",\"url\":\"https:\/\/sales-ai-agents.com\/de\/templates\/conference-scheduling\/\",\"name\":\"Vorlage f\u00fcr den Konferenzplan - Sales AI Agents\",\"isPartOf\":{\"@id\":\"https:\/\/sales-ai-agents.com\/#website\"},\"primaryImageOfPage\":{\"@id\":\"https:\/\/sales-ai-agents.com\/de\/templates\/conference-scheduling\/#primaryimage\"},\"image\":{\"@id\":\"https:\/\/sales-ai-agents.com\/de\/templates\/conference-scheduling\/#primaryimage\"},\"thumbnailUrl\":\"https:\/\/sales-ai-agents.com\/wp-content\/uploads\/2022\/09\/Conference-Scheduling-Template.png\",\"datePublished\":\"2022-09-26T12:15:33+00:00\",\"dateModified\":\"2023-12-26T21:13:51+00:00\",\"description\":\"Verwenden Sie diese kostenlos anpassbare Vorlage f\u00fcr ein- oder mehrt\u00e4gige Veranstaltungen oder f\u00fcr Konferenzen mit mehreren Rednern, die in verschiedenen R\u00e4umen pr\u00e4sentieren\",\"inLanguage\":\"de-DE\",\"potentialAction\":[{\"@type\":\"ReadAction\",\"target\":[\"https:\/\/sales-ai-agents.com\/de\/templates\/conference-scheduling\/\"]}]},{\"@type\":\"ImageObject\",\"inLanguage\":\"de-DE\",\"@id\":\"https:\/\/sales-ai-agents.com\/de\/templates\/conference-scheduling\/#primaryimage\",\"url\":\"https:\/\/sales-ai-agents.com\/wp-content\/uploads\/2022\/09\/Conference-Scheduling-Template.png\",\"contentUrl\":\"https:\/\/sales-ai-agents.com\/wp-content\/uploads\/2022\/09\/Conference-Scheduling-Template.png\",\"width\":1700,\"height\":1100,\"caption\":\"Use this free customizable template for one-day or multi-day events, or for conferences with several speakers who will be presenting in different rooms.\"},{\"@type\":\"WebSite\",\"@id\":\"https:\/\/sales-ai-agents.com\/#website\",\"url\":\"https:\/\/sales-ai-agents.com\/\",\"name\":\"FuseBase\",\"description\":\"Nimbus Platform - Free Online Collaboration Software for Remote Teams. Build your wikis, client portals and more with the Nimbus Platform collaboration tool ? A perfect space for online work\",\"publisher\":{\"@id\":\"https:\/\/sales-ai-agents.com\/#organization\"},\"potentialAction\":[{\"@type\":\"SearchAction\",\"target\":{\"@type\":\"EntryPoint\",\"urlTemplate\":\"https:\/\/sales-ai-agents.com\/?s={search_term_string}\"},\"query-input\":{\"@type\":\"PropertyValueSpecification\",\"valueRequired\":true,\"valueName\":\"search_term_string\"}}],\"inLanguage\":\"de-DE\"},{\"@type\":\"Organization\",\"@id\":\"https:\/\/sales-ai-agents.com\/#organization\",\"name\":\"FuseBase\",\"url\":\"https:\/\/sales-ai-agents.com\/\",\"logo\":{\"@type\":\"ImageObject\",\"inLanguage\":\"de-DE\",\"@id\":\"https:\/\/sales-ai-agents.com\/#\/schema\/logo\/image\/\",\"url\":\"https:\/\/sales-ai-agents.com\/wp-content\/uploads\/2023\/11\/icon-7.svg\",\"contentUrl\":\"https:\/\/sales-ai-agents.com\/wp-content\/uploads\/2023\/11\/icon-7.svg\",\"width\":128,\"height\":128,\"caption\":\"FuseBase\"},\"image\":{\"@id\":\"https:\/\/sales-ai-agents.com\/#\/schema\/logo\/image\/\"}}]}<\/script>\n<!-- \/ Yoast SEO plugin. -->","yoast_head_json":{"title":"Vorlage f\u00fcr den Konferenzplan - Sales AI Agents","description":"Verwenden Sie diese kostenlos anpassbare Vorlage f\u00fcr ein- oder mehrt\u00e4gige Veranstaltungen oder f\u00fcr Konferenzen mit mehreren Rednern, die in verschiedenen R\u00e4umen pr\u00e4sentieren","robots":{"index":"index","follow":"follow","max-snippet":"max-snippet:-1","max-image-preview":"max-image-preview:large","max-video-preview":"max-video-preview:-1"},"canonical":"https:\/\/sales-ai-agents.com\/de\/templates\/conference-scheduling\/","og_locale":"de_DE","og_type":"article","og_title":"Vorlage f\u00fcr den Konferenzplan - Sales AI Agents","og_description":"Verwenden Sie diese kostenlos anpassbare Vorlage f\u00fcr ein- oder mehrt\u00e4gige Veranstaltungen oder f\u00fcr Konferenzen mit mehreren Rednern, die in verschiedenen R\u00e4umen pr\u00e4sentieren","og_url":"https:\/\/sales-ai-agents.com\/de\/templates\/conference-scheduling\/","og_site_name":"Sales AI Agents","article_modified_time":"2023-12-26T21:13:51+00:00","og_image":[{"width":1700,"height":1100,"url":"https:\/\/sales-ai-agents.com\/wp-content\/uploads\/2022\/09\/Conference-Scheduling-Template.png","type":"image\/png"}],"twitter_card":"summary_large_image","schema":{"@context":"https:\/\/schema.org","@graph":[{"@type":"WebPage","@id":"https:\/\/sales-ai-agents.com\/de\/templates\/conference-scheduling\/","url":"https:\/\/sales-ai-agents.com\/de\/templates\/conference-scheduling\/","name":"Vorlage f\u00fcr den Konferenzplan - Sales AI Agents","isPartOf":{"@id":"https:\/\/sales-ai-agents.com\/#website"},"primaryImageOfPage":{"@id":"https:\/\/sales-ai-agents.com\/de\/templates\/conference-scheduling\/#primaryimage"},"image":{"@id":"https:\/\/sales-ai-agents.com\/de\/templates\/conference-scheduling\/#primaryimage"},"thumbnailUrl":"https:\/\/sales-ai-agents.com\/wp-content\/uploads\/2022\/09\/Conference-Scheduling-Template.png","datePublished":"2022-09-26T12:15:33+00:00","dateModified":"2023-12-26T21:13:51+00:00","description":"Verwenden Sie diese kostenlos anpassbare Vorlage f\u00fcr ein- oder mehrt\u00e4gige Veranstaltungen oder f\u00fcr Konferenzen mit mehreren Rednern, die in verschiedenen R\u00e4umen pr\u00e4sentieren","inLanguage":"de-DE","potentialAction":[{"@type":"ReadAction","target":["https:\/\/sales-ai-agents.com\/de\/templates\/conference-scheduling\/"]}]},{"@type":"ImageObject","inLanguage":"de-DE","@id":"https:\/\/sales-ai-agents.com\/de\/templates\/conference-scheduling\/#primaryimage","url":"https:\/\/sales-ai-agents.com\/wp-content\/uploads\/2022\/09\/Conference-Scheduling-Template.png","contentUrl":"https:\/\/sales-ai-agents.com\/wp-content\/uploads\/2022\/09\/Conference-Scheduling-Template.png","width":1700,"height":1100,"caption":"Use this free customizable template for one-day or multi-day events, or for conferences with several speakers who will be presenting in different rooms."},{"@type":"WebSite","@id":"https:\/\/sales-ai-agents.com\/#website","url":"https:\/\/sales-ai-agents.com\/","name":"FuseBase","description":"Nimbus Platform - Free Online Collaboration Software for Remote Teams. Build your wikis, client portals and more with the Nimbus Platform collaboration tool ? A perfect space for online work","publisher":{"@id":"https:\/\/sales-ai-agents.com\/#organization"},"potentialAction":[{"@type":"SearchAction","target":{"@type":"EntryPoint","urlTemplate":"https:\/\/sales-ai-agents.com\/?s={search_term_string}"},"query-input":{"@type":"PropertyValueSpecification","valueRequired":true,"valueName":"search_term_string"}}],"inLanguage":"de-DE"},{"@type":"Organization","@id":"https:\/\/sales-ai-agents.com\/#organization","name":"FuseBase","url":"https:\/\/sales-ai-agents.com\/","logo":{"@type":"ImageObject","inLanguage":"de-DE","@id":"https:\/\/sales-ai-agents.com\/#\/schema\/logo\/image\/","url":"https:\/\/sales-ai-agents.com\/wp-content\/uploads\/2023\/11\/icon-7.svg","contentUrl":"https:\/\/sales-ai-agents.com\/wp-content\/uploads\/2023\/11\/icon-7.svg","width":128,"height":128,"caption":"FuseBase"},"image":{"@id":"https:\/\/sales-ai-agents.com\/#\/schema\/logo\/image\/"}}]}},"_links":{"self":[{"href":"https:\/\/sales-ai-agents.com\/de\/wp-json\/wp\/v2\/product\/57272","targetHints":{"allow":["GET"]}}],"collection":[{"href":"https:\/\/sales-ai-agents.com\/de\/wp-json\/wp\/v2\/product"}],"about":[{"href":"https:\/\/sales-ai-agents.com\/de\/wp-json\/wp\/v2\/types\/product"}],"wp:featuredmedia":[{"embeddable":true,"href":"https:\/\/sales-ai-agents.com\/de\/wp-json\/wp\/v2\/media\/27132"}],"wp:attachment":[{"href":"https:\/\/sales-ai-agents.com\/de\/wp-json\/wp\/v2\/media?parent=57272"}],"wp:term":[{"taxonomy":"product_brand","embeddable":true,"href":"https:\/\/sales-ai-agents.com\/de\/wp-json\/wp\/v2\/product_brand?post=57272"},{"taxonomy":"product_cat","embeddable":true,"href":"https:\/\/sales-ai-agents.com\/de\/wp-json\/wp\/v2\/product_cat?post=57272"},{"taxonomy":"product_tag","embeddable":true,"href":"https:\/\/sales-ai-agents.com\/de\/wp-json\/wp\/v2\/product_tag?post=57272"}],"curies":[{"name":"wp","href":"https:\/\/api.w.org\/{rel}","templated":true}]}}