{"id":57278,"date":"2022-09-26T12:15:30","date_gmt":"2022-09-26T12:15:30","guid":{"rendered":"https:\/\/sales-ai-agents.com\/templates\/new-employee-onboarding-template\/"},"modified":"2023-10-06T17:49:07","modified_gmt":"2023-10-06T17:49:07","slug":"new-employee-onboarding-template","status":"publish","type":"product","link":"https:\/\/sales-ai-agents.com\/de\/templates\/new-employee-onboarding-template\/","title":{"rendered":"Mitarbeiter-Onboarding"},"content":{"rendered":"<h2>Mitarbeiter Onboarding Vorlage<\/h2>\n<p class=\"desc-text\">Der Eintritt in ein neues Unternehmen kann f\u00fcr einen neuen Mitarbeiter \u00fcberw\u00e4ltigend sein. Mit dieser Vorlage k\u00f6nnen Sie eine Checkliste f\u00fcr Ihren neuen Mitarbeiter erstellen. So k\u00f6nnen Sie auf einfache Weise sicherstellen, dass sie alle Werkzeuge und Ressourcen zur Verf\u00fcgung haben. Organisieren Sie den Einf\u00fchrungsprozess so, dass sich Ihr neuer Mitarbeiter leicht einleben kann.<\/p>\n<h5>Wie zu verwenden:<\/h5>\n<ul class=\"desc-item_list\">\n<li class=\"desc-item_list__point\">Geben Sie die Abteilung und das Anfangsdatum des neuen Mitarbeiters an.<\/li>\n<li class=\"desc-item_list__point\">F\u00fcgen Sie ein Foto an und f\u00fcgen Sie <span data-preserver-spaces=\"true\">den <\/span>Onboarding-Status <span data-preserver-spaces=\"true\">des Mitarbeiters <\/span>hinzu<\/li>\n<li class=\"desc-item_list__point\">Liste der wichtigsten ben\u00f6tigten Gegenst\u00e4nde<\/li>\n<li class=\"desc-item_list__point\">Wichtige Konten und Ressourcen hinzuf\u00fcgen<\/li>\n<\/ul>\n","protected":false},"excerpt":{"rendered":"<p>Der Eintritt in ein neues Unternehmen kann f\u00fcr einen neuen Mitarbeiter \u00fcberw\u00e4ltigend sein. Mit dieser kostenlos anpassbaren Vorlage k\u00f6nnen Sie eine Checkliste f\u00fcr Ihren neuen Mitarbeiter erstellen.<\/p>\n","protected":false},"featured_media":33986,"template":"","meta":{"_acf_changed":false,"inline_featured_image":false},"product_brand":[],"product_cat":[178],"product_tag":[],"class_list":{"0":"post-57278","1":"product","2":"type-product","3":"status-publish","4":"has-post-thumbnail","6":"product_cat-operations-hr","8":"first","9":"instock","10":"virtual","11":"sold-individually","12":"product-type-simple"},"acf":[],"yoast_head":"<!-- This site is optimized with the Yoast SEO plugin v25.3.1 - https:\/\/yoast.com\/wordpress\/plugins\/seo\/ -->\n<title>Mitarbeiter-Onboarding Vorlage - Sales AI Agents<\/title>\n<meta name=\"description\" content=\"Der Eintritt in ein neues Unternehmen kann f\u00fcr einen neuen Mitarbeiter \u00fcberw\u00e4ltigend sein. Mit dieser kostenlos anpassbaren Vorlage k\u00f6nnen Sie eine Checkliste f\u00fcr Ihren neuen Mitarbeiter erstellen.\" \/>\n<meta name=\"robots\" content=\"index, follow, max-snippet:-1, max-image-preview:large, max-video-preview:-1\" \/>\n<link rel=\"canonical\" href=\"https:\/\/sales-ai-agents.com\/de\/templates\/new-employee-onboarding-template\/\" \/>\n<meta property=\"og:locale\" content=\"de_DE\" \/>\n<meta property=\"og:type\" content=\"article\" \/>\n<meta property=\"og:title\" content=\"Mitarbeiter-Onboarding Vorlage - Sales AI Agents\" \/>\n<meta property=\"og:description\" content=\"Der Eintritt in ein neues Unternehmen kann f\u00fcr einen neuen Mitarbeiter \u00fcberw\u00e4ltigend sein. Mit dieser kostenlos anpassbaren Vorlage k\u00f6nnen Sie eine Checkliste f\u00fcr Ihren neuen Mitarbeiter erstellen.\" \/>\n<meta property=\"og:url\" content=\"https:\/\/sales-ai-agents.com\/de\/templates\/new-employee-onboarding-template\/\" \/>\n<meta property=\"og:site_name\" content=\"Sales AI Agents\" \/>\n<meta property=\"article:modified_time\" content=\"2023-10-06T17:49:07+00:00\" \/>\n<meta property=\"og:image\" content=\"https:\/\/sales-ai-agents.com\/wp-content\/uploads\/2022\/09\/Employee-Onboarding-Template.png\" \/>\n\t<meta property=\"og:image:width\" content=\"1700\" \/>\n\t<meta property=\"og:image:height\" content=\"1100\" \/>\n\t<meta property=\"og:image:type\" content=\"image\/png\" \/>\n<meta name=\"twitter:card\" content=\"summary_large_image\" \/>\n<script type=\"application\/ld+json\" class=\"yoast-schema-graph\">{\"@context\":\"https:\/\/schema.org\",\"@graph\":[{\"@type\":\"WebPage\",\"@id\":\"https:\/\/sales-ai-agents.com\/de\/templates\/new-employee-onboarding-template\/\",\"url\":\"https:\/\/sales-ai-agents.com\/de\/templates\/new-employee-onboarding-template\/\",\"name\":\"Mitarbeiter-Onboarding Vorlage - Sales AI Agents\",\"isPartOf\":{\"@id\":\"https:\/\/sales-ai-agents.com\/#website\"},\"primaryImageOfPage\":{\"@id\":\"https:\/\/sales-ai-agents.com\/de\/templates\/new-employee-onboarding-template\/#primaryimage\"},\"image\":{\"@id\":\"https:\/\/sales-ai-agents.com\/de\/templates\/new-employee-onboarding-template\/#primaryimage\"},\"thumbnailUrl\":\"https:\/\/sales-ai-agents.com\/wp-content\/uploads\/2022\/09\/Employee-Onboarding-Template.png\",\"datePublished\":\"2022-09-26T12:15:30+00:00\",\"dateModified\":\"2023-10-06T17:49:07+00:00\",\"description\":\"Der Eintritt in ein neues Unternehmen kann f\u00fcr einen neuen Mitarbeiter \u00fcberw\u00e4ltigend sein. Mit dieser kostenlos anpassbaren Vorlage k\u00f6nnen Sie eine Checkliste f\u00fcr Ihren neuen Mitarbeiter erstellen.\",\"inLanguage\":\"de-DE\",\"potentialAction\":[{\"@type\":\"ReadAction\",\"target\":[\"https:\/\/sales-ai-agents.com\/de\/templates\/new-employee-onboarding-template\/\"]}]},{\"@type\":\"ImageObject\",\"inLanguage\":\"de-DE\",\"@id\":\"https:\/\/sales-ai-agents.com\/de\/templates\/new-employee-onboarding-template\/#primaryimage\",\"url\":\"https:\/\/sales-ai-agents.com\/wp-content\/uploads\/2022\/09\/Employee-Onboarding-Template.png\",\"contentUrl\":\"https:\/\/sales-ai-agents.com\/wp-content\/uploads\/2022\/09\/Employee-Onboarding-Template.png\",\"width\":1700,\"height\":1100,\"caption\":\"Employee Onboarding Template - Nimbus Platform\"},{\"@type\":\"WebSite\",\"@id\":\"https:\/\/sales-ai-agents.com\/#website\",\"url\":\"https:\/\/sales-ai-agents.com\/\",\"name\":\"FuseBase\",\"description\":\"Nimbus Platform - Free Online Collaboration Software for Remote Teams. Build your wikis, client portals and more with the Nimbus Platform collaboration tool ? A perfect space for online work\",\"publisher\":{\"@id\":\"https:\/\/sales-ai-agents.com\/#organization\"},\"potentialAction\":[{\"@type\":\"SearchAction\",\"target\":{\"@type\":\"EntryPoint\",\"urlTemplate\":\"https:\/\/sales-ai-agents.com\/?s={search_term_string}\"},\"query-input\":{\"@type\":\"PropertyValueSpecification\",\"valueRequired\":true,\"valueName\":\"search_term_string\"}}],\"inLanguage\":\"de-DE\"},{\"@type\":\"Organization\",\"@id\":\"https:\/\/sales-ai-agents.com\/#organization\",\"name\":\"FuseBase\",\"url\":\"https:\/\/sales-ai-agents.com\/\",\"logo\":{\"@type\":\"ImageObject\",\"inLanguage\":\"de-DE\",\"@id\":\"https:\/\/sales-ai-agents.com\/#\/schema\/logo\/image\/\",\"url\":\"https:\/\/sales-ai-agents.com\/wp-content\/uploads\/2023\/11\/icon-7.svg\",\"contentUrl\":\"https:\/\/sales-ai-agents.com\/wp-content\/uploads\/2023\/11\/icon-7.svg\",\"width\":128,\"height\":128,\"caption\":\"FuseBase\"},\"image\":{\"@id\":\"https:\/\/sales-ai-agents.com\/#\/schema\/logo\/image\/\"}}]}<\/script>\n<!-- \/ Yoast SEO plugin. -->","yoast_head_json":{"title":"Mitarbeiter-Onboarding Vorlage - Sales AI Agents","description":"Der Eintritt in ein neues Unternehmen kann f\u00fcr einen neuen Mitarbeiter \u00fcberw\u00e4ltigend sein. Mit dieser kostenlos anpassbaren Vorlage k\u00f6nnen Sie eine Checkliste f\u00fcr Ihren neuen Mitarbeiter erstellen.","robots":{"index":"index","follow":"follow","max-snippet":"max-snippet:-1","max-image-preview":"max-image-preview:large","max-video-preview":"max-video-preview:-1"},"canonical":"https:\/\/sales-ai-agents.com\/de\/templates\/new-employee-onboarding-template\/","og_locale":"de_DE","og_type":"article","og_title":"Mitarbeiter-Onboarding Vorlage - Sales AI Agents","og_description":"Der Eintritt in ein neues Unternehmen kann f\u00fcr einen neuen Mitarbeiter \u00fcberw\u00e4ltigend sein. Mit dieser kostenlos anpassbaren Vorlage k\u00f6nnen Sie eine Checkliste f\u00fcr Ihren neuen Mitarbeiter erstellen.","og_url":"https:\/\/sales-ai-agents.com\/de\/templates\/new-employee-onboarding-template\/","og_site_name":"Sales AI Agents","article_modified_time":"2023-10-06T17:49:07+00:00","og_image":[{"width":1700,"height":1100,"url":"https:\/\/sales-ai-agents.com\/wp-content\/uploads\/2022\/09\/Employee-Onboarding-Template.png","type":"image\/png"}],"twitter_card":"summary_large_image","schema":{"@context":"https:\/\/schema.org","@graph":[{"@type":"WebPage","@id":"https:\/\/sales-ai-agents.com\/de\/templates\/new-employee-onboarding-template\/","url":"https:\/\/sales-ai-agents.com\/de\/templates\/new-employee-onboarding-template\/","name":"Mitarbeiter-Onboarding Vorlage - Sales AI Agents","isPartOf":{"@id":"https:\/\/sales-ai-agents.com\/#website"},"primaryImageOfPage":{"@id":"https:\/\/sales-ai-agents.com\/de\/templates\/new-employee-onboarding-template\/#primaryimage"},"image":{"@id":"https:\/\/sales-ai-agents.com\/de\/templates\/new-employee-onboarding-template\/#primaryimage"},"thumbnailUrl":"https:\/\/sales-ai-agents.com\/wp-content\/uploads\/2022\/09\/Employee-Onboarding-Template.png","datePublished":"2022-09-26T12:15:30+00:00","dateModified":"2023-10-06T17:49:07+00:00","description":"Der Eintritt in ein neues Unternehmen kann f\u00fcr einen neuen Mitarbeiter \u00fcberw\u00e4ltigend sein. Mit dieser kostenlos anpassbaren Vorlage k\u00f6nnen Sie eine Checkliste f\u00fcr Ihren neuen Mitarbeiter erstellen.","inLanguage":"de-DE","potentialAction":[{"@type":"ReadAction","target":["https:\/\/sales-ai-agents.com\/de\/templates\/new-employee-onboarding-template\/"]}]},{"@type":"ImageObject","inLanguage":"de-DE","@id":"https:\/\/sales-ai-agents.com\/de\/templates\/new-employee-onboarding-template\/#primaryimage","url":"https:\/\/sales-ai-agents.com\/wp-content\/uploads\/2022\/09\/Employee-Onboarding-Template.png","contentUrl":"https:\/\/sales-ai-agents.com\/wp-content\/uploads\/2022\/09\/Employee-Onboarding-Template.png","width":1700,"height":1100,"caption":"Employee Onboarding Template - Nimbus Platform"},{"@type":"WebSite","@id":"https:\/\/sales-ai-agents.com\/#website","url":"https:\/\/sales-ai-agents.com\/","name":"FuseBase","description":"Nimbus Platform - Free Online Collaboration Software for Remote Teams. Build your wikis, client portals and more with the Nimbus Platform collaboration tool ? A perfect space for online work","publisher":{"@id":"https:\/\/sales-ai-agents.com\/#organization"},"potentialAction":[{"@type":"SearchAction","target":{"@type":"EntryPoint","urlTemplate":"https:\/\/sales-ai-agents.com\/?s={search_term_string}"},"query-input":{"@type":"PropertyValueSpecification","valueRequired":true,"valueName":"search_term_string"}}],"inLanguage":"de-DE"},{"@type":"Organization","@id":"https:\/\/sales-ai-agents.com\/#organization","name":"FuseBase","url":"https:\/\/sales-ai-agents.com\/","logo":{"@type":"ImageObject","inLanguage":"de-DE","@id":"https:\/\/sales-ai-agents.com\/#\/schema\/logo\/image\/","url":"https:\/\/sales-ai-agents.com\/wp-content\/uploads\/2023\/11\/icon-7.svg","contentUrl":"https:\/\/sales-ai-agents.com\/wp-content\/uploads\/2023\/11\/icon-7.svg","width":128,"height":128,"caption":"FuseBase"},"image":{"@id":"https:\/\/sales-ai-agents.com\/#\/schema\/logo\/image\/"}}]}},"_links":{"self":[{"href":"https:\/\/sales-ai-agents.com\/de\/wp-json\/wp\/v2\/product\/57278","targetHints":{"allow":["GET"]}}],"collection":[{"href":"https:\/\/sales-ai-agents.com\/de\/wp-json\/wp\/v2\/product"}],"about":[{"href":"https:\/\/sales-ai-agents.com\/de\/wp-json\/wp\/v2\/types\/product"}],"wp:featuredmedia":[{"embeddable":true,"href":"https:\/\/sales-ai-agents.com\/de\/wp-json\/wp\/v2\/media\/33986"}],"wp:attachment":[{"href":"https:\/\/sales-ai-agents.com\/de\/wp-json\/wp\/v2\/media?parent=57278"}],"wp:term":[{"taxonomy":"product_brand","embeddable":true,"href":"https:\/\/sales-ai-agents.com\/de\/wp-json\/wp\/v2\/product_brand?post=57278"},{"taxonomy":"product_cat","embeddable":true,"href":"https:\/\/sales-ai-agents.com\/de\/wp-json\/wp\/v2\/product_cat?post=57278"},{"taxonomy":"product_tag","embeddable":true,"href":"https:\/\/sales-ai-agents.com\/de\/wp-json\/wp\/v2\/product_tag?post=57278"}],"curies":[{"name":"wp","href":"https:\/\/api.w.org\/{rel}","templated":true}]}}