{"id":57283,"date":"2022-09-26T12:15:27","date_gmt":"2022-09-26T12:15:27","guid":{"rendered":"https:\/\/sales-ai-agents.com\/templates\/weekly-review\/"},"modified":"2023-12-26T14:54:43","modified_gmt":"2023-12-26T14:54:43","slug":"weekly-review","status":"publish","type":"product","link":"https:\/\/sales-ai-agents.com\/de\/templates\/weekly-review\/","title":{"rendered":"W\u00f6chentlicher R\u00fcckblick"},"content":{"rendered":"<p>&nbsp;<\/p>\n<h2>Vorlage f\u00fcr w\u00f6chentliche \u00dcberpr\u00fcfung<\/h2>\n<p class=\"desc-text\">Die Wochenr\u00fcckblick-Vorlage ist Ihr Assistent bei der Planung und Zusammenfassung der Woche. Durch die w\u00f6chentliche Planung k\u00f6nnen Sie Ereignisse in Ihrem Kalender im Voraus organisieren. So kennen Sie Ihre Priorit\u00e4ten und Ziele und bleiben auf Kurs. Verwenden Sie auch einen Gewohnheits-Tracker, um eine Gewohnheit dauerhaft beizubehalten. \u00dcberlegen Sie, was Sie am Ende der Woche mitnehmen k\u00f6nnen.<\/p>\n<h5>Wie zu verwenden:<\/h5>\n<ul class=\"desc-item_list\">\n<li class=\"desc-item_list__point\">Ein Datum hinzuf\u00fcgen, um die Woche zu erfassen<\/li>\n<li class=\"desc-item_list__point\">Markieren Sie die wichtigsten Ereignisse in der Woche<\/li>\n<li class=\"desc-item_list__point\">Festlegen des Wochenziels und der wichtigsten w\u00f6chentlichen Priorit\u00e4ten<\/li>\n<li class=\"desc-item_list__point\">Verwenden Sie einen Gewohnheits-Tracker, um neue Gewohnheiten beizubehalten<\/li>\n<li class=\"desc-item_list__point\">\u00dcberlegen Sie, was Sie am Ende der Woche mitnehmen k\u00f6nnen.<\/li>\n<\/ul>\n","protected":false},"excerpt":{"rendered":"<p>Free Customizable Weekly Review Template ist Ihr Assistent bei der Planung und Zusammenfassung der Woche. \u00dcberlegen Sie, was Sie am Ende der Woche mitnehmen k\u00f6nnen.<\/p>\n","protected":false},"featured_media":27384,"template":"","meta":{"_acf_changed":false,"inline_featured_image":false},"product_brand":[],"product_cat":[179,180],"product_tag":[],"class_list":{"0":"post-57283","1":"product","2":"type-product","3":"status-publish","4":"has-post-thumbnail","6":"product_cat-organizers-planners","7":"product_cat-personal","9":"first","10":"instock","11":"virtual","12":"sold-individually","13":"product-type-simple"},"acf":[],"yoast_head":"<!-- This site is optimized with the Yoast SEO plugin v25.3.1 - https:\/\/yoast.com\/wordpress\/plugins\/seo\/ -->\n<title>Wochenr\u00fcckblick Vorlage - Sales AI Agents<\/title>\n<meta name=\"description\" content=\"Free Customizable Weekly Review Template ist Ihr Assistent bei der Planung und Zusammenfassung der Woche. \u00dcberlegen Sie, was Sie am Ende der Woche mitnehmen k\u00f6nnen.\" \/>\n<meta name=\"robots\" content=\"index, follow, max-snippet:-1, max-image-preview:large, max-video-preview:-1\" \/>\n<link rel=\"canonical\" href=\"https:\/\/sales-ai-agents.com\/de\/templates\/weekly-review\/\" \/>\n<meta property=\"og:locale\" content=\"de_DE\" \/>\n<meta property=\"og:type\" content=\"article\" \/>\n<meta property=\"og:title\" content=\"Wochenr\u00fcckblick Vorlage - Sales AI Agents\" \/>\n<meta property=\"og:description\" content=\"Free Customizable Weekly Review Template ist Ihr Assistent bei der Planung und Zusammenfassung der Woche. \u00dcberlegen Sie, was Sie am Ende der Woche mitnehmen k\u00f6nnen.\" \/>\n<meta property=\"og:url\" content=\"https:\/\/sales-ai-agents.com\/de\/templates\/weekly-review\/\" \/>\n<meta property=\"og:site_name\" content=\"Sales AI Agents\" \/>\n<meta property=\"article:modified_time\" content=\"2023-12-26T14:54:43+00:00\" \/>\n<meta property=\"og:image\" content=\"https:\/\/sales-ai-agents.com\/wp-content\/uploads\/2022\/09\/Weekly-Review-Template-1.png\" \/>\n\t<meta property=\"og:image:width\" content=\"1700\" \/>\n\t<meta property=\"og:image:height\" content=\"1100\" \/>\n\t<meta property=\"og:image:type\" content=\"image\/png\" \/>\n<meta name=\"twitter:card\" content=\"summary_large_image\" \/>\n<script type=\"application\/ld+json\" class=\"yoast-schema-graph\">{\"@context\":\"https:\/\/schema.org\",\"@graph\":[{\"@type\":\"WebPage\",\"@id\":\"https:\/\/sales-ai-agents.com\/de\/templates\/weekly-review\/\",\"url\":\"https:\/\/sales-ai-agents.com\/de\/templates\/weekly-review\/\",\"name\":\"Wochenr\u00fcckblick Vorlage - Sales AI Agents\",\"isPartOf\":{\"@id\":\"https:\/\/sales-ai-agents.com\/#website\"},\"primaryImageOfPage\":{\"@id\":\"https:\/\/sales-ai-agents.com\/de\/templates\/weekly-review\/#primaryimage\"},\"image\":{\"@id\":\"https:\/\/sales-ai-agents.com\/de\/templates\/weekly-review\/#primaryimage\"},\"thumbnailUrl\":\"https:\/\/sales-ai-agents.com\/wp-content\/uploads\/2022\/09\/Weekly-Review-Template-1.png\",\"datePublished\":\"2022-09-26T12:15:27+00:00\",\"dateModified\":\"2023-12-26T14:54:43+00:00\",\"description\":\"Free Customizable Weekly Review Template ist Ihr Assistent bei der Planung und Zusammenfassung der Woche. \u00dcberlegen Sie, was Sie am Ende der Woche mitnehmen k\u00f6nnen.\",\"inLanguage\":\"de-DE\",\"potentialAction\":[{\"@type\":\"ReadAction\",\"target\":[\"https:\/\/sales-ai-agents.com\/de\/templates\/weekly-review\/\"]}]},{\"@type\":\"ImageObject\",\"inLanguage\":\"de-DE\",\"@id\":\"https:\/\/sales-ai-agents.com\/de\/templates\/weekly-review\/#primaryimage\",\"url\":\"https:\/\/sales-ai-agents.com\/wp-content\/uploads\/2022\/09\/Weekly-Review-Template-1.png\",\"contentUrl\":\"https:\/\/sales-ai-agents.com\/wp-content\/uploads\/2022\/09\/Weekly-Review-Template-1.png\",\"width\":1700,\"height\":1100,\"caption\":\"Free Customizable Weekly Review Template is your assistant in planning and summarizing the week.\"},{\"@type\":\"WebSite\",\"@id\":\"https:\/\/sales-ai-agents.com\/#website\",\"url\":\"https:\/\/sales-ai-agents.com\/\",\"name\":\"FuseBase\",\"description\":\"Nimbus Platform - Free Online Collaboration Software for Remote Teams. Build your wikis, client portals and more with the Nimbus Platform collaboration tool ? A perfect space for online work\",\"publisher\":{\"@id\":\"https:\/\/sales-ai-agents.com\/#organization\"},\"potentialAction\":[{\"@type\":\"SearchAction\",\"target\":{\"@type\":\"EntryPoint\",\"urlTemplate\":\"https:\/\/sales-ai-agents.com\/?s={search_term_string}\"},\"query-input\":{\"@type\":\"PropertyValueSpecification\",\"valueRequired\":true,\"valueName\":\"search_term_string\"}}],\"inLanguage\":\"de-DE\"},{\"@type\":\"Organization\",\"@id\":\"https:\/\/sales-ai-agents.com\/#organization\",\"name\":\"FuseBase\",\"url\":\"https:\/\/sales-ai-agents.com\/\",\"logo\":{\"@type\":\"ImageObject\",\"inLanguage\":\"de-DE\",\"@id\":\"https:\/\/sales-ai-agents.com\/#\/schema\/logo\/image\/\",\"url\":\"https:\/\/sales-ai-agents.com\/wp-content\/uploads\/2023\/11\/icon-7.svg\",\"contentUrl\":\"https:\/\/sales-ai-agents.com\/wp-content\/uploads\/2023\/11\/icon-7.svg\",\"width\":128,\"height\":128,\"caption\":\"FuseBase\"},\"image\":{\"@id\":\"https:\/\/sales-ai-agents.com\/#\/schema\/logo\/image\/\"}}]}<\/script>\n<!-- \/ Yoast SEO plugin. -->","yoast_head_json":{"title":"Wochenr\u00fcckblick Vorlage - Sales AI Agents","description":"Free Customizable Weekly Review Template ist Ihr Assistent bei der Planung und Zusammenfassung der Woche. \u00dcberlegen Sie, was Sie am Ende der Woche mitnehmen k\u00f6nnen.","robots":{"index":"index","follow":"follow","max-snippet":"max-snippet:-1","max-image-preview":"max-image-preview:large","max-video-preview":"max-video-preview:-1"},"canonical":"https:\/\/sales-ai-agents.com\/de\/templates\/weekly-review\/","og_locale":"de_DE","og_type":"article","og_title":"Wochenr\u00fcckblick Vorlage - Sales AI Agents","og_description":"Free Customizable Weekly Review Template ist Ihr Assistent bei der Planung und Zusammenfassung der Woche. \u00dcberlegen Sie, was Sie am Ende der Woche mitnehmen k\u00f6nnen.","og_url":"https:\/\/sales-ai-agents.com\/de\/templates\/weekly-review\/","og_site_name":"Sales AI Agents","article_modified_time":"2023-12-26T14:54:43+00:00","og_image":[{"width":1700,"height":1100,"url":"https:\/\/sales-ai-agents.com\/wp-content\/uploads\/2022\/09\/Weekly-Review-Template-1.png","type":"image\/png"}],"twitter_card":"summary_large_image","schema":{"@context":"https:\/\/schema.org","@graph":[{"@type":"WebPage","@id":"https:\/\/sales-ai-agents.com\/de\/templates\/weekly-review\/","url":"https:\/\/sales-ai-agents.com\/de\/templates\/weekly-review\/","name":"Wochenr\u00fcckblick Vorlage - Sales AI Agents","isPartOf":{"@id":"https:\/\/sales-ai-agents.com\/#website"},"primaryImageOfPage":{"@id":"https:\/\/sales-ai-agents.com\/de\/templates\/weekly-review\/#primaryimage"},"image":{"@id":"https:\/\/sales-ai-agents.com\/de\/templates\/weekly-review\/#primaryimage"},"thumbnailUrl":"https:\/\/sales-ai-agents.com\/wp-content\/uploads\/2022\/09\/Weekly-Review-Template-1.png","datePublished":"2022-09-26T12:15:27+00:00","dateModified":"2023-12-26T14:54:43+00:00","description":"Free Customizable Weekly Review Template ist Ihr Assistent bei der Planung und Zusammenfassung der Woche. \u00dcberlegen Sie, was Sie am Ende der Woche mitnehmen k\u00f6nnen.","inLanguage":"de-DE","potentialAction":[{"@type":"ReadAction","target":["https:\/\/sales-ai-agents.com\/de\/templates\/weekly-review\/"]}]},{"@type":"ImageObject","inLanguage":"de-DE","@id":"https:\/\/sales-ai-agents.com\/de\/templates\/weekly-review\/#primaryimage","url":"https:\/\/sales-ai-agents.com\/wp-content\/uploads\/2022\/09\/Weekly-Review-Template-1.png","contentUrl":"https:\/\/sales-ai-agents.com\/wp-content\/uploads\/2022\/09\/Weekly-Review-Template-1.png","width":1700,"height":1100,"caption":"Free Customizable Weekly Review Template is your assistant in planning and summarizing the week."},{"@type":"WebSite","@id":"https:\/\/sales-ai-agents.com\/#website","url":"https:\/\/sales-ai-agents.com\/","name":"FuseBase","description":"Nimbus Platform - Free Online Collaboration Software for Remote Teams. Build your wikis, client portals and more with the Nimbus Platform collaboration tool ? A perfect space for online work","publisher":{"@id":"https:\/\/sales-ai-agents.com\/#organization"},"potentialAction":[{"@type":"SearchAction","target":{"@type":"EntryPoint","urlTemplate":"https:\/\/sales-ai-agents.com\/?s={search_term_string}"},"query-input":{"@type":"PropertyValueSpecification","valueRequired":true,"valueName":"search_term_string"}}],"inLanguage":"de-DE"},{"@type":"Organization","@id":"https:\/\/sales-ai-agents.com\/#organization","name":"FuseBase","url":"https:\/\/sales-ai-agents.com\/","logo":{"@type":"ImageObject","inLanguage":"de-DE","@id":"https:\/\/sales-ai-agents.com\/#\/schema\/logo\/image\/","url":"https:\/\/sales-ai-agents.com\/wp-content\/uploads\/2023\/11\/icon-7.svg","contentUrl":"https:\/\/sales-ai-agents.com\/wp-content\/uploads\/2023\/11\/icon-7.svg","width":128,"height":128,"caption":"FuseBase"},"image":{"@id":"https:\/\/sales-ai-agents.com\/#\/schema\/logo\/image\/"}}]}},"_links":{"self":[{"href":"https:\/\/sales-ai-agents.com\/de\/wp-json\/wp\/v2\/product\/57283","targetHints":{"allow":["GET"]}}],"collection":[{"href":"https:\/\/sales-ai-agents.com\/de\/wp-json\/wp\/v2\/product"}],"about":[{"href":"https:\/\/sales-ai-agents.com\/de\/wp-json\/wp\/v2\/types\/product"}],"wp:featuredmedia":[{"embeddable":true,"href":"https:\/\/sales-ai-agents.com\/de\/wp-json\/wp\/v2\/media\/27384"}],"wp:attachment":[{"href":"https:\/\/sales-ai-agents.com\/de\/wp-json\/wp\/v2\/media?parent=57283"}],"wp:term":[{"taxonomy":"product_brand","embeddable":true,"href":"https:\/\/sales-ai-agents.com\/de\/wp-json\/wp\/v2\/product_brand?post=57283"},{"taxonomy":"product_cat","embeddable":true,"href":"https:\/\/sales-ai-agents.com\/de\/wp-json\/wp\/v2\/product_cat?post=57283"},{"taxonomy":"product_tag","embeddable":true,"href":"https:\/\/sales-ai-agents.com\/de\/wp-json\/wp\/v2\/product_tag?post=57283"}],"curies":[{"name":"wp","href":"https:\/\/api.w.org\/{rel}","templated":true}]}}