{"id":57292,"date":"2022-09-26T12:15:21","date_gmt":"2022-09-26T12:15:21","guid":{"rendered":"https:\/\/sales-ai-agents.com\/templates\/product-launch-checklist\/"},"modified":"2023-12-27T14:08:37","modified_gmt":"2023-12-27T14:08:37","slug":"product-launch-checklist","status":"publish","type":"product","link":"https:\/\/sales-ai-agents.com\/de\/templates\/product-launch-checklist\/","title":{"rendered":"Checkliste Produkteinf\u00fchrung"},"content":{"rendered":"<p>&nbsp;<\/p>\n<h2>Produkteinf\u00fchrung Checkliste Vorlage<\/h2>\n<p class=\"desc-text\">Wenn Sie ein neues Produkt auf den Markt bringen, m\u00fcssen Sie sicherstellen, dass Sie alle offenen Fragen gekl\u00e4rt haben. Stellen Sie sicher, dass Sie mit dieser Vorlage keinen Schritt verpasst haben. Planen Sie die von Ihnen gew\u00fcnschten Produkteigenschaften. Listen Sie abgeschlossene Ma\u00dfnahmen auf und f\u00fcgen Sie eine Checkliste f\u00fcr unvollst\u00e4ndige Punkte bei. Vergewissern Sie sich, dass Sie alle Aspekte f\u00fcr den Start vorbereitet haben.<\/p>\n<h5>Wie zu verwenden:<\/h5>\n<ul class=\"desc-item_list\">\n<li class=\"desc-item_list__point\">Auflistung bemerkenswerter Produktmerkmale<\/li>\n<li class=\"desc-item_list__point\">Beachten Sie Funktionen, die noch nicht gestartet wurden<\/li>\n<li class=\"desc-item_list__point\">Vollst\u00e4ndige Merkmale aufzeichnen<\/li>\n<li class=\"desc-item_list__point\">Markieren Sie die Punkte, die f\u00fcr den Start vorgesehen sind<\/li>\n<\/ul>\n","protected":false},"excerpt":{"rendered":"<p>Wenn Sie ein neues Produkt auf den Markt bringen, m\u00fcssen Sie sicherstellen, dass Sie alle offenen Fragen gekl\u00e4rt haben. Pr\u00fcfen Sie mit dieser kostenlosen Vorlage, ob Sie keinen Schritt verpasst haben.<\/p>\n","protected":false},"featured_media":20556,"template":"","meta":{"_acf_changed":false,"inline_featured_image":false},"product_brand":[],"product_cat":[186,187,189],"product_tag":[],"class_list":{"0":"post-57292","1":"product","2":"type-product","3":"status-publish","4":"has-post-thumbnail","6":"product_cat-product","7":"product_cat-product-documents","8":"product_cat-product-management","10":"first","11":"instock","12":"virtual","13":"sold-individually","14":"product-type-simple"},"acf":[],"yoast_head":"<!-- This site is optimized with the Yoast SEO plugin v25.3.1 - https:\/\/yoast.com\/wordpress\/plugins\/seo\/ -->\n<title>Checkliste f\u00fcr die Produkteinf\u00fchrung - Sales AI Agents<\/title>\n<meta name=\"description\" content=\"Wenn Sie ein neues Produkt auf den Markt bringen, sollten Sie sicherstellen, dass Sie alle losen Enden verbunden haben. Pr\u00fcfen Sie mit dieser kostenlosen Vorlage, ob Sie keinen Schritt verpasst haben.\" \/>\n<meta name=\"robots\" content=\"index, follow, max-snippet:-1, max-image-preview:large, max-video-preview:-1\" \/>\n<link rel=\"canonical\" href=\"https:\/\/sales-ai-agents.com\/de\/templates\/product-launch-checklist\/\" \/>\n<meta property=\"og:locale\" content=\"de_DE\" \/>\n<meta property=\"og:type\" content=\"article\" \/>\n<meta property=\"og:title\" content=\"Checkliste f\u00fcr die Produkteinf\u00fchrung - Sales AI Agents\" \/>\n<meta property=\"og:description\" content=\"Wenn Sie ein neues Produkt auf den Markt bringen, sollten Sie sicherstellen, dass Sie alle losen Enden verbunden haben. Pr\u00fcfen Sie mit dieser kostenlosen Vorlage, ob Sie keinen Schritt verpasst haben.\" \/>\n<meta property=\"og:url\" content=\"https:\/\/sales-ai-agents.com\/de\/templates\/product-launch-checklist\/\" \/>\n<meta property=\"og:site_name\" content=\"Sales AI Agents\" \/>\n<meta property=\"article:modified_time\" content=\"2023-12-27T14:08:37+00:00\" \/>\n<meta property=\"og:image\" content=\"https:\/\/sales-ai-agents.com\/wp-content\/uploads\/2023\/01\/image-preview121428.png\" \/>\n\t<meta property=\"og:image:width\" content=\"1078\" \/>\n\t<meta property=\"og:image:height\" content=\"1006\" \/>\n\t<meta property=\"og:image:type\" content=\"image\/png\" \/>\n<meta name=\"twitter:card\" content=\"summary_large_image\" \/>\n<script type=\"application\/ld+json\" class=\"yoast-schema-graph\">{\"@context\":\"https:\/\/schema.org\",\"@graph\":[{\"@type\":\"WebPage\",\"@id\":\"https:\/\/sales-ai-agents.com\/de\/templates\/product-launch-checklist\/\",\"url\":\"https:\/\/sales-ai-agents.com\/de\/templates\/product-launch-checklist\/\",\"name\":\"Checkliste f\u00fcr die Produkteinf\u00fchrung - Sales AI Agents\",\"isPartOf\":{\"@id\":\"https:\/\/sales-ai-agents.com\/#website\"},\"primaryImageOfPage\":{\"@id\":\"https:\/\/sales-ai-agents.com\/de\/templates\/product-launch-checklist\/#primaryimage\"},\"image\":{\"@id\":\"https:\/\/sales-ai-agents.com\/de\/templates\/product-launch-checklist\/#primaryimage\"},\"thumbnailUrl\":\"https:\/\/sales-ai-agents.com\/wp-content\/uploads\/2023\/01\/image-preview121428.png\",\"datePublished\":\"2022-09-26T12:15:21+00:00\",\"dateModified\":\"2023-12-27T14:08:37+00:00\",\"description\":\"Wenn Sie ein neues Produkt auf den Markt bringen, sollten Sie sicherstellen, dass Sie alle losen Enden verbunden haben. Pr\u00fcfen Sie mit dieser kostenlosen Vorlage, ob Sie keinen Schritt verpasst haben.\",\"inLanguage\":\"de-DE\",\"potentialAction\":[{\"@type\":\"ReadAction\",\"target\":[\"https:\/\/sales-ai-agents.com\/de\/templates\/product-launch-checklist\/\"]}]},{\"@type\":\"ImageObject\",\"inLanguage\":\"de-DE\",\"@id\":\"https:\/\/sales-ai-agents.com\/de\/templates\/product-launch-checklist\/#primaryimage\",\"url\":\"https:\/\/sales-ai-agents.com\/wp-content\/uploads\/2023\/01\/image-preview121428.png\",\"contentUrl\":\"https:\/\/sales-ai-agents.com\/wp-content\/uploads\/2023\/01\/image-preview121428.png\",\"width\":1078,\"height\":1006,\"caption\":\"Product Launch Checklist Template - Nimbus Platform\"},{\"@type\":\"WebSite\",\"@id\":\"https:\/\/sales-ai-agents.com\/#website\",\"url\":\"https:\/\/sales-ai-agents.com\/\",\"name\":\"FuseBase\",\"description\":\"Nimbus Platform - Free Online Collaboration Software for Remote Teams. Build your wikis, client portals and more with the Nimbus Platform collaboration tool ? A perfect space for online work\",\"publisher\":{\"@id\":\"https:\/\/sales-ai-agents.com\/#organization\"},\"potentialAction\":[{\"@type\":\"SearchAction\",\"target\":{\"@type\":\"EntryPoint\",\"urlTemplate\":\"https:\/\/sales-ai-agents.com\/?s={search_term_string}\"},\"query-input\":{\"@type\":\"PropertyValueSpecification\",\"valueRequired\":true,\"valueName\":\"search_term_string\"}}],\"inLanguage\":\"de-DE\"},{\"@type\":\"Organization\",\"@id\":\"https:\/\/sales-ai-agents.com\/#organization\",\"name\":\"FuseBase\",\"url\":\"https:\/\/sales-ai-agents.com\/\",\"logo\":{\"@type\":\"ImageObject\",\"inLanguage\":\"de-DE\",\"@id\":\"https:\/\/sales-ai-agents.com\/#\/schema\/logo\/image\/\",\"url\":\"https:\/\/sales-ai-agents.com\/wp-content\/uploads\/2023\/11\/icon-7.svg\",\"contentUrl\":\"https:\/\/sales-ai-agents.com\/wp-content\/uploads\/2023\/11\/icon-7.svg\",\"width\":128,\"height\":128,\"caption\":\"FuseBase\"},\"image\":{\"@id\":\"https:\/\/sales-ai-agents.com\/#\/schema\/logo\/image\/\"}}]}<\/script>\n<!-- \/ Yoast SEO plugin. -->","yoast_head_json":{"title":"Checkliste f\u00fcr die Produkteinf\u00fchrung - Sales AI Agents","description":"Wenn Sie ein neues Produkt auf den Markt bringen, sollten Sie sicherstellen, dass Sie alle losen Enden verbunden haben. Pr\u00fcfen Sie mit dieser kostenlosen Vorlage, ob Sie keinen Schritt verpasst haben.","robots":{"index":"index","follow":"follow","max-snippet":"max-snippet:-1","max-image-preview":"max-image-preview:large","max-video-preview":"max-video-preview:-1"},"canonical":"https:\/\/sales-ai-agents.com\/de\/templates\/product-launch-checklist\/","og_locale":"de_DE","og_type":"article","og_title":"Checkliste f\u00fcr die Produkteinf\u00fchrung - Sales AI Agents","og_description":"Wenn Sie ein neues Produkt auf den Markt bringen, sollten Sie sicherstellen, dass Sie alle losen Enden verbunden haben. Pr\u00fcfen Sie mit dieser kostenlosen Vorlage, ob Sie keinen Schritt verpasst haben.","og_url":"https:\/\/sales-ai-agents.com\/de\/templates\/product-launch-checklist\/","og_site_name":"Sales AI Agents","article_modified_time":"2023-12-27T14:08:37+00:00","og_image":[{"width":1078,"height":1006,"url":"https:\/\/sales-ai-agents.com\/wp-content\/uploads\/2023\/01\/image-preview121428.png","type":"image\/png"}],"twitter_card":"summary_large_image","schema":{"@context":"https:\/\/schema.org","@graph":[{"@type":"WebPage","@id":"https:\/\/sales-ai-agents.com\/de\/templates\/product-launch-checklist\/","url":"https:\/\/sales-ai-agents.com\/de\/templates\/product-launch-checklist\/","name":"Checkliste f\u00fcr die Produkteinf\u00fchrung - Sales AI Agents","isPartOf":{"@id":"https:\/\/sales-ai-agents.com\/#website"},"primaryImageOfPage":{"@id":"https:\/\/sales-ai-agents.com\/de\/templates\/product-launch-checklist\/#primaryimage"},"image":{"@id":"https:\/\/sales-ai-agents.com\/de\/templates\/product-launch-checklist\/#primaryimage"},"thumbnailUrl":"https:\/\/sales-ai-agents.com\/wp-content\/uploads\/2023\/01\/image-preview121428.png","datePublished":"2022-09-26T12:15:21+00:00","dateModified":"2023-12-27T14:08:37+00:00","description":"Wenn Sie ein neues Produkt auf den Markt bringen, sollten Sie sicherstellen, dass Sie alle losen Enden verbunden haben. Pr\u00fcfen Sie mit dieser kostenlosen Vorlage, ob Sie keinen Schritt verpasst haben.","inLanguage":"de-DE","potentialAction":[{"@type":"ReadAction","target":["https:\/\/sales-ai-agents.com\/de\/templates\/product-launch-checklist\/"]}]},{"@type":"ImageObject","inLanguage":"de-DE","@id":"https:\/\/sales-ai-agents.com\/de\/templates\/product-launch-checklist\/#primaryimage","url":"https:\/\/sales-ai-agents.com\/wp-content\/uploads\/2023\/01\/image-preview121428.png","contentUrl":"https:\/\/sales-ai-agents.com\/wp-content\/uploads\/2023\/01\/image-preview121428.png","width":1078,"height":1006,"caption":"Product Launch Checklist Template - Nimbus Platform"},{"@type":"WebSite","@id":"https:\/\/sales-ai-agents.com\/#website","url":"https:\/\/sales-ai-agents.com\/","name":"FuseBase","description":"Nimbus Platform - Free Online Collaboration Software for Remote Teams. Build your wikis, client portals and more with the Nimbus Platform collaboration tool ? A perfect space for online work","publisher":{"@id":"https:\/\/sales-ai-agents.com\/#organization"},"potentialAction":[{"@type":"SearchAction","target":{"@type":"EntryPoint","urlTemplate":"https:\/\/sales-ai-agents.com\/?s={search_term_string}"},"query-input":{"@type":"PropertyValueSpecification","valueRequired":true,"valueName":"search_term_string"}}],"inLanguage":"de-DE"},{"@type":"Organization","@id":"https:\/\/sales-ai-agents.com\/#organization","name":"FuseBase","url":"https:\/\/sales-ai-agents.com\/","logo":{"@type":"ImageObject","inLanguage":"de-DE","@id":"https:\/\/sales-ai-agents.com\/#\/schema\/logo\/image\/","url":"https:\/\/sales-ai-agents.com\/wp-content\/uploads\/2023\/11\/icon-7.svg","contentUrl":"https:\/\/sales-ai-agents.com\/wp-content\/uploads\/2023\/11\/icon-7.svg","width":128,"height":128,"caption":"FuseBase"},"image":{"@id":"https:\/\/sales-ai-agents.com\/#\/schema\/logo\/image\/"}}]}},"_links":{"self":[{"href":"https:\/\/sales-ai-agents.com\/de\/wp-json\/wp\/v2\/product\/57292","targetHints":{"allow":["GET"]}}],"collection":[{"href":"https:\/\/sales-ai-agents.com\/de\/wp-json\/wp\/v2\/product"}],"about":[{"href":"https:\/\/sales-ai-agents.com\/de\/wp-json\/wp\/v2\/types\/product"}],"wp:featuredmedia":[{"embeddable":true,"href":"https:\/\/sales-ai-agents.com\/de\/wp-json\/wp\/v2\/media\/20556"}],"wp:attachment":[{"href":"https:\/\/sales-ai-agents.com\/de\/wp-json\/wp\/v2\/media?parent=57292"}],"wp:term":[{"taxonomy":"product_brand","embeddable":true,"href":"https:\/\/sales-ai-agents.com\/de\/wp-json\/wp\/v2\/product_brand?post=57292"},{"taxonomy":"product_cat","embeddable":true,"href":"https:\/\/sales-ai-agents.com\/de\/wp-json\/wp\/v2\/product_cat?post=57292"},{"taxonomy":"product_tag","embeddable":true,"href":"https:\/\/sales-ai-agents.com\/de\/wp-json\/wp\/v2\/product_tag?post=57292"}],"curies":[{"name":"wp","href":"https:\/\/api.w.org\/{rel}","templated":true}]}}