{"id":57295,"date":"2022-09-26T12:15:17","date_gmt":"2022-09-26T12:15:17","guid":{"rendered":"https:\/\/sales-ai-agents.com\/templates\/checklist-marketing-plan\/"},"modified":"2023-12-26T15:08:39","modified_gmt":"2023-12-26T15:08:39","slug":"checklist-marketing-plan","status":"publish","type":"product","link":"https:\/\/sales-ai-agents.com\/de\/templates\/checklist-marketing-plan\/","title":{"rendered":"Checkliste Marketingplan"},"content":{"rendered":"<p>&nbsp;<\/p>\n<h2>Checkliste Marketingplan Vorlage<\/h2>\n<p class=\"desc-text\">Mit einem Marketingplan k\u00f6nnen Sie Ihren Markt, Ihre Kundenwerte und Ihre Wettbewerber beschreiben. Ein gr\u00fcndlicher und wirksamer Plan kann Ihnen helfen, die richtigen Ma\u00dfnahmen f\u00fcr Ihre Kampagnen auszuarbeiten. Mit dieser Vorlage k\u00f6nnen Sie eine Checkliste mit wichtigen Aspekten Ihrer Strategie erstellen. Behalten Sie den \u00dcberblick \u00fcber Marketingkan\u00e4le, Verbraucherpers\u00f6nlichkeiten und potenzielle Probleme.<\/p>\n<h5>Wie zu verwenden:<\/h5>\n<ul class=\"desc-item_list\">\n<li class=\"desc-item_list__point\">Marketingkan\u00e4le auflisten<\/li>\n<li class=\"desc-item_list__point\">F\u00fcgen Sie die Visionen und Werte Ihrer Organisation hinzu<\/li>\n<li class=\"desc-item_list__point\">Informationen \u00fcber die Zielgruppen einbeziehen<\/li>\n<li class=\"desc-item_list__point\">Erstellen Sie eine praktische Aufgabenliste<\/li>\n<\/ul>\n","protected":false},"excerpt":{"rendered":"<p>Mit einem Marketingplan k\u00f6nnen Sie Ihren Markt, Ihre Kundenwerte und Ihre Wettbewerber beschreiben. Ein effektiver Plan kann Ihnen helfen, die richtigen Ma\u00dfnahmen f\u00fcr Ihre Kampagnen zu ergreifen.<\/p>\n","protected":false},"featured_media":25172,"template":"","meta":{"_acf_changed":false,"inline_featured_image":false},"product_brand":[],"product_cat":[171,176],"product_tag":[166],"class_list":{"0":"post-57295","1":"product","2":"type-product","3":"status-publish","4":"has-post-thumbnail","6":"product_cat-marketing","7":"product_cat-marketing-strategy","8":"product_tag-hit","10":"first","11":"instock","12":"virtual","13":"sold-individually","14":"product-type-simple"},"acf":[],"yoast_head":"<!-- This site is optimized with the Yoast SEO plugin v25.3.1 - https:\/\/yoast.com\/wordpress\/plugins\/seo\/ -->\n<title>Checkliste Marketingplan Vorlage - Sales AI Agents<\/title>\n<meta name=\"description\" content=\"Mit einem Marketingplan k\u00f6nnen Sie Ihren Markt, Ihre Kundenwerte und Ihre Wettbewerber beschreiben. Ein effektiver Plan kann Ihnen helfen, die richtigen Ma\u00dfnahmen zu ergreifen.\" \/>\n<meta name=\"robots\" content=\"index, follow, max-snippet:-1, max-image-preview:large, max-video-preview:-1\" \/>\n<link rel=\"canonical\" href=\"https:\/\/sales-ai-agents.com\/de\/templates\/checklist-marketing-plan\/\" \/>\n<meta property=\"og:locale\" content=\"de_DE\" \/>\n<meta property=\"og:type\" content=\"article\" \/>\n<meta property=\"og:title\" content=\"Checkliste Marketingplan Vorlage - Sales AI Agents\" \/>\n<meta property=\"og:description\" content=\"Mit einem Marketingplan k\u00f6nnen Sie Ihren Markt, Ihre Kundenwerte und Ihre Wettbewerber beschreiben. Ein effektiver Plan kann Ihnen helfen, die richtigen Ma\u00dfnahmen zu ergreifen.\" \/>\n<meta property=\"og:url\" content=\"https:\/\/sales-ai-agents.com\/de\/templates\/checklist-marketing-plan\/\" \/>\n<meta property=\"og:site_name\" content=\"Sales AI Agents\" \/>\n<meta property=\"article:modified_time\" content=\"2023-12-26T15:08:39+00:00\" \/>\n<meta property=\"og:image\" content=\"https:\/\/sales-ai-agents.com\/wp-content\/uploads\/2022\/09\/Checklist-Marketing-Plan-Template.png\" \/>\n\t<meta property=\"og:image:width\" content=\"1700\" \/>\n\t<meta property=\"og:image:height\" content=\"1100\" \/>\n\t<meta property=\"og:image:type\" content=\"image\/png\" \/>\n<meta name=\"twitter:card\" content=\"summary_large_image\" \/>\n<script type=\"application\/ld+json\" class=\"yoast-schema-graph\">{\"@context\":\"https:\/\/schema.org\",\"@graph\":[{\"@type\":\"WebPage\",\"@id\":\"https:\/\/sales-ai-agents.com\/de\/templates\/checklist-marketing-plan\/\",\"url\":\"https:\/\/sales-ai-agents.com\/de\/templates\/checklist-marketing-plan\/\",\"name\":\"Checkliste Marketingplan Vorlage - Sales AI Agents\",\"isPartOf\":{\"@id\":\"https:\/\/sales-ai-agents.com\/#website\"},\"primaryImageOfPage\":{\"@id\":\"https:\/\/sales-ai-agents.com\/de\/templates\/checklist-marketing-plan\/#primaryimage\"},\"image\":{\"@id\":\"https:\/\/sales-ai-agents.com\/de\/templates\/checklist-marketing-plan\/#primaryimage\"},\"thumbnailUrl\":\"https:\/\/sales-ai-agents.com\/wp-content\/uploads\/2022\/09\/Checklist-Marketing-Plan-Template.png\",\"datePublished\":\"2022-09-26T12:15:17+00:00\",\"dateModified\":\"2023-12-26T15:08:39+00:00\",\"description\":\"Mit einem Marketingplan k\u00f6nnen Sie Ihren Markt, Ihre Kundenwerte und Ihre Wettbewerber beschreiben. Ein effektiver Plan kann Ihnen helfen, die richtigen Ma\u00dfnahmen zu ergreifen.\",\"inLanguage\":\"de-DE\",\"potentialAction\":[{\"@type\":\"ReadAction\",\"target\":[\"https:\/\/sales-ai-agents.com\/de\/templates\/checklist-marketing-plan\/\"]}]},{\"@type\":\"ImageObject\",\"inLanguage\":\"de-DE\",\"@id\":\"https:\/\/sales-ai-agents.com\/de\/templates\/checklist-marketing-plan\/#primaryimage\",\"url\":\"https:\/\/sales-ai-agents.com\/wp-content\/uploads\/2022\/09\/Checklist-Marketing-Plan-Template.png\",\"contentUrl\":\"https:\/\/sales-ai-agents.com\/wp-content\/uploads\/2022\/09\/Checklist-Marketing-Plan-Template.png\",\"width\":1700,\"height\":1100,\"caption\":\"With a marketing plan, you can describe your market, customer values, and competitors.\"},{\"@type\":\"WebSite\",\"@id\":\"https:\/\/sales-ai-agents.com\/#website\",\"url\":\"https:\/\/sales-ai-agents.com\/\",\"name\":\"FuseBase\",\"description\":\"Nimbus Platform - Free Online Collaboration Software for Remote Teams. Build your wikis, client portals and more with the Nimbus Platform collaboration tool ? A perfect space for online work\",\"publisher\":{\"@id\":\"https:\/\/sales-ai-agents.com\/#organization\"},\"potentialAction\":[{\"@type\":\"SearchAction\",\"target\":{\"@type\":\"EntryPoint\",\"urlTemplate\":\"https:\/\/sales-ai-agents.com\/?s={search_term_string}\"},\"query-input\":{\"@type\":\"PropertyValueSpecification\",\"valueRequired\":true,\"valueName\":\"search_term_string\"}}],\"inLanguage\":\"de-DE\"},{\"@type\":\"Organization\",\"@id\":\"https:\/\/sales-ai-agents.com\/#organization\",\"name\":\"FuseBase\",\"url\":\"https:\/\/sales-ai-agents.com\/\",\"logo\":{\"@type\":\"ImageObject\",\"inLanguage\":\"de-DE\",\"@id\":\"https:\/\/sales-ai-agents.com\/#\/schema\/logo\/image\/\",\"url\":\"https:\/\/sales-ai-agents.com\/wp-content\/uploads\/2023\/11\/icon-7.svg\",\"contentUrl\":\"https:\/\/sales-ai-agents.com\/wp-content\/uploads\/2023\/11\/icon-7.svg\",\"width\":128,\"height\":128,\"caption\":\"FuseBase\"},\"image\":{\"@id\":\"https:\/\/sales-ai-agents.com\/#\/schema\/logo\/image\/\"}}]}<\/script>\n<!-- \/ Yoast SEO plugin. -->","yoast_head_json":{"title":"Checkliste Marketingplan Vorlage - Sales AI Agents","description":"Mit einem Marketingplan k\u00f6nnen Sie Ihren Markt, Ihre Kundenwerte und Ihre Wettbewerber beschreiben. Ein effektiver Plan kann Ihnen helfen, die richtigen Ma\u00dfnahmen zu ergreifen.","robots":{"index":"index","follow":"follow","max-snippet":"max-snippet:-1","max-image-preview":"max-image-preview:large","max-video-preview":"max-video-preview:-1"},"canonical":"https:\/\/sales-ai-agents.com\/de\/templates\/checklist-marketing-plan\/","og_locale":"de_DE","og_type":"article","og_title":"Checkliste Marketingplan Vorlage - Sales AI Agents","og_description":"Mit einem Marketingplan k\u00f6nnen Sie Ihren Markt, Ihre Kundenwerte und Ihre Wettbewerber beschreiben. Ein effektiver Plan kann Ihnen helfen, die richtigen Ma\u00dfnahmen zu ergreifen.","og_url":"https:\/\/sales-ai-agents.com\/de\/templates\/checklist-marketing-plan\/","og_site_name":"Sales AI Agents","article_modified_time":"2023-12-26T15:08:39+00:00","og_image":[{"width":1700,"height":1100,"url":"https:\/\/sales-ai-agents.com\/wp-content\/uploads\/2022\/09\/Checklist-Marketing-Plan-Template.png","type":"image\/png"}],"twitter_card":"summary_large_image","schema":{"@context":"https:\/\/schema.org","@graph":[{"@type":"WebPage","@id":"https:\/\/sales-ai-agents.com\/de\/templates\/checklist-marketing-plan\/","url":"https:\/\/sales-ai-agents.com\/de\/templates\/checklist-marketing-plan\/","name":"Checkliste Marketingplan Vorlage - Sales AI Agents","isPartOf":{"@id":"https:\/\/sales-ai-agents.com\/#website"},"primaryImageOfPage":{"@id":"https:\/\/sales-ai-agents.com\/de\/templates\/checklist-marketing-plan\/#primaryimage"},"image":{"@id":"https:\/\/sales-ai-agents.com\/de\/templates\/checklist-marketing-plan\/#primaryimage"},"thumbnailUrl":"https:\/\/sales-ai-agents.com\/wp-content\/uploads\/2022\/09\/Checklist-Marketing-Plan-Template.png","datePublished":"2022-09-26T12:15:17+00:00","dateModified":"2023-12-26T15:08:39+00:00","description":"Mit einem Marketingplan k\u00f6nnen Sie Ihren Markt, Ihre Kundenwerte und Ihre Wettbewerber beschreiben. Ein effektiver Plan kann Ihnen helfen, die richtigen Ma\u00dfnahmen zu ergreifen.","inLanguage":"de-DE","potentialAction":[{"@type":"ReadAction","target":["https:\/\/sales-ai-agents.com\/de\/templates\/checklist-marketing-plan\/"]}]},{"@type":"ImageObject","inLanguage":"de-DE","@id":"https:\/\/sales-ai-agents.com\/de\/templates\/checklist-marketing-plan\/#primaryimage","url":"https:\/\/sales-ai-agents.com\/wp-content\/uploads\/2022\/09\/Checklist-Marketing-Plan-Template.png","contentUrl":"https:\/\/sales-ai-agents.com\/wp-content\/uploads\/2022\/09\/Checklist-Marketing-Plan-Template.png","width":1700,"height":1100,"caption":"With a marketing plan, you can describe your market, customer values, and competitors."},{"@type":"WebSite","@id":"https:\/\/sales-ai-agents.com\/#website","url":"https:\/\/sales-ai-agents.com\/","name":"FuseBase","description":"Nimbus Platform - Free Online Collaboration Software for Remote Teams. Build your wikis, client portals and more with the Nimbus Platform collaboration tool ? A perfect space for online work","publisher":{"@id":"https:\/\/sales-ai-agents.com\/#organization"},"potentialAction":[{"@type":"SearchAction","target":{"@type":"EntryPoint","urlTemplate":"https:\/\/sales-ai-agents.com\/?s={search_term_string}"},"query-input":{"@type":"PropertyValueSpecification","valueRequired":true,"valueName":"search_term_string"}}],"inLanguage":"de-DE"},{"@type":"Organization","@id":"https:\/\/sales-ai-agents.com\/#organization","name":"FuseBase","url":"https:\/\/sales-ai-agents.com\/","logo":{"@type":"ImageObject","inLanguage":"de-DE","@id":"https:\/\/sales-ai-agents.com\/#\/schema\/logo\/image\/","url":"https:\/\/sales-ai-agents.com\/wp-content\/uploads\/2023\/11\/icon-7.svg","contentUrl":"https:\/\/sales-ai-agents.com\/wp-content\/uploads\/2023\/11\/icon-7.svg","width":128,"height":128,"caption":"FuseBase"},"image":{"@id":"https:\/\/sales-ai-agents.com\/#\/schema\/logo\/image\/"}}]}},"_links":{"self":[{"href":"https:\/\/sales-ai-agents.com\/de\/wp-json\/wp\/v2\/product\/57295","targetHints":{"allow":["GET"]}}],"collection":[{"href":"https:\/\/sales-ai-agents.com\/de\/wp-json\/wp\/v2\/product"}],"about":[{"href":"https:\/\/sales-ai-agents.com\/de\/wp-json\/wp\/v2\/types\/product"}],"wp:featuredmedia":[{"embeddable":true,"href":"https:\/\/sales-ai-agents.com\/de\/wp-json\/wp\/v2\/media\/25172"}],"wp:attachment":[{"href":"https:\/\/sales-ai-agents.com\/de\/wp-json\/wp\/v2\/media?parent=57295"}],"wp:term":[{"taxonomy":"product_brand","embeddable":true,"href":"https:\/\/sales-ai-agents.com\/de\/wp-json\/wp\/v2\/product_brand?post=57295"},{"taxonomy":"product_cat","embeddable":true,"href":"https:\/\/sales-ai-agents.com\/de\/wp-json\/wp\/v2\/product_cat?post=57295"},{"taxonomy":"product_tag","embeddable":true,"href":"https:\/\/sales-ai-agents.com\/de\/wp-json\/wp\/v2\/product_tag?post=57295"}],"curies":[{"name":"wp","href":"https:\/\/api.w.org\/{rel}","templated":true}]}}