{"id":57300,"date":"2022-09-26T12:15:09","date_gmt":"2022-09-26T12:15:09","guid":{"rendered":"https:\/\/sales-ai-agents.com\/templates\/weekly-preview\/"},"modified":"2023-12-27T19:41:11","modified_gmt":"2023-12-27T19:41:11","slug":"weekly-preview","status":"publish","type":"product","link":"https:\/\/sales-ai-agents.com\/de\/templates\/weekly-preview\/","title":{"rendered":"W\u00f6chentliche Vorschau"},"content":{"rendered":"<p>&nbsp;<\/p>\n<h2>W\u00f6chentliche Vorschau Vorlage<\/h2>\n<p class=\"desc-text\">Planen Sie die Woche im Voraus, damit Sie Klarheit und Zuversicht \u00fcber Ihre Priorit\u00e4ten f\u00fcr die kommende Woche gewinnen k\u00f6nnen. Verwenden Sie diese Vorlage, um Ihre Ziele, Aktionen und Aufgaben zu planen und die vergangene Woche zu analysieren und noch produktiver zu sein.<\/p>\n<h5>Wie zu verwenden:<\/h5>\n<ul class=\"desc-item_list\">\n<li class=\"desc-item_list__point\">Nennen Sie 3-5 wichtige Errungenschaften der vergangenen Woche<\/li>\n<li class=\"desc-item_list__point\">Beziehen Sie sich auf Ihre letzte &#8222;Big 3&#8220;-Woche und analysieren Sie, wie weit Sie gekommen sind, was besser funktioniert hat, was Sie beibehalten oder verbessern wollen<\/li>\n<li class=\"desc-item_list__point\">Prozessaufgaben und Aktionspunkte<\/li>\n<li class=\"desc-item_list__point\">Listen Sie wichtige Ereignisse, Fristen und Aufgaben f\u00fcr die kommende Woche auf.<\/li>\n<li class=\"desc-item_list__point\">Nennen Sie drei Ziele, um Ihre Ziele und Projekte in dieser Woche voranzubringen.<\/li>\n<li class=\"desc-item_list__point\">Machen Sie unten ein Brainstorming und planen Sie dann Ihre Verj\u00fcngungskur auf den Daily Pages<\/li>\n<\/ul>\n","protected":false},"excerpt":{"rendered":"<p>Verwenden Sie diese Vorlage, um Ihre Ziele, Aktionen und Aufgaben zu planen und die vergangene Woche zu analysieren und noch produktiver zu sein. Tun Sie es, um mehr Klarheit und Vertrauen zu gewinnen.<\/p>\n","protected":false},"featured_media":26639,"template":"","meta":{"_acf_changed":false,"inline_featured_image":false},"product_brand":[],"product_cat":[179,180],"product_tag":[],"class_list":{"0":"post-57300","1":"product","2":"type-product","3":"status-publish","4":"has-post-thumbnail","6":"product_cat-organizers-planners","7":"product_cat-personal","9":"first","10":"instock","11":"virtual","12":"sold-individually","13":"product-type-simple"},"acf":[],"yoast_head":"<!-- This site is optimized with the Yoast SEO plugin v25.3.1 - https:\/\/yoast.com\/wordpress\/plugins\/seo\/ -->\n<title>W\u00f6chentliche Vorschau Vorlage - Sales AI Agents<\/title>\n<meta name=\"description\" content=\"Verwenden Sie diese Vorlage, um Ihre Ziele, Aktionen und Aufgaben zu planen, die vergangene Woche zu analysieren und noch produktiver zu sein. Tun Sie es, um mehr Klarheit und Vertrauen zu gewinnen.\" \/>\n<meta name=\"robots\" content=\"index, follow, max-snippet:-1, max-image-preview:large, max-video-preview:-1\" \/>\n<link rel=\"canonical\" href=\"https:\/\/sales-ai-agents.com\/de\/templates\/weekly-preview\/\" \/>\n<meta property=\"og:locale\" content=\"de_DE\" \/>\n<meta property=\"og:type\" content=\"article\" \/>\n<meta property=\"og:title\" content=\"W\u00f6chentliche Vorschau Vorlage - Sales AI Agents\" \/>\n<meta property=\"og:description\" content=\"Verwenden Sie diese Vorlage, um Ihre Ziele, Aktionen und Aufgaben zu planen, die vergangene Woche zu analysieren und noch produktiver zu sein. Tun Sie es, um mehr Klarheit und Vertrauen zu gewinnen.\" \/>\n<meta property=\"og:url\" content=\"https:\/\/sales-ai-agents.com\/de\/templates\/weekly-preview\/\" \/>\n<meta property=\"og:site_name\" content=\"Sales AI Agents\" \/>\n<meta property=\"article:modified_time\" content=\"2023-12-27T19:41:11+00:00\" \/>\n<meta property=\"og:image\" content=\"https:\/\/sales-ai-agents.com\/wp-content\/uploads\/2022\/09\/Weekly-Preview-Template.png\" \/>\n\t<meta property=\"og:image:width\" content=\"1700\" \/>\n\t<meta property=\"og:image:height\" content=\"1100\" \/>\n\t<meta property=\"og:image:type\" content=\"image\/png\" \/>\n<meta name=\"twitter:card\" content=\"summary_large_image\" \/>\n<script type=\"application\/ld+json\" class=\"yoast-schema-graph\">{\"@context\":\"https:\/\/schema.org\",\"@graph\":[{\"@type\":\"WebPage\",\"@id\":\"https:\/\/sales-ai-agents.com\/de\/templates\/weekly-preview\/\",\"url\":\"https:\/\/sales-ai-agents.com\/de\/templates\/weekly-preview\/\",\"name\":\"W\u00f6chentliche Vorschau Vorlage - Sales AI Agents\",\"isPartOf\":{\"@id\":\"https:\/\/sales-ai-agents.com\/#website\"},\"primaryImageOfPage\":{\"@id\":\"https:\/\/sales-ai-agents.com\/de\/templates\/weekly-preview\/#primaryimage\"},\"image\":{\"@id\":\"https:\/\/sales-ai-agents.com\/de\/templates\/weekly-preview\/#primaryimage\"},\"thumbnailUrl\":\"https:\/\/sales-ai-agents.com\/wp-content\/uploads\/2022\/09\/Weekly-Preview-Template.png\",\"datePublished\":\"2022-09-26T12:15:09+00:00\",\"dateModified\":\"2023-12-27T19:41:11+00:00\",\"description\":\"Verwenden Sie diese Vorlage, um Ihre Ziele, Aktionen und Aufgaben zu planen, die vergangene Woche zu analysieren und noch produktiver zu sein. Tun Sie es, um mehr Klarheit und Vertrauen zu gewinnen.\",\"inLanguage\":\"de-DE\",\"potentialAction\":[{\"@type\":\"ReadAction\",\"target\":[\"https:\/\/sales-ai-agents.com\/de\/templates\/weekly-preview\/\"]}]},{\"@type\":\"ImageObject\",\"inLanguage\":\"de-DE\",\"@id\":\"https:\/\/sales-ai-agents.com\/de\/templates\/weekly-preview\/#primaryimage\",\"url\":\"https:\/\/sales-ai-agents.com\/wp-content\/uploads\/2022\/09\/Weekly-Preview-Template.png\",\"contentUrl\":\"https:\/\/sales-ai-agents.com\/wp-content\/uploads\/2022\/09\/Weekly-Preview-Template.png\",\"width\":1700,\"height\":1100,\"caption\":\"Use this template to plan your goals, actions, tasks, analyze the previous week and be even more productive.\"},{\"@type\":\"WebSite\",\"@id\":\"https:\/\/sales-ai-agents.com\/#website\",\"url\":\"https:\/\/sales-ai-agents.com\/\",\"name\":\"FuseBase\",\"description\":\"Nimbus Platform - Free Online Collaboration Software for Remote Teams. Build your wikis, client portals and more with the Nimbus Platform collaboration tool ? A perfect space for online work\",\"publisher\":{\"@id\":\"https:\/\/sales-ai-agents.com\/#organization\"},\"potentialAction\":[{\"@type\":\"SearchAction\",\"target\":{\"@type\":\"EntryPoint\",\"urlTemplate\":\"https:\/\/sales-ai-agents.com\/?s={search_term_string}\"},\"query-input\":{\"@type\":\"PropertyValueSpecification\",\"valueRequired\":true,\"valueName\":\"search_term_string\"}}],\"inLanguage\":\"de-DE\"},{\"@type\":\"Organization\",\"@id\":\"https:\/\/sales-ai-agents.com\/#organization\",\"name\":\"FuseBase\",\"url\":\"https:\/\/sales-ai-agents.com\/\",\"logo\":{\"@type\":\"ImageObject\",\"inLanguage\":\"de-DE\",\"@id\":\"https:\/\/sales-ai-agents.com\/#\/schema\/logo\/image\/\",\"url\":\"https:\/\/sales-ai-agents.com\/wp-content\/uploads\/2023\/11\/icon-7.svg\",\"contentUrl\":\"https:\/\/sales-ai-agents.com\/wp-content\/uploads\/2023\/11\/icon-7.svg\",\"width\":128,\"height\":128,\"caption\":\"FuseBase\"},\"image\":{\"@id\":\"https:\/\/sales-ai-agents.com\/#\/schema\/logo\/image\/\"}}]}<\/script>\n<!-- \/ Yoast SEO plugin. -->","yoast_head_json":{"title":"W\u00f6chentliche Vorschau Vorlage - Sales AI Agents","description":"Verwenden Sie diese Vorlage, um Ihre Ziele, Aktionen und Aufgaben zu planen, die vergangene Woche zu analysieren und noch produktiver zu sein. Tun Sie es, um mehr Klarheit und Vertrauen zu gewinnen.","robots":{"index":"index","follow":"follow","max-snippet":"max-snippet:-1","max-image-preview":"max-image-preview:large","max-video-preview":"max-video-preview:-1"},"canonical":"https:\/\/sales-ai-agents.com\/de\/templates\/weekly-preview\/","og_locale":"de_DE","og_type":"article","og_title":"W\u00f6chentliche Vorschau Vorlage - Sales AI Agents","og_description":"Verwenden Sie diese Vorlage, um Ihre Ziele, Aktionen und Aufgaben zu planen, die vergangene Woche zu analysieren und noch produktiver zu sein. Tun Sie es, um mehr Klarheit und Vertrauen zu gewinnen.","og_url":"https:\/\/sales-ai-agents.com\/de\/templates\/weekly-preview\/","og_site_name":"Sales AI Agents","article_modified_time":"2023-12-27T19:41:11+00:00","og_image":[{"width":1700,"height":1100,"url":"https:\/\/sales-ai-agents.com\/wp-content\/uploads\/2022\/09\/Weekly-Preview-Template.png","type":"image\/png"}],"twitter_card":"summary_large_image","schema":{"@context":"https:\/\/schema.org","@graph":[{"@type":"WebPage","@id":"https:\/\/sales-ai-agents.com\/de\/templates\/weekly-preview\/","url":"https:\/\/sales-ai-agents.com\/de\/templates\/weekly-preview\/","name":"W\u00f6chentliche Vorschau Vorlage - Sales AI Agents","isPartOf":{"@id":"https:\/\/sales-ai-agents.com\/#website"},"primaryImageOfPage":{"@id":"https:\/\/sales-ai-agents.com\/de\/templates\/weekly-preview\/#primaryimage"},"image":{"@id":"https:\/\/sales-ai-agents.com\/de\/templates\/weekly-preview\/#primaryimage"},"thumbnailUrl":"https:\/\/sales-ai-agents.com\/wp-content\/uploads\/2022\/09\/Weekly-Preview-Template.png","datePublished":"2022-09-26T12:15:09+00:00","dateModified":"2023-12-27T19:41:11+00:00","description":"Verwenden Sie diese Vorlage, um Ihre Ziele, Aktionen und Aufgaben zu planen, die vergangene Woche zu analysieren und noch produktiver zu sein. Tun Sie es, um mehr Klarheit und Vertrauen zu gewinnen.","inLanguage":"de-DE","potentialAction":[{"@type":"ReadAction","target":["https:\/\/sales-ai-agents.com\/de\/templates\/weekly-preview\/"]}]},{"@type":"ImageObject","inLanguage":"de-DE","@id":"https:\/\/sales-ai-agents.com\/de\/templates\/weekly-preview\/#primaryimage","url":"https:\/\/sales-ai-agents.com\/wp-content\/uploads\/2022\/09\/Weekly-Preview-Template.png","contentUrl":"https:\/\/sales-ai-agents.com\/wp-content\/uploads\/2022\/09\/Weekly-Preview-Template.png","width":1700,"height":1100,"caption":"Use this template to plan your goals, actions, tasks, analyze the previous week and be even more productive."},{"@type":"WebSite","@id":"https:\/\/sales-ai-agents.com\/#website","url":"https:\/\/sales-ai-agents.com\/","name":"FuseBase","description":"Nimbus Platform - Free Online Collaboration Software for Remote Teams. Build your wikis, client portals and more with the Nimbus Platform collaboration tool ? A perfect space for online work","publisher":{"@id":"https:\/\/sales-ai-agents.com\/#organization"},"potentialAction":[{"@type":"SearchAction","target":{"@type":"EntryPoint","urlTemplate":"https:\/\/sales-ai-agents.com\/?s={search_term_string}"},"query-input":{"@type":"PropertyValueSpecification","valueRequired":true,"valueName":"search_term_string"}}],"inLanguage":"de-DE"},{"@type":"Organization","@id":"https:\/\/sales-ai-agents.com\/#organization","name":"FuseBase","url":"https:\/\/sales-ai-agents.com\/","logo":{"@type":"ImageObject","inLanguage":"de-DE","@id":"https:\/\/sales-ai-agents.com\/#\/schema\/logo\/image\/","url":"https:\/\/sales-ai-agents.com\/wp-content\/uploads\/2023\/11\/icon-7.svg","contentUrl":"https:\/\/sales-ai-agents.com\/wp-content\/uploads\/2023\/11\/icon-7.svg","width":128,"height":128,"caption":"FuseBase"},"image":{"@id":"https:\/\/sales-ai-agents.com\/#\/schema\/logo\/image\/"}}]}},"_links":{"self":[{"href":"https:\/\/sales-ai-agents.com\/de\/wp-json\/wp\/v2\/product\/57300","targetHints":{"allow":["GET"]}}],"collection":[{"href":"https:\/\/sales-ai-agents.com\/de\/wp-json\/wp\/v2\/product"}],"about":[{"href":"https:\/\/sales-ai-agents.com\/de\/wp-json\/wp\/v2\/types\/product"}],"wp:featuredmedia":[{"embeddable":true,"href":"https:\/\/sales-ai-agents.com\/de\/wp-json\/wp\/v2\/media\/26639"}],"wp:attachment":[{"href":"https:\/\/sales-ai-agents.com\/de\/wp-json\/wp\/v2\/media?parent=57300"}],"wp:term":[{"taxonomy":"product_brand","embeddable":true,"href":"https:\/\/sales-ai-agents.com\/de\/wp-json\/wp\/v2\/product_brand?post=57300"},{"taxonomy":"product_cat","embeddable":true,"href":"https:\/\/sales-ai-agents.com\/de\/wp-json\/wp\/v2\/product_cat?post=57300"},{"taxonomy":"product_tag","embeddable":true,"href":"https:\/\/sales-ai-agents.com\/de\/wp-json\/wp\/v2\/product_tag?post=57300"}],"curies":[{"name":"wp","href":"https:\/\/api.w.org\/{rel}","templated":true}]}}