{"id":57304,"date":"2022-09-26T12:14:38","date_gmt":"2022-09-26T12:14:38","guid":{"rendered":"https:\/\/sales-ai-agents.com\/templates\/invoice\/"},"modified":"2023-12-27T15:26:09","modified_gmt":"2023-12-27T15:26:09","slug":"invoice","status":"publish","type":"product","link":"https:\/\/sales-ai-agents.com\/de\/templates\/invoice\/","title":{"rendered":"Rechnung"},"content":{"rendered":"<p>&nbsp;<\/p>\n<h2>Rechnungsvorlage<\/h2>\n<p class=\"desc-text\">Rechnungen sind ein wichtiger Bestandteil des Gesch\u00e4ftslebens. Sie m\u00fcssen Ihren Kunden mitteilen, wie viel sie zu zahlen haben und was ihnen in Rechnung gestellt wird. Mit der Nimbus Note Rechnungsvorlage verbringen Sie weniger Zeit mit der Erstellung von Rechnungen und haben mehr Zeit f\u00fcr Ihr Gesch\u00e4ft.<\/p>\n<h5>Wie zu verwenden:<\/h5>\n<ul class=\"desc-item_list\">\n<li class=\"desc-item_list__point\">F\u00fcgen Sie den Firmennamen und Informationen hinzu<\/li>\n<li class=\"desc-item_list__point\">Schreiben Sie eine Beschreibung der Waren oder Dienstleistungen, die Sie in Rechnung stellen<\/li>\n<li class=\"desc-item_list__point\">Geben Sie den zu zahlenden Gesamtbetrag an<\/li>\n<li class=\"desc-item_list__point\">Erw\u00e4hnen Sie die Zahlungsbedingungen<\/li>\n<li class=\"desc-item_list__point\">Einfache Weitergabe an Ihre Kunden oder Export im PDF-Format<\/li>\n<\/ul>\n","protected":false},"excerpt":{"rendered":"<p>Verbringen Sie weniger Zeit mit der Erstellung einer Rechnung und mehr Zeit mit der Abwicklung von Gesch\u00e4ften mit der Rechnungsvorlage. Sagen Sie Ihren Kunden, wie viel sie zahlen m\u00fcssen und wof\u00fcr.<\/p>\n","protected":false},"featured_media":25939,"template":"","meta":{"_acf_changed":false,"inline_featured_image":false},"product_brand":[],"product_cat":[184,195],"product_tag":[],"class_list":{"0":"post-57304","1":"product","2":"type-product","3":"status-publish","4":"has-post-thumbnail","6":"product_cat-personal-money","7":"product_cat-sales-management","9":"first","10":"instock","11":"virtual","12":"sold-individually","13":"product-type-simple"},"acf":[],"yoast_head":"<!-- This site is optimized with the Yoast SEO plugin v25.3.1 - https:\/\/yoast.com\/wordpress\/plugins\/seo\/ -->\n<title>Rechnungsvorlage - Sales AI Agents<\/title>\n<meta name=\"description\" content=\"Verbringen Sie weniger Zeit mit der Erstellung einer Rechnung und mehr Zeit mit der Abwicklung von Gesch\u00e4ften mit der Rechnungsvorlage. Sagen Sie Ihren Kunden, wie viel sie zahlen m\u00fcssen und wof\u00fcr.\" \/>\n<meta name=\"robots\" content=\"index, follow, max-snippet:-1, max-image-preview:large, max-video-preview:-1\" \/>\n<link rel=\"canonical\" href=\"https:\/\/sales-ai-agents.com\/de\/templates\/invoice\/\" \/>\n<meta property=\"og:locale\" content=\"de_DE\" \/>\n<meta property=\"og:type\" content=\"article\" \/>\n<meta property=\"og:title\" content=\"Rechnungsvorlage - Sales AI Agents\" \/>\n<meta property=\"og:description\" content=\"Verbringen Sie weniger Zeit mit der Erstellung einer Rechnung und mehr Zeit mit der Abwicklung von Gesch\u00e4ften mit der Rechnungsvorlage. Sagen Sie Ihren Kunden, wie viel sie zahlen m\u00fcssen und wof\u00fcr.\" \/>\n<meta property=\"og:url\" content=\"https:\/\/sales-ai-agents.com\/de\/templates\/invoice\/\" \/>\n<meta property=\"og:site_name\" content=\"Sales AI Agents\" \/>\n<meta property=\"article:modified_time\" content=\"2023-12-27T15:26:09+00:00\" \/>\n<meta property=\"og:image\" content=\"https:\/\/sales-ai-agents.com\/wp-content\/uploads\/2022\/09\/Invoice-Template.png\" \/>\n\t<meta property=\"og:image:width\" content=\"1700\" \/>\n\t<meta property=\"og:image:height\" content=\"1100\" \/>\n\t<meta property=\"og:image:type\" content=\"image\/png\" \/>\n<meta name=\"twitter:card\" content=\"summary_large_image\" \/>\n<script type=\"application\/ld+json\" class=\"yoast-schema-graph\">{\"@context\":\"https:\/\/schema.org\",\"@graph\":[{\"@type\":\"WebPage\",\"@id\":\"https:\/\/sales-ai-agents.com\/de\/templates\/invoice\/\",\"url\":\"https:\/\/sales-ai-agents.com\/de\/templates\/invoice\/\",\"name\":\"Rechnungsvorlage - Sales AI Agents\",\"isPartOf\":{\"@id\":\"https:\/\/sales-ai-agents.com\/#website\"},\"primaryImageOfPage\":{\"@id\":\"https:\/\/sales-ai-agents.com\/de\/templates\/invoice\/#primaryimage\"},\"image\":{\"@id\":\"https:\/\/sales-ai-agents.com\/de\/templates\/invoice\/#primaryimage\"},\"thumbnailUrl\":\"https:\/\/sales-ai-agents.com\/wp-content\/uploads\/2022\/09\/Invoice-Template.png\",\"datePublished\":\"2022-09-26T12:14:38+00:00\",\"dateModified\":\"2023-12-27T15:26:09+00:00\",\"description\":\"Verbringen Sie weniger Zeit mit der Erstellung einer Rechnung und mehr Zeit mit der Abwicklung von Gesch\u00e4ften mit der Rechnungsvorlage. Sagen Sie Ihren Kunden, wie viel sie zahlen m\u00fcssen und wof\u00fcr.\",\"inLanguage\":\"de-DE\",\"potentialAction\":[{\"@type\":\"ReadAction\",\"target\":[\"https:\/\/sales-ai-agents.com\/de\/templates\/invoice\/\"]}]},{\"@type\":\"ImageObject\",\"inLanguage\":\"de-DE\",\"@id\":\"https:\/\/sales-ai-agents.com\/de\/templates\/invoice\/#primaryimage\",\"url\":\"https:\/\/sales-ai-agents.com\/wp-content\/uploads\/2022\/09\/Invoice-Template.png\",\"contentUrl\":\"https:\/\/sales-ai-agents.com\/wp-content\/uploads\/2022\/09\/Invoice-Template.png\",\"width\":1700,\"height\":1100,\"caption\":\"Spend less time creating an invoice and more time doing business with the invoice template.\"},{\"@type\":\"WebSite\",\"@id\":\"https:\/\/sales-ai-agents.com\/#website\",\"url\":\"https:\/\/sales-ai-agents.com\/\",\"name\":\"FuseBase\",\"description\":\"Nimbus Platform - Free Online Collaboration Software for Remote Teams. Build your wikis, client portals and more with the Nimbus Platform collaboration tool ? A perfect space for online work\",\"publisher\":{\"@id\":\"https:\/\/sales-ai-agents.com\/#organization\"},\"potentialAction\":[{\"@type\":\"SearchAction\",\"target\":{\"@type\":\"EntryPoint\",\"urlTemplate\":\"https:\/\/sales-ai-agents.com\/?s={search_term_string}\"},\"query-input\":{\"@type\":\"PropertyValueSpecification\",\"valueRequired\":true,\"valueName\":\"search_term_string\"}}],\"inLanguage\":\"de-DE\"},{\"@type\":\"Organization\",\"@id\":\"https:\/\/sales-ai-agents.com\/#organization\",\"name\":\"FuseBase\",\"url\":\"https:\/\/sales-ai-agents.com\/\",\"logo\":{\"@type\":\"ImageObject\",\"inLanguage\":\"de-DE\",\"@id\":\"https:\/\/sales-ai-agents.com\/#\/schema\/logo\/image\/\",\"url\":\"https:\/\/sales-ai-agents.com\/wp-content\/uploads\/2023\/11\/icon-7.svg\",\"contentUrl\":\"https:\/\/sales-ai-agents.com\/wp-content\/uploads\/2023\/11\/icon-7.svg\",\"width\":128,\"height\":128,\"caption\":\"FuseBase\"},\"image\":{\"@id\":\"https:\/\/sales-ai-agents.com\/#\/schema\/logo\/image\/\"}}]}<\/script>\n<!-- \/ Yoast SEO plugin. -->","yoast_head_json":{"title":"Rechnungsvorlage - Sales AI Agents","description":"Verbringen Sie weniger Zeit mit der Erstellung einer Rechnung und mehr Zeit mit der Abwicklung von Gesch\u00e4ften mit der Rechnungsvorlage. Sagen Sie Ihren Kunden, wie viel sie zahlen m\u00fcssen und wof\u00fcr.","robots":{"index":"index","follow":"follow","max-snippet":"max-snippet:-1","max-image-preview":"max-image-preview:large","max-video-preview":"max-video-preview:-1"},"canonical":"https:\/\/sales-ai-agents.com\/de\/templates\/invoice\/","og_locale":"de_DE","og_type":"article","og_title":"Rechnungsvorlage - Sales AI Agents","og_description":"Verbringen Sie weniger Zeit mit der Erstellung einer Rechnung und mehr Zeit mit der Abwicklung von Gesch\u00e4ften mit der Rechnungsvorlage. Sagen Sie Ihren Kunden, wie viel sie zahlen m\u00fcssen und wof\u00fcr.","og_url":"https:\/\/sales-ai-agents.com\/de\/templates\/invoice\/","og_site_name":"Sales AI Agents","article_modified_time":"2023-12-27T15:26:09+00:00","og_image":[{"width":1700,"height":1100,"url":"https:\/\/sales-ai-agents.com\/wp-content\/uploads\/2022\/09\/Invoice-Template.png","type":"image\/png"}],"twitter_card":"summary_large_image","schema":{"@context":"https:\/\/schema.org","@graph":[{"@type":"WebPage","@id":"https:\/\/sales-ai-agents.com\/de\/templates\/invoice\/","url":"https:\/\/sales-ai-agents.com\/de\/templates\/invoice\/","name":"Rechnungsvorlage - Sales AI Agents","isPartOf":{"@id":"https:\/\/sales-ai-agents.com\/#website"},"primaryImageOfPage":{"@id":"https:\/\/sales-ai-agents.com\/de\/templates\/invoice\/#primaryimage"},"image":{"@id":"https:\/\/sales-ai-agents.com\/de\/templates\/invoice\/#primaryimage"},"thumbnailUrl":"https:\/\/sales-ai-agents.com\/wp-content\/uploads\/2022\/09\/Invoice-Template.png","datePublished":"2022-09-26T12:14:38+00:00","dateModified":"2023-12-27T15:26:09+00:00","description":"Verbringen Sie weniger Zeit mit der Erstellung einer Rechnung und mehr Zeit mit der Abwicklung von Gesch\u00e4ften mit der Rechnungsvorlage. Sagen Sie Ihren Kunden, wie viel sie zahlen m\u00fcssen und wof\u00fcr.","inLanguage":"de-DE","potentialAction":[{"@type":"ReadAction","target":["https:\/\/sales-ai-agents.com\/de\/templates\/invoice\/"]}]},{"@type":"ImageObject","inLanguage":"de-DE","@id":"https:\/\/sales-ai-agents.com\/de\/templates\/invoice\/#primaryimage","url":"https:\/\/sales-ai-agents.com\/wp-content\/uploads\/2022\/09\/Invoice-Template.png","contentUrl":"https:\/\/sales-ai-agents.com\/wp-content\/uploads\/2022\/09\/Invoice-Template.png","width":1700,"height":1100,"caption":"Spend less time creating an invoice and more time doing business with the invoice template."},{"@type":"WebSite","@id":"https:\/\/sales-ai-agents.com\/#website","url":"https:\/\/sales-ai-agents.com\/","name":"FuseBase","description":"Nimbus Platform - Free Online Collaboration Software for Remote Teams. Build your wikis, client portals and more with the Nimbus Platform collaboration tool ? A perfect space for online work","publisher":{"@id":"https:\/\/sales-ai-agents.com\/#organization"},"potentialAction":[{"@type":"SearchAction","target":{"@type":"EntryPoint","urlTemplate":"https:\/\/sales-ai-agents.com\/?s={search_term_string}"},"query-input":{"@type":"PropertyValueSpecification","valueRequired":true,"valueName":"search_term_string"}}],"inLanguage":"de-DE"},{"@type":"Organization","@id":"https:\/\/sales-ai-agents.com\/#organization","name":"FuseBase","url":"https:\/\/sales-ai-agents.com\/","logo":{"@type":"ImageObject","inLanguage":"de-DE","@id":"https:\/\/sales-ai-agents.com\/#\/schema\/logo\/image\/","url":"https:\/\/sales-ai-agents.com\/wp-content\/uploads\/2023\/11\/icon-7.svg","contentUrl":"https:\/\/sales-ai-agents.com\/wp-content\/uploads\/2023\/11\/icon-7.svg","width":128,"height":128,"caption":"FuseBase"},"image":{"@id":"https:\/\/sales-ai-agents.com\/#\/schema\/logo\/image\/"}}]}},"_links":{"self":[{"href":"https:\/\/sales-ai-agents.com\/de\/wp-json\/wp\/v2\/product\/57304","targetHints":{"allow":["GET"]}}],"collection":[{"href":"https:\/\/sales-ai-agents.com\/de\/wp-json\/wp\/v2\/product"}],"about":[{"href":"https:\/\/sales-ai-agents.com\/de\/wp-json\/wp\/v2\/types\/product"}],"wp:featuredmedia":[{"embeddable":true,"href":"https:\/\/sales-ai-agents.com\/de\/wp-json\/wp\/v2\/media\/25939"}],"wp:attachment":[{"href":"https:\/\/sales-ai-agents.com\/de\/wp-json\/wp\/v2\/media?parent=57304"}],"wp:term":[{"taxonomy":"product_brand","embeddable":true,"href":"https:\/\/sales-ai-agents.com\/de\/wp-json\/wp\/v2\/product_brand?post=57304"},{"taxonomy":"product_cat","embeddable":true,"href":"https:\/\/sales-ai-agents.com\/de\/wp-json\/wp\/v2\/product_cat?post=57304"},{"taxonomy":"product_tag","embeddable":true,"href":"https:\/\/sales-ai-agents.com\/de\/wp-json\/wp\/v2\/product_tag?post=57304"}],"curies":[{"name":"wp","href":"https:\/\/api.w.org\/{rel}","templated":true}]}}