{"id":57309,"date":"2022-09-26T12:14:35","date_gmt":"2022-09-26T12:14:35","guid":{"rendered":"https:\/\/sales-ai-agents.com\/templates\/project-timeline-gantt-diagram\/"},"modified":"2023-12-27T19:12:57","modified_gmt":"2023-12-27T19:12:57","slug":"project-timeline-gantt-diagram","status":"publish","type":"product","link":"https:\/\/sales-ai-agents.com\/de\/templates\/project-timeline-gantt-diagram\/","title":{"rendered":"Projektzeitplan (Gantt-Diagramm)"},"content":{"rendered":"<p>&nbsp;<\/p>\n<h2>Projektzeitleiste (Gantt-Diagramm) Vorlage<\/h2>\n<p class=\"desc-text\">Erstellen Sie mit dieser Gantt-Diagramm-Vorlage einen Projektzeitplan, um Ihren Fortschritt zu verfolgen. Dieser Projektzeitplan (Gantt-Diagramm) hilft Ihnen bei der Planung, Verfolgung und Synchronisierung von Projektaktivit\u00e4ten. Diese Vorlage basiert auf dem seit langem bekannten Gantt-Diagramm und zeigt, wie das Projekt im Laufe der Zeit verwaltet wird und in welchem Stadium es sich befindet. Es funktioniert bei gro\u00dfen und kleinen, kurzfristigen oder langfristigen Projekten.<\/p>\n<h5>Wie zu verwenden:<\/h5>\n<ul class=\"desc-item_list\">\n<li class=\"desc-item_list__point\">F\u00fcgen Sie Zeilen entsprechend der Anzahl der Phasen in Ihrem Projekt hinzu.<\/li>\n<li class=\"desc-item_list__point\">Weisen Sie jede Phase einem Arbeitsbereichsmitglied zu.<\/li>\n<li class=\"desc-item_list__point\">F\u00fcgen Sie Spalten entsprechend der Anzahl der Perioden in Ihrem Projekt hinzu.<\/li>\n<li class=\"desc-item_list__point\">Spalten in Zeilen zusammenf\u00fchren, wenn die Phase f\u00fcr mehrere Zeitr\u00e4ume gilt.<\/li>\n<li class=\"desc-item_list__point\">\u00c4ndern Sie den Spaltentyp auf Fortschritt und legen Sie den Prozentsatz des Phasenabschlusses fest.<\/li>\n<\/ul>\n","protected":false},"excerpt":{"rendered":"<p>Erstellen Sie mit dieser Gantt-Diagramm-Vorlage einen Projektzeitplan, um Ihren Fortschritt zu verfolgen. Dieser Projektzeitplan (Gantt-Diagramm) hilft bei der Planung, Verfolgung und Synchronisierung von Aktivit\u00e4ten.<\/p>\n","protected":false},"featured_media":25669,"template":"","meta":{"_acf_changed":false,"inline_featured_image":false},"product_brand":[],"product_cat":[191,169],"product_tag":[],"class_list":{"0":"post-57309","1":"product","2":"type-product","3":"status-publish","4":"has-post-thumbnail","6":"product_cat-project-management","7":"product_cat-entrepreneur","9":"first","10":"instock","11":"virtual","12":"sold-individually","13":"product-type-simple"},"acf":[],"yoast_head":"<!-- This site is optimized with the Yoast SEO plugin v25.3.1 - https:\/\/yoast.com\/wordpress\/plugins\/seo\/ -->\n<title>Projektzeitplan (Gantt-Diagramm) Vorlage - Sales AI Agents<\/title>\n<meta name=\"description\" content=\"Erstellen Sie mit dieser Gantt-Diagramm-Vorlage einen Projektzeitplan, um Ihren Fortschritt zu verfolgen. Dieser Projektzeitplan (Gantt-Diagramm) hilft bei der Planung, Verfolgung und Synchronisierung von Aktivit\u00e4ten!\" \/>\n<meta name=\"robots\" content=\"index, follow, max-snippet:-1, max-image-preview:large, max-video-preview:-1\" \/>\n<link rel=\"canonical\" href=\"https:\/\/sales-ai-agents.com\/de\/templates\/project-timeline-gantt-diagram\/\" \/>\n<meta property=\"og:locale\" content=\"de_DE\" \/>\n<meta property=\"og:type\" content=\"article\" \/>\n<meta property=\"og:title\" content=\"Projektzeitplan (Gantt-Diagramm) Vorlage - Sales AI Agents\" \/>\n<meta property=\"og:description\" content=\"Erstellen Sie mit dieser Gantt-Diagramm-Vorlage einen Projektzeitplan, um Ihren Fortschritt zu verfolgen. Dieser Projektzeitplan (Gantt-Diagramm) hilft bei der Planung, Verfolgung und Synchronisierung von Aktivit\u00e4ten!\" \/>\n<meta property=\"og:url\" content=\"https:\/\/sales-ai-agents.com\/de\/templates\/project-timeline-gantt-diagram\/\" \/>\n<meta property=\"og:site_name\" content=\"Sales AI Agents\" \/>\n<meta property=\"article:modified_time\" content=\"2023-12-27T19:12:57+00:00\" \/>\n<meta property=\"og:image\" content=\"https:\/\/sales-ai-agents.com\/wp-content\/uploads\/2022\/09\/Project-Timeline-Gantt-diagram-Template.png\" \/>\n\t<meta property=\"og:image:width\" content=\"1700\" \/>\n\t<meta property=\"og:image:height\" content=\"1100\" \/>\n\t<meta property=\"og:image:type\" content=\"image\/png\" \/>\n<meta name=\"twitter:card\" content=\"summary_large_image\" \/>\n<script type=\"application\/ld+json\" class=\"yoast-schema-graph\">{\"@context\":\"https:\/\/schema.org\",\"@graph\":[{\"@type\":\"WebPage\",\"@id\":\"https:\/\/sales-ai-agents.com\/de\/templates\/project-timeline-gantt-diagram\/\",\"url\":\"https:\/\/sales-ai-agents.com\/de\/templates\/project-timeline-gantt-diagram\/\",\"name\":\"Projektzeitplan (Gantt-Diagramm) Vorlage - Sales AI Agents\",\"isPartOf\":{\"@id\":\"https:\/\/sales-ai-agents.com\/#website\"},\"primaryImageOfPage\":{\"@id\":\"https:\/\/sales-ai-agents.com\/de\/templates\/project-timeline-gantt-diagram\/#primaryimage\"},\"image\":{\"@id\":\"https:\/\/sales-ai-agents.com\/de\/templates\/project-timeline-gantt-diagram\/#primaryimage\"},\"thumbnailUrl\":\"https:\/\/sales-ai-agents.com\/wp-content\/uploads\/2022\/09\/Project-Timeline-Gantt-diagram-Template.png\",\"datePublished\":\"2022-09-26T12:14:35+00:00\",\"dateModified\":\"2023-12-27T19:12:57+00:00\",\"description\":\"Erstellen Sie mit dieser Gantt-Diagramm-Vorlage einen Projektzeitplan, um Ihren Fortschritt zu verfolgen. Dieser Projektzeitplan (Gantt-Diagramm) hilft bei der Planung, Verfolgung und Synchronisierung von Aktivit\u00e4ten!\",\"inLanguage\":\"de-DE\",\"potentialAction\":[{\"@type\":\"ReadAction\",\"target\":[\"https:\/\/sales-ai-agents.com\/de\/templates\/project-timeline-gantt-diagram\/\"]}]},{\"@type\":\"ImageObject\",\"inLanguage\":\"de-DE\",\"@id\":\"https:\/\/sales-ai-agents.com\/de\/templates\/project-timeline-gantt-diagram\/#primaryimage\",\"url\":\"https:\/\/sales-ai-agents.com\/wp-content\/uploads\/2022\/09\/Project-Timeline-Gantt-diagram-Template.png\",\"contentUrl\":\"https:\/\/sales-ai-agents.com\/wp-content\/uploads\/2022\/09\/Project-Timeline-Gantt-diagram-Template.png\",\"width\":1700,\"height\":1100,\"caption\":\"Create a project timeline to track your progress with this Gantt chart template.\"},{\"@type\":\"WebSite\",\"@id\":\"https:\/\/sales-ai-agents.com\/#website\",\"url\":\"https:\/\/sales-ai-agents.com\/\",\"name\":\"FuseBase\",\"description\":\"Nimbus Platform - Free Online Collaboration Software for Remote Teams. Build your wikis, client portals and more with the Nimbus Platform collaboration tool ? A perfect space for online work\",\"publisher\":{\"@id\":\"https:\/\/sales-ai-agents.com\/#organization\"},\"potentialAction\":[{\"@type\":\"SearchAction\",\"target\":{\"@type\":\"EntryPoint\",\"urlTemplate\":\"https:\/\/sales-ai-agents.com\/?s={search_term_string}\"},\"query-input\":{\"@type\":\"PropertyValueSpecification\",\"valueRequired\":true,\"valueName\":\"search_term_string\"}}],\"inLanguage\":\"de-DE\"},{\"@type\":\"Organization\",\"@id\":\"https:\/\/sales-ai-agents.com\/#organization\",\"name\":\"FuseBase\",\"url\":\"https:\/\/sales-ai-agents.com\/\",\"logo\":{\"@type\":\"ImageObject\",\"inLanguage\":\"de-DE\",\"@id\":\"https:\/\/sales-ai-agents.com\/#\/schema\/logo\/image\/\",\"url\":\"https:\/\/sales-ai-agents.com\/wp-content\/uploads\/2023\/11\/icon-7.svg\",\"contentUrl\":\"https:\/\/sales-ai-agents.com\/wp-content\/uploads\/2023\/11\/icon-7.svg\",\"width\":128,\"height\":128,\"caption\":\"FuseBase\"},\"image\":{\"@id\":\"https:\/\/sales-ai-agents.com\/#\/schema\/logo\/image\/\"}}]}<\/script>\n<!-- \/ Yoast SEO plugin. -->","yoast_head_json":{"title":"Projektzeitplan (Gantt-Diagramm) Vorlage - Sales AI Agents","description":"Erstellen Sie mit dieser Gantt-Diagramm-Vorlage einen Projektzeitplan, um Ihren Fortschritt zu verfolgen. Dieser Projektzeitplan (Gantt-Diagramm) hilft bei der Planung, Verfolgung und Synchronisierung von Aktivit\u00e4ten!","robots":{"index":"index","follow":"follow","max-snippet":"max-snippet:-1","max-image-preview":"max-image-preview:large","max-video-preview":"max-video-preview:-1"},"canonical":"https:\/\/sales-ai-agents.com\/de\/templates\/project-timeline-gantt-diagram\/","og_locale":"de_DE","og_type":"article","og_title":"Projektzeitplan (Gantt-Diagramm) Vorlage - Sales AI Agents","og_description":"Erstellen Sie mit dieser Gantt-Diagramm-Vorlage einen Projektzeitplan, um Ihren Fortschritt zu verfolgen. Dieser Projektzeitplan (Gantt-Diagramm) hilft bei der Planung, Verfolgung und Synchronisierung von Aktivit\u00e4ten!","og_url":"https:\/\/sales-ai-agents.com\/de\/templates\/project-timeline-gantt-diagram\/","og_site_name":"Sales AI Agents","article_modified_time":"2023-12-27T19:12:57+00:00","og_image":[{"width":1700,"height":1100,"url":"https:\/\/sales-ai-agents.com\/wp-content\/uploads\/2022\/09\/Project-Timeline-Gantt-diagram-Template.png","type":"image\/png"}],"twitter_card":"summary_large_image","schema":{"@context":"https:\/\/schema.org","@graph":[{"@type":"WebPage","@id":"https:\/\/sales-ai-agents.com\/de\/templates\/project-timeline-gantt-diagram\/","url":"https:\/\/sales-ai-agents.com\/de\/templates\/project-timeline-gantt-diagram\/","name":"Projektzeitplan (Gantt-Diagramm) Vorlage - Sales AI Agents","isPartOf":{"@id":"https:\/\/sales-ai-agents.com\/#website"},"primaryImageOfPage":{"@id":"https:\/\/sales-ai-agents.com\/de\/templates\/project-timeline-gantt-diagram\/#primaryimage"},"image":{"@id":"https:\/\/sales-ai-agents.com\/de\/templates\/project-timeline-gantt-diagram\/#primaryimage"},"thumbnailUrl":"https:\/\/sales-ai-agents.com\/wp-content\/uploads\/2022\/09\/Project-Timeline-Gantt-diagram-Template.png","datePublished":"2022-09-26T12:14:35+00:00","dateModified":"2023-12-27T19:12:57+00:00","description":"Erstellen Sie mit dieser Gantt-Diagramm-Vorlage einen Projektzeitplan, um Ihren Fortschritt zu verfolgen. Dieser Projektzeitplan (Gantt-Diagramm) hilft bei der Planung, Verfolgung und Synchronisierung von Aktivit\u00e4ten!","inLanguage":"de-DE","potentialAction":[{"@type":"ReadAction","target":["https:\/\/sales-ai-agents.com\/de\/templates\/project-timeline-gantt-diagram\/"]}]},{"@type":"ImageObject","inLanguage":"de-DE","@id":"https:\/\/sales-ai-agents.com\/de\/templates\/project-timeline-gantt-diagram\/#primaryimage","url":"https:\/\/sales-ai-agents.com\/wp-content\/uploads\/2022\/09\/Project-Timeline-Gantt-diagram-Template.png","contentUrl":"https:\/\/sales-ai-agents.com\/wp-content\/uploads\/2022\/09\/Project-Timeline-Gantt-diagram-Template.png","width":1700,"height":1100,"caption":"Create a project timeline to track your progress with this Gantt chart template."},{"@type":"WebSite","@id":"https:\/\/sales-ai-agents.com\/#website","url":"https:\/\/sales-ai-agents.com\/","name":"FuseBase","description":"Nimbus Platform - Free Online Collaboration Software for Remote Teams. Build your wikis, client portals and more with the Nimbus Platform collaboration tool ? A perfect space for online work","publisher":{"@id":"https:\/\/sales-ai-agents.com\/#organization"},"potentialAction":[{"@type":"SearchAction","target":{"@type":"EntryPoint","urlTemplate":"https:\/\/sales-ai-agents.com\/?s={search_term_string}"},"query-input":{"@type":"PropertyValueSpecification","valueRequired":true,"valueName":"search_term_string"}}],"inLanguage":"de-DE"},{"@type":"Organization","@id":"https:\/\/sales-ai-agents.com\/#organization","name":"FuseBase","url":"https:\/\/sales-ai-agents.com\/","logo":{"@type":"ImageObject","inLanguage":"de-DE","@id":"https:\/\/sales-ai-agents.com\/#\/schema\/logo\/image\/","url":"https:\/\/sales-ai-agents.com\/wp-content\/uploads\/2023\/11\/icon-7.svg","contentUrl":"https:\/\/sales-ai-agents.com\/wp-content\/uploads\/2023\/11\/icon-7.svg","width":128,"height":128,"caption":"FuseBase"},"image":{"@id":"https:\/\/sales-ai-agents.com\/#\/schema\/logo\/image\/"}}]}},"_links":{"self":[{"href":"https:\/\/sales-ai-agents.com\/de\/wp-json\/wp\/v2\/product\/57309","targetHints":{"allow":["GET"]}}],"collection":[{"href":"https:\/\/sales-ai-agents.com\/de\/wp-json\/wp\/v2\/product"}],"about":[{"href":"https:\/\/sales-ai-agents.com\/de\/wp-json\/wp\/v2\/types\/product"}],"wp:featuredmedia":[{"embeddable":true,"href":"https:\/\/sales-ai-agents.com\/de\/wp-json\/wp\/v2\/media\/25669"}],"wp:attachment":[{"href":"https:\/\/sales-ai-agents.com\/de\/wp-json\/wp\/v2\/media?parent=57309"}],"wp:term":[{"taxonomy":"product_brand","embeddable":true,"href":"https:\/\/sales-ai-agents.com\/de\/wp-json\/wp\/v2\/product_brand?post=57309"},{"taxonomy":"product_cat","embeddable":true,"href":"https:\/\/sales-ai-agents.com\/de\/wp-json\/wp\/v2\/product_cat?post=57309"},{"taxonomy":"product_tag","embeddable":true,"href":"https:\/\/sales-ai-agents.com\/de\/wp-json\/wp\/v2\/product_tag?post=57309"}],"curies":[{"name":"wp","href":"https:\/\/api.w.org\/{rel}","templated":true}]}}