{"id":57587,"date":"2022-09-26T12:14:29","date_gmt":"2022-09-26T12:14:29","guid":{"rendered":"https:\/\/sales-ai-agents.com\/templates\/user-research\/"},"modified":"2023-12-27T15:08:24","modified_gmt":"2023-12-27T15:08:24","slug":"user-research","status":"publish","type":"product","link":"https:\/\/sales-ai-agents.com\/de\/templates\/user-research\/","title":{"rendered":"Nutzerforschung"},"content":{"rendered":"<p>&nbsp;<\/p>\n<h2>Vorlage f\u00fcr Benutzerforschung<\/h2>\n<p class=\"desc-text\">Bei der Entwicklung eines Produkts ist es wichtig, Nutzerforschung zu betreiben. Wenn Sie sehen, wie die Verbraucher mit Ihrer Arbeit interagieren, erhalten Sie einen besseren Einblick in die Gestaltungselemente, die ihnen helfen werden. Verwalten Sie alle Daten Ihrer Nutzerforschung mit dieser Vorlage f\u00fcr die Nutzerforschung, die eine voll funktionsf\u00e4hige und anpassbare Tabelle enth\u00e4lt. Verfolgen Sie jeden Schritt, von der Kontaktaufnahme bis zu Berichten und zuk\u00fcnftigen Vorschl\u00e4gen. Die Durchf\u00fchrung von Recherchen kann eine gro\u00dfe Aufgabe sein, aber eine Strukturierung Ihrer Arbeit kann Ihnen helfen, den \u00dcberblick zu behalten.<\/p>\n<h5>Wie zu verwenden:<\/h5>\n<ul class=\"desc-item_list\">\n<li class=\"desc-item_list__point\">Liste der Interviewer und Befragten<\/li>\n<li class=\"desc-item_list__point\">Verwenden Sie das Sterne-Bewertungssystem, um Feedback hinzuzuf\u00fcgen<\/li>\n<li class=\"desc-item_list__point\">Kennzeichnen Sie die Sitzungsart<\/li>\n<li class=\"desc-item_list__point\">Aufzeichnung der f\u00fcr die Aufgabe aufgewendeten Zeit<\/li>\n<li class=\"desc-item_list__point\">Notizen zur Sitzung machen<\/li>\n<li class=\"desc-item_list__point\">F\u00fcgen Sie relevante Dateien in der letzten Spalte ein<\/li>\n<\/ul>\n","protected":false},"excerpt":{"rendered":"<p>Verwalten Sie alle Details Ihrer Nutzerforschung mit dieser Vorlage f\u00fcr die Nutzerforschung. Es verf\u00fcgt \u00fcber eine voll funktionsf\u00e4hige und anpassbare Tabelle, die sich am besten zum Speichern von Daten eignet.<\/p>\n","protected":false},"featured_media":20560,"template":"","meta":{"_acf_changed":false,"inline_featured_image":false},"product_brand":[],"product_cat":[165,192],"product_tag":[],"class_list":{"0":"post-57587","1":"product","2":"type-product","3":"status-publish","4":"has-post-thumbnail","6":"product_cat-designer","7":"product_cat-programmer-engineer","8":"for-programmer-engineer-de","10":"first","11":"instock","12":"virtual","13":"sold-individually","14":"product-type-simple"},"acf":[],"yoast_head":"<!-- This site is optimized with the Yoast SEO plugin v25.3.1 - https:\/\/yoast.com\/wordpress\/plugins\/seo\/ -->\n<title>Vorlage f\u00fcr Nutzerforschung - Sales AI Agents<\/title>\n<meta name=\"description\" content=\"Verwalten Sie alle Details Ihrer Nutzerforschung mit dieser Vorlage f\u00fcr die Nutzerforschung. Verwenden Sie eine voll funktionsf\u00e4hige und anpassbare Tabelle, die sich am besten zum Speichern von Daten eignet!\" \/>\n<meta name=\"robots\" content=\"index, follow, max-snippet:-1, max-image-preview:large, max-video-preview:-1\" \/>\n<link rel=\"canonical\" href=\"https:\/\/sales-ai-agents.com\/de\/templates\/user-research\/\" \/>\n<meta property=\"og:locale\" content=\"de_DE\" \/>\n<meta property=\"og:type\" content=\"article\" \/>\n<meta property=\"og:title\" content=\"Vorlage f\u00fcr Nutzerforschung - Sales AI Agents\" \/>\n<meta property=\"og:description\" content=\"Verwalten Sie alle Details Ihrer Nutzerforschung mit dieser Vorlage f\u00fcr die Nutzerforschung. Verwenden Sie eine voll funktionsf\u00e4hige und anpassbare Tabelle, die sich am besten zum Speichern von Daten eignet!\" \/>\n<meta property=\"og:url\" content=\"https:\/\/sales-ai-agents.com\/de\/templates\/user-research\/\" \/>\n<meta property=\"og:site_name\" content=\"Sales AI Agents\" \/>\n<meta property=\"article:modified_time\" content=\"2023-12-27T15:08:24+00:00\" \/>\n<meta property=\"og:image\" content=\"https:\/\/sales-ai-agents.com\/wp-content\/uploads\/2023\/01\/image-preview121450.png\" \/>\n\t<meta property=\"og:image:width\" content=\"1078\" \/>\n\t<meta property=\"og:image:height\" content=\"882\" \/>\n\t<meta property=\"og:image:type\" content=\"image\/png\" \/>\n<meta name=\"twitter:card\" content=\"summary_large_image\" \/>\n<script type=\"application\/ld+json\" class=\"yoast-schema-graph\">{\"@context\":\"https:\/\/schema.org\",\"@graph\":[{\"@type\":\"WebPage\",\"@id\":\"https:\/\/sales-ai-agents.com\/de\/templates\/user-research\/\",\"url\":\"https:\/\/sales-ai-agents.com\/de\/templates\/user-research\/\",\"name\":\"Vorlage f\u00fcr Nutzerforschung - Sales AI Agents\",\"isPartOf\":{\"@id\":\"https:\/\/sales-ai-agents.com\/#website\"},\"primaryImageOfPage\":{\"@id\":\"https:\/\/sales-ai-agents.com\/de\/templates\/user-research\/#primaryimage\"},\"image\":{\"@id\":\"https:\/\/sales-ai-agents.com\/de\/templates\/user-research\/#primaryimage\"},\"thumbnailUrl\":\"https:\/\/sales-ai-agents.com\/wp-content\/uploads\/2023\/01\/image-preview121450.png\",\"datePublished\":\"2022-09-26T12:14:29+00:00\",\"dateModified\":\"2023-12-27T15:08:24+00:00\",\"description\":\"Verwalten Sie alle Details Ihrer Nutzerforschung mit dieser Vorlage f\u00fcr die Nutzerforschung. Verwenden Sie eine voll funktionsf\u00e4hige und anpassbare Tabelle, die sich am besten zum Speichern von Daten eignet!\",\"inLanguage\":\"de-DE\",\"potentialAction\":[{\"@type\":\"ReadAction\",\"target\":[\"https:\/\/sales-ai-agents.com\/de\/templates\/user-research\/\"]}]},{\"@type\":\"ImageObject\",\"inLanguage\":\"de-DE\",\"@id\":\"https:\/\/sales-ai-agents.com\/de\/templates\/user-research\/#primaryimage\",\"url\":\"https:\/\/sales-ai-agents.com\/wp-content\/uploads\/2023\/01\/image-preview121450.png\",\"contentUrl\":\"https:\/\/sales-ai-agents.com\/wp-content\/uploads\/2023\/01\/image-preview121450.png\",\"width\":1078,\"height\":882,\"caption\":\"User Research Template - Nimbus Platform\"},{\"@type\":\"WebSite\",\"@id\":\"https:\/\/sales-ai-agents.com\/#website\",\"url\":\"https:\/\/sales-ai-agents.com\/\",\"name\":\"FuseBase\",\"description\":\"Nimbus Platform - Free Online Collaboration Software for Remote Teams. Build your wikis, client portals and more with the Nimbus Platform collaboration tool ? A perfect space for online work\",\"publisher\":{\"@id\":\"https:\/\/sales-ai-agents.com\/#organization\"},\"potentialAction\":[{\"@type\":\"SearchAction\",\"target\":{\"@type\":\"EntryPoint\",\"urlTemplate\":\"https:\/\/sales-ai-agents.com\/?s={search_term_string}\"},\"query-input\":{\"@type\":\"PropertyValueSpecification\",\"valueRequired\":true,\"valueName\":\"search_term_string\"}}],\"inLanguage\":\"de-DE\"},{\"@type\":\"Organization\",\"@id\":\"https:\/\/sales-ai-agents.com\/#organization\",\"name\":\"FuseBase\",\"url\":\"https:\/\/sales-ai-agents.com\/\",\"logo\":{\"@type\":\"ImageObject\",\"inLanguage\":\"de-DE\",\"@id\":\"https:\/\/sales-ai-agents.com\/#\/schema\/logo\/image\/\",\"url\":\"https:\/\/sales-ai-agents.com\/wp-content\/uploads\/2023\/11\/icon-7.svg\",\"contentUrl\":\"https:\/\/sales-ai-agents.com\/wp-content\/uploads\/2023\/11\/icon-7.svg\",\"width\":128,\"height\":128,\"caption\":\"FuseBase\"},\"image\":{\"@id\":\"https:\/\/sales-ai-agents.com\/#\/schema\/logo\/image\/\"}}]}<\/script>\n<!-- \/ Yoast SEO plugin. -->","yoast_head_json":{"title":"Vorlage f\u00fcr Nutzerforschung - Sales AI Agents","description":"Verwalten Sie alle Details Ihrer Nutzerforschung mit dieser Vorlage f\u00fcr die Nutzerforschung. Verwenden Sie eine voll funktionsf\u00e4hige und anpassbare Tabelle, die sich am besten zum Speichern von Daten eignet!","robots":{"index":"index","follow":"follow","max-snippet":"max-snippet:-1","max-image-preview":"max-image-preview:large","max-video-preview":"max-video-preview:-1"},"canonical":"https:\/\/sales-ai-agents.com\/de\/templates\/user-research\/","og_locale":"de_DE","og_type":"article","og_title":"Vorlage f\u00fcr Nutzerforschung - Sales AI Agents","og_description":"Verwalten Sie alle Details Ihrer Nutzerforschung mit dieser Vorlage f\u00fcr die Nutzerforschung. Verwenden Sie eine voll funktionsf\u00e4hige und anpassbare Tabelle, die sich am besten zum Speichern von Daten eignet!","og_url":"https:\/\/sales-ai-agents.com\/de\/templates\/user-research\/","og_site_name":"Sales AI Agents","article_modified_time":"2023-12-27T15:08:24+00:00","og_image":[{"width":1078,"height":882,"url":"https:\/\/sales-ai-agents.com\/wp-content\/uploads\/2023\/01\/image-preview121450.png","type":"image\/png"}],"twitter_card":"summary_large_image","schema":{"@context":"https:\/\/schema.org","@graph":[{"@type":"WebPage","@id":"https:\/\/sales-ai-agents.com\/de\/templates\/user-research\/","url":"https:\/\/sales-ai-agents.com\/de\/templates\/user-research\/","name":"Vorlage f\u00fcr Nutzerforschung - Sales AI Agents","isPartOf":{"@id":"https:\/\/sales-ai-agents.com\/#website"},"primaryImageOfPage":{"@id":"https:\/\/sales-ai-agents.com\/de\/templates\/user-research\/#primaryimage"},"image":{"@id":"https:\/\/sales-ai-agents.com\/de\/templates\/user-research\/#primaryimage"},"thumbnailUrl":"https:\/\/sales-ai-agents.com\/wp-content\/uploads\/2023\/01\/image-preview121450.png","datePublished":"2022-09-26T12:14:29+00:00","dateModified":"2023-12-27T15:08:24+00:00","description":"Verwalten Sie alle Details Ihrer Nutzerforschung mit dieser Vorlage f\u00fcr die Nutzerforschung. Verwenden Sie eine voll funktionsf\u00e4hige und anpassbare Tabelle, die sich am besten zum Speichern von Daten eignet!","inLanguage":"de-DE","potentialAction":[{"@type":"ReadAction","target":["https:\/\/sales-ai-agents.com\/de\/templates\/user-research\/"]}]},{"@type":"ImageObject","inLanguage":"de-DE","@id":"https:\/\/sales-ai-agents.com\/de\/templates\/user-research\/#primaryimage","url":"https:\/\/sales-ai-agents.com\/wp-content\/uploads\/2023\/01\/image-preview121450.png","contentUrl":"https:\/\/sales-ai-agents.com\/wp-content\/uploads\/2023\/01\/image-preview121450.png","width":1078,"height":882,"caption":"User Research Template - Nimbus Platform"},{"@type":"WebSite","@id":"https:\/\/sales-ai-agents.com\/#website","url":"https:\/\/sales-ai-agents.com\/","name":"FuseBase","description":"Nimbus Platform - Free Online Collaboration Software for Remote Teams. Build your wikis, client portals and more with the Nimbus Platform collaboration tool ? A perfect space for online work","publisher":{"@id":"https:\/\/sales-ai-agents.com\/#organization"},"potentialAction":[{"@type":"SearchAction","target":{"@type":"EntryPoint","urlTemplate":"https:\/\/sales-ai-agents.com\/?s={search_term_string}"},"query-input":{"@type":"PropertyValueSpecification","valueRequired":true,"valueName":"search_term_string"}}],"inLanguage":"de-DE"},{"@type":"Organization","@id":"https:\/\/sales-ai-agents.com\/#organization","name":"FuseBase","url":"https:\/\/sales-ai-agents.com\/","logo":{"@type":"ImageObject","inLanguage":"de-DE","@id":"https:\/\/sales-ai-agents.com\/#\/schema\/logo\/image\/","url":"https:\/\/sales-ai-agents.com\/wp-content\/uploads\/2023\/11\/icon-7.svg","contentUrl":"https:\/\/sales-ai-agents.com\/wp-content\/uploads\/2023\/11\/icon-7.svg","width":128,"height":128,"caption":"FuseBase"},"image":{"@id":"https:\/\/sales-ai-agents.com\/#\/schema\/logo\/image\/"}}]}},"_links":{"self":[{"href":"https:\/\/sales-ai-agents.com\/de\/wp-json\/wp\/v2\/product\/57587","targetHints":{"allow":["GET"]}}],"collection":[{"href":"https:\/\/sales-ai-agents.com\/de\/wp-json\/wp\/v2\/product"}],"about":[{"href":"https:\/\/sales-ai-agents.com\/de\/wp-json\/wp\/v2\/types\/product"}],"wp:featuredmedia":[{"embeddable":true,"href":"https:\/\/sales-ai-agents.com\/de\/wp-json\/wp\/v2\/media\/20560"}],"wp:attachment":[{"href":"https:\/\/sales-ai-agents.com\/de\/wp-json\/wp\/v2\/media?parent=57587"}],"wp:term":[{"taxonomy":"product_brand","embeddable":true,"href":"https:\/\/sales-ai-agents.com\/de\/wp-json\/wp\/v2\/product_brand?post=57587"},{"taxonomy":"product_cat","embeddable":true,"href":"https:\/\/sales-ai-agents.com\/de\/wp-json\/wp\/v2\/product_cat?post=57587"},{"taxonomy":"product_tag","embeddable":true,"href":"https:\/\/sales-ai-agents.com\/de\/wp-json\/wp\/v2\/product_tag?post=57587"}],"curies":[{"name":"wp","href":"https:\/\/api.w.org\/{rel}","templated":true}]}}