{"id":57591,"date":"2022-09-26T12:14:27","date_gmt":"2022-09-26T12:14:27","guid":{"rendered":"https:\/\/sales-ai-agents.com\/templates\/engineering-wiki\/"},"modified":"2023-12-27T14:35:32","modified_gmt":"2023-12-27T14:35:32","slug":"engineering-wiki","status":"publish","type":"product","link":"https:\/\/sales-ai-agents.com\/de\/templates\/engineering-wiki\/","title":{"rendered":"Technik-Wiki"},"content":{"rendered":"<p>&nbsp;<\/p>\n<h2>Technik-Wiki-Vorlage<\/h2>\n<p class=\"desc-text\">Dieses Technik-Wiki funktioniert wie eine Wissensdatenbank f\u00fcr all Ihre wichtigen Informationen. Fassen Sie wichtige Dokumente f\u00fcr Ihr Team an einem Ort zusammen. Machen Sie alles leicht zug\u00e4nglich. F\u00fcgen Sie Verfahren, Richtlinien, Code\u00fcberpr\u00fcfungen und wichtige Befehle hinzu.<\/p>\n<h5>Wie zu verwenden:<\/h5>\n<ul class=\"desc-item_list\">\n<li class=\"desc-item_list__point\">Gemeinsame Nutzung mit Ihrem Team f\u00fcr einfache Zusammenarbeit<\/li>\n<li class=\"desc-item_list__point\">Wichtige Punkte im Zusammenhang mit der Technik einbeziehen<\/li>\n<li class=\"desc-item_list__point\">Verlinken Sie relevante Seiten zu jedem Artikel oder f\u00fcgen Sie sie an<\/li>\n<li class=\"desc-item_list__point\">Bearbeitung und Aktualisierung nach Bedarf<\/li>\n<\/ul>\n","protected":false},"excerpt":{"rendered":"<p>Dieses Technik-Wiki funktioniert wie eine Wissensdatenbank f\u00fcr alle Ihre Informationen. Fassen Sie mit dieser Vorlage wichtige Dokumente f\u00fcr Ihr Team an einem Ort zusammen!<\/p>\n","protected":false},"featured_media":20552,"template":"","meta":{"_acf_changed":false,"inline_featured_image":false},"product_brand":[],"product_cat":[192],"product_tag":[],"class_list":{"0":"post-57591","1":"product","2":"type-product","3":"status-publish","4":"has-post-thumbnail","6":"product_cat-programmer-engineer","8":"first","9":"instock","10":"virtual","11":"sold-individually","12":"product-type-simple"},"acf":[],"yoast_head":"<!-- This site is optimized with the Yoast SEO plugin v25.3.1 - https:\/\/yoast.com\/wordpress\/plugins\/seo\/ -->\n<title>Wiki-Vorlage f\u00fcr Ingenieure - Sales AI Agents<\/title>\n<meta name=\"description\" content=\"Dieses Technik-Wiki funktioniert wie eine Wissensdatenbank f\u00fcr alle Ihre Informationen. Fassen Sie mit dieser Vorlage wichtige Dokumente f\u00fcr Ihr Team an einem Ort zusammen!\" \/>\n<meta name=\"robots\" content=\"index, follow, max-snippet:-1, max-image-preview:large, max-video-preview:-1\" \/>\n<link rel=\"canonical\" href=\"https:\/\/sales-ai-agents.com\/de\/templates\/engineering-wiki\/\" \/>\n<meta property=\"og:locale\" content=\"de_DE\" \/>\n<meta property=\"og:type\" content=\"article\" \/>\n<meta property=\"og:title\" content=\"Wiki-Vorlage f\u00fcr Ingenieure - Sales AI Agents\" \/>\n<meta property=\"og:description\" content=\"Dieses Technik-Wiki funktioniert wie eine Wissensdatenbank f\u00fcr alle Ihre Informationen. Fassen Sie mit dieser Vorlage wichtige Dokumente f\u00fcr Ihr Team an einem Ort zusammen!\" \/>\n<meta property=\"og:url\" content=\"https:\/\/sales-ai-agents.com\/de\/templates\/engineering-wiki\/\" \/>\n<meta property=\"og:site_name\" content=\"Sales AI Agents\" \/>\n<meta property=\"article:modified_time\" content=\"2023-12-27T14:35:32+00:00\" \/>\n<meta property=\"og:image\" content=\"https:\/\/sales-ai-agents.com\/wp-content\/uploads\/2023\/01\/image-preview121424.png\" \/>\n\t<meta property=\"og:image:width\" content=\"1078\" \/>\n\t<meta property=\"og:image:height\" content=\"760\" \/>\n\t<meta property=\"og:image:type\" content=\"image\/png\" \/>\n<meta name=\"twitter:card\" content=\"summary_large_image\" \/>\n<script type=\"application\/ld+json\" class=\"yoast-schema-graph\">{\"@context\":\"https:\/\/schema.org\",\"@graph\":[{\"@type\":\"WebPage\",\"@id\":\"https:\/\/sales-ai-agents.com\/de\/templates\/engineering-wiki\/\",\"url\":\"https:\/\/sales-ai-agents.com\/de\/templates\/engineering-wiki\/\",\"name\":\"Wiki-Vorlage f\u00fcr Ingenieure - Sales AI Agents\",\"isPartOf\":{\"@id\":\"https:\/\/sales-ai-agents.com\/#website\"},\"primaryImageOfPage\":{\"@id\":\"https:\/\/sales-ai-agents.com\/de\/templates\/engineering-wiki\/#primaryimage\"},\"image\":{\"@id\":\"https:\/\/sales-ai-agents.com\/de\/templates\/engineering-wiki\/#primaryimage\"},\"thumbnailUrl\":\"https:\/\/sales-ai-agents.com\/wp-content\/uploads\/2023\/01\/image-preview121424.png\",\"datePublished\":\"2022-09-26T12:14:27+00:00\",\"dateModified\":\"2023-12-27T14:35:32+00:00\",\"description\":\"Dieses Technik-Wiki funktioniert wie eine Wissensdatenbank f\u00fcr alle Ihre Informationen. Fassen Sie mit dieser Vorlage wichtige Dokumente f\u00fcr Ihr Team an einem Ort zusammen!\",\"inLanguage\":\"de-DE\",\"potentialAction\":[{\"@type\":\"ReadAction\",\"target\":[\"https:\/\/sales-ai-agents.com\/de\/templates\/engineering-wiki\/\"]}]},{\"@type\":\"ImageObject\",\"inLanguage\":\"de-DE\",\"@id\":\"https:\/\/sales-ai-agents.com\/de\/templates\/engineering-wiki\/#primaryimage\",\"url\":\"https:\/\/sales-ai-agents.com\/wp-content\/uploads\/2023\/01\/image-preview121424.png\",\"contentUrl\":\"https:\/\/sales-ai-agents.com\/wp-content\/uploads\/2023\/01\/image-preview121424.png\",\"width\":1078,\"height\":760,\"caption\":\"Engineering Wiki Template - Nimbus Platform\"},{\"@type\":\"WebSite\",\"@id\":\"https:\/\/sales-ai-agents.com\/#website\",\"url\":\"https:\/\/sales-ai-agents.com\/\",\"name\":\"FuseBase\",\"description\":\"Nimbus Platform - Free Online Collaboration Software for Remote Teams. Build your wikis, client portals and more with the Nimbus Platform collaboration tool ? A perfect space for online work\",\"publisher\":{\"@id\":\"https:\/\/sales-ai-agents.com\/#organization\"},\"potentialAction\":[{\"@type\":\"SearchAction\",\"target\":{\"@type\":\"EntryPoint\",\"urlTemplate\":\"https:\/\/sales-ai-agents.com\/?s={search_term_string}\"},\"query-input\":{\"@type\":\"PropertyValueSpecification\",\"valueRequired\":true,\"valueName\":\"search_term_string\"}}],\"inLanguage\":\"de-DE\"},{\"@type\":\"Organization\",\"@id\":\"https:\/\/sales-ai-agents.com\/#organization\",\"name\":\"FuseBase\",\"url\":\"https:\/\/sales-ai-agents.com\/\",\"logo\":{\"@type\":\"ImageObject\",\"inLanguage\":\"de-DE\",\"@id\":\"https:\/\/sales-ai-agents.com\/#\/schema\/logo\/image\/\",\"url\":\"https:\/\/sales-ai-agents.com\/wp-content\/uploads\/2023\/11\/icon-7.svg\",\"contentUrl\":\"https:\/\/sales-ai-agents.com\/wp-content\/uploads\/2023\/11\/icon-7.svg\",\"width\":128,\"height\":128,\"caption\":\"FuseBase\"},\"image\":{\"@id\":\"https:\/\/sales-ai-agents.com\/#\/schema\/logo\/image\/\"}}]}<\/script>\n<!-- \/ Yoast SEO plugin. -->","yoast_head_json":{"title":"Wiki-Vorlage f\u00fcr Ingenieure - Sales AI Agents","description":"Dieses Technik-Wiki funktioniert wie eine Wissensdatenbank f\u00fcr alle Ihre Informationen. Fassen Sie mit dieser Vorlage wichtige Dokumente f\u00fcr Ihr Team an einem Ort zusammen!","robots":{"index":"index","follow":"follow","max-snippet":"max-snippet:-1","max-image-preview":"max-image-preview:large","max-video-preview":"max-video-preview:-1"},"canonical":"https:\/\/sales-ai-agents.com\/de\/templates\/engineering-wiki\/","og_locale":"de_DE","og_type":"article","og_title":"Wiki-Vorlage f\u00fcr Ingenieure - Sales AI Agents","og_description":"Dieses Technik-Wiki funktioniert wie eine Wissensdatenbank f\u00fcr alle Ihre Informationen. Fassen Sie mit dieser Vorlage wichtige Dokumente f\u00fcr Ihr Team an einem Ort zusammen!","og_url":"https:\/\/sales-ai-agents.com\/de\/templates\/engineering-wiki\/","og_site_name":"Sales AI Agents","article_modified_time":"2023-12-27T14:35:32+00:00","og_image":[{"width":1078,"height":760,"url":"https:\/\/sales-ai-agents.com\/wp-content\/uploads\/2023\/01\/image-preview121424.png","type":"image\/png"}],"twitter_card":"summary_large_image","schema":{"@context":"https:\/\/schema.org","@graph":[{"@type":"WebPage","@id":"https:\/\/sales-ai-agents.com\/de\/templates\/engineering-wiki\/","url":"https:\/\/sales-ai-agents.com\/de\/templates\/engineering-wiki\/","name":"Wiki-Vorlage f\u00fcr Ingenieure - Sales AI Agents","isPartOf":{"@id":"https:\/\/sales-ai-agents.com\/#website"},"primaryImageOfPage":{"@id":"https:\/\/sales-ai-agents.com\/de\/templates\/engineering-wiki\/#primaryimage"},"image":{"@id":"https:\/\/sales-ai-agents.com\/de\/templates\/engineering-wiki\/#primaryimage"},"thumbnailUrl":"https:\/\/sales-ai-agents.com\/wp-content\/uploads\/2023\/01\/image-preview121424.png","datePublished":"2022-09-26T12:14:27+00:00","dateModified":"2023-12-27T14:35:32+00:00","description":"Dieses Technik-Wiki funktioniert wie eine Wissensdatenbank f\u00fcr alle Ihre Informationen. Fassen Sie mit dieser Vorlage wichtige Dokumente f\u00fcr Ihr Team an einem Ort zusammen!","inLanguage":"de-DE","potentialAction":[{"@type":"ReadAction","target":["https:\/\/sales-ai-agents.com\/de\/templates\/engineering-wiki\/"]}]},{"@type":"ImageObject","inLanguage":"de-DE","@id":"https:\/\/sales-ai-agents.com\/de\/templates\/engineering-wiki\/#primaryimage","url":"https:\/\/sales-ai-agents.com\/wp-content\/uploads\/2023\/01\/image-preview121424.png","contentUrl":"https:\/\/sales-ai-agents.com\/wp-content\/uploads\/2023\/01\/image-preview121424.png","width":1078,"height":760,"caption":"Engineering Wiki Template - Nimbus Platform"},{"@type":"WebSite","@id":"https:\/\/sales-ai-agents.com\/#website","url":"https:\/\/sales-ai-agents.com\/","name":"FuseBase","description":"Nimbus Platform - Free Online Collaboration Software for Remote Teams. Build your wikis, client portals and more with the Nimbus Platform collaboration tool ? A perfect space for online work","publisher":{"@id":"https:\/\/sales-ai-agents.com\/#organization"},"potentialAction":[{"@type":"SearchAction","target":{"@type":"EntryPoint","urlTemplate":"https:\/\/sales-ai-agents.com\/?s={search_term_string}"},"query-input":{"@type":"PropertyValueSpecification","valueRequired":true,"valueName":"search_term_string"}}],"inLanguage":"de-DE"},{"@type":"Organization","@id":"https:\/\/sales-ai-agents.com\/#organization","name":"FuseBase","url":"https:\/\/sales-ai-agents.com\/","logo":{"@type":"ImageObject","inLanguage":"de-DE","@id":"https:\/\/sales-ai-agents.com\/#\/schema\/logo\/image\/","url":"https:\/\/sales-ai-agents.com\/wp-content\/uploads\/2023\/11\/icon-7.svg","contentUrl":"https:\/\/sales-ai-agents.com\/wp-content\/uploads\/2023\/11\/icon-7.svg","width":128,"height":128,"caption":"FuseBase"},"image":{"@id":"https:\/\/sales-ai-agents.com\/#\/schema\/logo\/image\/"}}]}},"_links":{"self":[{"href":"https:\/\/sales-ai-agents.com\/de\/wp-json\/wp\/v2\/product\/57591","targetHints":{"allow":["GET"]}}],"collection":[{"href":"https:\/\/sales-ai-agents.com\/de\/wp-json\/wp\/v2\/product"}],"about":[{"href":"https:\/\/sales-ai-agents.com\/de\/wp-json\/wp\/v2\/types\/product"}],"wp:featuredmedia":[{"embeddable":true,"href":"https:\/\/sales-ai-agents.com\/de\/wp-json\/wp\/v2\/media\/20552"}],"wp:attachment":[{"href":"https:\/\/sales-ai-agents.com\/de\/wp-json\/wp\/v2\/media?parent=57591"}],"wp:term":[{"taxonomy":"product_brand","embeddable":true,"href":"https:\/\/sales-ai-agents.com\/de\/wp-json\/wp\/v2\/product_brand?post=57591"},{"taxonomy":"product_cat","embeddable":true,"href":"https:\/\/sales-ai-agents.com\/de\/wp-json\/wp\/v2\/product_cat?post=57591"},{"taxonomy":"product_tag","embeddable":true,"href":"https:\/\/sales-ai-agents.com\/de\/wp-json\/wp\/v2\/product_tag?post=57591"}],"curies":[{"name":"wp","href":"https:\/\/api.w.org\/{rel}","templated":true}]}}