{"id":57597,"date":"2022-09-26T12:13:48","date_gmt":"2022-09-26T12:13:48","guid":{"rendered":"https:\/\/sales-ai-agents.com\/templates\/bank-account-information\/"},"modified":"2023-12-27T15:47:47","modified_gmt":"2023-12-27T15:47:47","slug":"bank-account-information","status":"publish","type":"product","link":"https:\/\/sales-ai-agents.com\/de\/templates\/bank-account-information\/","title":{"rendered":"Informationen zum Bankkonto"},"content":{"rendered":"<p>&nbsp;<\/p>\n<h2>Bankkonto Informationen Vorlage<\/h2>\n<p class=\"desc-text\">Wenn Sie Finanzdokumente ausf\u00fcllen, kann es m\u00fchsam sein, einzelne Bankkonten einzutragen oder in Schecks nach Routingnummern zu suchen. Um die Sache f\u00fcr Sie zu vereinfachen, haben wir diese Vorlage f\u00fcr Bankinformationen erstellt. Sie k\u00f6nnen damit alle Bankdaten an einem Ort abrufen. Diese Vorlage enth\u00e4lt farbige Tabellen zur Unterscheidung Ihrer Konten. Sie k\u00f6nnen von jedem Ger\u00e4t aus darauf zugreifen, so dass Sie Ihre Informationen immer zur Hand haben. Mit vollem Zugriff auf die Berechtigungen k\u00f6nnen Sie Ihre Informationen kontrollieren und darauf vertrauen, dass alles sicher bleibt.<\/p>\n<h5>Wie zu verwenden:<\/h5>\n<ul class=\"desc-item_list\">\n<li class=\"desc-item_list__point\">F\u00fcllen Sie jede Tabelle mit Bankdaten aus<\/li>\n<li class=\"desc-item_list__point\">Hinzuf\u00fcgen von Bankleitzahlen, Bankadressen und mehr<\/li>\n<li class=\"desc-item_list__point\">M\u00fchelose Abfrage Ihrer Informationen<\/li>\n<li class=\"desc-item_list__point\">Verweisen Sie auf dieses Dokument, wenn Sie auf Kontoinformationen zugreifen m\u00fcssen<\/li>\n<\/ul>\n","protected":false},"excerpt":{"rendered":"<p>F\u00fcllen Sie Finanzdokumente mit dieser kostenlosen Vorlage aus. Vermeiden Sie es, sich in einzelne Bankkonten einzuloggen oder Schecks nach Routing-Nummern zu durchsuchen.<\/p>\n","protected":false},"featured_media":20638,"template":"","meta":{"_acf_changed":false,"inline_featured_image":false},"product_brand":[],"product_cat":[180,184],"product_tag":[],"class_list":{"0":"post-57597","1":"product","2":"type-product","3":"status-publish","4":"has-post-thumbnail","6":"product_cat-personal","7":"product_cat-personal-money","9":"first","10":"instock","11":"virtual","12":"sold-individually","13":"product-type-simple"},"acf":[],"yoast_head":"<!-- This site is optimized with the Yoast SEO plugin v25.3.1 - https:\/\/yoast.com\/wordpress\/plugins\/seo\/ -->\n<title>Bankkontoinformationen Vorlage - Sales AI Agents<\/title>\n<meta name=\"description\" content=\"F\u00fcllen Sie Finanzdokumente mit dieser kostenlosen Vorlage aus. Vermeiden Sie es, sich in einzelne Bankkonten einzuloggen oder Schecks nach Routing-Nummern zu durchsuchen.\" \/>\n<meta name=\"robots\" content=\"index, follow, max-snippet:-1, max-image-preview:large, max-video-preview:-1\" \/>\n<link rel=\"canonical\" href=\"https:\/\/sales-ai-agents.com\/de\/templates\/bank-account-information\/\" \/>\n<meta property=\"og:locale\" content=\"de_DE\" \/>\n<meta property=\"og:type\" content=\"article\" \/>\n<meta property=\"og:title\" content=\"Bankkontoinformationen Vorlage - Sales AI Agents\" \/>\n<meta property=\"og:description\" content=\"F\u00fcllen Sie Finanzdokumente mit dieser kostenlosen Vorlage aus. Vermeiden Sie es, sich in einzelne Bankkonten einzuloggen oder Schecks nach Routing-Nummern zu durchsuchen.\" \/>\n<meta property=\"og:url\" content=\"https:\/\/sales-ai-agents.com\/de\/templates\/bank-account-information\/\" \/>\n<meta property=\"og:site_name\" content=\"Sales AI Agents\" \/>\n<meta property=\"article:modified_time\" content=\"2023-12-27T15:47:47+00:00\" \/>\n<meta property=\"og:image\" content=\"https:\/\/sales-ai-agents.com\/wp-content\/uploads\/2023\/01\/image-preview121954.png\" \/>\n\t<meta property=\"og:image:width\" content=\"1078\" \/>\n\t<meta property=\"og:image:height\" content=\"760\" \/>\n\t<meta property=\"og:image:type\" content=\"image\/png\" \/>\n<meta name=\"twitter:card\" content=\"summary_large_image\" \/>\n<script type=\"application\/ld+json\" class=\"yoast-schema-graph\">{\"@context\":\"https:\/\/schema.org\",\"@graph\":[{\"@type\":\"WebPage\",\"@id\":\"https:\/\/sales-ai-agents.com\/de\/templates\/bank-account-information\/\",\"url\":\"https:\/\/sales-ai-agents.com\/de\/templates\/bank-account-information\/\",\"name\":\"Bankkontoinformationen Vorlage - Sales AI Agents\",\"isPartOf\":{\"@id\":\"https:\/\/sales-ai-agents.com\/#website\"},\"primaryImageOfPage\":{\"@id\":\"https:\/\/sales-ai-agents.com\/de\/templates\/bank-account-information\/#primaryimage\"},\"image\":{\"@id\":\"https:\/\/sales-ai-agents.com\/de\/templates\/bank-account-information\/#primaryimage\"},\"thumbnailUrl\":\"https:\/\/sales-ai-agents.com\/wp-content\/uploads\/2023\/01\/image-preview121954.png\",\"datePublished\":\"2022-09-26T12:13:48+00:00\",\"dateModified\":\"2023-12-27T15:47:47+00:00\",\"description\":\"F\u00fcllen Sie Finanzdokumente mit dieser kostenlosen Vorlage aus. Vermeiden Sie es, sich in einzelne Bankkonten einzuloggen oder Schecks nach Routing-Nummern zu durchsuchen.\",\"inLanguage\":\"de-DE\",\"potentialAction\":[{\"@type\":\"ReadAction\",\"target\":[\"https:\/\/sales-ai-agents.com\/de\/templates\/bank-account-information\/\"]}]},{\"@type\":\"ImageObject\",\"inLanguage\":\"de-DE\",\"@id\":\"https:\/\/sales-ai-agents.com\/de\/templates\/bank-account-information\/#primaryimage\",\"url\":\"https:\/\/sales-ai-agents.com\/wp-content\/uploads\/2023\/01\/image-preview121954.png\",\"contentUrl\":\"https:\/\/sales-ai-agents.com\/wp-content\/uploads\/2023\/01\/image-preview121954.png\",\"width\":1078,\"height\":760,\"caption\":\"Bank Account Information Template - Nimbus Platform\"},{\"@type\":\"WebSite\",\"@id\":\"https:\/\/sales-ai-agents.com\/#website\",\"url\":\"https:\/\/sales-ai-agents.com\/\",\"name\":\"FuseBase\",\"description\":\"Nimbus Platform - Free Online Collaboration Software for Remote Teams. Build your wikis, client portals and more with the Nimbus Platform collaboration tool ? A perfect space for online work\",\"publisher\":{\"@id\":\"https:\/\/sales-ai-agents.com\/#organization\"},\"potentialAction\":[{\"@type\":\"SearchAction\",\"target\":{\"@type\":\"EntryPoint\",\"urlTemplate\":\"https:\/\/sales-ai-agents.com\/?s={search_term_string}\"},\"query-input\":{\"@type\":\"PropertyValueSpecification\",\"valueRequired\":true,\"valueName\":\"search_term_string\"}}],\"inLanguage\":\"de-DE\"},{\"@type\":\"Organization\",\"@id\":\"https:\/\/sales-ai-agents.com\/#organization\",\"name\":\"FuseBase\",\"url\":\"https:\/\/sales-ai-agents.com\/\",\"logo\":{\"@type\":\"ImageObject\",\"inLanguage\":\"de-DE\",\"@id\":\"https:\/\/sales-ai-agents.com\/#\/schema\/logo\/image\/\",\"url\":\"https:\/\/sales-ai-agents.com\/wp-content\/uploads\/2023\/11\/icon-7.svg\",\"contentUrl\":\"https:\/\/sales-ai-agents.com\/wp-content\/uploads\/2023\/11\/icon-7.svg\",\"width\":128,\"height\":128,\"caption\":\"FuseBase\"},\"image\":{\"@id\":\"https:\/\/sales-ai-agents.com\/#\/schema\/logo\/image\/\"}}]}<\/script>\n<!-- \/ Yoast SEO plugin. -->","yoast_head_json":{"title":"Bankkontoinformationen Vorlage - Sales AI Agents","description":"F\u00fcllen Sie Finanzdokumente mit dieser kostenlosen Vorlage aus. Vermeiden Sie es, sich in einzelne Bankkonten einzuloggen oder Schecks nach Routing-Nummern zu durchsuchen.","robots":{"index":"index","follow":"follow","max-snippet":"max-snippet:-1","max-image-preview":"max-image-preview:large","max-video-preview":"max-video-preview:-1"},"canonical":"https:\/\/sales-ai-agents.com\/de\/templates\/bank-account-information\/","og_locale":"de_DE","og_type":"article","og_title":"Bankkontoinformationen Vorlage - Sales AI Agents","og_description":"F\u00fcllen Sie Finanzdokumente mit dieser kostenlosen Vorlage aus. Vermeiden Sie es, sich in einzelne Bankkonten einzuloggen oder Schecks nach Routing-Nummern zu durchsuchen.","og_url":"https:\/\/sales-ai-agents.com\/de\/templates\/bank-account-information\/","og_site_name":"Sales AI Agents","article_modified_time":"2023-12-27T15:47:47+00:00","og_image":[{"width":1078,"height":760,"url":"https:\/\/sales-ai-agents.com\/wp-content\/uploads\/2023\/01\/image-preview121954.png","type":"image\/png"}],"twitter_card":"summary_large_image","schema":{"@context":"https:\/\/schema.org","@graph":[{"@type":"WebPage","@id":"https:\/\/sales-ai-agents.com\/de\/templates\/bank-account-information\/","url":"https:\/\/sales-ai-agents.com\/de\/templates\/bank-account-information\/","name":"Bankkontoinformationen Vorlage - Sales AI Agents","isPartOf":{"@id":"https:\/\/sales-ai-agents.com\/#website"},"primaryImageOfPage":{"@id":"https:\/\/sales-ai-agents.com\/de\/templates\/bank-account-information\/#primaryimage"},"image":{"@id":"https:\/\/sales-ai-agents.com\/de\/templates\/bank-account-information\/#primaryimage"},"thumbnailUrl":"https:\/\/sales-ai-agents.com\/wp-content\/uploads\/2023\/01\/image-preview121954.png","datePublished":"2022-09-26T12:13:48+00:00","dateModified":"2023-12-27T15:47:47+00:00","description":"F\u00fcllen Sie Finanzdokumente mit dieser kostenlosen Vorlage aus. Vermeiden Sie es, sich in einzelne Bankkonten einzuloggen oder Schecks nach Routing-Nummern zu durchsuchen.","inLanguage":"de-DE","potentialAction":[{"@type":"ReadAction","target":["https:\/\/sales-ai-agents.com\/de\/templates\/bank-account-information\/"]}]},{"@type":"ImageObject","inLanguage":"de-DE","@id":"https:\/\/sales-ai-agents.com\/de\/templates\/bank-account-information\/#primaryimage","url":"https:\/\/sales-ai-agents.com\/wp-content\/uploads\/2023\/01\/image-preview121954.png","contentUrl":"https:\/\/sales-ai-agents.com\/wp-content\/uploads\/2023\/01\/image-preview121954.png","width":1078,"height":760,"caption":"Bank Account Information Template - Nimbus Platform"},{"@type":"WebSite","@id":"https:\/\/sales-ai-agents.com\/#website","url":"https:\/\/sales-ai-agents.com\/","name":"FuseBase","description":"Nimbus Platform - Free Online Collaboration Software for Remote Teams. Build your wikis, client portals and more with the Nimbus Platform collaboration tool ? A perfect space for online work","publisher":{"@id":"https:\/\/sales-ai-agents.com\/#organization"},"potentialAction":[{"@type":"SearchAction","target":{"@type":"EntryPoint","urlTemplate":"https:\/\/sales-ai-agents.com\/?s={search_term_string}"},"query-input":{"@type":"PropertyValueSpecification","valueRequired":true,"valueName":"search_term_string"}}],"inLanguage":"de-DE"},{"@type":"Organization","@id":"https:\/\/sales-ai-agents.com\/#organization","name":"FuseBase","url":"https:\/\/sales-ai-agents.com\/","logo":{"@type":"ImageObject","inLanguage":"de-DE","@id":"https:\/\/sales-ai-agents.com\/#\/schema\/logo\/image\/","url":"https:\/\/sales-ai-agents.com\/wp-content\/uploads\/2023\/11\/icon-7.svg","contentUrl":"https:\/\/sales-ai-agents.com\/wp-content\/uploads\/2023\/11\/icon-7.svg","width":128,"height":128,"caption":"FuseBase"},"image":{"@id":"https:\/\/sales-ai-agents.com\/#\/schema\/logo\/image\/"}}]}},"_links":{"self":[{"href":"https:\/\/sales-ai-agents.com\/de\/wp-json\/wp\/v2\/product\/57597","targetHints":{"allow":["GET"]}}],"collection":[{"href":"https:\/\/sales-ai-agents.com\/de\/wp-json\/wp\/v2\/product"}],"about":[{"href":"https:\/\/sales-ai-agents.com\/de\/wp-json\/wp\/v2\/types\/product"}],"wp:featuredmedia":[{"embeddable":true,"href":"https:\/\/sales-ai-agents.com\/de\/wp-json\/wp\/v2\/media\/20638"}],"wp:attachment":[{"href":"https:\/\/sales-ai-agents.com\/de\/wp-json\/wp\/v2\/media?parent=57597"}],"wp:term":[{"taxonomy":"product_brand","embeddable":true,"href":"https:\/\/sales-ai-agents.com\/de\/wp-json\/wp\/v2\/product_brand?post=57597"},{"taxonomy":"product_cat","embeddable":true,"href":"https:\/\/sales-ai-agents.com\/de\/wp-json\/wp\/v2\/product_cat?post=57597"},{"taxonomy":"product_tag","embeddable":true,"href":"https:\/\/sales-ai-agents.com\/de\/wp-json\/wp\/v2\/product_tag?post=57597"}],"curies":[{"name":"wp","href":"https:\/\/api.w.org\/{rel}","templated":true}]}}