{"id":57602,"date":"2022-09-26T12:13:44","date_gmt":"2022-09-26T12:13:44","guid":{"rendered":"https:\/\/sales-ai-agents.com\/templates\/planning-blog-post\/"},"modified":"2023-12-27T14:30:27","modified_gmt":"2023-12-27T14:30:27","slug":"planning-blog-post","status":"publish","type":"product","link":"https:\/\/sales-ai-agents.com\/de\/templates\/planning-blog-post\/","title":{"rendered":"Planung Blog Post"},"content":{"rendered":"<p>&nbsp;<\/p>\n<h2>Planung Blog Post Vorlage<\/h2>\n<p class=\"desc-text\">Beim Verfassen von Artikeln kann es hilfreich sein, strategische Ziele f\u00fcr den Beitrag festzulegen. Mit dieser Vorlage k\u00f6nnen Sie wichtige Schl\u00fcsselw\u00f6rter notieren, Ziele auflisten und Ideen sammeln. Notieren Sie sich Ihre Zielgruppe, damit Sie Ihre Texte auf Ihre Leser abstimmen k\u00f6nnen. Erstellen Sie Call-to-Actions, um Ihre Arbeit voranzutreiben.<\/p>\n<h5>Wie zu verwenden:<\/h5>\n<ul class=\"desc-item_list\">\n<li class=\"desc-item_list__point\">Wichtige Schl\u00fcsselw\u00f6rter einbeziehen<\/li>\n<li class=\"desc-item_list__point\">\u00dcberlegen Sie sich Ziele f\u00fcr Ihr Schreiben<\/li>\n<li class=\"desc-item_list__point\">Machen Sie sich Notizen \u00fcber Ihre Leser und Ihr Publikum<\/li>\n<li class=\"desc-item_list__point\">Bilder und Anh\u00e4nge einf\u00fcgen<\/li>\n<li class=\"desc-item_list__point\">Beginnen Sie mit dem ersten Entwurf f\u00fcr Ihre Arbeit<\/li>\n<\/ul>\n","protected":false},"excerpt":{"rendered":"<p>Legen Sie beim Verfassen von Artikeln eine Strategie und Ziele f\u00fcr den Beitrag fest. Mit dieser Vorlage k\u00f6nnen Sie wichtige Schl\u00fcsselw\u00f6rter notieren, Ziele auflisten und Ideen sammeln.<\/p>\n","protected":false},"featured_media":26528,"template":"","meta":{"_acf_changed":false,"inline_featured_image":false},"product_brand":[],"product_cat":[171,175],"product_tag":[166],"class_list":{"0":"post-57602","1":"product","2":"type-product","3":"status-publish","4":"has-post-thumbnail","6":"product_cat-marketing","7":"product_cat-marketing-content","8":"product_tag-hit","10":"first","11":"instock","12":"virtual","13":"sold-individually","14":"product-type-simple"},"acf":[],"yoast_head":"<!-- This site is optimized with the Yoast SEO plugin v25.3.1 - https:\/\/yoast.com\/wordpress\/plugins\/seo\/ -->\n<title>Planung Blog Post Vorlage - Sales AI Agents<\/title>\n<meta name=\"description\" content=\"Legen Sie beim Verfassen von Artikeln eine Strategie und Ziele f\u00fcr den Beitrag fest. Mit dieser Vorlage k\u00f6nnen Sie wichtige Schl\u00fcsselw\u00f6rter notieren, Ziele auflisten und Ideen sammeln.\" \/>\n<meta name=\"robots\" content=\"index, follow, max-snippet:-1, max-image-preview:large, max-video-preview:-1\" \/>\n<link rel=\"canonical\" href=\"https:\/\/sales-ai-agents.com\/de\/templates\/planning-blog-post\/\" \/>\n<meta property=\"og:locale\" content=\"de_DE\" \/>\n<meta property=\"og:type\" content=\"article\" \/>\n<meta property=\"og:title\" content=\"Planung Blog Post Vorlage - Sales AI Agents\" \/>\n<meta property=\"og:description\" content=\"Legen Sie beim Verfassen von Artikeln eine Strategie und Ziele f\u00fcr den Beitrag fest. Mit dieser Vorlage k\u00f6nnen Sie wichtige Schl\u00fcsselw\u00f6rter notieren, Ziele auflisten und Ideen sammeln.\" \/>\n<meta property=\"og:url\" content=\"https:\/\/sales-ai-agents.com\/de\/templates\/planning-blog-post\/\" \/>\n<meta property=\"og:site_name\" content=\"Sales AI Agents\" \/>\n<meta property=\"article:modified_time\" content=\"2023-12-27T14:30:27+00:00\" \/>\n<meta property=\"og:image\" content=\"https:\/\/sales-ai-agents.com\/wp-content\/uploads\/2022\/09\/Planning-Blog-Post-Template.png\" \/>\n\t<meta property=\"og:image:width\" content=\"1700\" \/>\n\t<meta property=\"og:image:height\" content=\"1100\" \/>\n\t<meta property=\"og:image:type\" content=\"image\/png\" \/>\n<meta name=\"twitter:card\" content=\"summary_large_image\" \/>\n<script type=\"application\/ld+json\" class=\"yoast-schema-graph\">{\"@context\":\"https:\/\/schema.org\",\"@graph\":[{\"@type\":\"WebPage\",\"@id\":\"https:\/\/sales-ai-agents.com\/de\/templates\/planning-blog-post\/\",\"url\":\"https:\/\/sales-ai-agents.com\/de\/templates\/planning-blog-post\/\",\"name\":\"Planung Blog Post Vorlage - Sales AI Agents\",\"isPartOf\":{\"@id\":\"https:\/\/sales-ai-agents.com\/#website\"},\"primaryImageOfPage\":{\"@id\":\"https:\/\/sales-ai-agents.com\/de\/templates\/planning-blog-post\/#primaryimage\"},\"image\":{\"@id\":\"https:\/\/sales-ai-agents.com\/de\/templates\/planning-blog-post\/#primaryimage\"},\"thumbnailUrl\":\"https:\/\/sales-ai-agents.com\/wp-content\/uploads\/2022\/09\/Planning-Blog-Post-Template.png\",\"datePublished\":\"2022-09-26T12:13:44+00:00\",\"dateModified\":\"2023-12-27T14:30:27+00:00\",\"description\":\"Legen Sie beim Verfassen von Artikeln eine Strategie und Ziele f\u00fcr den Beitrag fest. Mit dieser Vorlage k\u00f6nnen Sie wichtige Schl\u00fcsselw\u00f6rter notieren, Ziele auflisten und Ideen sammeln.\",\"inLanguage\":\"de-DE\",\"potentialAction\":[{\"@type\":\"ReadAction\",\"target\":[\"https:\/\/sales-ai-agents.com\/de\/templates\/planning-blog-post\/\"]}]},{\"@type\":\"ImageObject\",\"inLanguage\":\"de-DE\",\"@id\":\"https:\/\/sales-ai-agents.com\/de\/templates\/planning-blog-post\/#primaryimage\",\"url\":\"https:\/\/sales-ai-agents.com\/wp-content\/uploads\/2022\/09\/Planning-Blog-Post-Template.png\",\"contentUrl\":\"https:\/\/sales-ai-agents.com\/wp-content\/uploads\/2022\/09\/Planning-Blog-Post-Template.png\",\"width\":1700,\"height\":1100,\"caption\":\"With this template, you can note important keywords, list goals, and brainstorm ideas.\"},{\"@type\":\"WebSite\",\"@id\":\"https:\/\/sales-ai-agents.com\/#website\",\"url\":\"https:\/\/sales-ai-agents.com\/\",\"name\":\"FuseBase\",\"description\":\"Nimbus Platform - Free Online Collaboration Software for Remote Teams. Build your wikis, client portals and more with the Nimbus Platform collaboration tool ? A perfect space for online work\",\"publisher\":{\"@id\":\"https:\/\/sales-ai-agents.com\/#organization\"},\"potentialAction\":[{\"@type\":\"SearchAction\",\"target\":{\"@type\":\"EntryPoint\",\"urlTemplate\":\"https:\/\/sales-ai-agents.com\/?s={search_term_string}\"},\"query-input\":{\"@type\":\"PropertyValueSpecification\",\"valueRequired\":true,\"valueName\":\"search_term_string\"}}],\"inLanguage\":\"de-DE\"},{\"@type\":\"Organization\",\"@id\":\"https:\/\/sales-ai-agents.com\/#organization\",\"name\":\"FuseBase\",\"url\":\"https:\/\/sales-ai-agents.com\/\",\"logo\":{\"@type\":\"ImageObject\",\"inLanguage\":\"de-DE\",\"@id\":\"https:\/\/sales-ai-agents.com\/#\/schema\/logo\/image\/\",\"url\":\"https:\/\/sales-ai-agents.com\/wp-content\/uploads\/2023\/11\/icon-7.svg\",\"contentUrl\":\"https:\/\/sales-ai-agents.com\/wp-content\/uploads\/2023\/11\/icon-7.svg\",\"width\":128,\"height\":128,\"caption\":\"FuseBase\"},\"image\":{\"@id\":\"https:\/\/sales-ai-agents.com\/#\/schema\/logo\/image\/\"}}]}<\/script>\n<!-- \/ Yoast SEO plugin. -->","yoast_head_json":{"title":"Planung Blog Post Vorlage - Sales AI Agents","description":"Legen Sie beim Verfassen von Artikeln eine Strategie und Ziele f\u00fcr den Beitrag fest. Mit dieser Vorlage k\u00f6nnen Sie wichtige Schl\u00fcsselw\u00f6rter notieren, Ziele auflisten und Ideen sammeln.","robots":{"index":"index","follow":"follow","max-snippet":"max-snippet:-1","max-image-preview":"max-image-preview:large","max-video-preview":"max-video-preview:-1"},"canonical":"https:\/\/sales-ai-agents.com\/de\/templates\/planning-blog-post\/","og_locale":"de_DE","og_type":"article","og_title":"Planung Blog Post Vorlage - Sales AI Agents","og_description":"Legen Sie beim Verfassen von Artikeln eine Strategie und Ziele f\u00fcr den Beitrag fest. Mit dieser Vorlage k\u00f6nnen Sie wichtige Schl\u00fcsselw\u00f6rter notieren, Ziele auflisten und Ideen sammeln.","og_url":"https:\/\/sales-ai-agents.com\/de\/templates\/planning-blog-post\/","og_site_name":"Sales AI Agents","article_modified_time":"2023-12-27T14:30:27+00:00","og_image":[{"width":1700,"height":1100,"url":"https:\/\/sales-ai-agents.com\/wp-content\/uploads\/2022\/09\/Planning-Blog-Post-Template.png","type":"image\/png"}],"twitter_card":"summary_large_image","schema":{"@context":"https:\/\/schema.org","@graph":[{"@type":"WebPage","@id":"https:\/\/sales-ai-agents.com\/de\/templates\/planning-blog-post\/","url":"https:\/\/sales-ai-agents.com\/de\/templates\/planning-blog-post\/","name":"Planung Blog Post Vorlage - Sales AI Agents","isPartOf":{"@id":"https:\/\/sales-ai-agents.com\/#website"},"primaryImageOfPage":{"@id":"https:\/\/sales-ai-agents.com\/de\/templates\/planning-blog-post\/#primaryimage"},"image":{"@id":"https:\/\/sales-ai-agents.com\/de\/templates\/planning-blog-post\/#primaryimage"},"thumbnailUrl":"https:\/\/sales-ai-agents.com\/wp-content\/uploads\/2022\/09\/Planning-Blog-Post-Template.png","datePublished":"2022-09-26T12:13:44+00:00","dateModified":"2023-12-27T14:30:27+00:00","description":"Legen Sie beim Verfassen von Artikeln eine Strategie und Ziele f\u00fcr den Beitrag fest. Mit dieser Vorlage k\u00f6nnen Sie wichtige Schl\u00fcsselw\u00f6rter notieren, Ziele auflisten und Ideen sammeln.","inLanguage":"de-DE","potentialAction":[{"@type":"ReadAction","target":["https:\/\/sales-ai-agents.com\/de\/templates\/planning-blog-post\/"]}]},{"@type":"ImageObject","inLanguage":"de-DE","@id":"https:\/\/sales-ai-agents.com\/de\/templates\/planning-blog-post\/#primaryimage","url":"https:\/\/sales-ai-agents.com\/wp-content\/uploads\/2022\/09\/Planning-Blog-Post-Template.png","contentUrl":"https:\/\/sales-ai-agents.com\/wp-content\/uploads\/2022\/09\/Planning-Blog-Post-Template.png","width":1700,"height":1100,"caption":"With this template, you can note important keywords, list goals, and brainstorm ideas."},{"@type":"WebSite","@id":"https:\/\/sales-ai-agents.com\/#website","url":"https:\/\/sales-ai-agents.com\/","name":"FuseBase","description":"Nimbus Platform - Free Online Collaboration Software for Remote Teams. Build your wikis, client portals and more with the Nimbus Platform collaboration tool ? A perfect space for online work","publisher":{"@id":"https:\/\/sales-ai-agents.com\/#organization"},"potentialAction":[{"@type":"SearchAction","target":{"@type":"EntryPoint","urlTemplate":"https:\/\/sales-ai-agents.com\/?s={search_term_string}"},"query-input":{"@type":"PropertyValueSpecification","valueRequired":true,"valueName":"search_term_string"}}],"inLanguage":"de-DE"},{"@type":"Organization","@id":"https:\/\/sales-ai-agents.com\/#organization","name":"FuseBase","url":"https:\/\/sales-ai-agents.com\/","logo":{"@type":"ImageObject","inLanguage":"de-DE","@id":"https:\/\/sales-ai-agents.com\/#\/schema\/logo\/image\/","url":"https:\/\/sales-ai-agents.com\/wp-content\/uploads\/2023\/11\/icon-7.svg","contentUrl":"https:\/\/sales-ai-agents.com\/wp-content\/uploads\/2023\/11\/icon-7.svg","width":128,"height":128,"caption":"FuseBase"},"image":{"@id":"https:\/\/sales-ai-agents.com\/#\/schema\/logo\/image\/"}}]}},"_links":{"self":[{"href":"https:\/\/sales-ai-agents.com\/de\/wp-json\/wp\/v2\/product\/57602","targetHints":{"allow":["GET"]}}],"collection":[{"href":"https:\/\/sales-ai-agents.com\/de\/wp-json\/wp\/v2\/product"}],"about":[{"href":"https:\/\/sales-ai-agents.com\/de\/wp-json\/wp\/v2\/types\/product"}],"wp:featuredmedia":[{"embeddable":true,"href":"https:\/\/sales-ai-agents.com\/de\/wp-json\/wp\/v2\/media\/26528"}],"wp:attachment":[{"href":"https:\/\/sales-ai-agents.com\/de\/wp-json\/wp\/v2\/media?parent=57602"}],"wp:term":[{"taxonomy":"product_brand","embeddable":true,"href":"https:\/\/sales-ai-agents.com\/de\/wp-json\/wp\/v2\/product_brand?post=57602"},{"taxonomy":"product_cat","embeddable":true,"href":"https:\/\/sales-ai-agents.com\/de\/wp-json\/wp\/v2\/product_cat?post=57602"},{"taxonomy":"product_tag","embeddable":true,"href":"https:\/\/sales-ai-agents.com\/de\/wp-json\/wp\/v2\/product_tag?post=57602"}],"curies":[{"name":"wp","href":"https:\/\/api.w.org\/{rel}","templated":true}]}}