{"id":57606,"date":"2022-09-26T12:13:40","date_gmt":"2022-09-26T12:13:40","guid":{"rendered":"https:\/\/sales-ai-agents.com\/templates\/food-log\/"},"modified":"2023-12-26T15:14:50","modified_gmt":"2023-12-26T15:14:50","slug":"food-log","status":"publish","type":"product","link":"https:\/\/sales-ai-agents.com\/de\/templates\/food-log\/","title":{"rendered":"Lebensmittel-Logbuch"},"content":{"rendered":"<p>&nbsp;<\/p>\n<h2>Lebensmitteltagebuch Vorlage<\/h2>\n<p class=\"desc-text\">Verwenden Sie unsere Vorlage f\u00fcr ein Essensprotokoll, um festzuhalten, was Sie \u00fcber den Tag verteilt essen und trinken. Das Ern\u00e4hrungstagebuch ist sehr n\u00fctzlich, um das Gewicht zu kontrollieren und zu reduzieren und gute Gesundheitsgewohnheiten zu entwickeln. In der Regel setzen Sie sich ein t\u00e4gliches Kalorienziel und verwenden das Ern\u00e4hrungstagebuch, um dieses Ziel zu erreichen.<\/p>\n<h5>Wie zu verwenden:<\/h5>\n<ul class=\"desc-item_list\">\n<li class=\"desc-item_list__point\">Geben Sie das Datum und das t\u00e4gliche Kalorienziel ein, das Sie erreichen m\u00f6chten<\/li>\n<li class=\"desc-item_list__point\">F\u00fcgen Sie jedes Lebensmittel und jedes Getr\u00e4nk, das Sie im Laufe des Tages zu sich nehmen, hinzu.<\/li>\n<li class=\"desc-item_list__point\">Notieren Sie die Mahlzeit, die Uhrzeit und die Kalorien<\/li>\n<li class=\"desc-item_list__point\">Bei Bedarf Kommentare hinzuf\u00fcgen<\/li>\n<li class=\"desc-item_list__point\">Verfolgen Sie die Gesamtkalorien f\u00fcr den Tag.<\/li>\n<\/ul>\n","protected":false},"excerpt":{"rendered":"<p>Verwenden Sie unsere kostenlose Vorlage f\u00fcr ein Essensprotokoll, um festzuhalten, was Sie im Laufe des Tages essen und trinken. Setzen Sie sich ein t\u00e4gliches Kalorienziel und nutzen Sie das Ern\u00e4hrungstagebuch, um dieses Ziel zu erreichen!<\/p>\n","protected":false},"featured_media":20630,"template":"","meta":{"_acf_changed":false,"inline_featured_image":false},"product_brand":[],"product_cat":[179,180,183],"product_tag":[],"class_list":{"0":"post-57606","1":"product","2":"type-product","3":"status-publish","4":"has-post-thumbnail","6":"product_cat-organizers-planners","7":"product_cat-personal","8":"product_cat-personal-health","10":"first","11":"instock","12":"virtual","13":"sold-individually","14":"product-type-simple"},"acf":[],"yoast_head":"<!-- This site is optimized with the Yoast SEO plugin v25.3.1 - https:\/\/yoast.com\/wordpress\/plugins\/seo\/ -->\n<title>Lebensmitteltagebuch Vorlage - Sales AI Agents<\/title>\n<meta name=\"description\" content=\"Verwenden Sie unsere kostenlose Vorlage f\u00fcr ein Essensprotokoll, um festzuhalten, was Sie im Laufe des Tages essen und trinken. Setzen Sie sich ein t\u00e4gliches Kalorienziel und halten Sie dieses Ziel ein!\" \/>\n<meta name=\"robots\" content=\"index, follow, max-snippet:-1, max-image-preview:large, max-video-preview:-1\" \/>\n<link rel=\"canonical\" href=\"https:\/\/sales-ai-agents.com\/de\/templates\/food-log\/\" \/>\n<meta property=\"og:locale\" content=\"de_DE\" \/>\n<meta property=\"og:type\" content=\"article\" \/>\n<meta property=\"og:title\" content=\"Lebensmitteltagebuch Vorlage - Sales AI Agents\" \/>\n<meta property=\"og:description\" content=\"Verwenden Sie unsere kostenlose Vorlage f\u00fcr ein Essensprotokoll, um festzuhalten, was Sie im Laufe des Tages essen und trinken. Setzen Sie sich ein t\u00e4gliches Kalorienziel und halten Sie dieses Ziel ein!\" \/>\n<meta property=\"og:url\" content=\"https:\/\/sales-ai-agents.com\/de\/templates\/food-log\/\" \/>\n<meta property=\"og:site_name\" content=\"Sales AI Agents\" \/>\n<meta property=\"article:modified_time\" content=\"2023-12-26T15:14:50+00:00\" \/>\n<meta property=\"og:image\" content=\"https:\/\/sales-ai-agents.com\/wp-content\/uploads\/2023\/01\/image-preview121916.png\" \/>\n\t<meta property=\"og:image:width\" content=\"1078\" \/>\n\t<meta property=\"og:image:height\" content=\"823\" \/>\n\t<meta property=\"og:image:type\" content=\"image\/png\" \/>\n<meta name=\"twitter:card\" content=\"summary_large_image\" \/>\n<script type=\"application\/ld+json\" class=\"yoast-schema-graph\">{\"@context\":\"https:\/\/schema.org\",\"@graph\":[{\"@type\":\"WebPage\",\"@id\":\"https:\/\/sales-ai-agents.com\/de\/templates\/food-log\/\",\"url\":\"https:\/\/sales-ai-agents.com\/de\/templates\/food-log\/\",\"name\":\"Lebensmitteltagebuch Vorlage - Sales AI Agents\",\"isPartOf\":{\"@id\":\"https:\/\/sales-ai-agents.com\/#website\"},\"primaryImageOfPage\":{\"@id\":\"https:\/\/sales-ai-agents.com\/de\/templates\/food-log\/#primaryimage\"},\"image\":{\"@id\":\"https:\/\/sales-ai-agents.com\/de\/templates\/food-log\/#primaryimage\"},\"thumbnailUrl\":\"https:\/\/sales-ai-agents.com\/wp-content\/uploads\/2023\/01\/image-preview121916.png\",\"datePublished\":\"2022-09-26T12:13:40+00:00\",\"dateModified\":\"2023-12-26T15:14:50+00:00\",\"description\":\"Verwenden Sie unsere kostenlose Vorlage f\u00fcr ein Essensprotokoll, um festzuhalten, was Sie im Laufe des Tages essen und trinken. Setzen Sie sich ein t\u00e4gliches Kalorienziel und halten Sie dieses Ziel ein!\",\"inLanguage\":\"de-DE\",\"potentialAction\":[{\"@type\":\"ReadAction\",\"target\":[\"https:\/\/sales-ai-agents.com\/de\/templates\/food-log\/\"]}]},{\"@type\":\"ImageObject\",\"inLanguage\":\"de-DE\",\"@id\":\"https:\/\/sales-ai-agents.com\/de\/templates\/food-log\/#primaryimage\",\"url\":\"https:\/\/sales-ai-agents.com\/wp-content\/uploads\/2023\/01\/image-preview121916.png\",\"contentUrl\":\"https:\/\/sales-ai-agents.com\/wp-content\/uploads\/2023\/01\/image-preview121916.png\",\"width\":1078,\"height\":823,\"caption\":\"Food Log Template - Nimbus Platform\"},{\"@type\":\"WebSite\",\"@id\":\"https:\/\/sales-ai-agents.com\/#website\",\"url\":\"https:\/\/sales-ai-agents.com\/\",\"name\":\"FuseBase\",\"description\":\"Nimbus Platform - Free Online Collaboration Software for Remote Teams. Build your wikis, client portals and more with the Nimbus Platform collaboration tool ? A perfect space for online work\",\"publisher\":{\"@id\":\"https:\/\/sales-ai-agents.com\/#organization\"},\"potentialAction\":[{\"@type\":\"SearchAction\",\"target\":{\"@type\":\"EntryPoint\",\"urlTemplate\":\"https:\/\/sales-ai-agents.com\/?s={search_term_string}\"},\"query-input\":{\"@type\":\"PropertyValueSpecification\",\"valueRequired\":true,\"valueName\":\"search_term_string\"}}],\"inLanguage\":\"de-DE\"},{\"@type\":\"Organization\",\"@id\":\"https:\/\/sales-ai-agents.com\/#organization\",\"name\":\"FuseBase\",\"url\":\"https:\/\/sales-ai-agents.com\/\",\"logo\":{\"@type\":\"ImageObject\",\"inLanguage\":\"de-DE\",\"@id\":\"https:\/\/sales-ai-agents.com\/#\/schema\/logo\/image\/\",\"url\":\"https:\/\/sales-ai-agents.com\/wp-content\/uploads\/2023\/11\/icon-7.svg\",\"contentUrl\":\"https:\/\/sales-ai-agents.com\/wp-content\/uploads\/2023\/11\/icon-7.svg\",\"width\":128,\"height\":128,\"caption\":\"FuseBase\"},\"image\":{\"@id\":\"https:\/\/sales-ai-agents.com\/#\/schema\/logo\/image\/\"}}]}<\/script>\n<!-- \/ Yoast SEO plugin. -->","yoast_head_json":{"title":"Lebensmitteltagebuch Vorlage - Sales AI Agents","description":"Verwenden Sie unsere kostenlose Vorlage f\u00fcr ein Essensprotokoll, um festzuhalten, was Sie im Laufe des Tages essen und trinken. Setzen Sie sich ein t\u00e4gliches Kalorienziel und halten Sie dieses Ziel ein!","robots":{"index":"index","follow":"follow","max-snippet":"max-snippet:-1","max-image-preview":"max-image-preview:large","max-video-preview":"max-video-preview:-1"},"canonical":"https:\/\/sales-ai-agents.com\/de\/templates\/food-log\/","og_locale":"de_DE","og_type":"article","og_title":"Lebensmitteltagebuch Vorlage - Sales AI Agents","og_description":"Verwenden Sie unsere kostenlose Vorlage f\u00fcr ein Essensprotokoll, um festzuhalten, was Sie im Laufe des Tages essen und trinken. Setzen Sie sich ein t\u00e4gliches Kalorienziel und halten Sie dieses Ziel ein!","og_url":"https:\/\/sales-ai-agents.com\/de\/templates\/food-log\/","og_site_name":"Sales AI Agents","article_modified_time":"2023-12-26T15:14:50+00:00","og_image":[{"width":1078,"height":823,"url":"https:\/\/sales-ai-agents.com\/wp-content\/uploads\/2023\/01\/image-preview121916.png","type":"image\/png"}],"twitter_card":"summary_large_image","schema":{"@context":"https:\/\/schema.org","@graph":[{"@type":"WebPage","@id":"https:\/\/sales-ai-agents.com\/de\/templates\/food-log\/","url":"https:\/\/sales-ai-agents.com\/de\/templates\/food-log\/","name":"Lebensmitteltagebuch Vorlage - Sales AI Agents","isPartOf":{"@id":"https:\/\/sales-ai-agents.com\/#website"},"primaryImageOfPage":{"@id":"https:\/\/sales-ai-agents.com\/de\/templates\/food-log\/#primaryimage"},"image":{"@id":"https:\/\/sales-ai-agents.com\/de\/templates\/food-log\/#primaryimage"},"thumbnailUrl":"https:\/\/sales-ai-agents.com\/wp-content\/uploads\/2023\/01\/image-preview121916.png","datePublished":"2022-09-26T12:13:40+00:00","dateModified":"2023-12-26T15:14:50+00:00","description":"Verwenden Sie unsere kostenlose Vorlage f\u00fcr ein Essensprotokoll, um festzuhalten, was Sie im Laufe des Tages essen und trinken. Setzen Sie sich ein t\u00e4gliches Kalorienziel und halten Sie dieses Ziel ein!","inLanguage":"de-DE","potentialAction":[{"@type":"ReadAction","target":["https:\/\/sales-ai-agents.com\/de\/templates\/food-log\/"]}]},{"@type":"ImageObject","inLanguage":"de-DE","@id":"https:\/\/sales-ai-agents.com\/de\/templates\/food-log\/#primaryimage","url":"https:\/\/sales-ai-agents.com\/wp-content\/uploads\/2023\/01\/image-preview121916.png","contentUrl":"https:\/\/sales-ai-agents.com\/wp-content\/uploads\/2023\/01\/image-preview121916.png","width":1078,"height":823,"caption":"Food Log Template - Nimbus Platform"},{"@type":"WebSite","@id":"https:\/\/sales-ai-agents.com\/#website","url":"https:\/\/sales-ai-agents.com\/","name":"FuseBase","description":"Nimbus Platform - Free Online Collaboration Software for Remote Teams. Build your wikis, client portals and more with the Nimbus Platform collaboration tool ? A perfect space for online work","publisher":{"@id":"https:\/\/sales-ai-agents.com\/#organization"},"potentialAction":[{"@type":"SearchAction","target":{"@type":"EntryPoint","urlTemplate":"https:\/\/sales-ai-agents.com\/?s={search_term_string}"},"query-input":{"@type":"PropertyValueSpecification","valueRequired":true,"valueName":"search_term_string"}}],"inLanguage":"de-DE"},{"@type":"Organization","@id":"https:\/\/sales-ai-agents.com\/#organization","name":"FuseBase","url":"https:\/\/sales-ai-agents.com\/","logo":{"@type":"ImageObject","inLanguage":"de-DE","@id":"https:\/\/sales-ai-agents.com\/#\/schema\/logo\/image\/","url":"https:\/\/sales-ai-agents.com\/wp-content\/uploads\/2023\/11\/icon-7.svg","contentUrl":"https:\/\/sales-ai-agents.com\/wp-content\/uploads\/2023\/11\/icon-7.svg","width":128,"height":128,"caption":"FuseBase"},"image":{"@id":"https:\/\/sales-ai-agents.com\/#\/schema\/logo\/image\/"}}]}},"_links":{"self":[{"href":"https:\/\/sales-ai-agents.com\/de\/wp-json\/wp\/v2\/product\/57606","targetHints":{"allow":["GET"]}}],"collection":[{"href":"https:\/\/sales-ai-agents.com\/de\/wp-json\/wp\/v2\/product"}],"about":[{"href":"https:\/\/sales-ai-agents.com\/de\/wp-json\/wp\/v2\/types\/product"}],"wp:featuredmedia":[{"embeddable":true,"href":"https:\/\/sales-ai-agents.com\/de\/wp-json\/wp\/v2\/media\/20630"}],"wp:attachment":[{"href":"https:\/\/sales-ai-agents.com\/de\/wp-json\/wp\/v2\/media?parent=57606"}],"wp:term":[{"taxonomy":"product_brand","embeddable":true,"href":"https:\/\/sales-ai-agents.com\/de\/wp-json\/wp\/v2\/product_brand?post=57606"},{"taxonomy":"product_cat","embeddable":true,"href":"https:\/\/sales-ai-agents.com\/de\/wp-json\/wp\/v2\/product_cat?post=57606"},{"taxonomy":"product_tag","embeddable":true,"href":"https:\/\/sales-ai-agents.com\/de\/wp-json\/wp\/v2\/product_tag?post=57606"}],"curies":[{"name":"wp","href":"https:\/\/api.w.org\/{rel}","templated":true}]}}